{"id":85,"date":"2023-07-10T10:23:27","date_gmt":"2023-07-10T10:23:27","guid":{"rendered":"https:\/\/apostille.expert\/ro\/?page_id=85"},"modified":"2023-07-10T10:36:05","modified_gmt":"2023-07-10T10:36:05","slug":"apostila-online-e-apostila","status":"publish","type":"page","link":"https:\/\/apostille.expert\/ro\/apostila-online-e-apostila\/","title":{"rendered":"Apostila online (E-apostila)"},"content":{"rendered":"<h2><strong>Ob\u021binerea \u0219i verificarea Apostilei online<\/strong><\/h2>\n<p><b>Apostila online<\/b> permite verificarea apostilei, postat\u0103 \u00een format electronic online prin intermediul site-ului agen\u021biei guvernamentale corespunz\u0103toare.<\/p>\n<p>Verificarea documentelor pe h\u00e2rtie cu \u0219tampila umed\u0103 a apostilei \u0219i semn\u0103tura oficialului necesit\u0103 mult timp \u0219i efort considerabil.<\/p>\n<p>&#8211;<i>&nbsp;Verificarea apostilei pe h\u00e2rtie (\u0219tampila umed\u0103 pe document) prin contact direct cu oficialul:<\/i><br \/>\n1. Trebuie s\u0103 actualiza\u021bi contactele organului responsabil pentru apostil\u0103, apoi \u0219i oficialul care a semnat apostila.<br \/>\n2. Trebuie s\u0103 g\u0103si\u021bi \u0219i s\u0103 contacta\u021bi oficialul pentru a verifica apostila.<br \/>\n3. Trebuie s\u0103 comunica\u021bi \u00eentr-o limb\u0103 \u00een\u021beleas\u0103 de oficial sau s\u0103 g\u0103si\u021bi un traduc\u0103tor simultan.<br \/>\n4. Trebuie s\u0103 ob\u021bine\u021bi o confirmare oficial\u0103 conform unei proceduri specifice.<br \/>\n5. Trebuie s\u0103 \u00eenregistra\u021bi apelul la oficial \u0219i r\u0103spunsul acestuia.<\/p>\n<p><i>&#8211;&nbsp;Verificarea apostilei prin solicitare prin po\u0219t\u0103:<br \/>\n<\/i>1. Trebuie s\u0103 redacta\u021bi \u0219i s\u0103 imprima\u021bi textul solicit\u0103rii \u00eentr-o limb\u0103 \u00een\u021beleas\u0103 de oficialii responsabili din ambele \u021b\u0103ri.<br \/>\n2. Dac\u0103 nu este posibil s\u0103 traduce\u021bi solicitarea \u00een limba necesar\u0103, una dintre p\u0103r\u021bi va trebui s\u0103 caute un traduc\u0103tor.<br \/>\n3. Trebuie s\u0103 certifica\u021bi solicitarea cu \u0219tampila \u0219i semn\u0103tura oficialului superior.<br \/>\n4.&nbsp;Trebuie s\u0103 actualiza\u021bi contactele organului responsabil pentru apostil\u0103, apoi \u0219i oficialul care a semnat apostila.<br \/>\n5.&nbsp;Trebuie s\u0103 trimite\u021bi solicitarea prin serviciul de curierat sau prin scrisoare recomandat\u0103.<br \/>\n6. Trebuie s\u0103 a\u0219tepta\u021bi r\u0103spunsul de la oficialul autorizat (procedura de r\u0103spuns va fi aceea\u0219i ca procedura de solicitare a confirm\u0103rii apostilei descris\u0103 mai sus).<br \/>\n7. Dac\u0103 este necesar, trebuie s\u0103 traduce\u021bi r\u0103spunsul oficialului despre autenticitatea semn\u0103turii sale \u0219i a apostilei.<br \/>\n8. Trebuie s\u0103 \u00eenregistra\u021bi r\u0103spunsul primit \u0219i punctele principale con\u021binute \u00een acesta.<\/p>\n<p><b>Apostila online <\/b>permite verificarea rapid\u0103 a <b>autenticit\u0103\u021bii apostilei<\/b> \u0219i a <b>documentului la care <\/b>se refer\u0103.<\/p>\n<p>Apostila online nu \u00eenseamn\u0103 c\u0103 apostila a fost semnat\u0103 cu o semn\u0103tur\u0103 electronic\u0103. Este doar o posibilitate de a verifica existen\u021ba apostilei \u0219i de a verifica la ce document se refer\u0103, ce oficial a semnat-o. Cu toate acestea, \u00een ultima vreme, statele tind s\u0103 utilizeze apostila online \u00eempreun\u0103 cu apostila cu semn\u0103tur\u0103 electronic\u0103. Aceast\u0103 combinare a tehnologiilor corespunde pe deplin cerin\u021belor tehnologiilor moderne.<\/p>\n<p><b>Apostila online<\/b> (dac\u0103 este o apostil\u0103 semnat\u0103 cu o semn\u0103tur\u0103 digital\u0103) poate fi verificat\u0103 pentru <b>prezen\u021ba semn\u0103turii digitale<\/b>. \u00cen acest caz, este desc\u0103rcat\u0103 \u0219i verificat\u0103 pe site-uri specializate. De exemplu,&nbsp;<a href=\"https:\/\/www.securedsigning.com\/products\/signature-verification-service\">https:\/\/www.securedsigning.com\/products\/signature-verification-service<\/a> ofer\u0103 un astfel de serviciu. \u00cen plus, fiecare stat care are o politic\u0103 de digitalizare a documentelor \u0219i a semn\u0103turilor digitale are propriile sale site-uri de verificare. Pentru aceasta, trebuie s\u0103 desc\u0103rca\u021bi <b>apostila electronic\u0103 cu semn\u0103tur\u0103 electronic\u0103<\/b> \u0219i s\u0103 o \u00eenc\u0103rca\u021bi pe un site special, unde va fi emis rezultatul, &#8211; dac\u0103 exist\u0103 o semn\u0103tur\u0103 \u0219i a cui este.<\/p>\n","protected":false},"excerpt":{"rendered":"<p>Ob\u021binerea \u0219i verificarea Apostilei online Apostila online permite verificarea apostilei, postat\u0103 \u00een format electronic online prin intermediul site-ului agen\u021biei guvernamentale corespunz\u0103toare. Verificarea documentelor pe h\u00e2rtie cu \u0219tampila umed\u0103 a apostilei \u0219i semn\u0103tura oficialului necesit\u0103 mult timp \u0219i efort considerabil. &#8211;&nbsp;Verificarea apostilei pe h\u00e2rtie (\u0219tampila umed\u0103 pe document) prin contact direct cu oficialul: 1. Trebuie s\u0103 &#8230; <a title=\"Apostila online (E-apostila)\" class=\"read-more\" href=\"https:\/\/apostille.expert\/ro\/apostila-online-e-apostila\/\" aria-label=\"Cite\u0219te mai multe despre Apostila online (E-apostila)\">Cite\u0219te mai mult<\/a><\/p>\n","protected":false},"author":1,"featured_media":0,"parent":0,"menu_order":0,"comment_status":"closed","ping_status":"closed","template":"","meta":{"_eb_attr":"","footnotes":""},"class_list":["post-85","page","type-page","status-publish"],"yoast_head":"<!-- This site is optimized with the Yoast SEO plugin v27.6 - https:\/\/yoast.com\/product\/yoast-seo-wordpress\/ -->\n<title>Apostila online (E-apostila) - Acte (Documente), Legalizare \u0219i Apostila in EU, SUA, America de Sud<\/title>\n<meta name=\"robots\" content=\"index, follow, max-snippet:-1, max-image-preview:large, max-video-preview:-1\" \/>\n<link rel=\"canonical\" href=\"https:\/\/apostille.expert\/ro\/apostila-online-e-apostila\/\" \/>\n<meta property=\"og:locale\" content=\"ro_RO\" \/>\n<meta property=\"og:type\" content=\"article\" \/>\n<meta property=\"og:title\" content=\"Apostila online (E-apostila) - Acte (Documente), Legalizare \u0219i Apostila in EU, SUA, America de Sud\" \/>\n<meta property=\"og:description\" content=\"Ob\u021binerea \u0219i verificarea Apostilei online Apostila online permite verificarea apostilei, postat\u0103 \u00een format electronic online prin intermediul site-ului agen\u021biei guvernamentale corespunz\u0103toare. Verificarea documentelor pe h\u00e2rtie cu \u0219tampila umed\u0103 a apostilei \u0219i semn\u0103tura oficialului necesit\u0103 mult timp \u0219i efort considerabil. &#8211;&nbsp;Verificarea apostilei pe h\u00e2rtie (\u0219tampila umed\u0103 pe document) prin contact direct cu oficialul: 1. Trebuie s\u0103 ... Cite\u0219te mai mult\" \/>\n<meta property=\"og:url\" content=\"https:\/\/apostille.expert\/ro\/apostila-online-e-apostila\/\" \/>\n<meta property=\"og:site_name\" content=\"Acte (Documente), Legalizare \u0219i Apostila in EU, SUA, America de Sud\" \/>\n<meta property=\"article:modified_time\" content=\"2023-07-10T10:36:05+00:00\" \/>\n<meta name=\"twitter:card\" content=\"summary_large_image\" \/>\n<meta name=\"twitter:label1\" content=\"Timp estimat pentru citire\" \/>\n\t<meta name=\"twitter:data1\" content=\"3 minute\" \/>\n<script type=\"application\/ld+json\" class=\"yoast-schema-graph\">{\"@context\":\"https:\\\/\\\/schema.org\",\"@graph\":[{\"@type\":\"WebPage\",\"@id\":\"https:\\\/\\\/apostille.expert\\\/ro\\\/apostila-online-e-apostila\\\/\",\"url\":\"https:\\\/\\\/apostille.expert\\\/ro\\\/apostila-online-e-apostila\\\/\",\"name\":\"Apostila online (E-apostila) - Acte (Documente), Legalizare \u0219i Apostila in EU, SUA, America de Sud\",\"isPartOf\":{\"@id\":\"https:\\\/\\\/apostille.expert\\\/ro\\\/#website\"},\"datePublished\":\"2023-07-10T10:23:27+00:00\",\"dateModified\":\"2023-07-10T10:36:05+00:00\",\"breadcrumb\":{\"@id\":\"https:\\\/\\\/apostille.expert\\\/ro\\\/apostila-online-e-apostila\\\/#breadcrumb\"},\"inLanguage\":\"ro-RO\",\"potentialAction\":[{\"@type\":\"ReadAction\",\"target\":[\"https:\\\/\\\/apostille.expert\\\/ro\\\/apostila-online-e-apostila\\\/\"]}]},{\"@type\":\"BreadcrumbList\",\"@id\":\"https:\\\/\\\/apostille.expert\\\/ro\\\/apostila-online-e-apostila\\\/#breadcrumb\",\"itemListElement\":[{\"@type\":\"ListItem\",\"position\":1,\"name\":\"Home\",\"item\":\"https:\\\/\\\/apostille.expert\\\/ro\\\/\"},{\"@type\":\"ListItem\",\"position\":2,\"name\":\"Apostila online (E-apostila)\"}]},{\"@type\":\"WebSite\",\"@id\":\"https:\\\/\\\/apostille.expert\\\/ro\\\/#website\",\"url\":\"https:\\\/\\\/apostille.expert\\\/ro\\\/\",\"name\":\"Acte (Documente), Legalizare \u0219i Apostila in EU, SUA, America de Sud\",\"description\":\"Acte (Documente), Legalizare \u0219i Apostila in tarile EU, SUA, America de Sud, Moldova, Rusia, Ucraina, Azerbaijan, Armenia, Polonia, Fran\u021ba, Georgia, Kazahstan, Kirghizia si alte tarile ale lumii\",\"potentialAction\":[{\"@type\":\"SearchAction\",\"target\":{\"@type\":\"EntryPoint\",\"urlTemplate\":\"https:\\\/\\\/apostille.expert\\\/ro\\\/?s={search_term_string}\"},\"query-input\":{\"@type\":\"PropertyValueSpecification\",\"valueRequired\":true,\"valueName\":\"search_term_string\"}}],\"inLanguage\":\"ro-RO\"}]}<\/script>\n<!-- \/ Yoast SEO plugin. -->","yoast_head_json":{"title":"Apostila online (E-apostila) - Acte (Documente), Legalizare \u0219i Apostila in EU, SUA, America de Sud","robots":{"index":"index","follow":"follow","max-snippet":"max-snippet:-1","max-image-preview":"max-image-preview:large","max-video-preview":"max-video-preview:-1"},"canonical":"https:\/\/apostille.expert\/ro\/apostila-online-e-apostila\/","og_locale":"ro_RO","og_type":"article","og_title":"Apostila online (E-apostila) - Acte (Documente), Legalizare \u0219i Apostila in EU, SUA, America de Sud","og_description":"Ob\u021binerea \u0219i verificarea Apostilei online Apostila online permite verificarea apostilei, postat\u0103 \u00een format electronic online prin intermediul site-ului agen\u021biei guvernamentale corespunz\u0103toare. Verificarea documentelor pe h\u00e2rtie cu \u0219tampila umed\u0103 a apostilei \u0219i semn\u0103tura oficialului necesit\u0103 mult timp \u0219i efort considerabil. &#8211;&nbsp;Verificarea apostilei pe h\u00e2rtie (\u0219tampila umed\u0103 pe document) prin contact direct cu oficialul: 1. Trebuie s\u0103 ... Cite\u0219te mai mult","og_url":"https:\/\/apostille.expert\/ro\/apostila-online-e-apostila\/","og_site_name":"Acte (Documente), Legalizare \u0219i Apostila in EU, SUA, America de Sud","article_modified_time":"2023-07-10T10:36:05+00:00","twitter_card":"summary_large_image","twitter_misc":{"Timp estimat pentru citire":"3 minute"},"schema":{"@context":"https:\/\/schema.org","@graph":[{"@type":"WebPage","@id":"https:\/\/apostille.expert\/ro\/apostila-online-e-apostila\/","url":"https:\/\/apostille.expert\/ro\/apostila-online-e-apostila\/","name":"Apostila online (E-apostila) - Acte (Documente), Legalizare \u0219i Apostila in EU, SUA, America de Sud","isPartOf":{"@id":"https:\/\/apostille.expert\/ro\/#website"},"datePublished":"2023-07-10T10:23:27+00:00","dateModified":"2023-07-10T10:36:05+00:00","breadcrumb":{"@id":"https:\/\/apostille.expert\/ro\/apostila-online-e-apostila\/#breadcrumb"},"inLanguage":"ro-RO","potentialAction":[{"@type":"ReadAction","target":["https:\/\/apostille.expert\/ro\/apostila-online-e-apostila\/"]}]},{"@type":"BreadcrumbList","@id":"https:\/\/apostille.expert\/ro\/apostila-online-e-apostila\/#breadcrumb","itemListElement":[{"@type":"ListItem","position":1,"name":"Home","item":"https:\/\/apostille.expert\/ro\/"},{"@type":"ListItem","position":2,"name":"Apostila online (E-apostila)"}]},{"@type":"WebSite","@id":"https:\/\/apostille.expert\/ro\/#website","url":"https:\/\/apostille.expert\/ro\/","name":"Acte (Documente), Legalizare \u0219i Apostila in EU, SUA, America de Sud","description":"Acte (Documente), Legalizare \u0219i Apostila in tarile EU, SUA, America de Sud, Moldova, Rusia, Ucraina, Azerbaijan, Armenia, Polonia, Fran\u021ba, Georgia, Kazahstan, Kirghizia si alte tarile ale lumii","potentialAction":[{"@type":"SearchAction","target":{"@type":"EntryPoint","urlTemplate":"https:\/\/apostille.expert\/ro\/?s={search_term_string}"},"query-input":{"@type":"PropertyValueSpecification","valueRequired":true,"valueName":"search_term_string"}}],"inLanguage":"ro-RO"}]}},"_links":{"self":[{"href":"https:\/\/apostille.expert\/ro\/wp-json\/wp\/v2\/pages\/85","targetHints":{"allow":["GET"]}}],"collection":[{"href":"https:\/\/apostille.expert\/ro\/wp-json\/wp\/v2\/pages"}],"about":[{"href":"https:\/\/apostille.expert\/ro\/wp-json\/wp\/v2\/types\/page"}],"author":[{"embeddable":true,"href":"https:\/\/apostille.expert\/ro\/wp-json\/wp\/v2\/users\/1"}],"replies":[{"embeddable":true,"href":"https:\/\/apostille.expert\/ro\/wp-json\/wp\/v2\/comments?post=85"}],"version-history":[{"count":1,"href":"https:\/\/apostille.expert\/ro\/wp-json\/wp\/v2\/pages\/85\/revisions"}],"predecessor-version":[{"id":86,"href":"https:\/\/apostille.expert\/ro\/wp-json\/wp\/v2\/pages\/85\/revisions\/86"}],"wp:attachment":[{"href":"https:\/\/apostille.expert\/ro\/wp-json\/wp\/v2\/media?parent=85"}],"curies":[{"name":"wp","href":"https:\/\/api.w.org\/{rel}","templated":true}]}}