{"id":73,"date":"2023-07-10T09:42:16","date_gmt":"2023-07-10T09:42:16","guid":{"rendered":"https:\/\/apostille.expert\/ro\/?page_id=73"},"modified":"2023-07-10T09:43:25","modified_gmt":"2023-07-10T09:43:25","slug":"apostila-kazahstan-%f0%9f%87%b0%f0%9f%87%bf","status":"publish","type":"page","link":"https:\/\/apostille.expert\/ro\/apostila-kazahstan-%f0%9f%87%b0%f0%9f%87%bf\/","title":{"rendered":"Apostila Kazahstan &#x1f1f0;&#x1f1ff;"},"content":{"rendered":"<h2><span style=\"color: var(--contrast); font-family: inherit; font-size: 24px; font-style: inherit; font-weight: inherit; background-color: var(--base-3);\">Ce este apostila kazah\u0103?<\/span><\/h2>\n<div>\n<p>Apostila kazah\u0103 <b>este o \u0219tampil\u0103, a c\u0103rei form\u0103, con\u021binut \u0219i scop sunt definite de Conven\u021bia Apostilei din 1961.<\/b> Apostila din Kazahstan corespunde standardelor apostilei interna\u021bionale. Cu toate acestea, apostila kazah\u0103 con\u021bine informa\u021bii at\u00e2t \u00een englez\u0103 \u0219i francez\u0103, c\u00e2t \u0219i \u00een limba de stat &#8211; kazah\u0103.<\/p>\n<p><strong>Kazahstanul a aderat la Conven\u021bia &#8222;Despre Apostil\u0103&#8221; \u00een anul 2000.<\/strong><\/p>\n<p>\u00cen Kazahstan, se utilizeaz\u0103 acela\u0219i format de apostil\u0103, ca \u00een toate \u021b\u0103rile: o \u0219tampil\u0103 p\u0103trat\u0103 de 9 pe 9 centimetri.<\/p>\n<p>Conform <a href=\"https:\/\/ro.wikipedia.org\/wiki\/Conven%C8%9Bia_de_la_Haga\">Conven\u021biei de la Haga<\/a>, o \u0219tampil\u0103 special\u0103 (apostil\u0103) este aplicat\u0103 pe documentele emise de autorit\u0103\u021bile competente ale unui anumit stat, destinate utiliz\u0103rii pe teritoriul altui stat.<\/p>\n<p>Scopul procedurii de apostilare este de a asigura autenticitatea \u0219i corecta formulare a documentelor care vor fi utilizate \u00een alte \u021b\u0103ri.<\/p>\n<p>Conform Hot\u0103r\u00e2rii Guvernului Republicii Kazahstan din 24 aprilie 2001 nr. 545, <strong>organiza\u021biile autorizate s\u0103 aplice apostila sunt:<\/strong><\/p>\n<ul>\n<li><strong>Ministerul Justi\u021biei<\/strong><\/li>\n<li><strong>Ministerul Educa\u021biei \u0219i \u0218tiin\u021bei<\/strong><\/li>\n<li><strong>Ministerul Afacerilor Interne<\/strong><\/li>\n<li><strong>Comitetul pentru Informa\u021bii \u0219i Arhive din cadrul Ministerului Culturii \u0219i Informa\u021biilor<\/strong><\/li>\n<li><strong>Comitetul pentru Problemele Justi\u021biei la Curtea Suprem\u0103 a Republicii Kazahstan<\/strong><\/li>\n<li><strong>Ministerul Finan\u021belor<\/strong><\/li>\n<li><strong>Procuratura General\u0103<\/strong><\/li>\n<li><strong>Ministerul Ap\u0103r\u0103rii<\/strong><\/li>\n<\/ul>\n<h4>Cum arat\u0103 apostila kazah\u0103?<\/h4>\n<p><em><strong>Fotografia apostilei kazah\u0103<\/strong><\/em><\/p>\n<\/div>\n<figure><img loading=\"lazy\" decoding=\"async\" src=\"https:\/\/apostille.expert\/wp-content\/uploads\/2022\/10\/Apostille_Kazakhstan.jpg\" alt=\"Apostila din Kazahstan\" width=\"593\" height=\"600\"><figcaption><em>Fotografia \u0219tampilei Apostille pe document<\/em><\/figcaption><\/figure>\n<p>Pe apostila kazah\u0103 este plasat urm\u0103torul text:<\/p>\n<p><i>Aceast\u0103 apostil\u0103 certific\u0103 doar autenticitatea semn\u0103turii, pozi\u021bia\/autoritatea semnatarului \u0219i autenticitatea sigiliului sau a \u0219tampilei aplicate pe document \u0219i nu atest\u0103 con\u021binutul documentului pe care este aplicat.<\/i><\/p>\n<p>Adic\u0103, func\u021bionarul care aplic\u0103 apostilele pe documente r\u0103spunde doar pentru autenticitatea semn\u0103turii func\u021bionarului care a semnat documentul \u00eenainte de el. De exemplu, directorul oficiului de stare civil\u0103 a semnat certificatul de na\u0219tere \u0219i a aplicat sigiliul. Func\u021bionarul responsabil pentru aplicarea apostilei verific\u0103 autenticitatea semn\u0103turii \u00een conformitate cu mostrele furnizate. \u0218i dac\u0103 semn\u0103turile coincid, el aplic\u0103 (aplic\u0103, ata\u0219eaz\u0103) apostila.<\/p>\n<p>Departamentele de justi\u021bie ale regiunilor, ora\u0219elor Nur-Sultan, Almaty \u0219i Shymkent trebuie s\u0103 furnizeze mostre de semn\u0103turi \u0219i amprente de sigilii, pentru a fi siguri de autenticitatea documentelor care trec prin procedura de apostilare.<\/p>\n<h4>Textul apostilei kazah\u0103<\/h4>\n<p>APOSTILLE<\/p>\n<p>(Convention de la Hay e du 5 octobre 1961)<\/p>\n<ol>\n<li>\u0415\u043b: \u049a\u0430\u0437\u0430\u043a\u0441\u0442\u0430\u043d \u0420\u0435\u0441\u043f\u0443\u0431\u043b\u0438\u043a\u0430\u0441\u044b<br \/>\nPays, Country<\/li>\n<li>\u041e\u0441\u044b \u0440\u0435\u0441\u043c\u0438 \u049a\u04b1\u0436\u0430\u0442\u049b\u0430<br \/>\nLe present acte public, This public document<\/li>\n<li>\u049b\u043e\u043b \u043a\u043e\u0439\u0434\u044b<br \/>\na ete signe par<\/li>\n<li>\u0440\u0435\u0442\u0456\u043d\u0434\u0435<br \/>\nagissant en qualite de<\/li>\n<li>\u043c\u04e9\u0440\u0456\u043c\u0435\u043d \u043c\u04e9\u0440\u0442\u0430\u04a3\u0431\u0430\u0441\u044b\u043c\u0435\u043d \u0431\u0435\u043a\u0456\u0442\u0456\u043b\u0434\u0456<br \/>\nest revetu du sceau timbre de, bears the seal stamp of \u041a\u0443\u04d9\u043b\u0430\u043d\u0434\u044b\u0440\u044b\u043b\u0434\u044b, Atteste, Certified<\/li>\n<li>\u043a\u04af\u043d\u0456<br \/>\na, at le, the<\/li>\n<li>\u043a\u0456\u043c\u043c\u0435\u043d<\/li>\n<li>sous \u2116<\/li>\n<li>\u041c\u04e9\u0440 \u043c\u04e9\u0440\u0442\u0430\u04a3\u0431\u0430 10. \u049a\u043e\u043b\u044b<br \/>\nSceau. timbre. Seal stamp Signature<\/li>\n<\/ol>\n<h4>C\u00e2t timp este valabil\u0103 apostila din Kazahstan?<\/h4>\n<p>Apostila nu are termen de valabilitate, at\u00e2ta timp c\u00e2t nu se adopt\u0103 un nou format de apostil\u0103. Cu toate acestea, de la adoptarea sa, forma apostilei nu s-a schimbat. Doar procedura \u00een \u021b\u0103rile apostilei s-a schimbat.<\/p>\n<p>Altceva este dac\u0103 organismele str\u0103ine au cerin\u021be de termen pentru documente. Unele \u021b\u0103ri accept\u0103 doar documente &#8222;proaspete&#8221;. \u0218i, prin urmare, trebuie s\u0103 aplica\u021bi o nou\u0103 apostil\u0103. Certificatul de cazier judiciar are cu siguran\u021b\u0103 un termen de valabilitate. \u0218i dac\u0103 aplica\u021bi o apostil\u0103 pe un certificat care va expira \u00een cur\u00e2nd &#8211; risca\u021bi s\u0103 pierde\u021bi bani. Dac\u0103 \u00eencerca\u021bi s\u0103<\/p>\n<p>aplica\u021bi o apostil\u0103 pe un certificat expirat &#8211; vi se va refuza pur \u0219i simplu.<\/p>\n<h4>Este necesar\u0103 apostila pentru Kazahstan?<\/h4>\n<p>Totul depinde de \u021bara din care dori\u021bi s\u0103 prezenta\u021bi documentele autorit\u0103\u021bilor kazahstane. Dac\u0103 aceste \u021b\u0103ri fac parte din Conven\u021bia de la Minsk (privind asisten\u021ba juridic\u0103 \u0219i rela\u021biile juridice \u00een materie civil\u0103, familial\u0103 \u0219i penal\u0103), atunci, conform regulilor acestei conven\u021bii, nu este necesar. Cu toate acestea, exist\u0103 cazuri \u00een care autorit\u0103\u021bile solicit\u0103 apostila pe documente, indiferent dac\u0103 \u021bara face parte din Conven\u021bia de la Minsk sau nu. Prin urmare, este necesar s\u0103 afla\u021bi \u00een avans la autorit\u0103\u021bile unde ve\u021bi prezenta documentele.<\/p>\n<p>Dac\u0103 \u021bara face parte din apostil\u0103 (din care prezenta\u021bi documente), atunci este necesar\u0103 apostila. \u0218i nu este pus \u00een Kazahstan, ci \u00een \u021bara de origine a documentului.<\/p>\n<h4>De ce este necesar\u0103 apostila, dac\u0103 pe documentele din Kazahstan exist\u0103 deja o \u0219tampil\u0103 \u0219i o semn\u0103tur\u0103 oficial\u0103?<\/h4>\n<p>\u00cen Kazahstan, mul\u021bi func\u021bionari lucreaz\u0103 \u00een ministere, agen\u021bii, organe de stat, arhive \u0219i oficii de stare civil\u0103. \u00cen acela\u0219i timp, func\u021bionarii se schimb\u0103 periodic, ceea ce \u00eenseamn\u0103 c\u0103 semn\u0103turile lor se pot schimba. Pentru a v\u0103 asigura de autenticitatea \u0219i veridicitatea documentului, pentru a evita falsurile, este necesar s\u0103 verifica\u021bi dac\u0103 semn\u0103tura oficialului corespunde cu mostrele semn\u0103turii sale \u0219i dac\u0103 el este cel care a semnat acest document.<\/p>\n<p>Verificarea semn\u0103turilor \u0219i a \u0219tampilelor \u00eentr-un num\u0103r at\u00e2t de mare de documente \u0219i func\u021bionari este foarte dificil\u0103. Acest lucru este deosebit de dificil pentru func\u021bionarii str\u0103ini care primesc documente \u00een str\u0103in\u0103tate. Pentru a facilita aceast\u0103 sarcin\u0103, a fost introdus un sistem de confirmare a tuturor semn\u0103turilor \u0219i \u0219tampilelor de c\u0103tre mai multe persoane. Acest sistem reduce timpul de examinare a documentelor \u00een str\u0103in\u0103tate \u0219i timpul de a\u0219teptare pentru solicitan\u021bi. Func\u021bionarii locali responsabili cu apostila g\u0103sesc mai u\u0219or s\u0103 verifice semn\u0103turile, \u0219tampilele \u0219i documentele \u00een cadrul acestui sistem.<\/p>\n<p>Angaja\u021bii care au acces la baza intern\u0103 de semn\u0103turi, \u0219tampile \u0219i modele de documente sunt, de asemenea, inclu\u0219i \u00eentr-un registru special cu semn\u0103turile lor. Cu toate acestea, acest registru este limitat la zece semn\u0103turi, mostrele c\u0103rora sunt transmise altor \u021b\u0103ri partenere sau sunt u\u0219or verificate prin alte metode.<\/p>\n<p>Exist\u0103 dou\u0103 proceduri de confirmare. Prima \u0219i cea mai fiabil\u0103 este legalizarea documentelor. \u00cen acest caz, documentele sunt semnate de oficialul care le emite, apoi documentul este certificat de un angajat al ministerului, iar ultima semn\u0103tur\u0103 este verificat\u0103 \u0219i certificat\u0103 de consulatul \u021b\u0103rii \u00een care documentele trebuie prezentate. Verificarea se face pe baza unei baze actuale (list\u0103) de semn\u0103turi \u00eentr-un lan\u021b de trei institu\u021bii (institu\u021bii, organe de stat).<\/p>\n<p>A doua procedur\u0103, bazat\u0103 pe o \u00eencredere mai mare \u0219i ocolind o institu\u021bie (de obicei Ministerul Afacerilor Externe), este apostila. Apostila &#8211; este o \u0219tampil\u0103 special\u0103 de model stabilit, care simplific\u0103 semnificativ procedura de recunoa\u0219tere a documentelor unui stat pe teritoriul altuia.<\/p>\n<h4>De ce s\u0103 pune\u021bi apostila, dac\u0103 documentele kazahstane pot fi verificate online?<\/h4>\n<p>Sistemele de verificare online a documentelor sunt o solu\u021bie nou\u0103 pentru verificarea autenticit\u0103\u021bii documentelor, dar aceste sisteme sunt \u00eenc\u0103 \u00een modul de testare \u0219i necesit\u0103 \u00eembun\u0103t\u0103\u021biri.<\/p>\n<p>C\u00e2nd guvernele \u0219i societatea vor fi preg\u0103tite pentru utilizarea acestor sisteme, probabil c\u0103 nu va mai fi nevoie de apostil\u0103.<\/p>\n<p>Cu toate acestea, mul\u021bi func\u021bionari vor avea acces la aceste sisteme, ceea ce ridic\u0103 din nou problema unui num\u0103r mare de semn\u0103turi \u0219i a actualit\u0103\u021bii lor.<\/p>\n<h4>Poate fi pus\u0103 apostila la consulatul Kazahstanului?<\/h4>\n<p>Conform Conven\u021biei de la Haga privind Apostila, \u0219tampila <b>Apostila pe documente nu poate fi ob\u021binut\u0103 la consulat<\/b>. \u0218i acest lucru nu depinde de \u021bara \u00een care se afl\u0103 consulatul, fie c\u0103 este Ucraina, Italia, Germania etc.<\/p>\n<h4>Exist\u0103 \u00een Kazahstan apostil\u0103 electronic\u0103 &#8211; E-apostil\u0103?<\/h4>\n<p>\u00cen Kazahstan a fost lansat un proiect de apostil\u0103 electronic\u0103 \u00een cadrul serviciului de stat &#8222;Apostilarea documentelor oficiale&#8221;.<\/p>\n<p>Pentru a ob\u021bine serviciul online, trebuie s\u0103 verifica\u021bi posibilitatea accept\u0103rii documentului electronic \u00een \u021b\u0103rile str\u0103ine.<\/p>\n<h4>Cum se poate verifica apostila electronic\u0103?<\/h4>\n<p>Apostila poate fi verificat\u0103 pe portalul &#8222;guvernului electronic&#8221; \u00een fila &#8222;Verificarea \u0219tampilei apostilei \u00een Registrul electronic&#8221;.<\/p>\n","protected":false},"excerpt":{"rendered":"<p>Ce este apostila kazah\u0103? Apostila kazah\u0103 este o \u0219tampil\u0103, a c\u0103rei form\u0103, con\u021binut \u0219i scop sunt definite de Conven\u021bia Apostilei din 1961. Apostila din Kazahstan corespunde standardelor apostilei interna\u021bionale. Cu toate acestea, apostila kazah\u0103 con\u021bine informa\u021bii at\u00e2t \u00een englez\u0103 \u0219i francez\u0103, c\u00e2t \u0219i \u00een limba de stat &#8211; kazah\u0103. Kazahstanul a aderat la Conven\u021bia &#8222;Despre &#8230; <a title=\"Apostila Kazahstan &#x1f1f0;&#x1f1ff;\" class=\"read-more\" href=\"https:\/\/apostille.expert\/ro\/apostila-kazahstan-%f0%9f%87%b0%f0%9f%87%bf\/\" aria-label=\"Cite\u0219te mai multe despre Apostila Kazahstan &#x1f1f0;&#x1f1ff;\">Cite\u0219te mai mult<\/a><\/p>\n","protected":false},"author":1,"featured_media":0,"parent":0,"menu_order":0,"comment_status":"closed","ping_status":"closed","template":"","meta":{"_eb_attr":"","footnotes":""},"class_list":["post-73","page","type-page","status-publish"],"yoast_head":"<!-- This site is optimized with the Yoast SEO plugin v27.5 - https:\/\/yoast.com\/product\/yoast-seo-wordpress\/ -->\n<title>Apostila Kazahstan &#x1f1f0;&#x1f1ff; - Acte (Documente), Legalizare \u0219i Apostila in EU, SUA, America de Sud<\/title>\n<meta name=\"robots\" content=\"index, follow, max-snippet:-1, max-image-preview:large, max-video-preview:-1\" \/>\n<link rel=\"canonical\" href=\"https:\/\/apostille.expert\/ro\/apostila-kazahstan-\ud83c\uddf0\ud83c\uddff\/\" \/>\n<meta property=\"og:locale\" content=\"ro_RO\" \/>\n<meta property=\"og:type\" content=\"article\" \/>\n<meta property=\"og:title\" content=\"Apostila Kazahstan &#x1f1f0;&#x1f1ff; - Acte (Documente), Legalizare \u0219i Apostila in EU, SUA, America de Sud\" \/>\n<meta property=\"og:description\" content=\"Ce este apostila kazah\u0103? Apostila kazah\u0103 este o \u0219tampil\u0103, a c\u0103rei form\u0103, con\u021binut \u0219i scop sunt definite de Conven\u021bia Apostilei din 1961. Apostila din Kazahstan corespunde standardelor apostilei interna\u021bionale. Cu toate acestea, apostila kazah\u0103 con\u021bine informa\u021bii at\u00e2t \u00een englez\u0103 \u0219i francez\u0103, c\u00e2t \u0219i \u00een limba de stat &#8211; kazah\u0103. Kazahstanul a aderat la Conven\u021bia &#8222;Despre ... Cite\u0219te mai mult\" \/>\n<meta property=\"og:url\" content=\"https:\/\/apostille.expert\/ro\/apostila-kazahstan-\ud83c\uddf0\ud83c\uddff\/\" \/>\n<meta property=\"og:site_name\" content=\"Acte (Documente), Legalizare \u0219i Apostila in EU, SUA, America de Sud\" \/>\n<meta property=\"article:modified_time\" content=\"2023-07-10T09:43:25+00:00\" \/>\n<meta property=\"og:image\" content=\"https:\/\/apostille.expert\/wp-content\/uploads\/2022\/10\/Apostille_Kazakhstan.jpg\" \/>\n<meta name=\"twitter:card\" content=\"summary_large_image\" \/>\n<meta name=\"twitter:label1\" content=\"Timp estimat pentru citire\" \/>\n\t<meta name=\"twitter:data1\" content=\"7 minute\" \/>\n<script type=\"application\/ld+json\" class=\"yoast-schema-graph\">{\"@context\":\"https:\\\/\\\/schema.org\",\"@graph\":[{\"@type\":\"WebPage\",\"@id\":\"https:\\\/\\\/apostille.expert\\\/ro\\\/apostila-kazahstan-%f0%9f%87%b0%f0%9f%87%bf\\\/\",\"url\":\"https:\\\/\\\/apostille.expert\\\/ro\\\/apostila-kazahstan-%f0%9f%87%b0%f0%9f%87%bf\\\/\",\"name\":\"Apostila Kazahstan &#x1f1f0;&#x1f1ff; - Acte (Documente), Legalizare \u0219i Apostila in EU, SUA, America de Sud\",\"isPartOf\":{\"@id\":\"https:\\\/\\\/apostille.expert\\\/ro\\\/#website\"},\"primaryImageOfPage\":{\"@id\":\"https:\\\/\\\/apostille.expert\\\/ro\\\/apostila-kazahstan-%f0%9f%87%b0%f0%9f%87%bf\\\/#primaryimage\"},\"image\":{\"@id\":\"https:\\\/\\\/apostille.expert\\\/ro\\\/apostila-kazahstan-%f0%9f%87%b0%f0%9f%87%bf\\\/#primaryimage\"},\"thumbnailUrl\":\"https:\\\/\\\/apostille.expert\\\/wp-content\\\/uploads\\\/2022\\\/10\\\/Apostille_Kazakhstan.jpg\",\"datePublished\":\"2023-07-10T09:42:16+00:00\",\"dateModified\":\"2023-07-10T09:43:25+00:00\",\"breadcrumb\":{\"@id\":\"https:\\\/\\\/apostille.expert\\\/ro\\\/apostila-kazahstan-%f0%9f%87%b0%f0%9f%87%bf\\\/#breadcrumb\"},\"inLanguage\":\"ro-RO\",\"potentialAction\":[{\"@type\":\"ReadAction\",\"target\":[\"https:\\\/\\\/apostille.expert\\\/ro\\\/apostila-kazahstan-%f0%9f%87%b0%f0%9f%87%bf\\\/\"]}]},{\"@type\":\"ImageObject\",\"inLanguage\":\"ro-RO\",\"@id\":\"https:\\\/\\\/apostille.expert\\\/ro\\\/apostila-kazahstan-%f0%9f%87%b0%f0%9f%87%bf\\\/#primaryimage\",\"url\":\"https:\\\/\\\/apostille.expert\\\/wp-content\\\/uploads\\\/2022\\\/10\\\/Apostille_Kazakhstan.jpg\",\"contentUrl\":\"https:\\\/\\\/apostille.expert\\\/wp-content\\\/uploads\\\/2022\\\/10\\\/Apostille_Kazakhstan.jpg\"},{\"@type\":\"BreadcrumbList\",\"@id\":\"https:\\\/\\\/apostille.expert\\\/ro\\\/apostila-kazahstan-%f0%9f%87%b0%f0%9f%87%bf\\\/#breadcrumb\",\"itemListElement\":[{\"@type\":\"ListItem\",\"position\":1,\"name\":\"Home\",\"item\":\"https:\\\/\\\/apostille.expert\\\/ro\\\/\"},{\"@type\":\"ListItem\",\"position\":2,\"name\":\"Apostila Kazahstan &#x1f1f0;&#x1f1ff;\"}]},{\"@type\":\"WebSite\",\"@id\":\"https:\\\/\\\/apostille.expert\\\/ro\\\/#website\",\"url\":\"https:\\\/\\\/apostille.expert\\\/ro\\\/\",\"name\":\"Acte (Documente), Legalizare \u0219i Apostila in EU, SUA, America de Sud\",\"description\":\"Acte (Documente), Legalizare \u0219i Apostila in tarile EU, SUA, America de Sud, Moldova, Rusia, Ucraina, Azerbaijan, Armenia, Polonia, Fran\u021ba, Georgia, Kazahstan, Kirghizia si alte tarile ale lumii\",\"potentialAction\":[{\"@type\":\"SearchAction\",\"target\":{\"@type\":\"EntryPoint\",\"urlTemplate\":\"https:\\\/\\\/apostille.expert\\\/ro\\\/?s={search_term_string}\"},\"query-input\":{\"@type\":\"PropertyValueSpecification\",\"valueRequired\":true,\"valueName\":\"search_term_string\"}}],\"inLanguage\":\"ro-RO\"}]}<\/script>\n<!-- \/ Yoast SEO plugin. -->","yoast_head_json":{"title":"Apostila Kazahstan &#x1f1f0;&#x1f1ff; - Acte (Documente), Legalizare \u0219i Apostila in EU, SUA, America de Sud","robots":{"index":"index","follow":"follow","max-snippet":"max-snippet:-1","max-image-preview":"max-image-preview:large","max-video-preview":"max-video-preview:-1"},"canonical":"https:\/\/apostille.expert\/ro\/apostila-kazahstan-\ud83c\uddf0\ud83c\uddff\/","og_locale":"ro_RO","og_type":"article","og_title":"Apostila Kazahstan &#x1f1f0;&#x1f1ff; - Acte (Documente), Legalizare \u0219i Apostila in EU, SUA, America de Sud","og_description":"Ce este apostila kazah\u0103? Apostila kazah\u0103 este o \u0219tampil\u0103, a c\u0103rei form\u0103, con\u021binut \u0219i scop sunt definite de Conven\u021bia Apostilei din 1961. Apostila din Kazahstan corespunde standardelor apostilei interna\u021bionale. Cu toate acestea, apostila kazah\u0103 con\u021bine informa\u021bii at\u00e2t \u00een englez\u0103 \u0219i francez\u0103, c\u00e2t \u0219i \u00een limba de stat &#8211; kazah\u0103. Kazahstanul a aderat la Conven\u021bia &#8222;Despre ... Cite\u0219te mai mult","og_url":"https:\/\/apostille.expert\/ro\/apostila-kazahstan-\ud83c\uddf0\ud83c\uddff\/","og_site_name":"Acte (Documente), Legalizare \u0219i Apostila in EU, SUA, America de Sud","article_modified_time":"2023-07-10T09:43:25+00:00","og_image":[{"url":"https:\/\/apostille.expert\/wp-content\/uploads\/2022\/10\/Apostille_Kazakhstan.jpg","type":"","width":"","height":""}],"twitter_card":"summary_large_image","twitter_misc":{"Timp estimat pentru citire":"7 minute"},"schema":{"@context":"https:\/\/schema.org","@graph":[{"@type":"WebPage","@id":"https:\/\/apostille.expert\/ro\/apostila-kazahstan-%f0%9f%87%b0%f0%9f%87%bf\/","url":"https:\/\/apostille.expert\/ro\/apostila-kazahstan-%f0%9f%87%b0%f0%9f%87%bf\/","name":"Apostila Kazahstan &#x1f1f0;&#x1f1ff; - Acte (Documente), Legalizare \u0219i Apostila in EU, SUA, America de Sud","isPartOf":{"@id":"https:\/\/apostille.expert\/ro\/#website"},"primaryImageOfPage":{"@id":"https:\/\/apostille.expert\/ro\/apostila-kazahstan-%f0%9f%87%b0%f0%9f%87%bf\/#primaryimage"},"image":{"@id":"https:\/\/apostille.expert\/ro\/apostila-kazahstan-%f0%9f%87%b0%f0%9f%87%bf\/#primaryimage"},"thumbnailUrl":"https:\/\/apostille.expert\/wp-content\/uploads\/2022\/10\/Apostille_Kazakhstan.jpg","datePublished":"2023-07-10T09:42:16+00:00","dateModified":"2023-07-10T09:43:25+00:00","breadcrumb":{"@id":"https:\/\/apostille.expert\/ro\/apostila-kazahstan-%f0%9f%87%b0%f0%9f%87%bf\/#breadcrumb"},"inLanguage":"ro-RO","potentialAction":[{"@type":"ReadAction","target":["https:\/\/apostille.expert\/ro\/apostila-kazahstan-%f0%9f%87%b0%f0%9f%87%bf\/"]}]},{"@type":"ImageObject","inLanguage":"ro-RO","@id":"https:\/\/apostille.expert\/ro\/apostila-kazahstan-%f0%9f%87%b0%f0%9f%87%bf\/#primaryimage","url":"https:\/\/apostille.expert\/wp-content\/uploads\/2022\/10\/Apostille_Kazakhstan.jpg","contentUrl":"https:\/\/apostille.expert\/wp-content\/uploads\/2022\/10\/Apostille_Kazakhstan.jpg"},{"@type":"BreadcrumbList","@id":"https:\/\/apostille.expert\/ro\/apostila-kazahstan-%f0%9f%87%b0%f0%9f%87%bf\/#breadcrumb","itemListElement":[{"@type":"ListItem","position":1,"name":"Home","item":"https:\/\/apostille.expert\/ro\/"},{"@type":"ListItem","position":2,"name":"Apostila Kazahstan &#x1f1f0;&#x1f1ff;"}]},{"@type":"WebSite","@id":"https:\/\/apostille.expert\/ro\/#website","url":"https:\/\/apostille.expert\/ro\/","name":"Acte (Documente), Legalizare \u0219i Apostila in EU, SUA, America de Sud","description":"Acte (Documente), Legalizare \u0219i Apostila in tarile EU, SUA, America de Sud, Moldova, Rusia, Ucraina, Azerbaijan, Armenia, Polonia, Fran\u021ba, Georgia, Kazahstan, Kirghizia si alte tarile ale lumii","potentialAction":[{"@type":"SearchAction","target":{"@type":"EntryPoint","urlTemplate":"https:\/\/apostille.expert\/ro\/?s={search_term_string}"},"query-input":{"@type":"PropertyValueSpecification","valueRequired":true,"valueName":"search_term_string"}}],"inLanguage":"ro-RO"}]}},"_links":{"self":[{"href":"https:\/\/apostille.expert\/ro\/wp-json\/wp\/v2\/pages\/73","targetHints":{"allow":["GET"]}}],"collection":[{"href":"https:\/\/apostille.expert\/ro\/wp-json\/wp\/v2\/pages"}],"about":[{"href":"https:\/\/apostille.expert\/ro\/wp-json\/wp\/v2\/types\/page"}],"author":[{"embeddable":true,"href":"https:\/\/apostille.expert\/ro\/wp-json\/wp\/v2\/users\/1"}],"replies":[{"embeddable":true,"href":"https:\/\/apostille.expert\/ro\/wp-json\/wp\/v2\/comments?post=73"}],"version-history":[{"count":1,"href":"https:\/\/apostille.expert\/ro\/wp-json\/wp\/v2\/pages\/73\/revisions"}],"predecessor-version":[{"id":74,"href":"https:\/\/apostille.expert\/ro\/wp-json\/wp\/v2\/pages\/73\/revisions\/74"}],"wp:attachment":[{"href":"https:\/\/apostille.expert\/ro\/wp-json\/wp\/v2\/media?parent=73"}],"curies":[{"name":"wp","href":"https:\/\/api.w.org\/{rel}","templated":true}]}}