{"id":29,"date":"2023-07-02T12:25:15","date_gmt":"2023-07-02T12:25:15","guid":{"rendered":"https:\/\/apostille.expert\/ro\/?page_id=29"},"modified":"2023-07-02T14:50:17","modified_gmt":"2023-07-02T14:50:17","slug":"29-2","status":"publish","type":"page","link":"https:\/\/apostille.expert\/ro\/29-2\/","title":{"rendered":"Apostila Germania &#x1f1e9;&#x1f1ea;"},"content":{"rendered":"\n<h2 class=\"wp-block-heading\" id=\"h-apostila-germania\">Apostila Germania<\/h2>\n\n\n\n<h4 class=\"wp-block-heading\" id=\"h-ce-este-apostila-germana\">Ce este apostila german\u0103?<\/h4>\n\n\n\n<p>Apostila german\u0103 este un <strong>\u0219tampila, forma, con\u021binutul \u0219i scopul c\u0103reia sunt definite de Conven\u021bia Apostilei din 1961.<\/strong> Apostila german\u0103 con\u021bine informa\u021bii \u00een limba german\u0103.<\/p>\n\n\n\n<p>Aplicarea apostilei este un proces simplificat \u0219i mai direct, deoarece angajatul consulatului nu particip\u0103 la procesul de autentificare.<\/p>\n\n\n\n<p>Germania a semnat Conven\u021bia de la Haga &#8222;despre Apostil\u0103&#8221; pe 5 octombrie 1961. <strong>Apostila a intrat \u00een vigoare \u00een Germania pe 13 februarie 1966<\/strong>. Conven\u021bia a fost ini\u021bial valabil\u0103 pentru Germania de Vest, apoi pentru \u00eentregul teritoriu al Germaniei. Documentele ob\u021binute \u00eenainte de februarie 1966 nu pot fi apostilate. Aceste documente trebuie ref\u0103cute \u00een documente de tip nou.<\/p>\n\n\n\n<p>Trebuie men\u021bionat c\u0103 multe \u021b\u0103ri pe care Germania ini\u021bial nu a dorit s\u0103 le recunoasc\u0103 \u00een cadrul Apostilei \u0219i nu le-a recunoscut Apostila.<\/p>\n\n\n\n<p>Ast\u0103zi, Germania nu recunoa\u0219te documentele apostilate din unele \u021b\u0103ri. Aceste documente sunt supuse doar procedurii de legalizare consular\u0103:<\/p>\n\n\n\n<p>conven\u021bia, valabil\u0103 \u00een Germania <strong>nu se aplic\u0103 documentelor emise \u00een statele: Azerbaidjan, Republica Moldova, Burundi, Republica Dominican\u0103, Kosovo, K\u00e2rg\u00e2zstan (Kirghizia), Liberia, Mongolia, Maroc, Pakistan, Paraguay, Filipine, Tadjikistan, Tunisia, Uzbekistan<\/strong>.<\/p>\n\n\n\n<h4 class=\"wp-block-heading\" id=\"h-organele-apostilei-in-germania\">Organele Apostilei \u00een Germania<\/h4>\n\n\n\n<p><strong>Unde s\u0103 ob\u021bii (s\u0103 faci, s\u0103 aplici) apostila \u00een Germania? <\/strong>Depinde de documentele pe care dori\u021bi s\u0103 le apostila\u021bi.<\/p>\n\n\n\n<p><strong>Documente federale:<\/strong><\/p>\n\n\n\n<p>Administra\u021bia Federal\u0103 a Afacerilor Externe (din 1 ianuarie 2023); Agen\u021bia Federal\u0103 Administrativ\u0103 (p\u00e2n\u0103 la 31 decembrie 2022)<\/p>\n\n\n\n<p>Excep\u021bie: pentru documentele de la Curtea Federal\u0103 de Patente \u0219i Oficiul German pentru Brevete \u0219i M\u0103rci, apostila este aplicat\u0103 de pre\u0219edintele Oficiului German pentru Brevete \u0219i M\u0103rci.<\/p>\n\n\n\n<p><strong>Documente ale landurilor federale ale Germaniei:<\/strong><\/p>\n\n\n\n<p>\u00cen landurile federale, responsabilitatea nu este reglementat\u0103 uniform. Prin urmare, \u00een cazul concret, este recomandat s\u0103 \u00eentreba\u021bi la emitentul documentului cine poate aplica &#8222;Apostila de la Haga&#8221;. De obicei, pentru:<\/p>\n\n\n\n<p><em>a) documente emise de organele administrative (cu excep\u021bia organelor de administrare judiciar\u0103):<\/em><\/p>\n\n\n\n<ul class=\"wp-block-list\">\n<li>ministerele (departamentele senatului) de interne; pre\u0219edin\u021bii<\/li>\n<\/ul>\n\n\n\n<p>districtelor; Pre\u0219edintele districtului; guvernul districtual;<\/p>\n\n\n\n<ul class=\"wp-block-list\">\n<li>\u00een Berlin: Administra\u021bia de Stat pentru Afaceri Civile \u0219i Reglement\u0103ri;<\/li>\n\n\n\n<li>\u00een Saxonia Inferioar\u0103: direc\u021biile de poli\u021bie;<\/li>\n\n\n\n<li>\u00een landul Renania-Palatinat: departamentul de supraveghere \u0219i servicii din Kaiserslautern;<\/li>\n\n\n\n<li>\u00een Saxonia: birourile regionale din Chemnitz, Dresda \u0219i Leipzig;<\/li>\n\n\n\n<li>\u00een Saxonia-Anhalt: Administra\u021bia de Stat din Magdeburg;<\/li>\n\n\n\n<li>\u00een Turingia: Administra\u021bia de Stat din Weimar;<\/li>\n<\/ul>\n\n\n\n<p><em>b) actele organelor de administrare judiciar\u0103, tribunalele de jurisdic\u021bie general\u0103 (civile \u0219i penale) \u0219i notarii:<\/em><\/p>\n\n\n\n<ul class=\"wp-block-list\">\n<li>ministerul (departamentele senatului) de justi\u021bie;<\/li>\n\n\n\n<li>pre\u0219edin\u021bii tribunalelor regionale (locale).<\/li>\n<\/ul>\n\n\n\n<p><em>c) documente ale altor tribunale (\u00een afara tribunalelor obi\u0219nuite):<\/em><\/p>\n\n\n\n<ul class=\"wp-block-list\">\n<li>ministerul de interne (departamentele senatului);<\/li>\n\n\n\n<li>pre\u0219edin\u021bii districtelor;<\/li>\n\n\n\n<li>guvernul districtual (organele locale);<\/li>\n\n\n\n<li>ministerul de justi\u021bie (departamentele senatului);<\/li>\n\n\n\n<li>pre\u0219edin\u021bii tribunalelor regionale (districtuale).<\/li>\n<\/ul>\n\n\n\n<h4 class=\"wp-block-heading\" id=\"h-cum-arata-apostila-germana\">Cum arat\u0103 apostila german\u0103?<\/h4>\n\n\n\n<p><strong><em>Fotografia apostilei germane:<\/em><\/strong><\/p>\n\n\n<p><img loading=\"lazy\" decoding=\"async\" src=\"https:\/\/apostille.expert\/wp-content\/uploads\/2023\/01\/Apostille_Germany_Germania.jpeg\" alt=\"Apostila \u00een Germania\" width=\"576\" height=\"1024\"><br>\nAutentificarea apostilei se realizeaz\u0103 prin imprimare, \u0219tampilare sau tip\u0103rire sau aplicarea unui \u0219tampil pe un document autoadeziv de h\u00e2rtie.<\/p>\n<h4>Textul apostilei germane<\/h4>\n<p>(Convention de La Haye du 5 octobre 1961)<\/p>\n<p>1. Land: Bundesrepublik Deutschland<\/p>\n<p>Diese \u00f6ffentliche Urkunde<\/p>\n<p>2. Ist unterschrieben von: ___________________________<\/p>\n<p>3. in seiner\/ihrer &nbsp;Eigenschaft als: ________________<\/p>\n<p>4. sie ist versehen mit dem Stempel\/Siegel des\/der: ________________<\/p>\n<p>Best\u00e4tigt<\/p>\n<p>5.&nbsp;in&nbsp;Verden\/Aller: __________________<\/p>\n<p>6. am: __________________<\/p>\n<p>7.&nbsp;durch den Pr\u00e4sidenten des Landgerichts: ________________<\/p>\n<p>8. unter Nr.: ____________________<\/p>\n<p>9. Siegel\/Stempel<\/p>\n<p>10.&nbsp;Unterschrift&nbsp;In Vertretung ______________________________<\/p>\n<h4>Traducerea apostilei germane \u00een limba rus\u0103<\/h4>\n<p><i>(Conven\u021bia de la Haga din 5 octombrie 1961)<\/i><\/p>\n<p><i>1. \u021aara: Republica Federal\u0103 Germania<\/i><\/p>\n<p><i>Acest document oficial<\/i><\/p>\n<p><i>2. Semnat: __________________ (de cine, nume prenume)<br>\n<\/i><\/p>\n<p><i>3. Ac\u021bion\u00e2nd \u00een calitate de: _________________ (pozi\u021bie)<\/i><\/p>\n<p><i>4. Sigiliu:<\/i><\/p>\n<p><i>Certificat cu sigiliu<\/i><\/p>\n<p><i>5. Loc: _______________ (ora\u0219)<\/i><\/p>\n<p><i>6. Dat\u0103: __________________<\/i><\/p>\n<p><i>7. Organiza\u021bie: ______________________<\/i><\/p>\n<p><i>8. Nr. ____________________<\/i><i style=\"font-size: 1.25em;\">&nbsp;<\/i><\/p>\n<p><i>9. Sigiliu \/ \u0219tampil\u0103<\/i><\/p>\n<p><i>(nota BUSINESS LAWYERS SRL: Sigiliul organului autorizat s\u0103 certifice apostilele)<\/i><\/p>\n<h4>De ce este necesar\u0103 apostila pe documentele germane dac\u0103 acestea sunt deja autentificate de func\u021bionarii germani?<\/h4>\n<p>Exist\u0103 mul\u021bi func\u021bionari care autentific\u0103 documente, adic\u0103 semn\u0103turi \u0219i \u0219tampile, \u0219i acestea se schimb\u0103 destul de des. Pentru a verifica autenticitatea \u0219i veridicitatea unui document, pentru a evita falsurile, este necesar s\u0103 se verifice dac\u0103 semn\u0103tura func\u021bionarului corespunde cu exemplele sale de semn\u0103tur\u0103 \u0219i \u0219tampil\u0103.<\/p>\n<p>Cu acest volum de documente, este foarte dificil s\u0103 verifici semn\u0103turile \u0219i \u0219tampilele pe ele \u00eentr-un timp scurt. Este deosebit de dificil pentru cei care accept\u0103 documente germane \u00een str\u0103in\u0103tate.<\/p>\n<p>Pentru a facilita lucrul cu documentele, a fost introdus\u0103 procedura Apostilei. C\u00e2nd c\u00e2\u021biva func\u021bionari germani verific\u0103 semn\u0103turile multor oficiali germani \u0219i aplic\u0103 apostila. Acest lucru reduce timpul de examinare a documentelor \u00een str\u0103in\u0103tate, precum \u0219i timpul de a\u0219teptare pentru solicitan\u021bi. \u00cen acest sistem, oficialilor locali responsabili de Apostil\u0103 le este mai u\u0219or s\u0103 verifice semn\u0103turile, \u0219tampilele, documentele \u00een sine (formularele \u0219i con\u021binutul acestora).<\/p>\n<p><b>Exist\u0103 dou\u0103 proceduri<\/b> pentru o astfel de <b>confirmare<\/b>. <b>Prima procedur\u0103<\/b> &#8211; cea mai sigur\u0103 \u0219i verificat\u0103 &#8211; este <b>legalizarea documentelor<\/b>. Documentele sunt semnate de un oficial (care le emite), apoi documentele (semn\u0103tura oficialului) sunt autentificate de un func\u021bionar al ministerului (departament sau land, alt organ german), apoi ultima semn\u0103tur\u0103 este verificat\u0103 \u0219i autentificat\u0103 de consulatul \u021b\u0103rii unde trebuie prezentate documentele. <b>Verificarea se face pe baza unei baze de date de semn\u0103turi create.<\/b> Site-urile consulatelor germane pot fi g\u0103site la acest <a href=\"https:\/\/apostille.expert\/%D1%81%D0%B0%D0%B9%D1%82%D1%8B-%D0%BD%D0%B5%D0%BC%D0%B5%D1%86%D0%BA%D0%B8%D1%85-%D0%BF%D0%BE%D1%81%D0%BE%D0%BB%D1%8C%D1%81%D1%82%D0%B2-%D0%BA%D0%BE%D0%BD%D1%81%D1%83%D0%BB%D1%8C%D1%81%D1%82%D0%B2\/\" target=\"_blank\" rel=\"noopener\">link &gt;&gt;<\/a>.<\/p>\n<p><b>A doua procedur\u0103<\/b> este simplificat\u0103 \u0219i elimin\u0103 cel pu\u021bin un link \u00een acest lan\u021b. Aceast\u0103 procedur\u0103 este aprobat\u0103 de Conven\u021bia Apostilei din 1961. <b>Apostila simplific\u0103 semnificativ procedura de recunoa\u0219tere a documentelor unui stat &#8211; pe teritoriul altuia.<\/b><\/p>\n<h4>Poate fi aplicat\u0103 apostila la consulatul Germaniei?<\/h4>\n<p>Conform Conven\u021biei de la Haga privind Apostila, <b>nu se poate aplica Apostila pe documentele germane la consulatul Germaniei<\/b>. \u0218i acest lucru nu depinde de \u021bara \u00een care se afl\u0103 consulatul, fie c\u0103 este Georgia, un stat UE, Ucraina, Rusia, etc. La consulat, pute\u021bi doar s\u0103 legaliza\u021bi documentele germane, dac\u0103 pentru \u021bara \u00een care le ve\u021bi prezenta este necesar\u0103 aceast\u0103 procedur\u0103 (\u021bara nu face parte din apostil\u0103 sau Germania nu recunoa\u0219te apostila ei).<\/p>\n<h4>Exist\u0103 apostila electronic\u0103 \u00een Germania &#8211; E-apostila?<\/h4>\n<p>Din p\u0103cate, \u00een Germania \u00eenc\u0103 nu este \u00een vigoare procedura de verificare a apostilei online. Acest lucru este \u00eempiedicat de sistemul complex al organelor Germaniei care aplic\u0103 apostila. Un astfel de sistem este \u00eenc\u0103 \u00een curs de dezvoltare.<\/p>\n<p>Registrele electronice ale apostilei au fost create pentru a combate frauda \u0219i abuzurile. <b>Prin intermediul registrului electronic al apostilei, orice persoan\u0103 interesat\u0103 poate verifica apostilarea unui document vizual \u0219i documentul scanat.<\/b><\/p>","protected":false},"excerpt":{"rendered":"<p>Apostila Germania Ce este apostila german\u0103? Apostila german\u0103 este un \u0219tampila, forma, con\u021binutul \u0219i scopul c\u0103reia sunt definite de Conven\u021bia Apostilei din 1961. Apostila german\u0103 con\u021bine informa\u021bii \u00een limba german\u0103. Aplicarea apostilei este un proces simplificat \u0219i mai direct, deoarece angajatul consulatului nu particip\u0103 la procesul de autentificare. Germania a semnat Conven\u021bia de la Haga &#8230; <a title=\"Apostila Germania &#x1f1e9;&#x1f1ea;\" class=\"read-more\" href=\"https:\/\/apostille.expert\/ro\/29-2\/\" aria-label=\"Cite\u0219te mai multe despre Apostila Germania &#x1f1e9;&#x1f1ea;\">Cite\u0219te mai mult<\/a><\/p>\n","protected":false},"author":1,"featured_media":0,"parent":0,"menu_order":0,"comment_status":"closed","ping_status":"closed","template":"","meta":{"_eb_attr":"","footnotes":""},"class_list":["post-29","page","type-page","status-publish"],"yoast_head":"<!-- This site is optimized with the Yoast SEO plugin v27.4 - https:\/\/yoast.com\/product\/yoast-seo-wordpress\/ -->\n<title>Apostila Germania &#x1f1e9;&#x1f1ea; - Acte (Documente), Legalizare \u0219i Apostila in EU, SUA, America de Sud<\/title>\n<meta name=\"robots\" content=\"index, follow, max-snippet:-1, max-image-preview:large, max-video-preview:-1\" \/>\n<link rel=\"canonical\" href=\"https:\/\/apostille.expert\/ro\/29-2\/\" \/>\n<meta property=\"og:locale\" content=\"ro_RO\" \/>\n<meta property=\"og:type\" content=\"article\" \/>\n<meta property=\"og:title\" content=\"Apostila Germania &#x1f1e9;&#x1f1ea; - Acte (Documente), Legalizare \u0219i Apostila in EU, SUA, America de Sud\" \/>\n<meta property=\"og:description\" content=\"Apostila Germania Ce este apostila german\u0103? Apostila german\u0103 este un \u0219tampila, forma, con\u021binutul \u0219i scopul c\u0103reia sunt definite de Conven\u021bia Apostilei din 1961. Apostila german\u0103 con\u021bine informa\u021bii \u00een limba german\u0103. Aplicarea apostilei este un proces simplificat \u0219i mai direct, deoarece angajatul consulatului nu particip\u0103 la procesul de autentificare. Germania a semnat Conven\u021bia de la Haga ... Cite\u0219te mai mult\" \/>\n<meta property=\"og:url\" content=\"https:\/\/apostille.expert\/ro\/29-2\/\" \/>\n<meta property=\"og:site_name\" content=\"Acte (Documente), Legalizare \u0219i Apostila in EU, SUA, America de Sud\" \/>\n<meta property=\"article:modified_time\" content=\"2023-07-02T14:50:17+00:00\" \/>\n<meta property=\"og:image\" content=\"https:\/\/apostille.expert\/wp-content\/uploads\/2023\/01\/Apostille_Germany_Germania.jpeg\" \/>\n<meta name=\"twitter:card\" content=\"summary_large_image\" \/>\n<meta name=\"twitter:label1\" content=\"Timp estimat pentru citire\" \/>\n\t<meta name=\"twitter:data1\" content=\"6 minute\" \/>\n<script type=\"application\/ld+json\" class=\"yoast-schema-graph\">{\"@context\":\"https:\\\/\\\/schema.org\",\"@graph\":[{\"@type\":\"WebPage\",\"@id\":\"https:\\\/\\\/apostille.expert\\\/ro\\\/29-2\\\/\",\"url\":\"https:\\\/\\\/apostille.expert\\\/ro\\\/29-2\\\/\",\"name\":\"Apostila Germania &#x1f1e9;&#x1f1ea; - Acte (Documente), Legalizare \u0219i Apostila in EU, SUA, America de Sud\",\"isPartOf\":{\"@id\":\"https:\\\/\\\/apostille.expert\\\/ro\\\/#website\"},\"primaryImageOfPage\":{\"@id\":\"https:\\\/\\\/apostille.expert\\\/ro\\\/29-2\\\/#primaryimage\"},\"image\":{\"@id\":\"https:\\\/\\\/apostille.expert\\\/ro\\\/29-2\\\/#primaryimage\"},\"thumbnailUrl\":\"https:\\\/\\\/apostille.expert\\\/wp-content\\\/uploads\\\/2023\\\/01\\\/Apostille_Germany_Germania.jpeg\",\"datePublished\":\"2023-07-02T12:25:15+00:00\",\"dateModified\":\"2023-07-02T14:50:17+00:00\",\"breadcrumb\":{\"@id\":\"https:\\\/\\\/apostille.expert\\\/ro\\\/29-2\\\/#breadcrumb\"},\"inLanguage\":\"ro-RO\",\"potentialAction\":[{\"@type\":\"ReadAction\",\"target\":[\"https:\\\/\\\/apostille.expert\\\/ro\\\/29-2\\\/\"]}]},{\"@type\":\"ImageObject\",\"inLanguage\":\"ro-RO\",\"@id\":\"https:\\\/\\\/apostille.expert\\\/ro\\\/29-2\\\/#primaryimage\",\"url\":\"https:\\\/\\\/apostille.expert\\\/wp-content\\\/uploads\\\/2023\\\/01\\\/Apostille_Germany_Germania.jpeg\",\"contentUrl\":\"https:\\\/\\\/apostille.expert\\\/wp-content\\\/uploads\\\/2023\\\/01\\\/Apostille_Germany_Germania.jpeg\"},{\"@type\":\"BreadcrumbList\",\"@id\":\"https:\\\/\\\/apostille.expert\\\/ro\\\/29-2\\\/#breadcrumb\",\"itemListElement\":[{\"@type\":\"ListItem\",\"position\":1,\"name\":\"Home\",\"item\":\"https:\\\/\\\/apostille.expert\\\/ro\\\/\"},{\"@type\":\"ListItem\",\"position\":2,\"name\":\"Apostila Germania &#x1f1e9;&#x1f1ea;\"}]},{\"@type\":\"WebSite\",\"@id\":\"https:\\\/\\\/apostille.expert\\\/ro\\\/#website\",\"url\":\"https:\\\/\\\/apostille.expert\\\/ro\\\/\",\"name\":\"Acte (Documente), Legalizare \u0219i Apostila in EU, SUA, America de Sud\",\"description\":\"Acte (Documente), Legalizare \u0219i Apostila in tarile EU, SUA, America de Sud, Moldova, Rusia, Ucraina, Azerbaijan, Armenia, Polonia, Fran\u021ba, Georgia, Kazahstan, Kirghizia si alte tarile ale lumii\",\"potentialAction\":[{\"@type\":\"SearchAction\",\"target\":{\"@type\":\"EntryPoint\",\"urlTemplate\":\"https:\\\/\\\/apostille.expert\\\/ro\\\/?s={search_term_string}\"},\"query-input\":{\"@type\":\"PropertyValueSpecification\",\"valueRequired\":true,\"valueName\":\"search_term_string\"}}],\"inLanguage\":\"ro-RO\"}]}<\/script>\n<!-- \/ Yoast SEO plugin. -->","yoast_head_json":{"title":"Apostila Germania &#x1f1e9;&#x1f1ea; - Acte (Documente), Legalizare \u0219i Apostila in EU, SUA, America de Sud","robots":{"index":"index","follow":"follow","max-snippet":"max-snippet:-1","max-image-preview":"max-image-preview:large","max-video-preview":"max-video-preview:-1"},"canonical":"https:\/\/apostille.expert\/ro\/29-2\/","og_locale":"ro_RO","og_type":"article","og_title":"Apostila Germania &#x1f1e9;&#x1f1ea; - Acte (Documente), Legalizare \u0219i Apostila in EU, SUA, America de Sud","og_description":"Apostila Germania Ce este apostila german\u0103? Apostila german\u0103 este un \u0219tampila, forma, con\u021binutul \u0219i scopul c\u0103reia sunt definite de Conven\u021bia Apostilei din 1961. Apostila german\u0103 con\u021bine informa\u021bii \u00een limba german\u0103. Aplicarea apostilei este un proces simplificat \u0219i mai direct, deoarece angajatul consulatului nu particip\u0103 la procesul de autentificare. Germania a semnat Conven\u021bia de la Haga ... Cite\u0219te mai mult","og_url":"https:\/\/apostille.expert\/ro\/29-2\/","og_site_name":"Acte (Documente), Legalizare \u0219i Apostila in EU, SUA, America de Sud","article_modified_time":"2023-07-02T14:50:17+00:00","og_image":[{"url":"https:\/\/apostille.expert\/wp-content\/uploads\/2023\/01\/Apostille_Germany_Germania.jpeg","type":"","width":"","height":""}],"twitter_card":"summary_large_image","twitter_misc":{"Timp estimat pentru citire":"6 minute"},"schema":{"@context":"https:\/\/schema.org","@graph":[{"@type":"WebPage","@id":"https:\/\/apostille.expert\/ro\/29-2\/","url":"https:\/\/apostille.expert\/ro\/29-2\/","name":"Apostila Germania &#x1f1e9;&#x1f1ea; - Acte (Documente), Legalizare \u0219i Apostila in EU, SUA, America de Sud","isPartOf":{"@id":"https:\/\/apostille.expert\/ro\/#website"},"primaryImageOfPage":{"@id":"https:\/\/apostille.expert\/ro\/29-2\/#primaryimage"},"image":{"@id":"https:\/\/apostille.expert\/ro\/29-2\/#primaryimage"},"thumbnailUrl":"https:\/\/apostille.expert\/wp-content\/uploads\/2023\/01\/Apostille_Germany_Germania.jpeg","datePublished":"2023-07-02T12:25:15+00:00","dateModified":"2023-07-02T14:50:17+00:00","breadcrumb":{"@id":"https:\/\/apostille.expert\/ro\/29-2\/#breadcrumb"},"inLanguage":"ro-RO","potentialAction":[{"@type":"ReadAction","target":["https:\/\/apostille.expert\/ro\/29-2\/"]}]},{"@type":"ImageObject","inLanguage":"ro-RO","@id":"https:\/\/apostille.expert\/ro\/29-2\/#primaryimage","url":"https:\/\/apostille.expert\/wp-content\/uploads\/2023\/01\/Apostille_Germany_Germania.jpeg","contentUrl":"https:\/\/apostille.expert\/wp-content\/uploads\/2023\/01\/Apostille_Germany_Germania.jpeg"},{"@type":"BreadcrumbList","@id":"https:\/\/apostille.expert\/ro\/29-2\/#breadcrumb","itemListElement":[{"@type":"ListItem","position":1,"name":"Home","item":"https:\/\/apostille.expert\/ro\/"},{"@type":"ListItem","position":2,"name":"Apostila Germania &#x1f1e9;&#x1f1ea;"}]},{"@type":"WebSite","@id":"https:\/\/apostille.expert\/ro\/#website","url":"https:\/\/apostille.expert\/ro\/","name":"Acte (Documente), Legalizare \u0219i Apostila in EU, SUA, America de Sud","description":"Acte (Documente), Legalizare \u0219i Apostila in tarile EU, SUA, America de Sud, Moldova, Rusia, Ucraina, Azerbaijan, Armenia, Polonia, Fran\u021ba, Georgia, Kazahstan, Kirghizia si alte tarile ale lumii","potentialAction":[{"@type":"SearchAction","target":{"@type":"EntryPoint","urlTemplate":"https:\/\/apostille.expert\/ro\/?s={search_term_string}"},"query-input":{"@type":"PropertyValueSpecification","valueRequired":true,"valueName":"search_term_string"}}],"inLanguage":"ro-RO"}]}},"_links":{"self":[{"href":"https:\/\/apostille.expert\/ro\/wp-json\/wp\/v2\/pages\/29","targetHints":{"allow":["GET"]}}],"collection":[{"href":"https:\/\/apostille.expert\/ro\/wp-json\/wp\/v2\/pages"}],"about":[{"href":"https:\/\/apostille.expert\/ro\/wp-json\/wp\/v2\/types\/page"}],"author":[{"embeddable":true,"href":"https:\/\/apostille.expert\/ro\/wp-json\/wp\/v2\/users\/1"}],"replies":[{"embeddable":true,"href":"https:\/\/apostille.expert\/ro\/wp-json\/wp\/v2\/comments?post=29"}],"version-history":[{"count":5,"href":"https:\/\/apostille.expert\/ro\/wp-json\/wp\/v2\/pages\/29\/revisions"}],"predecessor-version":[{"id":35,"href":"https:\/\/apostille.expert\/ro\/wp-json\/wp\/v2\/pages\/29\/revisions\/35"}],"wp:attachment":[{"href":"https:\/\/apostille.expert\/ro\/wp-json\/wp\/v2\/media?parent=29"}],"curies":[{"name":"wp","href":"https:\/\/api.w.org\/{rel}","templated":true}]}}