{"id":248,"date":"2025-03-13T19:24:31","date_gmt":"2025-03-13T19:24:31","guid":{"rendered":"https:\/\/apostille.expert\/ro\/?page_id=248"},"modified":"2025-03-13T19:29:11","modified_gmt":"2025-03-13T19:29:11","slug":"apostila-slovacia-%f0%9f%87%b8%f0%9f%87%b0","status":"publish","type":"page","link":"https:\/\/apostille.expert\/ro\/apostila-slovacia-%f0%9f%87%b8%f0%9f%87%b0\/","title":{"rendered":"Apostila Slovacia &#x1f1f8;&#x1f1f0;"},"content":{"rendered":"<h4>Ce este o apostil\u0103 slovac\u0103?<\/h4>\n<p>Apostila <b>slovac\u0103<\/b> este <b>un \u0219tampil\u0103 a c\u0103rei form\u0103, con\u021binut \u0219i scop sunt definite de Conven\u021bia Apostilei din 1961.<\/b> Apostila din Slovacia respect\u0103 standardele interna\u021bionale \u0219i confirm\u0103 autenticitatea documentelor pentru utilizarea \u00een alte \u021b\u0103ri membre ale Conven\u021biei. Slovacia a aderat la Conven\u021bia de la Haga la <b>18 iulie 2001<\/b>, iar apostila a intrat \u00een vigoare de la acea dat\u0103.<\/p>\n<p>Apostila din Slovacia se aplic\u0103 pe documente oficiale, cum ar fi certificate de na\u0219tere, c\u0103s\u0103torie, decizii judiciare, diplome \u0219i alte documente emise de autorit\u0103\u021bile statului. Ea simplific\u0103 procesul de legalizare a documentelor, f\u0103c\u00e2ndu-le valabile \u00een alte \u021b\u0103ri membre ale Conven\u021biei.<\/p>\n<h4>Cum arat\u0103 o apostil\u0103 slovac\u0103?<\/h4>\n<p><b><i>Fotografie a unei apostile slovace:<\/i><\/b><\/p>\n<p><img loading=\"lazy\" decoding=\"async\" src=\"https:\/\/example.com\/slovak-apostille.jpg\" alt=\"Exemplu de apostil\u0103 \u00een Slovacia\" width=\"866\" height=\"1024\" \/><\/p>\n<p>Apostila slovac\u0103 este un \u0219tampil\u0103 sau etichet\u0103 care con\u021bine informa\u021biile obligatorii stabilite de Conven\u021bia de la Haga. Poate fi un \u0219tampil\u0103 pe h\u00e2rtie sau un document electronic (e-apostil\u0103).<\/p>\n<h4>Textul apostilei slovace<\/h4>\n<h6><strong>Limba slovac\u0103<\/strong><\/h6>\n<p>(Convention de La Haye du 5 octobre 1961)<\/p>\n<p>1. Krajina \/ Country: Slovensk\u00e1 republika \/ Slovakia<br \/>\n2. Tento verejn\u00fd dokument bol podp\u00edsan\u00fd \/ This public document has been signed by: ___________________________<br \/>\n3. Konaj\u00faci v funkcii \/ Acting in the capacity of: ________________<br \/>\n4. Pe\u010diatka \/ Bears the seal\/stamp of: ________________<br \/>\n5. Miesto \/ At: __________________<br \/>\n6. D\u00e1tum \/ The: __________________<br \/>\n7. Vydan\u00e9 \/ By: ________________<br \/>\n8. \u010c\u00edslo \/ No.: ____________________<br \/>\n9. Pe\u010diatka \/ podpis \/ Seal\/stamp and signature: ________________  <\/p>\n<h6><strong>Traducerea apostilei slovace \u00een englez\u0103<\/strong><\/h6>\n<p><i>(Conven\u021bia de la Haga din 5 octombrie 1961)<\/i><\/p>\n<p><i>1. \u021aara: Slovacia<\/i><\/p>\n<p><i>Acest document public<\/i><\/p>\n<p><i>2. A fost semnat de: __________________ (nume \u0219i prenume)<\/i><\/p>\n<p><i>3. Ac\u021bion\u00e2nd \u00een calitate de: _________________ (func\u021bie)<\/i><\/p>\n<p><i>4. \u0218tampil\u0103:<\/i><\/p>\n<p><i>Certificat prin \u0219tampil\u0103<\/i><\/p>\n<p><i>5. La: _______________ (ora\u0219)<\/i><\/p>\n<p><i>6. Data: __________________<\/i><\/p>\n<p><i>7. Emis de: ______________________<\/i><\/p>\n<p><i>8. Nr.: ____________________<\/i><\/p>\n<p><i>9. \u0218tampil\u0103 \/ semn\u0103tur\u0103: ________________<\/i><\/p>\n<h4>Apostila pentru documente ale companiilor, \u00eentreprinderilor, SRL, SA (apostila pentru documente constitutive \u0219i statutare)<\/h4>\n<figure id=\"attachment_3273\" aria-describedby=\"caption-attachment-3273\" style=\"width: 1156px\" class=\"wp-caption alignnone\"><img loading=\"lazy\" decoding=\"async\" class=\"size-full wp-image-3273\" src=\"https:\/\/example.com\/slovak-commercial-register.jpg\" alt=\"Apostila pentru un extras din registrul comercial al Slovaciei\" width=\"1166\" height=\"1521\" \/><figcaption id=\"caption-attachment-3273\" class=\"wp-caption-text\"><em>O apostil\u0103 poate fi aplicat\u0103 pe un extras al unei SRL din registrul comercial al Slovaciei, precum \u0219i pe alte documente ale companiei: statutul \u0219i documentele constitutive.<\/em><\/figcaption><\/figure>\n<h4>De ce este necesar\u0103 o apostil\u0103 dac\u0103 documentele din Slovacia au deja un \u0219tampil\u0103 oficial\u0103 \u0219i o semn\u0103tur\u0103?<\/h4>\n<p>Adev\u0103rul este c\u0103 \u00een ministere, departamente, autorit\u0103\u021bi statale, arhive \u0219i oficii de stare civil\u0103 din Slovacia lucreaz\u0103 mul\u021bi func\u021bionari. Func\u021bionarii se schimb\u0103 periodic. Aceasta \u00eenseamn\u0103 c\u0103 exist\u0103 multe semn\u0103turi, iar acestea se schimb\u0103 \u0219i ele. Pentru a asigura originalitatea \u0219i autenticitatea documentului \u0219i pentru a evita falsurile, este necesar s\u0103 se verifice dac\u0103 semn\u0103tura func\u021bionarului corespunde mostrelor sale de semn\u0103tur\u0103. \u0218i dac\u0103 acesta a semnat documentul.<\/p>\n<p>Cu o astfel de cantitate de documente \u0219i func\u021bionari, acest lucru este foarte dificil de realizat. Mai ales pentru func\u021bionarii din str\u0103in\u0103tate care primesc documentele dumneavoastr\u0103.<\/p>\n<p>Prin urmare, a fost creat un sistem de confirmare a tuturor semn\u0103turilor \u0219i \u0219tampilelor de c\u0103tre mai multe persoane pentru a u\u0219ura munca func\u021bionarilor str\u0103ini. Acest lucru reduce, de asemenea, timpul de procesare a documentelor \u00een str\u0103in\u0103tate \u0219i timpul de a\u0219teptare pentru solicitan\u021bi. \u00centr-un astfel de sistem, func\u021bionarii locali responsabili de apostil\u0103 pot verifica mai u\u0219or semn\u0103turile, \u0219tampilele \u0219i documentele \u00een sine (formatele \u0219i con\u021binutul lor).<\/p>\n<p><b>Exist\u0103 dou\u0103 proceduri<\/b> pentru o astfel de <b>confirmare<\/b>. <b>Prima procedur\u0103<\/b> este cea mai fiabil\u0103 \u0219i se nume\u0219te <b>legalizarea documentelor<\/b>. C\u00e2nd documentele sunt semnate de func\u021bionarul care le emite, apoi documentul este certificat de un angajat al ministerului (de obicei Ministerul Afacerilor Externe), iar \u00een cele din urm\u0103, ultima semn\u0103tur\u0103 este verificat\u0103 \u0219i certificat\u0103 de consulatul \u021b\u0103rii \u00een care trebuie depuse documentele. <b>Verificarea se realizeaz\u0103 pe baza unei baze de date actualizate (list\u0103) de semn\u0103turi printr-un lan\u021b de trei autorit\u0103\u021bi (institu\u021bii, organe de stat).<\/b><\/p>\n<p><b>A doua procedur\u0103<\/b> se bazeaz\u0103 pe o mai mare \u00eencredere \u0219i ocole\u0219te o autoritate, de obicei Ministerul Afacerilor Externe. \u00cen acest caz, vorbim despre o apostil\u0103. <b>Apostila este un \u0219tampil\u0103 special\u0103 de format stabilit care simplific\u0103 semnificativ procedura de recunoa\u0219tere a documentelor unui stat pe teritoriul altuia.<\/b><\/p>\n<h4>De ce s\u0103 ob\u021bine\u021bi o apostil\u0103 dac\u0103 documentele slovace pot fi verificate online?<\/h4>\n<p>Sistemele de verificare a documentelor online sunt o nou\u0103 solu\u021bie pentru verificarea autenticit\u0103\u021bii documentelor. Se poate spune c\u0103 aceste sisteme sunt \u00eenc\u0103 \u00een faza de testare \u0219i func\u021bionarea lor trebuie \u00eembun\u0103t\u0103\u021bit\u0103.<\/p>\n<p>C\u00e2nd guvernele \u0219i societatea vor fi preg\u0103tite pentru un astfel de sistem de verificare a documentelor, este probabil ca nevoia de apostil\u0103 s\u0103 dispar\u0103.<\/p>\n<p>Cu toate acestea, mul\u021bi func\u021bionari vor avea acces la un astfel de sistem. \u0218i aceasta ridic\u0103 din nou problema num\u0103rului mare de semn\u0103turi \u0219i a relevan\u021bei lor.<\/p>\n<h4>Se poate ob\u021bine o apostil\u0103 la un consulat al Slovaciei?<\/h4>\n<p>Conform Conven\u021biei de la Haga privind Apostila, <b>\u0219tampila de apostil\u0103 pentru documentele slovace nu poate fi ob\u021binut\u0103 la un consulat al Slovaciei<\/b>. \u0218i acest lucru nu depinde de \u021bara \u00een care se afl\u0103 consulatul, fie c\u0103 este vorba de Ucraina, Italia, Germania etc.<\/p>\n<h4>Exist\u0103 o apostil\u0103 electronic\u0103 \u00een Slovacia (E-apostil\u0103)?<\/h4>\n<blockquote><p>Slovacia a introdus, de asemenea, un sistem de apostil\u0103 electronic\u0103 (e-apostil\u0103), care permite verificarea online a autenticit\u0103\u021bii documentelor. Apostila electronic\u0103 con\u021bine un num\u0103r unic \u0219i un cod QR care poate fi verificat pe site-ul oficial al autorit\u0103\u021bii competente.<\/p><\/blockquote>\n<p>Apostila electronic\u0103 permite certificarea certificatelor de na\u0219tere, c\u0103s\u0103torie, documente medicale, decizii judiciare \u0219i alte documente pentru utilizare \u00een str\u0103in\u0103tate. Prin lansarea acestui serviciu electronic inovator, Slovacia a devenit una dintre \u021b\u0103rile membre ale Conven\u021biei de la Haga care a implementat programul de apostil\u0103 electronic\u0103.<\/p>\n<p>Registrul electronic de apostile a fost dezvoltat pentru a combate frauda \u0219i abuzurile. <b>Utiliz\u00e2nd registrul electronic de apostile, orice persoan\u0103 interesat\u0103 poate verifica vizual apostila \u0219i documentul scanat.<\/b><\/p>\n<h4>Cum se poate verifica o apostil\u0103 electronic\u0103?<\/h4>\n<p><b>Apostila este verificat\u0103 prin num\u0103rul apostilei \u0219i data emiterii<\/b> (apostila are un num\u0103r unic \u0219i o dat\u0103 de emitere). Aceast\u0103 informa\u021bie trebuie introdus\u0103 \u00een c\u00e2mpurile corespunz\u0103toare de pe pagina web. La ap\u0103sarea butonului de c\u0103utare, se deschide o fereastr\u0103 \u00een care pute\u021bi vedea apostila \u0219i documentul apostilat.<\/p>\n","protected":false},"excerpt":{"rendered":"<p>Ce este o apostil\u0103 slovac\u0103? Apostila slovac\u0103 este un \u0219tampil\u0103 a c\u0103rei form\u0103, con\u021binut \u0219i scop sunt definite de Conven\u021bia Apostilei din 1961. Apostila din Slovacia respect\u0103 standardele interna\u021bionale \u0219i confirm\u0103 autenticitatea documentelor pentru utilizarea \u00een alte \u021b\u0103ri membre ale Conven\u021biei. Slovacia a aderat la Conven\u021bia de la Haga la 18 iulie 2001, iar apostila &#8230; <a title=\"Apostila Slovacia &#x1f1f8;&#x1f1f0;\" class=\"read-more\" href=\"https:\/\/apostille.expert\/ro\/apostila-slovacia-%f0%9f%87%b8%f0%9f%87%b0\/\" aria-label=\"Cite\u0219te mai multe despre Apostila Slovacia &#x1f1f8;&#x1f1f0;\">Cite\u0219te mai mult<\/a><\/p>\n","protected":false},"author":1,"featured_media":0,"parent":0,"menu_order":0,"comment_status":"closed","ping_status":"closed","template":"","meta":{"_eb_attr":"","footnotes":""},"class_list":["post-248","page","type-page","status-publish"],"yoast_head":"<!-- This site is optimized with the Yoast SEO plugin v27.5 - https:\/\/yoast.com\/product\/yoast-seo-wordpress\/ -->\n<title>Apostila Slovacia &#x1f1f8;&#x1f1f0; - Acte (Documente), Legalizare \u0219i Apostila in EU, SUA, America de Sud<\/title>\n<meta name=\"robots\" content=\"index, follow, max-snippet:-1, max-image-preview:large, max-video-preview:-1\" \/>\n<link rel=\"canonical\" href=\"https:\/\/apostille.expert\/ro\/apostila-slovacia-\ud83c\uddf8\ud83c\uddf0\/\" \/>\n<meta property=\"og:locale\" content=\"ro_RO\" \/>\n<meta property=\"og:type\" content=\"article\" \/>\n<meta property=\"og:title\" content=\"Apostila Slovacia &#x1f1f8;&#x1f1f0; - Acte (Documente), Legalizare \u0219i Apostila in EU, SUA, America de Sud\" \/>\n<meta property=\"og:description\" content=\"Ce este o apostil\u0103 slovac\u0103? Apostila slovac\u0103 este un \u0219tampil\u0103 a c\u0103rei form\u0103, con\u021binut \u0219i scop sunt definite de Conven\u021bia Apostilei din 1961. Apostila din Slovacia respect\u0103 standardele interna\u021bionale \u0219i confirm\u0103 autenticitatea documentelor pentru utilizarea \u00een alte \u021b\u0103ri membre ale Conven\u021biei. Slovacia a aderat la Conven\u021bia de la Haga la 18 iulie 2001, iar apostila ... Cite\u0219te mai mult\" \/>\n<meta property=\"og:url\" content=\"https:\/\/apostille.expert\/ro\/apostila-slovacia-\ud83c\uddf8\ud83c\uddf0\/\" \/>\n<meta property=\"og:site_name\" content=\"Acte (Documente), Legalizare \u0219i Apostila in EU, SUA, America de Sud\" \/>\n<meta property=\"article:modified_time\" content=\"2025-03-13T19:29:11+00:00\" \/>\n<meta property=\"og:image\" content=\"https:\/\/example.com\/slovak-apostille.jpg\" \/>\n<meta name=\"twitter:card\" content=\"summary_large_image\" \/>\n<meta name=\"twitter:label1\" content=\"Timp estimat pentru citire\" \/>\n\t<meta name=\"twitter:data1\" content=\"6 minute\" \/>\n<script type=\"application\/ld+json\" class=\"yoast-schema-graph\">{\"@context\":\"https:\\\/\\\/schema.org\",\"@graph\":[{\"@type\":\"WebPage\",\"@id\":\"https:\\\/\\\/apostille.expert\\\/ro\\\/apostila-slovacia-%f0%9f%87%b8%f0%9f%87%b0\\\/\",\"url\":\"https:\\\/\\\/apostille.expert\\\/ro\\\/apostila-slovacia-%f0%9f%87%b8%f0%9f%87%b0\\\/\",\"name\":\"Apostila Slovacia &#x1f1f8;&#x1f1f0; - Acte (Documente), Legalizare \u0219i Apostila in EU, SUA, America de Sud\",\"isPartOf\":{\"@id\":\"https:\\\/\\\/apostille.expert\\\/ro\\\/#website\"},\"primaryImageOfPage\":{\"@id\":\"https:\\\/\\\/apostille.expert\\\/ro\\\/apostila-slovacia-%f0%9f%87%b8%f0%9f%87%b0\\\/#primaryimage\"},\"image\":{\"@id\":\"https:\\\/\\\/apostille.expert\\\/ro\\\/apostila-slovacia-%f0%9f%87%b8%f0%9f%87%b0\\\/#primaryimage\"},\"thumbnailUrl\":\"https:\\\/\\\/example.com\\\/slovak-apostille.jpg\",\"datePublished\":\"2025-03-13T19:24:31+00:00\",\"dateModified\":\"2025-03-13T19:29:11+00:00\",\"breadcrumb\":{\"@id\":\"https:\\\/\\\/apostille.expert\\\/ro\\\/apostila-slovacia-%f0%9f%87%b8%f0%9f%87%b0\\\/#breadcrumb\"},\"inLanguage\":\"ro-RO\",\"potentialAction\":[{\"@type\":\"ReadAction\",\"target\":[\"https:\\\/\\\/apostille.expert\\\/ro\\\/apostila-slovacia-%f0%9f%87%b8%f0%9f%87%b0\\\/\"]}]},{\"@type\":\"ImageObject\",\"inLanguage\":\"ro-RO\",\"@id\":\"https:\\\/\\\/apostille.expert\\\/ro\\\/apostila-slovacia-%f0%9f%87%b8%f0%9f%87%b0\\\/#primaryimage\",\"url\":\"https:\\\/\\\/example.com\\\/slovak-apostille.jpg\",\"contentUrl\":\"https:\\\/\\\/example.com\\\/slovak-apostille.jpg\"},{\"@type\":\"BreadcrumbList\",\"@id\":\"https:\\\/\\\/apostille.expert\\\/ro\\\/apostila-slovacia-%f0%9f%87%b8%f0%9f%87%b0\\\/#breadcrumb\",\"itemListElement\":[{\"@type\":\"ListItem\",\"position\":1,\"name\":\"Home\",\"item\":\"https:\\\/\\\/apostille.expert\\\/ro\\\/\"},{\"@type\":\"ListItem\",\"position\":2,\"name\":\"Apostila Slovacia &#x1f1f8;&#x1f1f0;\"}]},{\"@type\":\"WebSite\",\"@id\":\"https:\\\/\\\/apostille.expert\\\/ro\\\/#website\",\"url\":\"https:\\\/\\\/apostille.expert\\\/ro\\\/\",\"name\":\"Acte (Documente), Legalizare \u0219i Apostila in EU, SUA, America de Sud\",\"description\":\"Acte (Documente), Legalizare \u0219i Apostila in tarile EU, SUA, America de Sud, Moldova, Rusia, Ucraina, Azerbaijan, Armenia, Polonia, Fran\u021ba, Georgia, Kazahstan, Kirghizia si alte tarile ale lumii\",\"potentialAction\":[{\"@type\":\"SearchAction\",\"target\":{\"@type\":\"EntryPoint\",\"urlTemplate\":\"https:\\\/\\\/apostille.expert\\\/ro\\\/?s={search_term_string}\"},\"query-input\":{\"@type\":\"PropertyValueSpecification\",\"valueRequired\":true,\"valueName\":\"search_term_string\"}}],\"inLanguage\":\"ro-RO\"}]}<\/script>\n<!-- \/ Yoast SEO plugin. -->","yoast_head_json":{"title":"Apostila Slovacia &#x1f1f8;&#x1f1f0; - Acte (Documente), Legalizare \u0219i Apostila in EU, SUA, America de Sud","robots":{"index":"index","follow":"follow","max-snippet":"max-snippet:-1","max-image-preview":"max-image-preview:large","max-video-preview":"max-video-preview:-1"},"canonical":"https:\/\/apostille.expert\/ro\/apostila-slovacia-\ud83c\uddf8\ud83c\uddf0\/","og_locale":"ro_RO","og_type":"article","og_title":"Apostila Slovacia &#x1f1f8;&#x1f1f0; - Acte (Documente), Legalizare \u0219i Apostila in EU, SUA, America de Sud","og_description":"Ce este o apostil\u0103 slovac\u0103? Apostila slovac\u0103 este un \u0219tampil\u0103 a c\u0103rei form\u0103, con\u021binut \u0219i scop sunt definite de Conven\u021bia Apostilei din 1961. Apostila din Slovacia respect\u0103 standardele interna\u021bionale \u0219i confirm\u0103 autenticitatea documentelor pentru utilizarea \u00een alte \u021b\u0103ri membre ale Conven\u021biei. Slovacia a aderat la Conven\u021bia de la Haga la 18 iulie 2001, iar apostila ... Cite\u0219te mai mult","og_url":"https:\/\/apostille.expert\/ro\/apostila-slovacia-\ud83c\uddf8\ud83c\uddf0\/","og_site_name":"Acte (Documente), Legalizare \u0219i Apostila in EU, SUA, America de Sud","article_modified_time":"2025-03-13T19:29:11+00:00","og_image":[{"url":"https:\/\/example.com\/slovak-apostille.jpg","type":"","width":"","height":""}],"twitter_card":"summary_large_image","twitter_misc":{"Timp estimat pentru citire":"6 minute"},"schema":{"@context":"https:\/\/schema.org","@graph":[{"@type":"WebPage","@id":"https:\/\/apostille.expert\/ro\/apostila-slovacia-%f0%9f%87%b8%f0%9f%87%b0\/","url":"https:\/\/apostille.expert\/ro\/apostila-slovacia-%f0%9f%87%b8%f0%9f%87%b0\/","name":"Apostila Slovacia &#x1f1f8;&#x1f1f0; - Acte (Documente), Legalizare \u0219i Apostila in EU, SUA, America de Sud","isPartOf":{"@id":"https:\/\/apostille.expert\/ro\/#website"},"primaryImageOfPage":{"@id":"https:\/\/apostille.expert\/ro\/apostila-slovacia-%f0%9f%87%b8%f0%9f%87%b0\/#primaryimage"},"image":{"@id":"https:\/\/apostille.expert\/ro\/apostila-slovacia-%f0%9f%87%b8%f0%9f%87%b0\/#primaryimage"},"thumbnailUrl":"https:\/\/example.com\/slovak-apostille.jpg","datePublished":"2025-03-13T19:24:31+00:00","dateModified":"2025-03-13T19:29:11+00:00","breadcrumb":{"@id":"https:\/\/apostille.expert\/ro\/apostila-slovacia-%f0%9f%87%b8%f0%9f%87%b0\/#breadcrumb"},"inLanguage":"ro-RO","potentialAction":[{"@type":"ReadAction","target":["https:\/\/apostille.expert\/ro\/apostila-slovacia-%f0%9f%87%b8%f0%9f%87%b0\/"]}]},{"@type":"ImageObject","inLanguage":"ro-RO","@id":"https:\/\/apostille.expert\/ro\/apostila-slovacia-%f0%9f%87%b8%f0%9f%87%b0\/#primaryimage","url":"https:\/\/example.com\/slovak-apostille.jpg","contentUrl":"https:\/\/example.com\/slovak-apostille.jpg"},{"@type":"BreadcrumbList","@id":"https:\/\/apostille.expert\/ro\/apostila-slovacia-%f0%9f%87%b8%f0%9f%87%b0\/#breadcrumb","itemListElement":[{"@type":"ListItem","position":1,"name":"Home","item":"https:\/\/apostille.expert\/ro\/"},{"@type":"ListItem","position":2,"name":"Apostila Slovacia &#x1f1f8;&#x1f1f0;"}]},{"@type":"WebSite","@id":"https:\/\/apostille.expert\/ro\/#website","url":"https:\/\/apostille.expert\/ro\/","name":"Acte (Documente), Legalizare \u0219i Apostila in EU, SUA, America de Sud","description":"Acte (Documente), Legalizare \u0219i Apostila in tarile EU, SUA, America de Sud, Moldova, Rusia, Ucraina, Azerbaijan, Armenia, Polonia, Fran\u021ba, Georgia, Kazahstan, Kirghizia si alte tarile ale lumii","potentialAction":[{"@type":"SearchAction","target":{"@type":"EntryPoint","urlTemplate":"https:\/\/apostille.expert\/ro\/?s={search_term_string}"},"query-input":{"@type":"PropertyValueSpecification","valueRequired":true,"valueName":"search_term_string"}}],"inLanguage":"ro-RO"}]}},"_links":{"self":[{"href":"https:\/\/apostille.expert\/ro\/wp-json\/wp\/v2\/pages\/248","targetHints":{"allow":["GET"]}}],"collection":[{"href":"https:\/\/apostille.expert\/ro\/wp-json\/wp\/v2\/pages"}],"about":[{"href":"https:\/\/apostille.expert\/ro\/wp-json\/wp\/v2\/types\/page"}],"author":[{"embeddable":true,"href":"https:\/\/apostille.expert\/ro\/wp-json\/wp\/v2\/users\/1"}],"replies":[{"embeddable":true,"href":"https:\/\/apostille.expert\/ro\/wp-json\/wp\/v2\/comments?post=248"}],"version-history":[{"count":1,"href":"https:\/\/apostille.expert\/ro\/wp-json\/wp\/v2\/pages\/248\/revisions"}],"predecessor-version":[{"id":249,"href":"https:\/\/apostille.expert\/ro\/wp-json\/wp\/v2\/pages\/248\/revisions\/249"}],"wp:attachment":[{"href":"https:\/\/apostille.expert\/ro\/wp-json\/wp\/v2\/media?parent=248"}],"curies":[{"name":"wp","href":"https:\/\/api.w.org\/{rel}","templated":true}]}}