{"id":241,"date":"2025-01-07T17:10:42","date_gmt":"2025-01-07T17:10:42","guid":{"rendered":"https:\/\/apostille.expert\/ro\/?page_id=241"},"modified":"2025-01-07T17:21:31","modified_gmt":"2025-01-07T17:21:31","slug":"241-2","status":"publish","type":"page","link":"https:\/\/apostille.expert\/ro\/241-2\/","title":{"rendered":"Apostila Brazilia &#x1f1e7;&#x1f1f7;"},"content":{"rendered":"\n<p><strong itemprop=\"name\">Apostila Brazilian\u0103<\/strong> este un document oficial care atest\u0103 autenticitatea unei semn\u0103turi, capacitatea semnatarului, precum \u0219i sigiliul sau \u0219tampila aplicat\u0103 pe un document public. Este emis\u0103 conform <span itemprop=\"description\">Conven\u021biei de la Haga din 5 octombrie 1961 \u0219i este utilizat\u0103 pentru legalizarea documentelor \u00een str\u0103in\u0103tate.<\/span><\/p>\n\n\n\n<h4 class=\"wp-block-heading\">Cum arat\u0103 apostila brazilian\u0103?<\/h4>\n\n\n\n<p>Apostila este o \u0219tampil\u0103 rectangular\u0103 care include urm\u0103toarele elemente: numele \u021b\u0103rii, numele semnatarului, func\u021bia acestuia, sigiliul sau \u0219tampila organiza\u021biei, locul \u0219i data emiterii, un num\u0103r unic \u0219i semn\u0103tura persoanei autorizate. De asemenea, poate fi utilizat\u0103 o semn\u0103tur\u0103 electronic\u0103.<\/p>\n\n\n\n<p><strong><em>Fotografie a unei apostile braziliene:<\/em><\/strong><\/p>\n\n\n\n<figure class=\"wp-block-image size-large\"><img decoding=\"async\" src=\"https:\/\/apostille.expert\/wp-content\/uploads\/2025\/01\/Apostille-Stamp-Brasil-800x1024.webp\" alt=\"Imagine a unui document apostil emis \u00een Brazilia, care legalizeaz\u0103 un certificat de na\u0219tere\" class=\"wp-image-3754\"\/><figcaption class=\"wp-element-caption\">Apostil\u0103 emis\u0103 conform Conven\u021biei de la Haga din 1961 \u00een S\u00e3o Paulo, Brazilia<\/figcaption><\/figure>\n\n\n\n<h4 class=\"wp-block-heading\">Textul apostilei braziliene<p itemtype=\"https:\/\/schema.org\/DefinedTerm\" itemscope=\"\"><\/p><\/h4>\n\n\n\n<p><strong itemprop=\"name\">Limba apostilei<\/strong> \u2014 Apostila brazilian\u0103 con\u021bine informa\u021bii \u00een limbile portughez\u0103, englez\u0103 \u0219i francez\u0103. Acest lucru asigur\u0103 conformitatea cu standardele interna\u021bionale \u0219i faciliteaz\u0103 utilizarea acesteia \u00een str\u0103in\u0103tate.<\/p>\n\n\n\n<p><strong><span style=\"text-decoration: underline;\">Limba portughez\u0103<\/span><\/strong><\/p>\n\n\n\n<p><strong>BRASIL<\/strong> <strong>APOSTILLE<\/strong><br><em>(Conven\u00e7\u00e3o da Haia de 5 de outubro de 1961)<\/em><\/p>\n\n\n\n<ol class=\"wp-block-list\">\n<li><strong>Pa\u00eds:<\/strong><br>REP\u00daBLICA FEDERATIVA DO BRASIL<\/li>\n<\/ol>\n\n\n\n<p><strong>Este documento p\u00fablico:<\/strong><br>2. <strong>Foi assinado por:<\/strong> Leonardo Dami\u00e3o Ferreira<br>3. <strong>Na qualidade de:<\/strong> Escrevente<br>4. <strong>Tem o selo \/ carimbo de:<\/strong> Oficial de RCPN do 5\u00ba Subdistrito Santa Efig\u00eania, S\u00e3o Paulo &#8211; SP<\/p>\n\n\n\n<p><strong>Certificado:<\/strong><br>5. <strong>Em:<\/strong> S\u00c3O PAULO<br>6. <strong>No dia:<\/strong> 13\/06\/2022<br>7. <strong>Por:<\/strong> Carlos ____________<br>8. <strong>N\u00ba:<\/strong> 1067___-22<br>9. <strong>Selo \/ Carimbo:<\/strong><br>10. <strong>Firma:<\/strong> Assinatura Eletr\u00f4nica<\/p>\n\n\n\n<p><strong>Tipo de Documento:<\/strong> Certid\u00e3o de Nascimento<br><strong>Nome do titular:<\/strong> EMILY _____________ VIEIRA<br><strong>C\u00f3digo:<\/strong> 106_______-22<br><strong>CRC:<\/strong> 8ACB_______<\/p>\n\n\n\n<p>A presente Apostila foi firmada com assinatura eletr\u00f4nica, conforme a Lei n\u00ba 11.419\/2006.<\/p>\n\n\n\n<p><strong>D\u00favidas a respeito desta Apostila entrar em contato com a Ouvidoria do CN<\/strong>J: ____________<\/p>\n\n\n\n<p><strong>Observa\u00e7\u00e3o:<\/strong><br>Esta Apostila certifica apenas a assinatura, a capacidade do signat\u00e1rio e, quando apropriado, o selo ou carimbo constantes no documento p\u00fablico. Ela n\u00e3o certifica o conte\u00fado do documento para o qual foi emitida.<\/p>\n\n\n\n<p>A autenticidade desta Apostila e de sua assinatura eletr\u00f4nica bem como o documento p\u00fablico subjacente, podem ser verificadas em:<br><strong><a href=\"https:\/\/apostil.org.br\/\">https:\/\/apostil.org.br<\/a><\/strong><\/p>\n\n\n\n<p>Utilize este QR Code para verificar a autenticidade desta Apostila e de sua assinatura eletr\u00f4nica. Uma c\u00f3pia do documento p\u00fablico subjacente tamb\u00e9m est\u00e1 dispon\u00edvel na mesma p\u00e1gina.<\/p>\n\n\n\n<h6 class=\"wp-block-heading\"><strong><em>Traducerea apostilei braziliene \u00een limba rom\u00e2n\u0103<\/em><\/strong><\/h6>\n\n\n\n<p><strong>BRAZILIA<\/strong> <strong>APOSTILA<\/strong><br><em>(Conven\u021bia de la Haga din 5 octombrie 1961)<\/em><\/p>\n\n\n\n<ol class=\"wp-block-list\">\n<li><strong>\u021ara:<\/strong><br>REPUBLICA FEDERATIV\u0102 A BRAZILIEI<\/li>\n<\/ol>\n\n\n\n<p><strong>Acest document public:<\/strong><br>2. <strong>A fost semnat de:<\/strong> Leonardo Dami\u00e3o Ferreira<br>3. <strong>\u00cen calitate de:<\/strong> Grefier<br>4. <strong>Poart\u0103 sigiliul\/\u0219tampila:<\/strong> Oficiul de Stare Civil\u0103 al Subdistricului 5 Santa Efig\u00e2nia, S\u00e3o Paulo &#8211; SP<\/p>\n\n\n\n<p><strong>Certificat:<\/strong><br>5. <strong>\u00cen:<\/strong> S\u00c3O PAULO<br>6. <strong>La data de:<\/strong> 13\/06\/2022<br>7. <strong>De c\u0103tre:<\/strong> Carlos Eduardo Rodrigues<br>8. <strong>Nr.:<\/strong> 1067_________-22<br>9. <strong>Sigiliu\/\u0218tampil\u0103:<\/strong><br>10. <strong>Semn\u0103tur\u0103:<\/strong> Semn\u0103tur\u0103 electronic\u0103<\/p>\n\n\n\n<p><strong>Tipul documentului:<\/strong> Certificat de na\u0219tere<br><strong>Numele titularului:<\/strong> EMILY __________ VIEIRA<br><strong>Cod:<\/strong> 106___-22<br><strong>CRC:<\/strong> 8ACB_____<\/p>\n\n\n\n<p>Aceast\u0103 apostil\u0103 a fost semnat\u0103 electronic conform Legii nr. 11.419\/2006.<\/p>\n\n\n\n<p><strong>\u00centreb\u0103ri despre aceast\u0103 apostil\u0103 pot fi adresate Ombudsmanului CNJ:<\/strong> ___<\/p>\n\n\n\n<p><strong>Not\u0103:<\/strong><br>Aceast\u0103 apostil\u0103 certific\u0103 doar semn\u0103tura, capacitatea semnatarului \u0219i, dac\u0103 este cazul, sigiliul sau \u0219tampila de pe documentul public. Nu certific\u0103 con\u021binutul documentului pentru care a fost emis\u0103.<\/p>\n\n\n\n<p>Autenticitatea acestei apostile \u0219i a semn\u0103turii electronice, precum \u0219i a documentului public subsecvent, poate fi verificat\u0103 la:<br><strong><a href=\"https:\/\/apostil.org.br\/\">https:\/\/apostil.org.br<\/a><\/strong><\/p>\n\n\n\n<p>Utiliza\u021bi acest cod QR pentru a verifica autenticitatea acestei apostile \u0219i a semn\u0103turii electronice. O copie a documentului public subsecvent este, de asemenea, disponibil\u0103 pe aceea\u0219i pagin\u0103.<\/p>\n\n\n\n<h4 class=\"wp-block-heading\"><p itemtype=\"https:\/\/schema.org\/DefinedTerm\" itemscope=\"\"><strong style=\"color: revert; font-family: inherit; font-style: inherit;\">De ce este nevoie de apostil\u0103 dac\u0103 documentele braziliene au deja semn\u0103tur\u0103 \u0219i sigiliu?<\/strong><\/p><\/h4>\n\n\n\n<p>Apostila nu este utilizat\u0103 pentru a confirma autenticitatea documentelor braziliene, ci pentru a certifica semn\u0103turile \u0219i sigiliile func\u021bionarilor. \u00cen institu\u021biile de stat din Brazilia, precum ministere, departamente, arhive \u0219i oficii de stare civil\u0103, lucreaz\u0103 numero\u0219i func\u021bionari ale c\u0103ror semn\u0103turi \u0219i sigilii se schimb\u0103 frecvent. Acest lucru face dificil\u0103 verificarea autenticit\u0103\u021bii documentelor, mai ales pentru func\u021bionarii str\u0103ini care trebuie s\u0103 accepte aceste documente.<\/p>\n\n\n\n<p>Pentru a simplifica procesul de verificare \u0219i pentru a preveni falsurile, a fost creat un sistem de certificare a tuturor semn\u0103turilor \u0219i sigiliilor de c\u0103tre un num\u0103r limitat de persoane autorizate. Acest lucru faciliteaz\u0103 activitatea autorit\u0103\u021bilor str\u0103ine, accelereaz\u0103 procesul de prelucrare a documentelor \u00een str\u0103in\u0103tate \u0219i reduce timpul de a\u0219teptare pentru solicitan\u021bi. Sistemul apostilei permite func\u021bionarilor responsabili de emiterea acesteia s\u0103 verifice autenticitatea semn\u0103turilor, sigiliilor, antetelor \u0219i con\u021binutului documentelor utiliz\u00e2nd o baz\u0103 de date intern\u0103.<\/p>\n\n\n\n<p>Angaja\u021bii care au acces la astfel de baze de date de semn\u0103turi \u0219i mostre sunt, de asemenea, \u00eenregistra\u021bi \u00eentr-un registru special. Acest registru include un num\u0103r limitat de semn\u0103turi care sunt partajate cu alte state partenere sau verificate utiliz\u00e2nd instrumente interna\u021bionale.<\/p>\n\n\n\n<p><strong>Exist\u0103 dou\u0103 abord\u0103ri principale pentru confirmarea autenticit\u0103\u021bii documentelor:<\/strong> Prima, \u0219i cea mai sigur\u0103, este <strong>legalizarea<\/strong>. Documentul este mai \u00eent\u00e2i semnat \u0219i certificat de func\u021bionarul care l-a emis, apoi de un angajat al ministerului (de obicei Ministerul Afacerilor Externe), iar semn\u0103tura final\u0103 este certificat\u0103 de consulatul \u021b\u0103rii \u00eentr-o alt\u0103 \u021bar\u0103. Acest proces se bazeaz\u0103 pe verificarea lan\u021bului de semn\u0103turi \u0219i sigilii prin trei institu\u021bii.<\/p>\n\n\n\n<p>A doua metod\u0103 se bazeaz\u0103 pe simplificare \u0219i \u00eencredere mai mare \u00eentre \u021b\u0103ri. Aceasta este <strong>apostila<\/strong> \u2014 o \u0219tampil\u0103 special\u0103 stabilit\u0103 prin Conven\u021bia de la Haga din 1961. Apostila elimin\u0103 etapa de legalizare la Ministerul Afacerilor Externe \u0219i accelereaz\u0103 semnificativ recunoa\u0219terea unui document al unei \u021b\u0103ri pe teritoriul alteia.<\/p>\n\n\n\n<h4 class=\"wp-block-heading\"><strong>De ce este necesar\u0103 apostila dac\u0103 documentele braziliene pot fi verificate online?<\/strong><\/h4>\n\n\n\n<p><strong>Sistemele de verificare online a documentelor sunt o solu\u021bie modern\u0103 care permite confirmarea rapid\u0103 a autenticit\u0103\u021bii acestora. <\/strong>\u00cen prezent, astfel de sisteme sunt \u00een dezvoltare \u0219i necesar\u0103 multe \u00eembun\u0103t\u0103\u021biri pentru a asigura fiabilitatea \u0219i func\u021bionalitatea complet\u0103.<\/p>\n\n\n\n<p>Pe m\u0103sur\u0103 ce guvernele \u0219i societatea vor fi complet preg\u0103tite s\u0103 implementeze sisteme de verificare online, necesitatea apostilei ar putea disp\u0103rea. Cu toate acestea, p\u00e2n\u0103 c\u00e2nd aceast\u0103 tehnologie devine universal disponibil\u0103 \u0219i impecabil\u0103, apostila va continua s\u0103 joace un rol important.<\/p>\n\n\n\n<p>Chiar \u0219i cu verificarea online, mul\u021bi func\u021bionari vor trebui s\u0103 aib\u0103 acces la astfel de sisteme. Aceasta ridic\u0103 din nou \u00eentreb\u0103ri despre relevan\u021ba semn\u0103turilor, schimb\u0103rile frecvente ale oficialilor \u0219i riscul de abuzuri. \u00cen acest context, apostila serve\u0219te ca un instrument universal care garanteaz\u0103 recunoa\u0219terea interna\u021bional\u0103 a autenticit\u0103\u021bii documentului, indiferent de sistemele locale de verificare.<\/p>\n\n\n\n<h4 class=\"wp-block-heading\"><strong>Poate fi emis\u0103 apostila \u00een consulatul Braziliei?<\/strong><\/h4>\n\n\n\n<p>Conform Conven\u021biei de la Haga privind apostila, este imposibil s\u0103 se ob\u021bin\u0103 o \u0219tampil\u0103 apostil pe documentele braziliene la consulatul Braziliei. Aceast\u0103 regul\u0103 se aplic\u0103 indiferent de \u021bara \u00een care se afl\u0103 consulatul, fie c\u0103 este vorba despre SUA, Germania sau orice alt\u0103 \u021bar\u0103. Apostila poate fi emis\u0103 doar de autorit\u0103\u021bile competente din \u021bar\u0103, de exemplu, de serviciile notariale sau institu\u021biile corespunz\u0103toare din Brazilia.<\/p>\n","protected":false},"excerpt":{"rendered":"<p>Apostila Brazilian\u0103 este un document oficial care atest\u0103 autenticitatea unei semn\u0103turi, capacitatea semnatarului, precum \u0219i sigiliul sau \u0219tampila aplicat\u0103 pe un document public. Este emis\u0103 conform Conven\u021biei de la Haga din 5 octombrie 1961 \u0219i este utilizat\u0103 pentru legalizarea documentelor \u00een str\u0103in\u0103tate. Cum arat\u0103 apostila brazilian\u0103? Apostila este o \u0219tampil\u0103 rectangular\u0103 care include urm\u0103toarele elemente: &#8230; <a title=\"Apostila Brazilia &#x1f1e7;&#x1f1f7;\" class=\"read-more\" href=\"https:\/\/apostille.expert\/ro\/241-2\/\" aria-label=\"Cite\u0219te mai multe despre Apostila Brazilia &#x1f1e7;&#x1f1f7;\">Cite\u0219te mai mult<\/a><\/p>\n","protected":false},"author":1,"featured_media":0,"parent":0,"menu_order":0,"comment_status":"closed","ping_status":"closed","template":"","meta":{"_eb_attr":"","footnotes":""},"class_list":["post-241","page","type-page","status-publish"],"yoast_head":"<!-- This site is optimized with the Yoast SEO plugin v27.6 - https:\/\/yoast.com\/product\/yoast-seo-wordpress\/ -->\n<title>Apostila Brazilia &#x1f1e7;&#x1f1f7; - Acte (Documente), Legalizare \u0219i Apostila in EU, SUA, America de Sud<\/title>\n<meta name=\"robots\" content=\"index, follow, max-snippet:-1, max-image-preview:large, max-video-preview:-1\" \/>\n<link rel=\"canonical\" href=\"https:\/\/apostille.expert\/ro\/241-2\/\" \/>\n<meta property=\"og:locale\" content=\"ro_RO\" \/>\n<meta property=\"og:type\" content=\"article\" \/>\n<meta property=\"og:title\" content=\"Apostila Brazilia &#x1f1e7;&#x1f1f7; - Acte (Documente), Legalizare \u0219i Apostila in EU, SUA, America de Sud\" \/>\n<meta property=\"og:description\" content=\"Apostila Brazilian\u0103 este un document oficial care atest\u0103 autenticitatea unei semn\u0103turi, capacitatea semnatarului, precum \u0219i sigiliul sau \u0219tampila aplicat\u0103 pe un document public. Este emis\u0103 conform Conven\u021biei de la Haga din 5 octombrie 1961 \u0219i este utilizat\u0103 pentru legalizarea documentelor \u00een str\u0103in\u0103tate. Cum arat\u0103 apostila brazilian\u0103? Apostila este o \u0219tampil\u0103 rectangular\u0103 care include urm\u0103toarele elemente: ... Cite\u0219te mai mult\" \/>\n<meta property=\"og:url\" content=\"https:\/\/apostille.expert\/ro\/241-2\/\" \/>\n<meta property=\"og:site_name\" content=\"Acte (Documente), Legalizare \u0219i Apostila in EU, SUA, America de Sud\" \/>\n<meta property=\"article:modified_time\" content=\"2025-01-07T17:21:31+00:00\" \/>\n<meta name=\"twitter:card\" content=\"summary_large_image\" \/>\n<meta name=\"twitter:label1\" content=\"Timp estimat pentru citire\" \/>\n\t<meta name=\"twitter:data1\" content=\"6 minute\" \/>\n<script type=\"application\/ld+json\" class=\"yoast-schema-graph\">{\"@context\":\"https:\\\/\\\/schema.org\",\"@graph\":[{\"@type\":\"WebPage\",\"@id\":\"https:\\\/\\\/apostille.expert\\\/ro\\\/241-2\\\/\",\"url\":\"https:\\\/\\\/apostille.expert\\\/ro\\\/241-2\\\/\",\"name\":\"Apostila Brazilia &#x1f1e7;&#x1f1f7; - Acte (Documente), Legalizare \u0219i Apostila in EU, SUA, America de Sud\",\"isPartOf\":{\"@id\":\"https:\\\/\\\/apostille.expert\\\/ro\\\/#website\"},\"primaryImageOfPage\":{\"@id\":\"https:\\\/\\\/apostille.expert\\\/ro\\\/241-2\\\/#primaryimage\"},\"image\":{\"@id\":\"https:\\\/\\\/apostille.expert\\\/ro\\\/241-2\\\/#primaryimage\"},\"thumbnailUrl\":\"https:\\\/\\\/apostille.expert\\\/wp-content\\\/uploads\\\/2025\\\/01\\\/Apostille-Stamp-Brasil-800x1024.webp\",\"datePublished\":\"2025-01-07T17:10:42+00:00\",\"dateModified\":\"2025-01-07T17:21:31+00:00\",\"breadcrumb\":{\"@id\":\"https:\\\/\\\/apostille.expert\\\/ro\\\/241-2\\\/#breadcrumb\"},\"inLanguage\":\"ro-RO\",\"potentialAction\":[{\"@type\":\"ReadAction\",\"target\":[\"https:\\\/\\\/apostille.expert\\\/ro\\\/241-2\\\/\"]}]},{\"@type\":\"ImageObject\",\"inLanguage\":\"ro-RO\",\"@id\":\"https:\\\/\\\/apostille.expert\\\/ro\\\/241-2\\\/#primaryimage\",\"url\":\"https:\\\/\\\/apostille.expert\\\/wp-content\\\/uploads\\\/2025\\\/01\\\/Apostille-Stamp-Brasil-800x1024.webp\",\"contentUrl\":\"https:\\\/\\\/apostille.expert\\\/wp-content\\\/uploads\\\/2025\\\/01\\\/Apostille-Stamp-Brasil-800x1024.webp\"},{\"@type\":\"BreadcrumbList\",\"@id\":\"https:\\\/\\\/apostille.expert\\\/ro\\\/241-2\\\/#breadcrumb\",\"itemListElement\":[{\"@type\":\"ListItem\",\"position\":1,\"name\":\"Home\",\"item\":\"https:\\\/\\\/apostille.expert\\\/ro\\\/\"},{\"@type\":\"ListItem\",\"position\":2,\"name\":\"Apostila Brazilia &#x1f1e7;&#x1f1f7;\"}]},{\"@type\":\"WebSite\",\"@id\":\"https:\\\/\\\/apostille.expert\\\/ro\\\/#website\",\"url\":\"https:\\\/\\\/apostille.expert\\\/ro\\\/\",\"name\":\"Acte (Documente), Legalizare \u0219i Apostila in EU, SUA, America de Sud\",\"description\":\"Acte (Documente), Legalizare \u0219i Apostila in tarile EU, SUA, America de Sud, Moldova, Rusia, Ucraina, Azerbaijan, Armenia, Polonia, Fran\u021ba, Georgia, Kazahstan, Kirghizia si alte tarile ale lumii\",\"potentialAction\":[{\"@type\":\"SearchAction\",\"target\":{\"@type\":\"EntryPoint\",\"urlTemplate\":\"https:\\\/\\\/apostille.expert\\\/ro\\\/?s={search_term_string}\"},\"query-input\":{\"@type\":\"PropertyValueSpecification\",\"valueRequired\":true,\"valueName\":\"search_term_string\"}}],\"inLanguage\":\"ro-RO\"}]}<\/script>\n<!-- \/ Yoast SEO plugin. -->","yoast_head_json":{"title":"Apostila Brazilia &#x1f1e7;&#x1f1f7; - Acte (Documente), Legalizare \u0219i Apostila in EU, SUA, America de Sud","robots":{"index":"index","follow":"follow","max-snippet":"max-snippet:-1","max-image-preview":"max-image-preview:large","max-video-preview":"max-video-preview:-1"},"canonical":"https:\/\/apostille.expert\/ro\/241-2\/","og_locale":"ro_RO","og_type":"article","og_title":"Apostila Brazilia &#x1f1e7;&#x1f1f7; - Acte (Documente), Legalizare \u0219i Apostila in EU, SUA, America de Sud","og_description":"Apostila Brazilian\u0103 este un document oficial care atest\u0103 autenticitatea unei semn\u0103turi, capacitatea semnatarului, precum \u0219i sigiliul sau \u0219tampila aplicat\u0103 pe un document public. Este emis\u0103 conform Conven\u021biei de la Haga din 5 octombrie 1961 \u0219i este utilizat\u0103 pentru legalizarea documentelor \u00een str\u0103in\u0103tate. Cum arat\u0103 apostila brazilian\u0103? Apostila este o \u0219tampil\u0103 rectangular\u0103 care include urm\u0103toarele elemente: ... Cite\u0219te mai mult","og_url":"https:\/\/apostille.expert\/ro\/241-2\/","og_site_name":"Acte (Documente), Legalizare \u0219i Apostila in EU, SUA, America de Sud","article_modified_time":"2025-01-07T17:21:31+00:00","twitter_card":"summary_large_image","twitter_misc":{"Timp estimat pentru citire":"6 minute"},"schema":{"@context":"https:\/\/schema.org","@graph":[{"@type":"WebPage","@id":"https:\/\/apostille.expert\/ro\/241-2\/","url":"https:\/\/apostille.expert\/ro\/241-2\/","name":"Apostila Brazilia &#x1f1e7;&#x1f1f7; - Acte (Documente), Legalizare \u0219i Apostila in EU, SUA, America de Sud","isPartOf":{"@id":"https:\/\/apostille.expert\/ro\/#website"},"primaryImageOfPage":{"@id":"https:\/\/apostille.expert\/ro\/241-2\/#primaryimage"},"image":{"@id":"https:\/\/apostille.expert\/ro\/241-2\/#primaryimage"},"thumbnailUrl":"https:\/\/apostille.expert\/wp-content\/uploads\/2025\/01\/Apostille-Stamp-Brasil-800x1024.webp","datePublished":"2025-01-07T17:10:42+00:00","dateModified":"2025-01-07T17:21:31+00:00","breadcrumb":{"@id":"https:\/\/apostille.expert\/ro\/241-2\/#breadcrumb"},"inLanguage":"ro-RO","potentialAction":[{"@type":"ReadAction","target":["https:\/\/apostille.expert\/ro\/241-2\/"]}]},{"@type":"ImageObject","inLanguage":"ro-RO","@id":"https:\/\/apostille.expert\/ro\/241-2\/#primaryimage","url":"https:\/\/apostille.expert\/wp-content\/uploads\/2025\/01\/Apostille-Stamp-Brasil-800x1024.webp","contentUrl":"https:\/\/apostille.expert\/wp-content\/uploads\/2025\/01\/Apostille-Stamp-Brasil-800x1024.webp"},{"@type":"BreadcrumbList","@id":"https:\/\/apostille.expert\/ro\/241-2\/#breadcrumb","itemListElement":[{"@type":"ListItem","position":1,"name":"Home","item":"https:\/\/apostille.expert\/ro\/"},{"@type":"ListItem","position":2,"name":"Apostila Brazilia &#x1f1e7;&#x1f1f7;"}]},{"@type":"WebSite","@id":"https:\/\/apostille.expert\/ro\/#website","url":"https:\/\/apostille.expert\/ro\/","name":"Acte (Documente), Legalizare \u0219i Apostila in EU, SUA, America de Sud","description":"Acte (Documente), Legalizare \u0219i Apostila in tarile EU, SUA, America de Sud, Moldova, Rusia, Ucraina, Azerbaijan, Armenia, Polonia, Fran\u021ba, Georgia, Kazahstan, Kirghizia si alte tarile ale lumii","potentialAction":[{"@type":"SearchAction","target":{"@type":"EntryPoint","urlTemplate":"https:\/\/apostille.expert\/ro\/?s={search_term_string}"},"query-input":{"@type":"PropertyValueSpecification","valueRequired":true,"valueName":"search_term_string"}}],"inLanguage":"ro-RO"}]}},"_links":{"self":[{"href":"https:\/\/apostille.expert\/ro\/wp-json\/wp\/v2\/pages\/241","targetHints":{"allow":["GET"]}}],"collection":[{"href":"https:\/\/apostille.expert\/ro\/wp-json\/wp\/v2\/pages"}],"about":[{"href":"https:\/\/apostille.expert\/ro\/wp-json\/wp\/v2\/types\/page"}],"author":[{"embeddable":true,"href":"https:\/\/apostille.expert\/ro\/wp-json\/wp\/v2\/users\/1"}],"replies":[{"embeddable":true,"href":"https:\/\/apostille.expert\/ro\/wp-json\/wp\/v2\/comments?post=241"}],"version-history":[{"count":3,"href":"https:\/\/apostille.expert\/ro\/wp-json\/wp\/v2\/pages\/241\/revisions"}],"predecessor-version":[{"id":245,"href":"https:\/\/apostille.expert\/ro\/wp-json\/wp\/v2\/pages\/241\/revisions\/245"}],"wp:attachment":[{"href":"https:\/\/apostille.expert\/ro\/wp-json\/wp\/v2\/media?parent=241"}],"curies":[{"name":"wp","href":"https:\/\/api.w.org\/{rel}","templated":true}]}}