{"id":233,"date":"2024-10-23T11:42:16","date_gmt":"2024-10-23T11:42:16","guid":{"rendered":"https:\/\/apostille.expert\/ro\/?page_id=233"},"modified":"2024-10-23T11:50:57","modified_gmt":"2024-10-23T11:50:57","slug":"apostila-belgia-%f0%9f%87%a7%f0%9f%87%aa","status":"publish","type":"page","link":"https:\/\/apostille.expert\/ro\/apostila-belgia-%f0%9f%87%a7%f0%9f%87%aa\/","title":{"rendered":"Apostila Belgia &#x1f1e7;&#x1f1ea;"},"content":{"rendered":"\n<h2 class=\"wp-block-heading\">Apostil\u0103 Belgia, Bruxelles<\/h2>\n\n\n\n<h4 class=\"wp-block-heading\">Ce este apostila belgian\u0103?<\/h4>\n\n\n\n<p>Apostila <b>belgian\u0103<\/b> este o <b>\u0219tampil\u0103 de form\u0103 p\u0103trat\u0103, al c\u0103rei con\u021binut, scop \u0219i cerin\u021be sunt determinate de Conven\u021bia de la Haga din 1961 privind apostila.<\/b> Aceasta \u00eenseamn\u0103 c\u0103 apostila \u00een Belgia difer\u0103 doar u\u0219or de apostila interna\u021bional\u0103 aprobat\u0103. Apostila belgian\u0103 con\u021bine informa\u021bii \u00een limbile german\u0103, francez\u0103 \u0219i olandez\u0103 (flamand\u0103). Nu exist\u0103 informa\u021bii pe apostil\u0103 \u00een limba englez\u0103.<\/p>\n\n\n\n<p>Belgia a fost una dintre primele \u021b\u0103ri care a aderat la Conven\u021bia de la Haga privind apostila. <b>Apostila<\/b> a fost valabil\u0103 \u00een Belgia <b>din 11 decembrie 1975<\/b>. Documentele emise \u00eenainte de aceast\u0103 dat\u0103 nu pot fi apostilate. De asemenea, documentele emise \u00eenainte de 2019 se \u00eencadreaz\u0103 \u00een categoria formatului vechi. Aceste documente trebuie reemise \u00een format nou.<\/p>\n\n\n\n<p>Belgia a introdus documente electronice de stare civil\u0103 (certificate de na\u0219tere, c\u0103s\u0103torie, deces \u0219i altele) \u00eencep\u00e2nd cu 31 martie 2019. De la aceast\u0103 dat\u0103, documentele sunt stocate electronic \u00eentr-o baz\u0103 de date na\u021bional\u0103 numit\u0103 &#8222;Databank Akten van de Burgerlijke Stand&#8221; (DABS). Acest lucru a permis accelerarea proces\u0103rii documentelor \u0219i a \u00eembun\u0103t\u0103\u021bit accesibilitatea datelor pentru cet\u0103\u021beni \u0219i autorit\u0103\u021bi.<\/p>\n\n\n\n<h4 class=\"wp-block-heading\">Cum arat\u0103 apostila belgian\u0103?<\/h4>\n\n\n\n<p><b><i>Fotografie sau imagine a apostilei belgiene:<\/i><\/b><\/p>\n\n\n\n<figure class=\"wp-block-image alignnone wp-image-3698 size-full\"><img decoding=\"async\" src=\"https:\/\/apostille.expert\/wp-content\/uploads\/2024\/10\/Apostille-Belgium-Online-1.webp\" alt=\"Apostil\u0103 Belgia, fotografie sau imagine a apostilei\" class=\"wp-image-3698\"\/><figcaption class=\"wp-element-caption\">Apostil\u0103 electronic\u0103 \u00een Belgia online. E-Apostille.<\/figcaption><\/figure>\n\n\n\n<h4 class=\"wp-block-heading\">&nbsp;<\/h4>\n\n\n\n<h4 class=\"wp-block-heading\">Textul apostilei belgiene<\/h4>\n\n\n\n<h6 class=\"wp-block-heading\"><strong>Text \u00een olandez\u0103 \/ francez\u0103 \/ german\u0103 al apostilei belgiene<\/strong><\/h6>\n\n\n\n<p>Textul afi\u0219at \u00een imaginea apostilei belgiene:<\/p>\n\n\n\n<p><strong>APOSTILLE<\/strong><br>(Conven\u021bia de la Haga din 5 octombrie 1961)<\/p>\n\n\n\n<p><strong>1. \u021aara\/Pays\/Land<\/strong><br>BELGI\u00cb &#8211; BELGIQUE &#8211; BELGIEN<\/p>\n\n\n\n<p><strong>2. Acest act public a fost semnat de \/ Le pr\u00e9sent acte a \u00e9t\u00e9 sign\u00e9 par \/ Diese \u00f6ffentliche Urkunde ist unterschrieben von<\/strong><br>IBZ \/ DABS \/ BAEC \/ DPSU<\/p>\n\n\n\n<p><strong>3. Ac\u021bion\u00e2nd \u00een calitate de \/ Agissant en qualit\u00e9 de \/ In seiner\/ihrer Eigenschaft als<\/strong><br>Serviciul Public Federal \/ Service Public F\u00e9d\u00e9ral \/ F\u00f6deraler \u00d6ffentlicher Dienst<\/p>\n\n\n\n<p><strong>4. Prev\u0103zut cu sigiliul \/ Est rev\u00eatu du sceau de \/ Sie ist versehen mit dem Siegel des\/der<\/strong><br>FPS Afaceri Interne \/ SPF Int\u00e9rieur \/ F\u00d6D Inneres<\/p>\n\n\n\n<p><strong>Certificat ca autentic \/ Attest\u00e9 \/ Best\u00e4tigt<\/strong><\/p>\n\n\n\n<p><strong>5. La Bruxelles \/ \u00c0 Bruxelles \/ In Br\u00fcssel<\/strong><br><strong>6. La data de \/ Le \/ Am: __\/__\/2024<\/strong><\/p>\n\n\n\n<p><strong>7. De FPS Afaceri Externe, Comer\u021b Exterior \u0219i Cooperare pentru Dezvoltare \/ Par le SPF Affaires \u00e9trang\u00e8res, Commerce ext\u00e9rieur et Coop\u00e9ration au D\u00e9veloppement \/ Durch F\u00d6D Ausw\u00e4rtige Angelegenheiten, Au\u00dfenhandel und Entwicklungszusammenarbeit<\/strong><\/p>\n\n\n\n<p><strong>8. Sub nr. \/ Sous le n\u00b0 \/ Unter Nr.: _____________<\/strong><\/p>\n\n\n\n<p><strong>9. \u0218tampil\u0103 \/ Sceau \/ Stempel<\/strong><\/p>\n\n\n\n<p><strong>10. Semn\u0103tur\u0103 \/ Signature \/ Unterschrift: <\/strong><br>_____________________________________________________<\/p>\n\n\n\n<p><em><strong>Text suplimentar:<\/strong><\/em><\/p>\n\n\n\n<p>&#8222;Aceast\u0103 apostil\u0103 nu garanteaz\u0103 autenticitatea con\u021binutului documentului.&#8221;<br>&#8222;Cette Apostille ne garantit pas l&#8217;authenticit\u00e9 du contenu du document.&#8221;<br>&#8222;Diese Apostille dient nicht dem Beweis des Authentizit\u00e4t des Inhalts des Dokuments.&#8221;<\/p>\n\n\n\n<h6 class=\"wp-block-heading\"><strong>Traducerea apostilei belgiene \u00een limba rom\u00e2n\u0103<\/strong><\/h6>\n\n\n\n<p><strong>APOSTILLE<\/strong><br><em>(Conven\u021bia de la Haga din 5 octombrie 1961)<\/em><\/p>\n\n\n\n<ol class=\"wp-block-list\">\n<li><strong>\u021aar\u0103<\/strong> BELGIA<\/li>\n\n\n\n<li><strong>Acest document oficial este semnat de<\/strong> ____________<\/li>\n\n\n\n<li><strong>Ac\u021bion\u00e2nd \u00een calitate de<\/strong> Serviciul Public Federal<\/li>\n\n\n\n<li><strong>Prev\u0103zut cu sigiliul<\/strong> Serviciul Federal de Afaceri Interne<\/li>\n<\/ol>\n\n\n\n<p><strong>Certificat ca autentic<\/strong><\/p>\n\n\n\n<ol start=\"5\" class=\"wp-block-list\">\n<li><strong>La Bruxelles<\/strong><\/li>\n\n\n\n<li><strong>Data<\/strong>: __________<\/li>\n\n\n\n<li><strong>Emis de Serviciul Public Federal de Afaceri Externe, Comer\u021b Exterior \u0219i Cooperare pentru Dezvoltare<\/strong><\/li>\n\n\n\n<li><strong>Sub num\u0103rul<\/strong>: __________________<\/li>\n\n\n\n<li><strong>Sigiliu<\/strong>: <em>(Stema regal\u0103 a Belgiei)<\/em><\/li>\n\n\n\n<li><strong>Semn\u0103tur\u0103<\/strong>: Semn\u0103tura digital\u0103 a Ministerului Afacerilor Externe al Belgiei<\/li>\n<\/ol>\n\n\n\n<p>&#8222;Aceast\u0103 apostil\u0103 nu garanteaz\u0103 autenticitatea con\u021binutului documentului.&#8221; &#8222;Cette Apostille ne garantit pas l&#8217;authenticit\u00e9 du contenu du document.&#8221; &#8222;Aceast\u0103 apostil\u0103 nu constituie dovada autenticit\u0103\u021bii con\u021binutului documentului.&#8221;<\/p>\n\n\n\n<h4 class=\"wp-block-heading\">Apostila pentru documentele firmei, SRL, SA (apostil\u0103 pentru documente constitutive)<\/h4>\n\n\n\n<p>Apostila poate fi aplicat\u0103 pe un extras al companiei SRL din registrul comercial belgian, respectiv din Banca de Date Crossroads a Belgiei, precum \u0219i pe alte documente ale companiei: statutul \u0219i documentele constitutive.<\/p>\n\n\n\n<h4 class=\"wp-block-heading\">De ce este necesar\u0103 apostila dac\u0103 documentele belgiene au deja semn\u0103tura electronic\u0103 a unui oficial?<\/h4>\n\n\n\n<p>Faptul este c\u0103 \u00een ministere \u0219i departamente, autorit\u0103\u021bi guvernamentale, arhive \u0219i oficii de stare civil\u0103 din Belgia, lucreaz\u0103 mul\u021bi func\u021bionari.<\/p>\n\n\n\n<p>Func\u021bionarii se schimb\u0103 periodic. Acest lucru \u00eenseamn\u0103 c\u0103 exist\u0103 multe semn\u0103turi, care se schimb\u0103, de asemenea. Pentru a verifica originalitatea \u0219i autenticitatea documentului \u0219i pentru a evita falsurile, este necesar s\u0103 se verifice dac\u0103 semn\u0103tura func\u021bionarului corespunde mostrelor semn\u0103turii sale \u0219i dac\u0103 el a semnat documentul.<\/p>\n\n\n\n<p>Av\u00e2nd \u00een vedere volumul de documente \u0219i num\u0103rul de func\u021bionari, acest lucru este dificil de realizat. Este deosebit de dificil pentru func\u021bionarii din str\u0103in\u0103tate care examineaz\u0103 documentele dumneavoastr\u0103.<\/p>\n\n\n\n<p>De aceea a fost introdus un sistem de confirmare a tuturor semn\u0103turilor \u0219i sigiliilor de c\u0103tre mai multe p\u0103r\u021bi, pentru a facilita activitatea func\u021bionarilor str\u0103ini. Acest lucru reduce, de asemenea, timpul de examinare a documentelor \u00een str\u0103in\u0103tate, precum \u0219i timpul de a\u0219teptare pentru solicitan\u021bi. \u00centr-un astfel de sistem, func\u021bionarilor locali responsabili cu apostila le este mai u\u0219or s\u0103 verifice semn\u0103turile, sigiliile \u0219i documentele (formularele \u0219i con\u021binutul acestora).<\/p>\n\n\n\n<p>Angaja\u021bii cu acces la baza intern\u0103 de date a semn\u0103turilor, sigiliilor \u0219i mostrelor de documente sunt, de asemenea, inclu\u0219i \u00eentr-un registru special cu semn\u0103turile lor. Totu\u0219i, acest registru este limitat la c\u00e2teva zeci de semn\u0103turi, care sunt partajate cu alte \u021b\u0103ri partenere sau verificate cu u\u0219urin\u021b\u0103 prin alte mijloace.<\/p>\n\n\n\n<p><b>Exist\u0103 dou\u0103 proceduri<\/b> pentru o astfel de <b>confirmare<\/b>. <b>Prima procedur\u0103<\/b>\u2014cea mai de \u00eencredere\u2014este <b>legalizarea electronic\u0103 a documentelor<\/b>. C\u00e2nd documentele sunt semnate de un oficial emitent, apoi documentul este certificat de un angajat al ministerului (de obicei Ministerul Afacerilor Externe), iar apoi semn\u0103tura final\u0103 este verificat\u0103 \u0219i certificat\u0103 de consulatul \u021b\u0103rii \u00een care trebuie s\u0103 fie prezentate documentele. <b>Verificarea se face pe baza listei actualizate de semn\u0103turi\u2014prin lan\u021bul a trei autorit\u0103\u021bi (departamente, agen\u021bii de stat).<\/b><\/p>\n\n\n\n<p><b>A doua procedur\u0103<\/b> se bazeaz\u0103 pe o mai mare \u00eencredere \u0219i ocole\u0219te un departament, de obicei Ministerul Afacerilor Externe. \u00cen acest caz, este vorba despre apostil\u0103. <strong>Apostila electronic\u0103<\/strong> <b>\u00eenlocuie\u0219te o \u0219tampil\u0103 special\u0103 imprimat\u0103 de un format specific \u0219i simplific\u0103 considerabil procesul de recunoa\u0219tere a documentelor unui stat pe teritoriul altuia.<\/b><\/p>\n\n\n\n<h4 class=\"wp-block-heading\">De ce s\u0103 aplic\u0103m apostila dac\u0103 documentele belgiene pot fi verificate online?<\/h4>\n\n\n\n<p>Sistemele de verificare online a documentelor reprezint\u0103 o solu\u021bie nou\u0103 pentru verificarea autenticit\u0103\u021bii documentelor. Cu toate acestea, din cauza normelor \u0219i acordurilor interna\u021bionale, apostila este \u00eenc\u0103 necesar\u0103 pentru o securitate suplimentar\u0103 \u00een verificarea documentelor \u0219i semn\u0103turilor oficialilor de pe acestea.<\/p>\n\n\n\n<h4 class=\"wp-block-heading\">Se poate ob\u021bine apostila la consulatul Belgiei?<\/h4>\n\n\n\n<p>Conform Conven\u021biei de la Haga privind apostila, <b>apostila pe documentele belgiene nu poate fi ob\u021binut\u0103 la consulatul Belgiei<\/b>. Acest lucru se aplic\u0103 indiferent de \u021bara \u00een care se afl\u0103 consulatul, fie c\u0103 este vorba de Moldova, Italia, Grecia sau altundeva.<\/p>\n\n\n\n<h4 class=\"wp-block-heading\">Exist\u0103 apostila electronic\u0103 \u00een Belgia &#8211; E-apostille?<\/h4>\n\n\n\n<p>\u00cen Belgia, apostila electronic\u0103 (e-Apostille) a fost introdus\u0103 \u00een 2021. Acest lucru a fost posibil datorit\u0103 digitaliz\u0103rii proceselor \u00een cadrul Ministerului Afacerilor Externe din Belgia, ceea ce a simplificat \u0219i accelerat procesul de ob\u021binere a apostilei. Apostila electronic\u0103 permite certificarea oficial\u0103 a documentelor \u00een format digital \u0219i ofer\u0103 posibilitatea verific\u0103rii acestora online.<\/p>\n\n\n\n<p>Acest sistem respect\u0103 Conven\u021bia de la Haga din 1961, care reglementeaz\u0103 procesul de apostilare a documentelor pentru utilizare \u00een rela\u021biile juridice interna\u021bionale \u0219i face parte din tendin\u021ba general\u0103 de digitalizare a serviciilor administrative din \u021bar\u0103.<\/p>\n\n\n\n<p>Apostila electronic\u0103 permite certificarea certificatelor de na\u0219tere \u0219i c\u0103s\u0103torie, documentelor medicale, hot\u0103r\u00e2rilor judec\u0103tore\u0219ti \u0219i altor documente pentru utilizare \u00een str\u0103in\u0103tate.&nbsp;<\/p>\n\n\n\n<p><span style=\"color: revert; font-family: inherit; font-size: 24px; font-style: inherit; font-weight: inherit; background-color: var(--base-3);\">Cum poate fi verificat\u0103 apostila electronic\u0103?<\/span><\/p>\n\n\n\n<p><b>Apostila este verificat\u0103 prin num\u0103rul comenzii de apostil\u0103 \u0219i data eliber\u0103rii<\/b>\u2014prin codul QR al apostilei situat \u00een col\u021bul din dreapta jos al apostilei. <b>Cu ajutorul registrului electronic de apostile, orice persoan\u0103 interesat\u0103 poate verifica vizual documentul apostilat, inclusiv documentul apostilat \u00een sine.<\/b><\/p>\n","protected":false},"excerpt":{"rendered":"<p>Apostil\u0103 Belgia, Bruxelles Ce este apostila belgian\u0103? Apostila belgian\u0103 este o \u0219tampil\u0103 de form\u0103 p\u0103trat\u0103, al c\u0103rei con\u021binut, scop \u0219i cerin\u021be sunt determinate de Conven\u021bia de la Haga din 1961 privind apostila. Aceasta \u00eenseamn\u0103 c\u0103 apostila \u00een Belgia difer\u0103 doar u\u0219or de apostila interna\u021bional\u0103 aprobat\u0103. Apostila belgian\u0103 con\u021bine informa\u021bii \u00een limbile german\u0103, francez\u0103 \u0219i olandez\u0103 &#8230; <a title=\"Apostila Belgia &#x1f1e7;&#x1f1ea;\" class=\"read-more\" href=\"https:\/\/apostille.expert\/ro\/apostila-belgia-%f0%9f%87%a7%f0%9f%87%aa\/\" aria-label=\"Cite\u0219te mai multe despre Apostila Belgia &#x1f1e7;&#x1f1ea;\">Cite\u0219te mai mult<\/a><\/p>\n","protected":false},"author":1,"featured_media":0,"parent":0,"menu_order":0,"comment_status":"closed","ping_status":"closed","template":"","meta":{"_eb_attr":"","footnotes":""},"class_list":["post-233","page","type-page","status-publish"],"yoast_head":"<!-- This site is optimized with the Yoast SEO plugin v27.5 - https:\/\/yoast.com\/product\/yoast-seo-wordpress\/ -->\n<title>Apostila Belgia &#x1f1e7;&#x1f1ea; - Acte (Documente), Legalizare \u0219i Apostila in EU, SUA, America de Sud<\/title>\n<meta name=\"robots\" content=\"index, follow, max-snippet:-1, max-image-preview:large, max-video-preview:-1\" \/>\n<link rel=\"canonical\" href=\"https:\/\/apostille.expert\/ro\/apostila-belgia-\ud83c\udde7\ud83c\uddea\/\" \/>\n<meta property=\"og:locale\" content=\"ro_RO\" \/>\n<meta property=\"og:type\" content=\"article\" \/>\n<meta property=\"og:title\" content=\"Apostila Belgia &#x1f1e7;&#x1f1ea; - Acte (Documente), Legalizare \u0219i Apostila in EU, SUA, America de Sud\" \/>\n<meta property=\"og:description\" content=\"Apostil\u0103 Belgia, Bruxelles Ce este apostila belgian\u0103? Apostila belgian\u0103 este o \u0219tampil\u0103 de form\u0103 p\u0103trat\u0103, al c\u0103rei con\u021binut, scop \u0219i cerin\u021be sunt determinate de Conven\u021bia de la Haga din 1961 privind apostila. Aceasta \u00eenseamn\u0103 c\u0103 apostila \u00een Belgia difer\u0103 doar u\u0219or de apostila interna\u021bional\u0103 aprobat\u0103. Apostila belgian\u0103 con\u021bine informa\u021bii \u00een limbile german\u0103, francez\u0103 \u0219i olandez\u0103 ... Cite\u0219te mai mult\" \/>\n<meta property=\"og:url\" content=\"https:\/\/apostille.expert\/ro\/apostila-belgia-\ud83c\udde7\ud83c\uddea\/\" \/>\n<meta property=\"og:site_name\" content=\"Acte (Documente), Legalizare \u0219i Apostila in EU, SUA, America de Sud\" \/>\n<meta property=\"article:modified_time\" content=\"2024-10-23T11:50:57+00:00\" \/>\n<meta name=\"twitter:card\" content=\"summary_large_image\" \/>\n<meta name=\"twitter:label1\" content=\"Timp estimat pentru citire\" \/>\n\t<meta name=\"twitter:data1\" content=\"7 minute\" \/>\n<script type=\"application\/ld+json\" class=\"yoast-schema-graph\">{\"@context\":\"https:\\\/\\\/schema.org\",\"@graph\":[{\"@type\":\"WebPage\",\"@id\":\"https:\\\/\\\/apostille.expert\\\/ro\\\/apostila-belgia-%f0%9f%87%a7%f0%9f%87%aa\\\/\",\"url\":\"https:\\\/\\\/apostille.expert\\\/ro\\\/apostila-belgia-%f0%9f%87%a7%f0%9f%87%aa\\\/\",\"name\":\"Apostila Belgia &#x1f1e7;&#x1f1ea; - Acte (Documente), Legalizare \u0219i Apostila in EU, SUA, America de Sud\",\"isPartOf\":{\"@id\":\"https:\\\/\\\/apostille.expert\\\/ro\\\/#website\"},\"primaryImageOfPage\":{\"@id\":\"https:\\\/\\\/apostille.expert\\\/ro\\\/apostila-belgia-%f0%9f%87%a7%f0%9f%87%aa\\\/#primaryimage\"},\"image\":{\"@id\":\"https:\\\/\\\/apostille.expert\\\/ro\\\/apostila-belgia-%f0%9f%87%a7%f0%9f%87%aa\\\/#primaryimage\"},\"thumbnailUrl\":\"https:\\\/\\\/apostille.expert\\\/wp-content\\\/uploads\\\/2024\\\/10\\\/Apostille-Belgium-Online-1.webp\",\"datePublished\":\"2024-10-23T11:42:16+00:00\",\"dateModified\":\"2024-10-23T11:50:57+00:00\",\"breadcrumb\":{\"@id\":\"https:\\\/\\\/apostille.expert\\\/ro\\\/apostila-belgia-%f0%9f%87%a7%f0%9f%87%aa\\\/#breadcrumb\"},\"inLanguage\":\"ro-RO\",\"potentialAction\":[{\"@type\":\"ReadAction\",\"target\":[\"https:\\\/\\\/apostille.expert\\\/ro\\\/apostila-belgia-%f0%9f%87%a7%f0%9f%87%aa\\\/\"]}]},{\"@type\":\"ImageObject\",\"inLanguage\":\"ro-RO\",\"@id\":\"https:\\\/\\\/apostille.expert\\\/ro\\\/apostila-belgia-%f0%9f%87%a7%f0%9f%87%aa\\\/#primaryimage\",\"url\":\"https:\\\/\\\/apostille.expert\\\/wp-content\\\/uploads\\\/2024\\\/10\\\/Apostille-Belgium-Online-1.webp\",\"contentUrl\":\"https:\\\/\\\/apostille.expert\\\/wp-content\\\/uploads\\\/2024\\\/10\\\/Apostille-Belgium-Online-1.webp\"},{\"@type\":\"BreadcrumbList\",\"@id\":\"https:\\\/\\\/apostille.expert\\\/ro\\\/apostila-belgia-%f0%9f%87%a7%f0%9f%87%aa\\\/#breadcrumb\",\"itemListElement\":[{\"@type\":\"ListItem\",\"position\":1,\"name\":\"Home\",\"item\":\"https:\\\/\\\/apostille.expert\\\/ro\\\/\"},{\"@type\":\"ListItem\",\"position\":2,\"name\":\"Apostila Belgia &#x1f1e7;&#x1f1ea;\"}]},{\"@type\":\"WebSite\",\"@id\":\"https:\\\/\\\/apostille.expert\\\/ro\\\/#website\",\"url\":\"https:\\\/\\\/apostille.expert\\\/ro\\\/\",\"name\":\"Acte (Documente), Legalizare \u0219i Apostila in EU, SUA, America de Sud\",\"description\":\"Acte (Documente), Legalizare \u0219i Apostila in tarile EU, SUA, America de Sud, Moldova, Rusia, Ucraina, Azerbaijan, Armenia, Polonia, Fran\u021ba, Georgia, Kazahstan, Kirghizia si alte tarile ale lumii\",\"potentialAction\":[{\"@type\":\"SearchAction\",\"target\":{\"@type\":\"EntryPoint\",\"urlTemplate\":\"https:\\\/\\\/apostille.expert\\\/ro\\\/?s={search_term_string}\"},\"query-input\":{\"@type\":\"PropertyValueSpecification\",\"valueRequired\":true,\"valueName\":\"search_term_string\"}}],\"inLanguage\":\"ro-RO\"}]}<\/script>\n<!-- \/ Yoast SEO plugin. -->","yoast_head_json":{"title":"Apostila Belgia &#x1f1e7;&#x1f1ea; - Acte (Documente), Legalizare \u0219i Apostila in EU, SUA, America de Sud","robots":{"index":"index","follow":"follow","max-snippet":"max-snippet:-1","max-image-preview":"max-image-preview:large","max-video-preview":"max-video-preview:-1"},"canonical":"https:\/\/apostille.expert\/ro\/apostila-belgia-\ud83c\udde7\ud83c\uddea\/","og_locale":"ro_RO","og_type":"article","og_title":"Apostila Belgia &#x1f1e7;&#x1f1ea; - Acte (Documente), Legalizare \u0219i Apostila in EU, SUA, America de Sud","og_description":"Apostil\u0103 Belgia, Bruxelles Ce este apostila belgian\u0103? Apostila belgian\u0103 este o \u0219tampil\u0103 de form\u0103 p\u0103trat\u0103, al c\u0103rei con\u021binut, scop \u0219i cerin\u021be sunt determinate de Conven\u021bia de la Haga din 1961 privind apostila. Aceasta \u00eenseamn\u0103 c\u0103 apostila \u00een Belgia difer\u0103 doar u\u0219or de apostila interna\u021bional\u0103 aprobat\u0103. Apostila belgian\u0103 con\u021bine informa\u021bii \u00een limbile german\u0103, francez\u0103 \u0219i olandez\u0103 ... Cite\u0219te mai mult","og_url":"https:\/\/apostille.expert\/ro\/apostila-belgia-\ud83c\udde7\ud83c\uddea\/","og_site_name":"Acte (Documente), Legalizare \u0219i Apostila in EU, SUA, America de Sud","article_modified_time":"2024-10-23T11:50:57+00:00","twitter_card":"summary_large_image","twitter_misc":{"Timp estimat pentru citire":"7 minute"},"schema":{"@context":"https:\/\/schema.org","@graph":[{"@type":"WebPage","@id":"https:\/\/apostille.expert\/ro\/apostila-belgia-%f0%9f%87%a7%f0%9f%87%aa\/","url":"https:\/\/apostille.expert\/ro\/apostila-belgia-%f0%9f%87%a7%f0%9f%87%aa\/","name":"Apostila Belgia &#x1f1e7;&#x1f1ea; - Acte (Documente), Legalizare \u0219i Apostila in EU, SUA, America de Sud","isPartOf":{"@id":"https:\/\/apostille.expert\/ro\/#website"},"primaryImageOfPage":{"@id":"https:\/\/apostille.expert\/ro\/apostila-belgia-%f0%9f%87%a7%f0%9f%87%aa\/#primaryimage"},"image":{"@id":"https:\/\/apostille.expert\/ro\/apostila-belgia-%f0%9f%87%a7%f0%9f%87%aa\/#primaryimage"},"thumbnailUrl":"https:\/\/apostille.expert\/wp-content\/uploads\/2024\/10\/Apostille-Belgium-Online-1.webp","datePublished":"2024-10-23T11:42:16+00:00","dateModified":"2024-10-23T11:50:57+00:00","breadcrumb":{"@id":"https:\/\/apostille.expert\/ro\/apostila-belgia-%f0%9f%87%a7%f0%9f%87%aa\/#breadcrumb"},"inLanguage":"ro-RO","potentialAction":[{"@type":"ReadAction","target":["https:\/\/apostille.expert\/ro\/apostila-belgia-%f0%9f%87%a7%f0%9f%87%aa\/"]}]},{"@type":"ImageObject","inLanguage":"ro-RO","@id":"https:\/\/apostille.expert\/ro\/apostila-belgia-%f0%9f%87%a7%f0%9f%87%aa\/#primaryimage","url":"https:\/\/apostille.expert\/wp-content\/uploads\/2024\/10\/Apostille-Belgium-Online-1.webp","contentUrl":"https:\/\/apostille.expert\/wp-content\/uploads\/2024\/10\/Apostille-Belgium-Online-1.webp"},{"@type":"BreadcrumbList","@id":"https:\/\/apostille.expert\/ro\/apostila-belgia-%f0%9f%87%a7%f0%9f%87%aa\/#breadcrumb","itemListElement":[{"@type":"ListItem","position":1,"name":"Home","item":"https:\/\/apostille.expert\/ro\/"},{"@type":"ListItem","position":2,"name":"Apostila Belgia &#x1f1e7;&#x1f1ea;"}]},{"@type":"WebSite","@id":"https:\/\/apostille.expert\/ro\/#website","url":"https:\/\/apostille.expert\/ro\/","name":"Acte (Documente), Legalizare \u0219i Apostila in EU, SUA, America de Sud","description":"Acte (Documente), Legalizare \u0219i Apostila in tarile EU, SUA, America de Sud, Moldova, Rusia, Ucraina, Azerbaijan, Armenia, Polonia, Fran\u021ba, Georgia, Kazahstan, Kirghizia si alte tarile ale lumii","potentialAction":[{"@type":"SearchAction","target":{"@type":"EntryPoint","urlTemplate":"https:\/\/apostille.expert\/ro\/?s={search_term_string}"},"query-input":{"@type":"PropertyValueSpecification","valueRequired":true,"valueName":"search_term_string"}}],"inLanguage":"ro-RO"}]}},"_links":{"self":[{"href":"https:\/\/apostille.expert\/ro\/wp-json\/wp\/v2\/pages\/233","targetHints":{"allow":["GET"]}}],"collection":[{"href":"https:\/\/apostille.expert\/ro\/wp-json\/wp\/v2\/pages"}],"about":[{"href":"https:\/\/apostille.expert\/ro\/wp-json\/wp\/v2\/types\/page"}],"author":[{"embeddable":true,"href":"https:\/\/apostille.expert\/ro\/wp-json\/wp\/v2\/users\/1"}],"replies":[{"embeddable":true,"href":"https:\/\/apostille.expert\/ro\/wp-json\/wp\/v2\/comments?post=233"}],"version-history":[{"count":2,"href":"https:\/\/apostille.expert\/ro\/wp-json\/wp\/v2\/pages\/233\/revisions"}],"predecessor-version":[{"id":235,"href":"https:\/\/apostille.expert\/ro\/wp-json\/wp\/v2\/pages\/233\/revisions\/235"}],"wp:attachment":[{"href":"https:\/\/apostille.expert\/ro\/wp-json\/wp\/v2\/media?parent=233"}],"curies":[{"name":"wp","href":"https:\/\/api.w.org\/{rel}","templated":true}]}}