{"id":23,"date":"2023-07-02T10:27:21","date_gmt":"2023-07-02T10:27:21","guid":{"rendered":"https:\/\/apostille.expert\/ro\/?page_id=23"},"modified":"2023-07-14T12:03:47","modified_gmt":"2023-07-14T12:03:47","slug":"apostila-armenia-%f0%9f%87%a6%f0%9f%87%b2","status":"publish","type":"page","link":"https:\/\/apostille.expert\/ro\/apostila-armenia-%f0%9f%87%a6%f0%9f%87%b2\/","title":{"rendered":"Apostila Armenia &#x1f1e6;&#x1f1f2;"},"content":{"rendered":"<h2>Apostil\u0103 Armenia<\/h2>\n<h4>Ce este apostila armean\u0103?<\/h4>\n<p>Apostila armean\u0103 este un \u0219tampil\u0103, form\u0103 \u0219i con\u021binut definite de Conven\u021bia privind apostila din 1961. \u00cen Armenia, apostila este electronic\u0103 \u0219i se tip\u0103re\u0219te pe h\u00e2rtie de format A4. \u00cens\u0103\u0219i apostila are o form\u0103 de 17 pe 18 centimetri. Sub apostil\u0103 se afl\u0103 instruc\u021biuni pentru verificarea sa online, cod QR \u0219i un num\u0103r de urm\u0103rire format din 16 caractere. \u00cen partea de jos a formularului este indicat num\u0103rul total de pagini ale documentului oficial certificat prin apostil\u0103 (se afi\u0219eaz\u0103 maxim 6 pagini ale documentului \u00een timpul vizualiz\u0103rii).<br \/>\n\u00cen Armenia, apostila fizic\u0103 cu \u0219tampila umed\u0103 \u0219i semn\u0103tura nu mai exist\u0103.<\/p>\n<p>Apostila veche, conform ordinului emis de Ministerul Justi\u021biei al Republicii Armenia privind aprobarea procedurii de aplicare a apostilei de c\u0103tre Ministerul Justi\u021biei, era un document numerotat strict, cu dimensiunea de 14 pe 14 centimetri, care era ata\u0219at originalului documentului.<\/p>\n<p>Armenia s-a al\u0103turat Conven\u021biei de la Haga privind apostila \u00een data de 19 noiembrie 1993, fiind una dintre primele \u021b\u0103ri din CSI care s-a al\u0103turat. Apostila \u00een Armenia a intrat \u00een vigoare la data de 14 august 1994.<\/p>\n<p>Aceasta \u00eenseamn\u0103 c\u0103 documentele ob\u021binute \u00eenainte de august 1994 nu pot fi apostilizate \u0219i trebuie ref\u0103cute \u00een conformitate cu noile standarde.<\/p>\n<p>Apostila din Armenia poate fi ob\u021binut\u0103 \u00een dou\u0103 limbi: armean\u0103 \u0219i englez\u0103, indiferent dac\u0103 documentul este tradus sau nu.<\/p>\n<h4>Cum arat\u0103 apostila armean\u0103?<\/h4>\n<p><img decoding=\"async\" width=\"532\" height=\"505\" src=\"https:\/\/apostille.expert\/wp-content\/uploads\/2022\/10\/Old-Apostille-Stamp-Armenia.jpg\" alt=\"Apostila din Armenia. Modelul vechi\" loading=\"lazy\"><br \/>\nModelul vechi al apostilei \u00een Armenia. Aceast\u0103 apostil\u0103 cu \u0219tampila umed\u0103 era utilizat\u0103 p\u00e2n\u0103 \u00een 2021.<\/p>\n<p>Cu toate c\u0103 o astfel de apostil\u0103 putea fi verificat\u0103 online, aceasta a fost \u00eenlocuit\u0103 de apostila de nou\u0103 genera\u021bie.<\/p>\n<p><b><i>Scanarea (copierea color) apostilei armene\u0219ti reprezint\u0103 de fapt apostila electronic\u0103:<\/i><\/b><\/p>\n<p><img decoding=\"async\" width=\"600\" height=\"962\" src=\"https:\/\/apostille.expert\/wp-content\/uploads\/2022\/11\/Apostille_Armenia_Hague.png\" alt=\"\u0218tampila apostilei \u00een Armenia\" loading=\"lazy\"><\/p>\n<h4>Textul apostilei armene\u0219ti<\/h4>\n<p><a href=\"\">Armean\u0103<\/a><br \/>\n<a href=\"\">Englez\u0103<\/a><br \/>\n<a href=\"\">Traducere \u00een rus\u0103<\/a><br \/>\nArmean\u0103<\/p>\n<p>APOSTILLE (\u0531\u054a\u0548\u054d\u054f\u053b\u053c)<\/p>\n<p>(Convention de La Haye du 5 octobre 1961)&nbsp;<br \/>\n(1961 \u0569\u057e\u0561\u056f\u0561\u0576\u056b \u0570\u0578\u056f\u057f\u0565\u0574\u0562\u0565\u0580\u056b 5-\u056b \u0540\u0561\u0561\u0563\u0561\u0575\u056b \u056f\u0578\u0576\u057e\u0565\u0576\u0581\u056b\u0561)<\/p>\n<p>1. \u0535\u0580\u056f\u056b\u0580 \u0540\u0531\u0545\u0531\u054d\u054f\u0531\u0546\u053b \u0540\u0531\u0546\u0550\u0531\u054a\u0535\u054f\u0548\u0552\u0539\u0545\u0548\u0552\u0546&nbsp;<\/p>\n<p>\u054d\u0578\u0582\u0575\u0576 \u057a\u0561\u0577\u057f\u0578\u0576\u0561\u056f\u0561\u0576 \u0583\u0561\u057d\u057f\u0561\u0569\u0578\u0582\u0572\u0569\u0568&nbsp;<\/p>\n<p>2. \u057d\u057f\u0578\u0580\u0561\u0563\u0580\u057e\u0561\u056e \u0567 (\u056f\u0578\u0572\u0574\u056b\u0581): ___________________________<\/p>\n<p>&nbsp;3. \u0578\u057e \u0570\u0561\u0576\u0564\u0565\u057d \u0567 \u0563\u0561\u056c\u056b\u057d \u0578\u0580\u057a\u0565\u057d&nbsp;\u0540\u0540 \u0531\u0550\u0534\u0531\u0550\u0531\u0534\u0531\u054f\u0548\u0552\u0539\u0545\u0531\u0546 \u0546\u0531\u053d\u0531\u0550\u0531\u0550\u0548\u0552\u0539\u0545\u0531\u0546 \u0554\u053f\u0531\u0533 \u0533\u0548\u0550\u053e\u0531\u053f\u0531\u053c\u0548\u0552\u0539\u0545\u0531\u0546 \u054a\u0535\u054f\u053b \u053a\/\u054a<\/p>\n<p>4. \u0570\u0561\u057d\u057f\u0561\u057f\u057e\u0561\u056e \u0567 \u056f\u0576\u056b\u0584\u0578\u057e \/ \u0564\u0580\u0578\u0577\u0574\u0578\u057e \u0533\u0548\u0550\u053e\u0531\u053f\u0531\u053c\u0548\u0552\u0539\u0545\u0531\u0546<\/p>\n<p>\u054e\u0531\u054e\u0535\u0550\u0531\u0551\u054e\u0531\u053e \u0537<\/p>\n<p>5. \u0535\u0550\u0535\u054e\u0531\u0546&nbsp; \u0554\u0531\u0542\u0531\u0554\u0548\u0552\u0544<\/p>\n<p>6. \u0561\u0574\u056b\u057d\u0568, \u0561\u0574\u057d\u0561\u0569\u056b\u057e\u0568 __________________<\/p>\n<p>7.&nbsp;\u0540\u0531\u0545\u0531\u054d\u054f\u0531\u0546\u053b \u0540\u0531\u0546\u0550\u0531\u054a\u0535\u054f\u0548\u0552\u0539\u0545\u0531\u0546 \u0531\u0550\u0534\u0531\u0550\u0531\u0534\u0531\u054f\u0548\u0552\u0539\u0545\u0531\u0546 \u0546\u0531\u053d\u0531\u0550\u0531\u0550\u0548\u0552\u0539\u0545\u0531\u0546&nbsp;\u0554\u0531\u0542\u0531\u0554\u0531\u0551\u053b\u0531\u053f\u0531\u0546 \u053f\u0531\u0551\u0548\u0552\u0539\u0545\u0531\u0546 \u0531\u053f\u054f\u0535\u0550\u053b \u0533\u0550\u0531\u0546\u0551\u0544\u0531\u0546 \u0533\u0548\u0550\u053e\u0531\u053f\u0531\u053c\u0548\u0552\u0539\u0545\u0531\u0546 \u0544\u053b\u054b\u0531\u0536\u0533\u0531\u0545\u053b\u0546 \u054a\u0531\u0550\u054f\u0531\u054e\u0548\u0550\u0548\u0552\u0539\u0545\u0548\u0552\u0546\u0546\u0535\u0550\u053b<\/p>\n<p>\u0531\u054a\u0531\u0540\u0548\u054e\u0544\u0531\u0546 \u0532\u0531\u053a\u0546\u053b \u0531\u054e\u0531\u0533 \u0544\u0531\u054d\u0546\u0531\u0533\u0535\u054f \u056f\u0578\u0572\u0574\u056b\u0581<\/p>\n<p>8. \u2116 ____________________&nbsp;<\/p>\n<p>9.&nbsp;\u053f\u0576\u056b\u0584\/ \u0564\u0580\u0578\u0577\u0574 \u0540\u0531\u0545\u0531\u054d\u054f\u0531\u0546\u053b \u0540\u0531\u0546\u0550\u0531\u054a\u0535\u054f\u0548\u0552\u0539\u0545\u0531\u0546&nbsp;\u0531\u0550\u0534\u0531\u0550\u0531\u0534\u0531\u054f\u0548\u0552\u0539\u0545\u0531\u0546 \u0546\u0531\u053d\u0531\u0550\u0531\u0550\u0548\u0552\u0539\u0545\u0531\u0546 \u0554\u053f\u0531\u0533 \u0533\u0548\u0550\u053e\u0531\u053f\u0531\u053c\u0548\u0552\u0539\u0545\u0548\u0552\u0546&nbsp;<\/p>\n<p>10. \u054d\u057f\u0578\u0580\u0561\u0563\u0580\u0578\u0582\u0569\u0575\u0578\u0582\u0576 ____________<\/p>\n<p>English<\/p>\n<p>APOSTILLE<\/p>\n<p>(Convention de La Haye du 5 octobre 1961)&nbsp;<\/p>\n<p>1. Country REPUBLIC OF ARMENIA&nbsp;<\/p>\n<p>This public document&nbsp;<\/p>\n<p>2. has been signed by: ___________________________<\/p>\n<p>3.&nbsp;acting in the capacity of ACTING HEAD OF CIVIL STATUS ACTS REGISTRATION AGENCY OF THE MINISTRY OF&nbsp;JUSTICE OF THE REPUBLIC OF ARMENIA<\/p>\n<p>4. bears the seal \/ stamp of AGENCY<\/p>\n<p>CERTIFIED<\/p>\n<p>5. at CITY YEREVAN<\/p>\n<p>6. the __________________<\/p>\n<p><i>(note BUSINESS LAWYERS SRL: the date of sign and apostille)<\/i><\/p>\n<p>7. by: ________________<\/p>\n<p>8. Nr. ____________________&nbsp;<\/p>\n<p>9.&nbsp;Seal \/ stamp AGENCY OF THE MINISTRY OF&nbsp;JUSTICE OF THE REPUBLIC OF ARMENIA&nbsp;<\/p>\n<p>10. Signature _____________<\/p>\n<p><i>APOSTILA<\/i><\/p>\n<p><i>(Conven\u021bia de la Haga din 5 octombrie 1961)<\/i><\/p>\n<p><i>1. \u021aara: Republica Armenia<\/i><\/p>\n<p><i>Acest document oficial<\/i><\/p>\n<p><i>2. Semnat: __________________ (de cine, nume \u0219i prenume) <\/i><\/p>\n<p><i>3. \u00cendeplinind func\u021bia de: _________________ (pozi\u021bie)<\/i><\/p>\n<p><i>4. \u0218tampila:<\/i><\/p>\n<p><i>Atestat\u0103 cu \u0219tampil\u0103<\/i><\/p>\n<p><i>5. Locul: _______________ (ora\u0219)<\/i><\/p>\n<p><i>6. Data: __________________<\/i><\/p>\n<p><i>7. Organiza\u021bia: ______________________<\/i><\/p>\n<p><i>8. Nr. ____________________ <\/i><\/p>\n<p><i> <\/i><\/p>\n<p><i>9. \u0218tampil\u0103<\/i><\/p>\n<h4>De ce este necesar apostilarea, dac\u0103 documentele din Armenia deja au \u0219tampil\u0103 \u0219i semn\u0103tura func\u021bionarului?<\/h4>\n<p>Problema const\u0103 \u00een faptul c\u0103 \u00een ministere, agen\u021bii guvernamentale, arhive \u0219i oficiile de stare civil\u0103 din Armenia lucreaz\u0103 mul\u021bi func\u021bionari.&nbsp;<br \/>\nFunc\u021bionarii se schimb\u0103 periodic. Asta \u00eenseamn\u0103 c\u0103 exist\u0103 multe semn\u0103turi \u0219i acestea se schimb\u0103 \u0219i ele. Pentru a verifica autenticitatea \u0219i veridicitatea documentului, pentru a evita falsificarea, trebuie s\u0103 se verifice dac\u0103 semn\u0103tura func\u021bionarului corespunde mostrelor semn\u0103turii sale \u0219i dac\u0103 el a semnat acest document.<\/p>\n<p>\u00centr-o astfel de cantitate de documente \u0219i un num\u0103r mare de func\u021bionari, acest lucru este foarte dificil de realizat. \u00cen special, este foarte dificil pentru acei func\u021bionari care primesc documentele dvs. \u00een str\u0103in\u0103tate.<\/p>\n<p>Prin urmare, a ap\u0103rut sistemul de confirmare a tuturor semn\u0103turilor \u0219i \u0219tampilelor de c\u0103tre mai multe persoane &#8211; pentru a u\u0219ura munca func\u021bionarilor str\u0103ini. Acest lucru reduce, de asemenea, timpul de examinare a documentelor \u00een str\u0103in\u0103tate \u0219i timpul de a\u0219teptare pentru solicitan\u021bi. \u00centr-un astfel de sistem, func\u021bionarilor locali responsabili de apostilare le este mai u\u0219or s\u0103 verifice semn\u0103turile, \u0219tampilele \u0219i documentele \u00een sine (formatul \u0219i con\u021binutul lor).<\/p>\n<p>\u00cen absen\u021ba unei mostre a semn\u0103turii func\u021bionarului care a semnat documentul, apostilarea poate fi aplicat\u0103 numai dup\u0103 autentificarea notarial\u0103 a semn\u0103turii de pe document sau copia acestuia, dup\u0103 care apostila este aplicat\u0103 pe o copie autentic\u0103 a documentului la cererea persoanei.<\/p>\n<p>Angaja\u021bii care au acces la baza intern\u0103 de semn\u0103turi, \u0219tampile \u0219i mostre de documente sunt, de asemenea, inclu\u0219i \u00eentr-un registru special cu semn\u0103turile lor. Cu toate acestea, acest registru este limitat la zece semn\u0103turi, ale c\u0103ror mostre sunt transmise altor \u021b\u0103ri partenere sau sunt u\u0219or verificate prin alte metode.<\/p>\n<p><b>Exist\u0103 dou\u0103 proceduri <\/b>de confirmare a acestor semn\u0103turi. <b>Prima procedur\u0103 <\/b>&#8211; cea mai fiabil\u0103 &#8211; este <b>legalizarea documentelor<\/b>. C\u00e2nd documentele sunt semnate de func\u021bionarul care le elibereaz\u0103, apoi documentul este autentificat de un angajat al ministerului (de obicei Ministerul Afacerilor Externe), apoi ultima semn\u0103tur\u0103 este verificat\u0103 \u0219i autentificat\u0103 de consulatul \u021b\u0103rii \u00een care documentele trebuie prezentate. <b>Verificarea se face pe baza unei baze de semn\u0103turi actualizate &#8211; printr-o lan\u021b de trei agen\u021bii (institu\u021bii, organe de stat).<\/b><\/p>\n<p><b>A doua procedur\u0103<\/b> se bazeaz\u0103 pe o \u00eencredere mai mare \u0219i exclude o agen\u021bie, \u00een mod obi\u0219nuit Ministerul Afacerilor Externe. \u00cen acest caz, este vorba despre apostil\u0103. <b>Apostila este un \u0219tampila special\u0103 de un model stabilit care faciliteaz\u0103 \u00een mod semnificativ procedura recunoa\u0219terii documentelor unui stat pe teritoriul altui stat.<\/b><\/p>\n<h4>Pentru ce este necesar\u0103 aplicarea apostilei dac\u0103 documentele armeniene pot fi verificate online?<\/h4>\n<p>\u00cen viitor, odat\u0103 cu digitalizarea documentelor \u0219i semn\u0103turilor electronice, procedura de apostilare va deveni inutil\u0103. Cu toate acestea, Armenia a semnat Conven\u021bia de la Haga privind apostila \u0219i trebuie s\u0103 respecte regulile stabilite. \u00cen plus, verificarea dubl\u0103 a documentului garanteaz\u0103 autenticitatea acestuia.&nbsp;<\/p>\n<h4>Poate apostila fi aplicat\u0103 la consulatul Armeniei?<\/h4>\n<p>Conform Conven\u021biei de la Haga privind apostila, \u0219tampila <b>apostilei nu poate fi ob\u021binut\u0103 pe documentele armene\u0219ti la consulatul Armeniei<\/b>. Singura op\u021biune este ca consulatul s\u0103 solicite documentul \u00een institu\u021bia corespunz\u0103toare a \u021b\u0103rii. Dac\u0103 consulatul elibereaz\u0103 documentul independent (\u00eel face singur), atunci acest document nu poate fi apostilat. \u0218i asta nu depinde de \u021bara \u00een care se afl\u0103 consulatul, fie c\u0103 este Rusia, Grecia, Anglia sau alt\u0103 \u021bar\u0103.<\/p>\n<h4>Cum se poate verifica apostila electronic\u0103 \u00een Armenia?<\/h4>\n<p>E-apostila sau apostil\u0103 electronic\u0103 are mai multe modalit\u0103\u021bi de verificare \u00een diferite \u021b\u0103ri.<\/p>\n<p>\u00cen unele \u021b\u0103ri, este un cod simbolic care trebuie introdus \u00een c\u00e2mpurile de verificare.<\/p>\n<p>\u00cen alte \u021b\u0103ri, este un cod QR care, la scanare, afi\u0219eaz\u0103 documentul sau apostila oficial\u0103.<\/p>\n<p>Exist\u0103 \u0219i posibilitatea de verificare a semn\u0103turii electronice ata\u0219at\u0103 apostilei.<\/p>\n<p>\u00cen Armenia, sunt combinate primele dou\u0103 metode. Mai \u00eent\u00e2i, se scaneaz\u0103 codul QR, apoi utilizatorul este redirec\u021bionat c\u0103tre pagina cu codul documentului \u0219i introduce data aplic\u0103rii apostilei.<\/p>\n<p>Pentru a verifica apostila electronic\u0103 \u00een Armenia, se recomand\u0103 utilizarea site-ului guvernamental al Armeniei &#8211; <a href=\"http:\/\/www.e-verify.am\">www.e-verify.am<\/a>.<\/p>\n<p><img decoding=\"async\" width=\"1024\" height=\"609\" src=\"https:\/\/apostille.expert\/wp-content\/uploads\/2022\/11\/apostille_verify_Armenya.png\" alt=\"Cum s\u0103 verifica\u021bi apostila din Armenia\" loading=\"lazy\"><\/p>\n","protected":false},"excerpt":{"rendered":"<p>Apostil\u0103 Armenia Ce este apostila armean\u0103? Apostila armean\u0103 este un \u0219tampil\u0103, form\u0103 \u0219i con\u021binut definite de Conven\u021bia privind apostila din 1961. \u00cen Armenia, apostila este electronic\u0103 \u0219i se tip\u0103re\u0219te pe h\u00e2rtie de format A4. \u00cens\u0103\u0219i apostila are o form\u0103 de 17 pe 18 centimetri. Sub apostil\u0103 se afl\u0103 instruc\u021biuni pentru verificarea sa online, cod QR &#8230; <a title=\"Apostila Armenia &#x1f1e6;&#x1f1f2;\" class=\"read-more\" href=\"https:\/\/apostille.expert\/ro\/apostila-armenia-%f0%9f%87%a6%f0%9f%87%b2\/\" aria-label=\"Cite\u0219te mai multe despre Apostila Armenia &#x1f1e6;&#x1f1f2;\">Cite\u0219te mai mult<\/a><\/p>\n","protected":false},"author":1,"featured_media":0,"parent":0,"menu_order":0,"comment_status":"closed","ping_status":"closed","template":"","meta":{"_eb_attr":"","footnotes":""},"class_list":["post-23","page","type-page","status-publish"],"yoast_head":"<!-- This site is optimized with the Yoast SEO plugin v27.5 - https:\/\/yoast.com\/product\/yoast-seo-wordpress\/ -->\n<title>Apostila Armenia &#x1f1e6;&#x1f1f2; - Acte (Documente), Legalizare \u0219i Apostila in EU, SUA, America de Sud<\/title>\n<meta name=\"robots\" content=\"index, follow, max-snippet:-1, max-image-preview:large, max-video-preview:-1\" \/>\n<link rel=\"canonical\" href=\"https:\/\/apostille.expert\/ro\/apostila-armenia-\ud83c\udde6\ud83c\uddf2\/\" \/>\n<meta property=\"og:locale\" content=\"ro_RO\" \/>\n<meta property=\"og:type\" content=\"article\" \/>\n<meta property=\"og:title\" content=\"Apostila Armenia &#x1f1e6;&#x1f1f2; - Acte (Documente), Legalizare \u0219i Apostila in EU, SUA, America de Sud\" \/>\n<meta property=\"og:description\" content=\"Apostil\u0103 Armenia Ce este apostila armean\u0103? Apostila armean\u0103 este un \u0219tampil\u0103, form\u0103 \u0219i con\u021binut definite de Conven\u021bia privind apostila din 1961. \u00cen Armenia, apostila este electronic\u0103 \u0219i se tip\u0103re\u0219te pe h\u00e2rtie de format A4. \u00cens\u0103\u0219i apostila are o form\u0103 de 17 pe 18 centimetri. Sub apostil\u0103 se afl\u0103 instruc\u021biuni pentru verificarea sa online, cod QR ... Cite\u0219te mai mult\" \/>\n<meta property=\"og:url\" content=\"https:\/\/apostille.expert\/ro\/apostila-armenia-\ud83c\udde6\ud83c\uddf2\/\" \/>\n<meta property=\"og:site_name\" content=\"Acte (Documente), Legalizare \u0219i Apostila in EU, SUA, America de Sud\" \/>\n<meta property=\"article:modified_time\" content=\"2023-07-14T12:03:47+00:00\" \/>\n<meta property=\"og:image\" content=\"https:\/\/apostille.expert\/wp-content\/uploads\/2022\/10\/Old-Apostille-Stamp-Armenia.jpg\" \/>\n<meta name=\"twitter:card\" content=\"summary_large_image\" \/>\n<meta name=\"twitter:label1\" content=\"Timp estimat pentru citire\" \/>\n\t<meta name=\"twitter:data1\" content=\"7 minute\" \/>\n<script type=\"application\/ld+json\" class=\"yoast-schema-graph\">{\"@context\":\"https:\\\/\\\/schema.org\",\"@graph\":[{\"@type\":\"WebPage\",\"@id\":\"https:\\\/\\\/apostille.expert\\\/ro\\\/apostila-armenia-%f0%9f%87%a6%f0%9f%87%b2\\\/\",\"url\":\"https:\\\/\\\/apostille.expert\\\/ro\\\/apostila-armenia-%f0%9f%87%a6%f0%9f%87%b2\\\/\",\"name\":\"Apostila Armenia &#x1f1e6;&#x1f1f2; - Acte (Documente), Legalizare \u0219i Apostila in EU, SUA, America de Sud\",\"isPartOf\":{\"@id\":\"https:\\\/\\\/apostille.expert\\\/ro\\\/#website\"},\"primaryImageOfPage\":{\"@id\":\"https:\\\/\\\/apostille.expert\\\/ro\\\/apostila-armenia-%f0%9f%87%a6%f0%9f%87%b2\\\/#primaryimage\"},\"image\":{\"@id\":\"https:\\\/\\\/apostille.expert\\\/ro\\\/apostila-armenia-%f0%9f%87%a6%f0%9f%87%b2\\\/#primaryimage\"},\"thumbnailUrl\":\"https:\\\/\\\/apostille.expert\\\/wp-content\\\/uploads\\\/2022\\\/10\\\/Old-Apostille-Stamp-Armenia.jpg\",\"datePublished\":\"2023-07-02T10:27:21+00:00\",\"dateModified\":\"2023-07-14T12:03:47+00:00\",\"breadcrumb\":{\"@id\":\"https:\\\/\\\/apostille.expert\\\/ro\\\/apostila-armenia-%f0%9f%87%a6%f0%9f%87%b2\\\/#breadcrumb\"},\"inLanguage\":\"ro-RO\",\"potentialAction\":[{\"@type\":\"ReadAction\",\"target\":[\"https:\\\/\\\/apostille.expert\\\/ro\\\/apostila-armenia-%f0%9f%87%a6%f0%9f%87%b2\\\/\"]}]},{\"@type\":\"ImageObject\",\"inLanguage\":\"ro-RO\",\"@id\":\"https:\\\/\\\/apostille.expert\\\/ro\\\/apostila-armenia-%f0%9f%87%a6%f0%9f%87%b2\\\/#primaryimage\",\"url\":\"https:\\\/\\\/apostille.expert\\\/wp-content\\\/uploads\\\/2022\\\/10\\\/Old-Apostille-Stamp-Armenia.jpg\",\"contentUrl\":\"https:\\\/\\\/apostille.expert\\\/wp-content\\\/uploads\\\/2022\\\/10\\\/Old-Apostille-Stamp-Armenia.jpg\"},{\"@type\":\"BreadcrumbList\",\"@id\":\"https:\\\/\\\/apostille.expert\\\/ro\\\/apostila-armenia-%f0%9f%87%a6%f0%9f%87%b2\\\/#breadcrumb\",\"itemListElement\":[{\"@type\":\"ListItem\",\"position\":1,\"name\":\"Home\",\"item\":\"https:\\\/\\\/apostille.expert\\\/ro\\\/\"},{\"@type\":\"ListItem\",\"position\":2,\"name\":\"Apostila Armenia &#x1f1e6;&#x1f1f2;\"}]},{\"@type\":\"WebSite\",\"@id\":\"https:\\\/\\\/apostille.expert\\\/ro\\\/#website\",\"url\":\"https:\\\/\\\/apostille.expert\\\/ro\\\/\",\"name\":\"Acte (Documente), Legalizare \u0219i Apostila in EU, SUA, America de Sud\",\"description\":\"Acte (Documente), Legalizare \u0219i Apostila in tarile EU, SUA, America de Sud, Moldova, Rusia, Ucraina, Azerbaijan, Armenia, Polonia, Fran\u021ba, Georgia, Kazahstan, Kirghizia si alte tarile ale lumii\",\"potentialAction\":[{\"@type\":\"SearchAction\",\"target\":{\"@type\":\"EntryPoint\",\"urlTemplate\":\"https:\\\/\\\/apostille.expert\\\/ro\\\/?s={search_term_string}\"},\"query-input\":{\"@type\":\"PropertyValueSpecification\",\"valueRequired\":true,\"valueName\":\"search_term_string\"}}],\"inLanguage\":\"ro-RO\"}]}<\/script>\n<!-- \/ Yoast SEO plugin. -->","yoast_head_json":{"title":"Apostila Armenia &#x1f1e6;&#x1f1f2; - Acte (Documente), Legalizare \u0219i Apostila in EU, SUA, America de Sud","robots":{"index":"index","follow":"follow","max-snippet":"max-snippet:-1","max-image-preview":"max-image-preview:large","max-video-preview":"max-video-preview:-1"},"canonical":"https:\/\/apostille.expert\/ro\/apostila-armenia-\ud83c\udde6\ud83c\uddf2\/","og_locale":"ro_RO","og_type":"article","og_title":"Apostila Armenia &#x1f1e6;&#x1f1f2; - Acte (Documente), Legalizare \u0219i Apostila in EU, SUA, America de Sud","og_description":"Apostil\u0103 Armenia Ce este apostila armean\u0103? Apostila armean\u0103 este un \u0219tampil\u0103, form\u0103 \u0219i con\u021binut definite de Conven\u021bia privind apostila din 1961. \u00cen Armenia, apostila este electronic\u0103 \u0219i se tip\u0103re\u0219te pe h\u00e2rtie de format A4. \u00cens\u0103\u0219i apostila are o form\u0103 de 17 pe 18 centimetri. Sub apostil\u0103 se afl\u0103 instruc\u021biuni pentru verificarea sa online, cod QR ... Cite\u0219te mai mult","og_url":"https:\/\/apostille.expert\/ro\/apostila-armenia-\ud83c\udde6\ud83c\uddf2\/","og_site_name":"Acte (Documente), Legalizare \u0219i Apostila in EU, SUA, America de Sud","article_modified_time":"2023-07-14T12:03:47+00:00","og_image":[{"url":"https:\/\/apostille.expert\/wp-content\/uploads\/2022\/10\/Old-Apostille-Stamp-Armenia.jpg","type":"","width":"","height":""}],"twitter_card":"summary_large_image","twitter_misc":{"Timp estimat pentru citire":"7 minute"},"schema":{"@context":"https:\/\/schema.org","@graph":[{"@type":"WebPage","@id":"https:\/\/apostille.expert\/ro\/apostila-armenia-%f0%9f%87%a6%f0%9f%87%b2\/","url":"https:\/\/apostille.expert\/ro\/apostila-armenia-%f0%9f%87%a6%f0%9f%87%b2\/","name":"Apostila Armenia &#x1f1e6;&#x1f1f2; - Acte (Documente), Legalizare \u0219i Apostila in EU, SUA, America de Sud","isPartOf":{"@id":"https:\/\/apostille.expert\/ro\/#website"},"primaryImageOfPage":{"@id":"https:\/\/apostille.expert\/ro\/apostila-armenia-%f0%9f%87%a6%f0%9f%87%b2\/#primaryimage"},"image":{"@id":"https:\/\/apostille.expert\/ro\/apostila-armenia-%f0%9f%87%a6%f0%9f%87%b2\/#primaryimage"},"thumbnailUrl":"https:\/\/apostille.expert\/wp-content\/uploads\/2022\/10\/Old-Apostille-Stamp-Armenia.jpg","datePublished":"2023-07-02T10:27:21+00:00","dateModified":"2023-07-14T12:03:47+00:00","breadcrumb":{"@id":"https:\/\/apostille.expert\/ro\/apostila-armenia-%f0%9f%87%a6%f0%9f%87%b2\/#breadcrumb"},"inLanguage":"ro-RO","potentialAction":[{"@type":"ReadAction","target":["https:\/\/apostille.expert\/ro\/apostila-armenia-%f0%9f%87%a6%f0%9f%87%b2\/"]}]},{"@type":"ImageObject","inLanguage":"ro-RO","@id":"https:\/\/apostille.expert\/ro\/apostila-armenia-%f0%9f%87%a6%f0%9f%87%b2\/#primaryimage","url":"https:\/\/apostille.expert\/wp-content\/uploads\/2022\/10\/Old-Apostille-Stamp-Armenia.jpg","contentUrl":"https:\/\/apostille.expert\/wp-content\/uploads\/2022\/10\/Old-Apostille-Stamp-Armenia.jpg"},{"@type":"BreadcrumbList","@id":"https:\/\/apostille.expert\/ro\/apostila-armenia-%f0%9f%87%a6%f0%9f%87%b2\/#breadcrumb","itemListElement":[{"@type":"ListItem","position":1,"name":"Home","item":"https:\/\/apostille.expert\/ro\/"},{"@type":"ListItem","position":2,"name":"Apostila Armenia &#x1f1e6;&#x1f1f2;"}]},{"@type":"WebSite","@id":"https:\/\/apostille.expert\/ro\/#website","url":"https:\/\/apostille.expert\/ro\/","name":"Acte (Documente), Legalizare \u0219i Apostila in EU, SUA, America de Sud","description":"Acte (Documente), Legalizare \u0219i Apostila in tarile EU, SUA, America de Sud, Moldova, Rusia, Ucraina, Azerbaijan, Armenia, Polonia, Fran\u021ba, Georgia, Kazahstan, Kirghizia si alte tarile ale lumii","potentialAction":[{"@type":"SearchAction","target":{"@type":"EntryPoint","urlTemplate":"https:\/\/apostille.expert\/ro\/?s={search_term_string}"},"query-input":{"@type":"PropertyValueSpecification","valueRequired":true,"valueName":"search_term_string"}}],"inLanguage":"ro-RO"}]}},"_links":{"self":[{"href":"https:\/\/apostille.expert\/ro\/wp-json\/wp\/v2\/pages\/23","targetHints":{"allow":["GET"]}}],"collection":[{"href":"https:\/\/apostille.expert\/ro\/wp-json\/wp\/v2\/pages"}],"about":[{"href":"https:\/\/apostille.expert\/ro\/wp-json\/wp\/v2\/types\/page"}],"author":[{"embeddable":true,"href":"https:\/\/apostille.expert\/ro\/wp-json\/wp\/v2\/users\/1"}],"replies":[{"embeddable":true,"href":"https:\/\/apostille.expert\/ro\/wp-json\/wp\/v2\/comments?post=23"}],"version-history":[{"count":2,"href":"https:\/\/apostille.expert\/ro\/wp-json\/wp\/v2\/pages\/23\/revisions"}],"predecessor-version":[{"id":25,"href":"https:\/\/apostille.expert\/ro\/wp-json\/wp\/v2\/pages\/23\/revisions\/25"}],"wp:attachment":[{"href":"https:\/\/apostille.expert\/ro\/wp-json\/wp\/v2\/media?parent=23"}],"curies":[{"name":"wp","href":"https:\/\/api.w.org\/{rel}","templated":true}]}}