{"id":228,"date":"2024-04-30T18:59:58","date_gmt":"2024-04-30T18:59:58","guid":{"rendered":"https:\/\/apostille.expert\/ro\/?page_id=228"},"modified":"2024-04-30T18:59:59","modified_gmt":"2024-04-30T18:59:59","slug":"apostila-rusia","status":"publish","type":"page","link":"https:\/\/apostille.expert\/ro\/apostila-rusia\/","title":{"rendered":"Apostila Rusia"},"content":{"rendered":"\n<h2 class=\"wp-block-heading\">\u0218tampila Apostila Federa\u021bia Rus\u0103<\/h2>\n\n\n\n<p><strong>Apostila \u00een Rusia<\/strong> este o <strong>\u0219tampil\u0103 special\u0103 de 12,5 cm pe 12,5 cm.<\/strong>&nbsp;Unde este indicat\u0103: \u021bara,&nbsp;numele complet al oficialului care a semnat documentul , depus pentru aplicarea apostilei, corpul unde este semnata apostila, locul (ora\u0219ul), num\u0103rul apostilei.<\/p>\n\n\n\n<p>Rusia a aderat la Conven\u021bia de la Haga \u00een 1992.<\/p>\n\n\n\n<p><strong>Ce este o apostila O apostila este o \u0219tampil\u0103 special\u0103 care confirm\u0103 semn\u0103tura oficialului pe documentul furnizat.<\/strong><\/p>\n\n\n\n<p><strong>Conven\u021bia de la Haga din 1961<\/strong>, numele complet este Conven\u021bia de eliminare a cerin\u021belor de legalizare a documentelor publice str\u0103ine. Conven\u021bia de la Haga a stabilit o procedur\u0103 de confirmare a documentelor participan\u021bilor oficiali la conven\u021bie.<\/p>\n\n\n\n<p>Conven\u021bia de la Haga prevede c\u0103 documentele oficiale, care sunt \u00een\u021belese ca atare \u00een conven\u021bie, sunt documente care provin de la organisme guvernamentale sau de la func\u021bionari. Care sunt situate pe teritoriul unui stat care a semnat Conven\u021bia de la Haga.&nbsp;<\/p>\n\n\n\n<p>\u0218i, de asemenea, acte administrative, acte de stare civil\u0103: <strong>certificat de c\u0103s\u0103torie<\/strong> (certificat de c\u0103s\u0103torie sau de c\u0103s\u0103torie), <strong>certificat de na\u0219tere<\/strong> (certificat de na\u0219tere sau certificat de na\u0219tere), <strong> certificat de divor\u021b<\/strong>, <strong>certificat de deces<\/strong>, <strong>certificat de stare civil\u0103<\/strong> (c\u0103s\u0103torit, nec\u0103s\u0103torit, c\u0103s\u0103torit, nec\u0103s\u0103torit) a nu se confunda cu un certificat de compunere de familie, <strong>certificat de schimbare a prenumelui.<\/strong><\/p>\n\n\n\n<p><strong>Pentru a afla dac\u0103 ave\u021bi nevoie de o apostil\u0103 sau de o legalizare, ar trebui s\u0103 verifica\u021bi cea mai recent\u0103 list\u0103 a \u021b\u0103rilor care au semnat Apostila (Conven\u021bia Apostila).&nbsp;<\/strong><\/p>\n\n\n\n<h2 class=\"wp-block-heading\"><b>Unde pot plasa o apostil\u0103 \u00een Rusia?<\/b><\/h2>\n\n\n\n<p>&#8211;<b> Organisme&nbsp;Oficiul de \u00eenregistrare<\/b>&nbsp;<b>Rusia<\/b>(apostila documentelor de stare civil\u0103: certificat de na\u0219tere, certificat de c\u0103s\u0103torie, certificat de divor\u021b, certificat de stare civil\u0103 (de stare sau nec\u0103s\u0103torit) ), certificat de schimbare a prenumelui),<\/p>\n\n\n\n<p>&#8211; <b>Ministerul Justi\u021biei din Rusia<\/b>(apostila pe documente sau acte notariale: \u00eemputerniciri \u0219i declara\u021bii, copii, documente traduse \u0219i alte acte notariale),&nbsp;<\/p>\n\n\n\n<p>&#8211; <b>Ministerul Educa\u021biei din Rusia<\/b> (apostila pentru diplome de studii superioare, certificate \u0219colare, certificate de calificare, programe analitice),<\/p>\n\n\n\n<p><b>&#8211; centrele de informare ale GUMVD sau ale Ministerului Regional al Afacerilor Interne al Rusiei<\/b> (apostila pentru un certificat de bun\u0103 conduit\u0103, f\u0103r\u0103 amenzi sau sanc\u021biuni administrative),<\/p>\n\n\n\n<p><b>Arhivele Federa\u021biei Ruse<\/b> (apostila pentru extrase \u0219i documente de arhiv\u0103),<\/p>\n\n\n\n<p>&#8211; <b>Parchetul General al Rusiei<\/b> (apostila pentru documentele emise de parchet),<\/p>\n\n\n\n<p>&#8211; Ministerul Ap\u0103r\u0103rii al Rusiei (document de identitate militar, certificate de informa\u021bii \u0219i certificate de serviciu militar).<\/p>\n\n\n\n<h2 class=\"wp-block-heading\">Cum arat\u0103 o apostil\u0103 ruseasc\u0103?<\/h2>\n\n\n\n<p><b><i>Fotografie cu apostila rus\u0103:<\/i><\/b><\/p>\n\n\n\n<figure class=\"wp-block-image alignnone size-full wp-image-3303\"><img decoding=\"async\" src=\"https:\/\/apostille.expert\/wp-content\/ uploads\/2023\/07\/Apostille_Russian_Federation.jpg\" alt=\"Apostille Federa\u021bia Rus\u0103\" class=\"wp-image-3303\"\/><figcaption class=\"wp-element-caption\">Apostille pentru documentele din Federa\u021bia Rus\u0103<\/figcaption><\/figure>\n\n\n\n<h2 class=\"wp-block-heading\">Textul apostilei ruse\u0219ti<\/h2>\n\n\n\n<h6 class=\"wp-block-heading\"><strong>Limba rus\u0103<\/strong><\/h6>\n\n\n\n<p>(Convention de La Haye du 5 octombrie 1961)<\/p>\n\n\n\n<p>1. Federa\u021bia Rus\u0103<\/p>\n\n\n\n<p>Acest document oficial<\/p>\n\n\n\n<p>2. Semnat: ________________________________<\/p>\n\n\n\n<p>3. \u00cen calitate de: ________________<\/p>\n\n\n\n<p>4. Sigiliu\/\u0218tampila ________________<\/p>\n\n\n\n<p>Certificat<\/p>\n\n\n\n<p>5. \u00cen ora\u0219: __________________<\/p>\n\n\n\n<p>6. Data: __________________<\/p>\n\n\n\n<p>7. De: ________________<\/p>\n\n\n\n<p>8. Nu. ____________________<\/p>\n\n\n\n<p>9. Loca\u021bia de imprimare<\/p>\n\n\n\n<p>10. Semn\u0103tura<\/p>\n\n\n\n<h2 class=\"wp-block-heading\">De ce ave\u021bi nevoie de o apostil\u0103 dac\u0103 documentele din Rusia au deja sigiliul \u0219i semn\u0103tura unui func\u021bionar?<\/h2>\n\n\n\n<p>La urma urmei, \u00een Federa\u021bia Rus\u0103 exist\u0103 mul\u021bi oficiali care lucreaz\u0103 \u00een ministere, departamente, organisme guvernamentale, arhive \u0219i birouri de registratur\u0103.<\/p>\n\n\n\n<p>Oficialii se schimb\u0103 periodic \u0219i, \u00een consecin\u021b\u0103, semn\u0103turile lor se schimb\u0103. Pentru a verifica autenticitatea \u0219i fiabilitatea documentului, precum \u0219i pentru a preveni eventualele falsuri, este necesar s\u0103 se verifice dac\u0103 semn\u0103tura oficialului se potrive\u0219te cu mostrele semn\u0103turii sale \u0219i dac\u0103 acesta a semnat cu adev\u0103rat acest document.<\/p>\n\n\n\n<p>Cu toate acestea, \u00een cazul unui num\u0103r at\u00e2t de mare de documente \u0219i func\u021bionari, acest lucru este foarte dificil de realizat. Acest lucru este deosebit de dificil pentru oficialii str\u0103ini care v\u0103 accept\u0103 documentele \u00een str\u0103in\u0103tate.<\/p>\n\n\n\n<p>\u00cen acest sens, a fost introdus un sistem de confirmare a tuturor semn\u0103turilor \u0219i sigiliilor de c\u0103tre mai multe persoane pentru a u\u0219ura munca oficialilor str\u0103ini. Un astfel de sistem reduce, de asemenea, timpul de procesare \u00een str\u0103in\u0103tate \u0219i timpul de a\u0219teptare pentru solicitan\u021bi. Acest sistem faciliteaz\u0103 pentru oficialii locali responsabili de apostile verificarea semn\u0103turilor, a sigiliilor \u0219i a documentelor \u00een sine, inclusiv a formelor \u0219i a con\u021binutului acestora.<\/p>\n\n\n\n<p>De asemenea, angaja\u021bii care au acces la baza de date intern\u0103 de semn\u0103turi, sigilii \u0219i mostre p\u00e2n\u0103 la documentele sunt incluse \u00eentr-un registru special cu semn\u0103turile lor. Cu toate acestea, acest registru este limitat la un num\u0103r mic de semn\u0103turi, dintre care mostre sunt partajate cu alte \u021b\u0103ri partenere sau pot fi verificate cu u\u0219urin\u021b\u0103 prin alte mijloace.<\/p>\n\n\n\n<p>Exist\u0103 dou\u0103 proceduri pentru confirmarea documentelor. Prima procedur\u0103, cea mai de \u00eencredere, este legalizarea documentelor. Dup\u0103 ce documentele sunt semnate de func\u021bionarul emitent, acestea sunt certificate de un func\u021bionar din minister, de obicei Ministerul Afacerilor Externe. Semn\u0103tura final\u0103 este apoi verificat\u0103 \u0219i certificat\u0103 de consulatul \u021b\u0103rii \u00een care trebuie depuse documentele. Verificarea se realizeaz\u0103 pe baza bazei de date actuale de semn\u0103turi de-a lungul unui lan\u021b de trei departamente.<\/p>\n\n\n\n<p>A doua procedur\u0103 se bazeaz\u0103 pe o mai mare \u00eencredere \u0219i ocole\u0219te un departament, de regul\u0103, Ministerul Afacerilor Externe. \u00cen acest caz vorbim despre o apostil\u0103. O apostila este o \u0219tampil\u0103 special\u0103 a unei forme stabilite, care simplific\u0103 foarte mult procedura de recunoa\u0219tere a documentelor unui stat pe teritoriul altuia.<\/p>\n\n\n\n<h2 class=\"wp-block-heading\" id=\"h-refusal to affix-apostille-in-Russia-reasons-description\">Refuzul de a aplica o apostil\u0103 \u00een Rusia. Motive, descriere<\/h2>\n\n\n\n<p>Refuzul de a procesa documentele necesare pentru \u00eendeplinirea unei func\u021bii guvernamentale are loc \u00een urm\u0103toarele situa\u021bii:<\/p>\n\n\n\n<ol class=\"wp-block-list\">\n\n<li>Un document oficial este destinat s\u0103 fie prezentat agen\u021biilor guvernamentale dintr-o \u021bar\u0103 care nu face parte din Conven\u021bie;<\/li>\n\n\n<li>Un document oficial emis de o autoritate, un oficial, un notar sau o entitate juridic\u0103 a unui stat str\u0103in;<\/li>\n\n\n<li>Documentul oficial a fost eliberat de o autoritate cu drept de apostila;<\/li>\n\n\n<li>Actul oficial nu con\u021bine semn\u0103tura persoanei care l-a emis \u0219i (sau) sigiliul\/\u0219tampila unui organism guvernamental, a unui notar, a unui func\u021bionar autorizat s\u0103 efectueze acte notariale \u00een conformitate cu legisla\u021bia Rusiei, a unui organism guvernamental \u0219i alte organisme \u0219i persoane care au emis documentul oficial;<\/li>\n\n\n<li>Corect\u0103rile aduse textului documentului oficial nu au fost aprobate de semnatar;<\/li>\n\n\n<li>Semn\u0103turile persoanelor \u0219i (sau) sigiliile\/\u0219tampilele de pe un document oficial sunt neclare \u0219i nu pot fi comparate cu mostrele disponibile la Ministerul Justi\u021biei din Rusia sau la structurile sale regionale;<\/li>\n\n\n<li>Paginile documentului oficial nu sunt cusute \u0219i (sau) nu sunt numerotate \u0219i (sau) nu sunt certificate de sigiliul\/\u0219tampila organismului sau persoanei care emite documentul oficial.<\/li>\n\n<\/ol>\n\n\n\n<p>Refuzul de a furniza servicii publice apare din urm\u0103toarele motive:<\/p>\n\n\n\n<ol class=\"wp-block-list\">\n\n<li>Documentul oficial nu prevede exportul \u00een afara Rusiei \u00een conformitate cu Legea URSS nr. 2261-1 din 24 iunie 1991 \u201eCu privire la procedura de export, transmitere \u0219i solicitare a documentelor personale ale cet\u0103\u021benilor sovietici \u0219i str\u0103ini \u0219i ale apatrizilor din URSS \u00een str\u0103in\u0103tate\u201d <\/li>\n\n\n<li>Un document oficial este destinat utiliz\u0103rii \u00eentr-o \u021bar\u0103 cu care Rusia a \u00eencheiat un tratat (acord) care elimin\u0103 cerin\u021ba pentru orice tip de legalizare a documentelor;<\/li>\n\n\n<li>Persoana care semneaz\u0103 documentul oficial nu are autoritatea de a-l semna;<\/li>\n\n\n<li>Semn\u0103tura persoanei care a semnat documentul oficial \u0219i (sau) amprenta sigiliului\/\u0219tampilei de pe documentul oficial nu corespund e\u0219antioanelor stocate \u00een Ministerul Justi\u021biei din Rusia sau \u00een divizia sa regional\u0103;<\/li>\n\n\n<li>Semn\u0103tura persoanei care a semnat documentul oficial \u0219i (sau) amprenta sigiliului\/\u0219tampilei pe documentul oficial nu pot fi confirmate de Ministerul Justi\u021biei din Rusia sau de diviziunea sa regional\u0103 din cauza lipsei mostrelor de semn\u0103tura unei astfel de persoane \u0219i (sau) amprenta unui astfel de sigiliu\/\u0219tampil\u0103 \u0219i absen\u021ba acestor mostre de la autoritatea care a emis actul oficial, precum \u0219i neconfirmarea acestora a faptului execut\u0103rii actului oficial;<\/ li>\n\n\n<li>Documentul oficial a fost eliberat de misiunile diplomatice \u0219i oficiile consulare;<\/li>\n\n\n<li>Un document oficial legat de o tranzac\u021bie comercial\u0103 sau vamal\u0103;<\/li>\n\n\n<li>Primirea de c\u0103tre Ministerul Justi\u021biei al Rusiei (diviziunea sa regional\u0103) a informa\u021biilor documentate cu privire la intrarea \u00een vigoare a unei hot\u0103r\u00e2ri judec\u0103tore\u0219ti, care a anulat un act notarial completat sau a invalidat un document oficial prezentat de th pentru furnizarea de servicii publice.<\/li>\n\n<\/ol>\n\n\n\n<p>Furnizarea de servicii publice este reglementat\u0103 de Reglement\u0103rile administrative pentru furnizarea de c\u0103tre Ministerul Justi\u021biei al Federa\u021biei Ruse de servicii publice pentru aplicarea unei apostile pe documentele oficiale ruse\u0219ti destinate exportului \u00een afara Rusiei, aprobate prin ordin al Ministerului Justi\u021bia Rusiei din 4 mai 2017 nr. 75.<\/p>\n","protected":false},"excerpt":{"rendered":"<p>\u0218tampila Apostila Federa\u021bia Rus\u0103 Apostila \u00een Rusia este o \u0219tampil\u0103 special\u0103 de 12,5 cm pe 12,5 cm.&nbsp;Unde este indicat\u0103: \u021bara,&nbsp;numele complet al oficialului care a semnat documentul , depus pentru aplicarea apostilei, corpul unde este semnata apostila, locul (ora\u0219ul), num\u0103rul apostilei. Rusia a aderat la Conven\u021bia de la Haga \u00een 1992. Ce este o apostila &#8230; <a title=\"Apostila Rusia\" class=\"read-more\" href=\"https:\/\/apostille.expert\/ro\/apostila-rusia\/\" aria-label=\"Cite\u0219te mai multe despre Apostila Rusia\">Cite\u0219te mai mult<\/a><\/p>\n","protected":false},"author":1,"featured_media":0,"parent":0,"menu_order":0,"comment_status":"closed","ping_status":"closed","template":"","meta":{"_eb_attr":"","footnotes":""},"class_list":["post-228","page","type-page","status-publish"],"yoast_head":"<!-- This site is optimized with the Yoast SEO plugin v27.4 - https:\/\/yoast.com\/product\/yoast-seo-wordpress\/ -->\n<title>Apostila Rusia - Acte (Documente), Legalizare \u0219i Apostila in EU, SUA, America de Sud<\/title>\n<meta name=\"robots\" content=\"index, follow, max-snippet:-1, max-image-preview:large, max-video-preview:-1\" \/>\n<link rel=\"canonical\" href=\"https:\/\/apostille.expert\/ro\/apostila-rusia\/\" \/>\n<meta property=\"og:locale\" content=\"ro_RO\" \/>\n<meta property=\"og:type\" content=\"article\" \/>\n<meta property=\"og:title\" content=\"Apostila Rusia - Acte (Documente), Legalizare \u0219i Apostila in EU, SUA, America de Sud\" \/>\n<meta property=\"og:description\" content=\"\u0218tampila Apostila Federa\u021bia Rus\u0103 Apostila \u00een Rusia este o \u0219tampil\u0103 special\u0103 de 12,5 cm pe 12,5 cm.&nbsp;Unde este indicat\u0103: \u021bara,&nbsp;numele complet al oficialului care a semnat documentul , depus pentru aplicarea apostilei, corpul unde este semnata apostila, locul (ora\u0219ul), num\u0103rul apostilei. Rusia a aderat la Conven\u021bia de la Haga \u00een 1992. Ce este o apostila ... Cite\u0219te mai mult\" \/>\n<meta property=\"og:url\" content=\"https:\/\/apostille.expert\/ro\/apostila-rusia\/\" \/>\n<meta property=\"og:site_name\" content=\"Acte (Documente), Legalizare \u0219i Apostila in EU, SUA, America de Sud\" \/>\n<meta property=\"article:modified_time\" content=\"2024-04-30T18:59:59+00:00\" \/>\n<meta name=\"twitter:card\" content=\"summary_large_image\" \/>\n<meta name=\"twitter:label1\" content=\"Timp estimat pentru citire\" \/>\n\t<meta name=\"twitter:data1\" content=\"8 minute\" \/>\n<script type=\"application\/ld+json\" class=\"yoast-schema-graph\">{\"@context\":\"https:\\\/\\\/schema.org\",\"@graph\":[{\"@type\":\"WebPage\",\"@id\":\"https:\\\/\\\/apostille.expert\\\/ro\\\/apostila-rusia\\\/\",\"url\":\"https:\\\/\\\/apostille.expert\\\/ro\\\/apostila-rusia\\\/\",\"name\":\"Apostila Rusia - Acte (Documente), Legalizare \u0219i Apostila in EU, SUA, America de Sud\",\"isPartOf\":{\"@id\":\"https:\\\/\\\/apostille.expert\\\/ro\\\/#website\"},\"datePublished\":\"2024-04-30T18:59:58+00:00\",\"dateModified\":\"2024-04-30T18:59:59+00:00\",\"breadcrumb\":{\"@id\":\"https:\\\/\\\/apostille.expert\\\/ro\\\/apostila-rusia\\\/#breadcrumb\"},\"inLanguage\":\"ro-RO\",\"potentialAction\":[{\"@type\":\"ReadAction\",\"target\":[\"https:\\\/\\\/apostille.expert\\\/ro\\\/apostila-rusia\\\/\"]}]},{\"@type\":\"BreadcrumbList\",\"@id\":\"https:\\\/\\\/apostille.expert\\\/ro\\\/apostila-rusia\\\/#breadcrumb\",\"itemListElement\":[{\"@type\":\"ListItem\",\"position\":1,\"name\":\"Home\",\"item\":\"https:\\\/\\\/apostille.expert\\\/ro\\\/\"},{\"@type\":\"ListItem\",\"position\":2,\"name\":\"Apostila Rusia\"}]},{\"@type\":\"WebSite\",\"@id\":\"https:\\\/\\\/apostille.expert\\\/ro\\\/#website\",\"url\":\"https:\\\/\\\/apostille.expert\\\/ro\\\/\",\"name\":\"Acte (Documente), Legalizare \u0219i Apostila in EU, SUA, America de Sud\",\"description\":\"Acte (Documente), Legalizare \u0219i Apostila in tarile EU, SUA, America de Sud, Moldova, Rusia, Ucraina, Azerbaijan, Armenia, Polonia, Fran\u021ba, Georgia, Kazahstan, Kirghizia si alte tarile ale lumii\",\"potentialAction\":[{\"@type\":\"SearchAction\",\"target\":{\"@type\":\"EntryPoint\",\"urlTemplate\":\"https:\\\/\\\/apostille.expert\\\/ro\\\/?s={search_term_string}\"},\"query-input\":{\"@type\":\"PropertyValueSpecification\",\"valueRequired\":true,\"valueName\":\"search_term_string\"}}],\"inLanguage\":\"ro-RO\"}]}<\/script>\n<!-- \/ Yoast SEO plugin. -->","yoast_head_json":{"title":"Apostila Rusia - Acte (Documente), Legalizare \u0219i Apostila in EU, SUA, America de Sud","robots":{"index":"index","follow":"follow","max-snippet":"max-snippet:-1","max-image-preview":"max-image-preview:large","max-video-preview":"max-video-preview:-1"},"canonical":"https:\/\/apostille.expert\/ro\/apostila-rusia\/","og_locale":"ro_RO","og_type":"article","og_title":"Apostila Rusia - Acte (Documente), Legalizare \u0219i Apostila in EU, SUA, America de Sud","og_description":"\u0218tampila Apostila Federa\u021bia Rus\u0103 Apostila \u00een Rusia este o \u0219tampil\u0103 special\u0103 de 12,5 cm pe 12,5 cm.&nbsp;Unde este indicat\u0103: \u021bara,&nbsp;numele complet al oficialului care a semnat documentul , depus pentru aplicarea apostilei, corpul unde este semnata apostila, locul (ora\u0219ul), num\u0103rul apostilei. Rusia a aderat la Conven\u021bia de la Haga \u00een 1992. Ce este o apostila ... Cite\u0219te mai mult","og_url":"https:\/\/apostille.expert\/ro\/apostila-rusia\/","og_site_name":"Acte (Documente), Legalizare \u0219i Apostila in EU, SUA, America de Sud","article_modified_time":"2024-04-30T18:59:59+00:00","twitter_card":"summary_large_image","twitter_misc":{"Timp estimat pentru citire":"8 minute"},"schema":{"@context":"https:\/\/schema.org","@graph":[{"@type":"WebPage","@id":"https:\/\/apostille.expert\/ro\/apostila-rusia\/","url":"https:\/\/apostille.expert\/ro\/apostila-rusia\/","name":"Apostila Rusia - Acte (Documente), Legalizare \u0219i Apostila in EU, SUA, America de Sud","isPartOf":{"@id":"https:\/\/apostille.expert\/ro\/#website"},"datePublished":"2024-04-30T18:59:58+00:00","dateModified":"2024-04-30T18:59:59+00:00","breadcrumb":{"@id":"https:\/\/apostille.expert\/ro\/apostila-rusia\/#breadcrumb"},"inLanguage":"ro-RO","potentialAction":[{"@type":"ReadAction","target":["https:\/\/apostille.expert\/ro\/apostila-rusia\/"]}]},{"@type":"BreadcrumbList","@id":"https:\/\/apostille.expert\/ro\/apostila-rusia\/#breadcrumb","itemListElement":[{"@type":"ListItem","position":1,"name":"Home","item":"https:\/\/apostille.expert\/ro\/"},{"@type":"ListItem","position":2,"name":"Apostila Rusia"}]},{"@type":"WebSite","@id":"https:\/\/apostille.expert\/ro\/#website","url":"https:\/\/apostille.expert\/ro\/","name":"Acte (Documente), Legalizare \u0219i Apostila in EU, SUA, America de Sud","description":"Acte (Documente), Legalizare \u0219i Apostila in tarile EU, SUA, America de Sud, Moldova, Rusia, Ucraina, Azerbaijan, Armenia, Polonia, Fran\u021ba, Georgia, Kazahstan, Kirghizia si alte tarile ale lumii","potentialAction":[{"@type":"SearchAction","target":{"@type":"EntryPoint","urlTemplate":"https:\/\/apostille.expert\/ro\/?s={search_term_string}"},"query-input":{"@type":"PropertyValueSpecification","valueRequired":true,"valueName":"search_term_string"}}],"inLanguage":"ro-RO"}]}},"_links":{"self":[{"href":"https:\/\/apostille.expert\/ro\/wp-json\/wp\/v2\/pages\/228","targetHints":{"allow":["GET"]}}],"collection":[{"href":"https:\/\/apostille.expert\/ro\/wp-json\/wp\/v2\/pages"}],"about":[{"href":"https:\/\/apostille.expert\/ro\/wp-json\/wp\/v2\/types\/page"}],"author":[{"embeddable":true,"href":"https:\/\/apostille.expert\/ro\/wp-json\/wp\/v2\/users\/1"}],"replies":[{"embeddable":true,"href":"https:\/\/apostille.expert\/ro\/wp-json\/wp\/v2\/comments?post=228"}],"version-history":[{"count":1,"href":"https:\/\/apostille.expert\/ro\/wp-json\/wp\/v2\/pages\/228\/revisions"}],"predecessor-version":[{"id":229,"href":"https:\/\/apostille.expert\/ro\/wp-json\/wp\/v2\/pages\/228\/revisions\/229"}],"wp:attachment":[{"href":"https:\/\/apostille.expert\/ro\/wp-json\/wp\/v2\/media?parent=228"}],"curies":[{"name":"wp","href":"https:\/\/api.w.org\/{rel}","templated":true}]}}