{"id":210,"date":"2024-04-09T20:30:56","date_gmt":"2024-04-09T20:30:56","guid":{"rendered":"https:\/\/apostille.expert\/ro\/?page_id=210"},"modified":"2024-04-09T20:36:37","modified_gmt":"2024-04-09T20:36:37","slug":"apostila-ucraina","status":"publish","type":"page","link":"https:\/\/apostille.expert\/ro\/apostila-ucraina\/","title":{"rendered":"Apostila Ucraina &#x1f1fa;&#x1f1e6;"},"content":{"rendered":"\n<p>Cel mai simplu mod de a verifica documentele primite \u00eentr-un volum mare este s\u0103 verifica\u021bi mai multe semn\u0103turi autorizate de oficiali care aplic\u0103 apostila \u00een loc s\u0103 verifica\u021bi semn\u0103turile mai multor func\u021bionari din toate ministerele, departamentele \u0219i organiza\u021biile guvernamentale.<\/p>\n<p>Pentru a v\u0103 asigura c\u0103 documentul este original \u0219i autentic \u0219i pentru a evita falsurile, trebuie s\u0103 verifica\u021bi dac\u0103 semn\u0103tura oficialului corespunde modelelor semn\u0103turii sale.<\/p>\n<p>\u00cen cazul unui num\u0103r at\u00e2t de mare de documente \u0219i oficiali, este destul de problematic s\u0103 verifica\u021bi toate semn\u0103turile, \u00een special \u00een str\u0103in\u0103tate.<\/p>\n<p>Pentru aceasta exist\u0103 un sistem de confirmare a tuturor semn\u0103turilor \u0219i \u0219tampilelor de mai multe persoane. Acest lucru va reduce timpul necesar pentru aprobarea documentelor. Este mai u\u0219or pentru oficialii responsabili cu apostila s\u0103 verifice semn\u0103turile, \u0219tampilele, documentele \u00een sine (formularele \u0219i con\u021binutul lor).<\/p>\n\n<h2 class=\"wp-block-heading\">Se poate verifica online apostila \u00een Ucraina?<\/h2>\n\n<p>Apostila ucrainean\u0103 poate fi verificat\u0103 online prin registrul electronic al apostilelor pe site-ul &#8211; <a href=\"https:\/\/apostille.minjust.gov.ua\/\" target=\"_blank\" rel=\"noopener\">https:\/\/apostille.minjust.gov.ua\/<\/a>. Apostilele pentru documentele de educa\u021bie pot fi verificate pe site-ul Ministerului Educa\u021biei &#8211; <a href=\"https:\/\/mon.gov.ua\/ua\/ministerstvo\/poslugi\/apostil\/perevirka-apostilya\" target=\"_blank\" rel=\"noopener\">https:\/\/mon.gov.ua\/ua\/ministerstvo\/poslugi\/apostil\/perevirka-apostilya<\/a>.<\/p>\n<p>Pentru a verifica apostila, trebuie s\u0103 introduce\u021bi num\u0103rul apostilei \u0219i data aplic\u0103rii acesteia.<\/p>\n\n\n\n<h2 class=\"wp-block-heading\">De ce s\u0103 pune\u021bi apostil\u0103 dac\u0103 exist\u0103 deja semn\u0103tura unui oficial \u0219i \u0219tampila umed\u0103 pe documentul original?<\/h2>\n\n<p>Cel mai simplu mod de a verifica documentele primite \u00eentr-un volum mare este s\u0103 verifica\u021bi mai multe semn\u0103turi autorizate de oficiali care aplic\u0103 apostila \u00een loc s\u0103 verifica\u021bi semn\u0103turile mai multor func\u021bionari din toate ministerele, departamentele \u0219i organiza\u021biile guvernamentale.<\/p>\n<p>Pentru a v\u0103 asigura c\u0103 documentul este original \u0219i autentic \u0219i pentru a evita falsurile, trebuie s\u0103 verifica\u021bi dac\u0103 semn\u0103tura oficialului corespunde modelelor semn\u0103turii sale.<\/p>\n<p>\u00cen cazul unui num\u0103r at\u00e2t de mare de documente \u0219i oficiali, este destul de problematic s\u0103 verifica\u021bi toate semn\u0103turile, \u00een special \u00een str\u0103in\u0103tate.<\/p>\n<p>Pentru aceasta exist\u0103 un sistem de confirmare a tuturor semn\u0103turilor \u0219i \u0219tampilelor de mai multe persoane. Acest lucru va reduce timpul necesar pentru aprobarea documentelor. Este mai u\u0219or pentru oficialii responsabili cu apostila s\u0103 verifice semn\u0103turile, \u0219tampilele, documentele \u00een sine (formularele \u0219i con\u021binutul lor).<\/p>\n\n<h2 class=\"wp-block-heading\">Se poate verifica online apostila \u00een Ucraina?<\/h2>\n\n<p>Apostila ucrainean\u0103 poate fi verificat\u0103 online prin registrul electronic al apostilelor pe site-ul &#8211; <a href=\"https:\/\/apostille.minjust.gov.ua\/\" target=\"_blank\" rel=\"noopener\">https:\/\/apostille.minjust.gov.ua\/<\/a>. Apostilele pentru documentele de educa\u021bie pot fi verificate pe site-ul Ministerului Educa\u021biei &#8211; <a href=\"https:\/\/mon.gov.ua\/ua\/ministerstvo\/poslugi\/apostil\/perevirka-apostilya\" target=\"_blank\" rel=\"noopener\">https:\/\/mon.gov.ua\/ua\/ministerstvo\/poslugi\/apostil\/perevirka-apostilya<\/a>.<\/p>\n<p>Pentru a verifica apostila, trebuie s\u0103 introduce\u021bi num\u0103rul apostilei \u0219i data aplic\u0103rii acesteia.<\/p>\n<!-- \/wp:paragraph --><!-- wp:post-content --><h2>Ce este apostila ucrainean\u0103?<\/h2>\n\n<!-- wp:paragraph -->\n<p>Apostila din Ucraina, la fel ca \u00een celelalte \u021b\u0103ri care fac parte din Conven\u021bia de la Haga privind apostila (\u021b\u0103rile membre ale Conven\u021biei), confirm\u0103 semn\u0103turile oficialilor de pe documentele emise de autorit\u0103\u021bile oficiale din Ucraina.<\/p>\n<!-- \/wp:paragraph -->\n\n<!-- wp:paragraph -->\n<p>Apostila ucrainean\u0103 este un \u0219tampila cu inscrip\u021bia &#8222;Apostil\u0103&#8221; care confirm\u0103 autenticitatea semn\u0103turii \u0219i, implicit, legalitatea \u0219i valabilitatea juridic\u0103 a documentului.<\/p>\n<!-- \/wp:paragraph -->\n\n<!-- wp:paragraph -->\n<p><strong>\u00cen Ucraina, apostila a intrat \u00een vigoare la 22 decembrie 2003.<\/strong> Acest lucru \u00eenseamn\u0103 c\u0103 documentele emise \u00eenainte de 2003 nu pot fi apostiliate.<\/p>\n<!-- \/wp:paragraph -->\n\n<!-- wp:paragraph -->\n<p>Cum pute\u021bi comanda o apostil\u0103 pentru documentele ob\u021binute \u00een Ucraina f\u0103r\u0103 a veni \u00een Ucraina? (Comanda\u021bi apostila online). V\u0103 pute\u021bi adresa agen\u021biei noastre de avocatur\u0103 cu o experien\u021b\u0103 de 18 ani. Pentru aceasta, trebuie s\u0103 ne furniza\u021bi documentul \u00een original \u0219i s\u0103 pl\u0103ti\u021bi serviciile noastre.<\/p>\n<!-- \/wp:paragraph -->\n\n<!-- wp:paragraph -->\n<p>Dac\u0103 a\u021bi pierdut documentul sau nu dori\u021bi s\u0103 trimite\u021bi documentele \u00een original, pute\u021bi comanda un document nou. Pentru aceasta, pute\u021bi face o procur\u0103 notarial\u0103 sau consular\u0103 pentru unul dintre angaja\u021bii no\u0219tri \u0219i s\u0103 ne o trimite\u021bi prin po\u0219t\u0103 sau prin curier.<\/p>\n<!-- \/wp:paragraph -->\n\n<h2>Cum arat\u0103 apostila ucrainean\u0103<\/h2>\n\n<h4><em>Fotografia apostilei ucrainene:<\/em><\/h4>\n\n<figure class=\"wp-block-image\"><img decoding=\"async\" class=\"wp-image-477\" src=\"https:\/\/apostille.expert\/wp-content\/uploads\/2022\/09\/Apostille_Ukraine.jpg\" alt=\"Apostila UA\" \/><\/figure>\n\n<!-- wp:paragraph -->\n<p>Apostila este tip\u0103rit\u0103 pe o foaie de format A4, pe verso-ul documentului sau pe o foaie suplimentar\u0103. Apostila este semnat\u0103 de un oficial responsabil \u0219i este \u0219tampilat\u0103.<\/p>\n<!-- \/wp:paragraph -->\n\n<h2>Textul apostilei ucrainene<\/h2>\n\n<!-- wp:paragraph -->\n<p><p>(Conven\u021bia de la Haga din 5 octombrie 1961)<\/p><p>1. \u021aara: Ucraina<\/p><p>Acest document oficial<\/p><p>2. Semnat de: ___________________________<\/p><p>3. \u00cen calitate de: lider<\/p><p>4. con\u021bine \u0219tampila aplicat\u0103: __________________<\/p><p>Confirmat<\/p><p>5. \u00cen: Kiev<\/p><p>6. Data: __________________<\/p><p>7. De c\u0103tre: ________________<\/p><p>8. Nr. ____________________<\/p><p>9. \u0218tampil\u0103<\/p><p>10. Semn\u0103tura: ________<\/p><p>Este aplicat\u0103 semn\u0103tura digital\u0103 (\u0219tampila) a Ministerului Justi\u021biei.<\/p><p>Este aplicat\u0103 semn\u0103tura digital\u0103 a oficialului Ministerului Justi\u021biei al Ucrainei \u0219i con\u021bine o imagine vizual\u0103 a semn\u0103turii acestui oficial.<\/p><\/p>\n<!-- \/wp:paragraph -->\n\n<h2>Se poate verifica online apostila \u00een Ucraina?<\/h2>\n\n<!-- wp:paragraph -->\n<p><p>Cel mai simplu mod de a verifica documentele primite \u00eentr-un volum mare este s\u0103 verifica\u021bi mai multe semn\u0103turi autorizate de oficiali care aplic\u0103 apostila \u00een loc s\u0103 verifica\u021bi semn\u0103turile mai multor func\u021bionari din toate ministerele, departamentele \u0219i organiza\u021biile guvernamentale.<\/p><p>Pentru a v\u0103 asigura c\u0103 documentul este original \u0219i autentic \u0219i pentru a evita falsurile, trebuie s\u0103 verifica\u021bi dac\u0103 semn\u0103tura oficialului corespunde modelelor semn\u0103turii sale.<\/p><p>\u00cen cazul unui num\u0103r at\u00e2t de mare de documente \u0219i oficiali, este destul de problematic s\u0103 verifica\u021bi toate semn\u0103turile, \u00een special \u00een str\u0103in\u0103tate.<\/p><p>Pentru aceasta exist\u0103 un sistem de confirmare a tuturor semn\u0103turilor \u0219i \u0219tampilelor de mai multe persoane. Acest lucru va reduce timpul necesar pentru aprobarea documentelor. Este mai u\u0219or pentru oficialii responsabili cu apostila s\u0103 verifice semn\u0103turile, \u0219tampilele, documentele \u00een sine (formularele \u0219i con\u021binutul lor).<\/p><\/p>\n<!-- \/wp:paragraph -->\n\n<p><strong>Apostila este emis\u0103 \u00een trei institu\u021bii guvernamentale:<\/strong><\/p>\n<p>&#8211; <strong>Ministerul Justi\u021biei al Ucrainei<\/strong> (apostila pentru documentele emise de instan\u021bele de justi\u021bie \u0219i documentele judiciare, cum ar fi hot\u0103r\u00e2rile judec\u0103tore\u0219ti sau extrasele din hot\u0103r\u00e2rile judec\u0103tore\u0219ti \u0219i alte documente),<\/p>\n<p>&#8211; <strong>Ministerul Afacerilor Externe al Ucrainei<\/strong> (apostila pentru documentele emise de Ministerul Afacerilor Interne al Ucrainei, cum ar fi certificatul de cazier judiciar,<\/p>\n<p>&#8211; <strong>Ministerul S\u0103n\u0103t\u0103\u021bii al Ucrainei<\/strong> (apostila pentru: certificat de absen\u021b\u0103 a HIV sau certificat medical pentru munc\u0103 \u00een str\u0103in\u0103tate, documente ale persoanelor juridice: extrase actuale despre componen\u021ba persoanei juridice \u0219i m\u0103rimea capitalului social (extras), statute, decizii, certificate),<\/p>\n<p>&#8211; <strong>Ministerul Educa\u021biei al Ucrainei<\/strong> (apostila pentru documentele educa\u021bionale, cum ar fi certificatele de absolvire \u0219i de absolvire a \u0219colii, certificatele \u0219colare, diplomele de specialitate \u0219i superioare \u0219i documentele conexe: programul analitic \u0219i diverse confirm\u0103ri).<\/p>\n<!-- wp:paragraph -->\n<p>Cel mai simplu mod de a verifica documentele primite \u00eentr-un volum mare este s\u0103 verifica\u021bi mai multe semn\u0103turi autorizate de oficiali care aplic\u0103 apostila \u00een loc s\u0103 verifica\u021bi semn\u0103turile mai multor func\u021bionari din toate ministerele, departamentele \u0219i organiza\u021biile guvernamentale.<\/p>\n<p>Pentru a v\u0103 asigura c\u0103 documentul este original \u0219i autentic \u0219i pentru a evita falsurile, trebuie s\u0103 verifica\u021bi dac\u0103 semn\u0103tura oficialului corespunde modelelor semn\u0103turii sale.<\/p>\n<p>\u00cen cazul unui num\u0103r at\u00e2t de mare de documente \u0219i oficiali, este destul de problematic s\u0103 verifica\u021bi toate semn\u0103turile, \u00een special \u00een str\u0103in\u0103tate.<\/p>\n<p>Pentru aceasta exist\u0103 un sistem de confirmare a tuturor semn\u0103turilor \u0219i \u0219tampilelor de mai multe persoane. Acest lucru va reduce timpul necesar pentru aprobarea documentelor. Este mai u\u0219or pentru oficialii responsabili cu apostila s\u0103 verifice semn\u0103turile, \u0219tampilele, documentele \u00een sine (formularele \u0219i con\u021binutul lor).<\/p>\n<!-- wp:heading -->\n<h2>Se poate verifica online apostila \u00een Ucraina?<\/h2>\n<!-- \/wp:heading --><!-- wp:paragraph -->\n<p>Apostila ucrainean\u0103 poate fi verificat\u0103 online prin registrul electronic al apostilelor pe site-ul &#8211; <a href=\"https:\/\/apostille.minjust.gov.ua\/\" target=\"_blank\" rel=\"noopener\">https:\/\/apostille.minjust.gov.ua\/<\/a>. Apostilele pentru documentele de educa\u021bie pot fi verificate pe site-ul Ministerului Educa\u021biei &#8211; <a href=\"https:\/\/mon.gov.ua\/ua\/ministerstvo\/poslugi\/apostil\/perevirka-apostilya\" target=\"_blank\" rel=\"noopener\">https:\/\/mon.gov.ua\/ua\/ministerstvo\/poslugi\/apostil\/perevirka-apostilya<\/a>.<\/p>\n<p>Pentru a verifica apostila, trebuie s\u0103 introduce\u021bi num\u0103rul apostilei \u0219i data aplic\u0103rii acesteia.<\/p>\n<!-- \/wp:paragraph -->\n\n<!-- wp:heading -->\n<h2>De ce s\u0103 pune\u021bi apostil\u0103 dac\u0103 exist\u0103 deja semn\u0103tura unui oficial \u0219i \u0219tampila umed\u0103 pe documentul original?<\/h2>\n<!-- \/wp:heading --><!-- wp:paragraph -->\n<p>Cel mai simplu mod de a verifica documentele primite \u00eentr-un volum mare este s\u0103 verifica\u021bi mai multe semn\u0103turi autorizate de oficiali care aplic\u0103 apostila \u00een loc s\u0103 verifica\u021bi semn\u0103turile mai multor func\u021bionari din toate ministerele, departamentele \u0219i organiza\u021biile guvernamentale.<\/p>\n<p>Pentru a v\u0103 asigura c\u0103 documentul este original \u0219i autentic \u0219i pentru a evita falsurile, trebuie s\u0103 verifica\u021bi dac\u0103 semn\u0103tura oficialului corespunde modelelor semn\u0103turii sale.<\/p>\n<p>\u00cen cazul unui num\u0103r at\u00e2t de mare de documente \u0219i oficiali, este destul de problematic s\u0103 verifica\u021bi toate semn\u0103turile, \u00een special \u00een str\u0103in\u0103tate.<\/p>\n<p>Pentru aceasta exist\u0103 un sistem de confirmare a tuturor semn\u0103turilor \u0219i \u0219tampilelor de mai multe persoane. Acest lucru va reduce timpul necesar pentru aprobarea documentelor. Este mai u\u0219or pentru oficialii responsabili cu apostila s\u0103 verifice semn\u0103turile, \u0219tampilele, documentele \u00een sine (formularele \u0219i con\u021binutul lor).<\/p>\n<!-- wp:heading -->\n<h2>Se poate verifica online apostila \u00een Ucraina?<\/h2>\n<!-- \/wp:heading --><!-- wp:paragraph -->\n<p>Apostila ucrainean\u0103 poate fi verificat\u0103 online prin registrul electronic al apostilelor pe site-ul &#8211; <a href=\"https:\/\/apostille.minjust.gov.ua\/\" target=\"_blank\" rel=\"noopener\">https:\/\/apostille.minjust.gov.ua\/<\/a>. Apostilele pentru documentele de educa\u021bie pot fi verificate pe site-ul Ministerului Educa\u021biei &#8211; <a href=\"https:\/\/mon.gov.ua\/ua\/ministerstvo\/poslugi\/apostil\/perevirka-apostilya\" target=\"_blank\" rel=\"noopener\">https:\/\/mon.gov.ua\/ua\/ministerstvo\/poslugi\/apostil\/perevirka-apostilya<\/a>.<\/p>\n<p>Pentru a verifica apostila, trebuie s\u0103 introduce\u021bi num\u0103rul apostilei \u0219i data aplic\u0103rii acesteia.<\/p>\n<!-- \/wp:paragraph --><!-- \/wp:post-content -->","protected":false},"excerpt":{"rendered":"<p>Ce este apostila ucrainean\u0103? Apostila din Ucraina, la fel ca \u00een celelalte \u021b\u0103ri care fac parte din Conven\u021bia de la Haga privind apostila (\u021b\u0103rile membre ale Conven\u021biei), confirm\u0103 semn\u0103turile oficialilor de pe documentele emise de autorit\u0103\u021bile oficiale din Ucraina. Apostila ucrainean\u0103 este un \u0219tampila cu inscrip\u021bia &#8222;Apostil\u0103&#8221; care confirm\u0103 autenticitatea semn\u0103turii \u0219i, implicit, legalitatea \u0219i &#8230; <a title=\"Apostila Ucraina &#x1f1fa;&#x1f1e6;\" class=\"read-more\" href=\"https:\/\/apostille.expert\/ro\/apostila-ucraina\/\" aria-label=\"Cite\u0219te mai multe despre Apostila Ucraina &#x1f1fa;&#x1f1e6;\">Cite\u0219te mai mult<\/a><\/p>\n","protected":false},"author":1,"featured_media":0,"parent":0,"menu_order":0,"comment_status":"closed","ping_status":"closed","template":"","meta":{"_eb_attr":"","footnotes":""},"class_list":["post-210","page","type-page","status-publish"],"yoast_head":"<!-- This site is optimized with the Yoast SEO plugin v27.4 - https:\/\/yoast.com\/product\/yoast-seo-wordpress\/ -->\n<title>Apostila Ucraina &#x1f1fa;&#x1f1e6; - Acte (Documente), Legalizare \u0219i Apostila in EU, SUA, America de Sud<\/title>\n<meta name=\"robots\" content=\"index, follow, max-snippet:-1, max-image-preview:large, max-video-preview:-1\" \/>\n<link rel=\"canonical\" href=\"https:\/\/apostille.expert\/ro\/apostila-ucraina\/\" \/>\n<meta property=\"og:locale\" content=\"ro_RO\" \/>\n<meta property=\"og:type\" content=\"article\" \/>\n<meta property=\"og:title\" content=\"Apostila Ucraina &#x1f1fa;&#x1f1e6; - Acte (Documente), Legalizare \u0219i Apostila in EU, SUA, America de Sud\" \/>\n<meta property=\"og:description\" content=\"Ce este apostila ucrainean\u0103? Apostila din Ucraina, la fel ca \u00een celelalte \u021b\u0103ri care fac parte din Conven\u021bia de la Haga privind apostila (\u021b\u0103rile membre ale Conven\u021biei), confirm\u0103 semn\u0103turile oficialilor de pe documentele emise de autorit\u0103\u021bile oficiale din Ucraina. Apostila ucrainean\u0103 este un \u0219tampila cu inscrip\u021bia &#8222;Apostil\u0103&#8221; care confirm\u0103 autenticitatea semn\u0103turii \u0219i, implicit, legalitatea \u0219i ... Cite\u0219te mai mult\" \/>\n<meta property=\"og:url\" content=\"https:\/\/apostille.expert\/ro\/apostila-ucraina\/\" \/>\n<meta property=\"og:site_name\" content=\"Acte (Documente), Legalizare \u0219i Apostila in EU, SUA, America de Sud\" \/>\n<meta property=\"article:modified_time\" content=\"2024-04-09T20:36:37+00:00\" \/>\n<meta property=\"og:image\" content=\"https:\/\/apostille.expert\/wp-content\/uploads\/2022\/09\/Apostille_Ukraine.jpg\" \/>\n<meta name=\"twitter:card\" content=\"summary_large_image\" \/>\n<meta name=\"twitter:label1\" content=\"Timp estimat pentru citire\" \/>\n\t<meta name=\"twitter:data1\" content=\"6 minute\" \/>\n<script type=\"application\/ld+json\" class=\"yoast-schema-graph\">{\"@context\":\"https:\\\/\\\/schema.org\",\"@graph\":[{\"@type\":\"WebPage\",\"@id\":\"https:\\\/\\\/apostille.expert\\\/ro\\\/apostila-ucraina\\\/\",\"url\":\"https:\\\/\\\/apostille.expert\\\/ro\\\/apostila-ucraina\\\/\",\"name\":\"Apostila Ucraina &#x1f1fa;&#x1f1e6; - Acte (Documente), Legalizare \u0219i Apostila in EU, SUA, America de Sud\",\"isPartOf\":{\"@id\":\"https:\\\/\\\/apostille.expert\\\/ro\\\/#website\"},\"primaryImageOfPage\":{\"@id\":\"https:\\\/\\\/apostille.expert\\\/ro\\\/apostila-ucraina\\\/#primaryimage\"},\"image\":{\"@id\":\"https:\\\/\\\/apostille.expert\\\/ro\\\/apostila-ucraina\\\/#primaryimage\"},\"thumbnailUrl\":\"https:\\\/\\\/apostille.expert\\\/wp-content\\\/uploads\\\/2022\\\/09\\\/Apostille_Ukraine.jpg\",\"datePublished\":\"2024-04-09T20:30:56+00:00\",\"dateModified\":\"2024-04-09T20:36:37+00:00\",\"breadcrumb\":{\"@id\":\"https:\\\/\\\/apostille.expert\\\/ro\\\/apostila-ucraina\\\/#breadcrumb\"},\"inLanguage\":\"ro-RO\",\"potentialAction\":[{\"@type\":\"ReadAction\",\"target\":[\"https:\\\/\\\/apostille.expert\\\/ro\\\/apostila-ucraina\\\/\"]}]},{\"@type\":\"ImageObject\",\"inLanguage\":\"ro-RO\",\"@id\":\"https:\\\/\\\/apostille.expert\\\/ro\\\/apostila-ucraina\\\/#primaryimage\",\"url\":\"https:\\\/\\\/apostille.expert\\\/wp-content\\\/uploads\\\/2022\\\/09\\\/Apostille_Ukraine.jpg\",\"contentUrl\":\"https:\\\/\\\/apostille.expert\\\/wp-content\\\/uploads\\\/2022\\\/09\\\/Apostille_Ukraine.jpg\"},{\"@type\":\"BreadcrumbList\",\"@id\":\"https:\\\/\\\/apostille.expert\\\/ro\\\/apostila-ucraina\\\/#breadcrumb\",\"itemListElement\":[{\"@type\":\"ListItem\",\"position\":1,\"name\":\"Home\",\"item\":\"https:\\\/\\\/apostille.expert\\\/ro\\\/\"},{\"@type\":\"ListItem\",\"position\":2,\"name\":\"Apostila Ucraina &#x1f1fa;&#x1f1e6;\"}]},{\"@type\":\"WebSite\",\"@id\":\"https:\\\/\\\/apostille.expert\\\/ro\\\/#website\",\"url\":\"https:\\\/\\\/apostille.expert\\\/ro\\\/\",\"name\":\"Acte (Documente), Legalizare \u0219i Apostila in EU, SUA, America de Sud\",\"description\":\"Acte (Documente), Legalizare \u0219i Apostila in tarile EU, SUA, America de Sud, Moldova, Rusia, Ucraina, Azerbaijan, Armenia, Polonia, Fran\u021ba, Georgia, Kazahstan, Kirghizia si alte tarile ale lumii\",\"potentialAction\":[{\"@type\":\"SearchAction\",\"target\":{\"@type\":\"EntryPoint\",\"urlTemplate\":\"https:\\\/\\\/apostille.expert\\\/ro\\\/?s={search_term_string}\"},\"query-input\":{\"@type\":\"PropertyValueSpecification\",\"valueRequired\":true,\"valueName\":\"search_term_string\"}}],\"inLanguage\":\"ro-RO\"}]}<\/script>\n<!-- \/ Yoast SEO plugin. -->","yoast_head_json":{"title":"Apostila Ucraina &#x1f1fa;&#x1f1e6; - Acte (Documente), Legalizare \u0219i Apostila in EU, SUA, America de Sud","robots":{"index":"index","follow":"follow","max-snippet":"max-snippet:-1","max-image-preview":"max-image-preview:large","max-video-preview":"max-video-preview:-1"},"canonical":"https:\/\/apostille.expert\/ro\/apostila-ucraina\/","og_locale":"ro_RO","og_type":"article","og_title":"Apostila Ucraina &#x1f1fa;&#x1f1e6; - Acte (Documente), Legalizare \u0219i Apostila in EU, SUA, America de Sud","og_description":"Ce este apostila ucrainean\u0103? Apostila din Ucraina, la fel ca \u00een celelalte \u021b\u0103ri care fac parte din Conven\u021bia de la Haga privind apostila (\u021b\u0103rile membre ale Conven\u021biei), confirm\u0103 semn\u0103turile oficialilor de pe documentele emise de autorit\u0103\u021bile oficiale din Ucraina. Apostila ucrainean\u0103 este un \u0219tampila cu inscrip\u021bia &#8222;Apostil\u0103&#8221; care confirm\u0103 autenticitatea semn\u0103turii \u0219i, implicit, legalitatea \u0219i ... Cite\u0219te mai mult","og_url":"https:\/\/apostille.expert\/ro\/apostila-ucraina\/","og_site_name":"Acte (Documente), Legalizare \u0219i Apostila in EU, SUA, America de Sud","article_modified_time":"2024-04-09T20:36:37+00:00","og_image":[{"url":"https:\/\/apostille.expert\/wp-content\/uploads\/2022\/09\/Apostille_Ukraine.jpg","type":"","width":"","height":""}],"twitter_card":"summary_large_image","twitter_misc":{"Timp estimat pentru citire":"6 minute"},"schema":{"@context":"https:\/\/schema.org","@graph":[{"@type":"WebPage","@id":"https:\/\/apostille.expert\/ro\/apostila-ucraina\/","url":"https:\/\/apostille.expert\/ro\/apostila-ucraina\/","name":"Apostila Ucraina &#x1f1fa;&#x1f1e6; - Acte (Documente), Legalizare \u0219i Apostila in EU, SUA, America de Sud","isPartOf":{"@id":"https:\/\/apostille.expert\/ro\/#website"},"primaryImageOfPage":{"@id":"https:\/\/apostille.expert\/ro\/apostila-ucraina\/#primaryimage"},"image":{"@id":"https:\/\/apostille.expert\/ro\/apostila-ucraina\/#primaryimage"},"thumbnailUrl":"https:\/\/apostille.expert\/wp-content\/uploads\/2022\/09\/Apostille_Ukraine.jpg","datePublished":"2024-04-09T20:30:56+00:00","dateModified":"2024-04-09T20:36:37+00:00","breadcrumb":{"@id":"https:\/\/apostille.expert\/ro\/apostila-ucraina\/#breadcrumb"},"inLanguage":"ro-RO","potentialAction":[{"@type":"ReadAction","target":["https:\/\/apostille.expert\/ro\/apostila-ucraina\/"]}]},{"@type":"ImageObject","inLanguage":"ro-RO","@id":"https:\/\/apostille.expert\/ro\/apostila-ucraina\/#primaryimage","url":"https:\/\/apostille.expert\/wp-content\/uploads\/2022\/09\/Apostille_Ukraine.jpg","contentUrl":"https:\/\/apostille.expert\/wp-content\/uploads\/2022\/09\/Apostille_Ukraine.jpg"},{"@type":"BreadcrumbList","@id":"https:\/\/apostille.expert\/ro\/apostila-ucraina\/#breadcrumb","itemListElement":[{"@type":"ListItem","position":1,"name":"Home","item":"https:\/\/apostille.expert\/ro\/"},{"@type":"ListItem","position":2,"name":"Apostila Ucraina &#x1f1fa;&#x1f1e6;"}]},{"@type":"WebSite","@id":"https:\/\/apostille.expert\/ro\/#website","url":"https:\/\/apostille.expert\/ro\/","name":"Acte (Documente), Legalizare \u0219i Apostila in EU, SUA, America de Sud","description":"Acte (Documente), Legalizare \u0219i Apostila in tarile EU, SUA, America de Sud, Moldova, Rusia, Ucraina, Azerbaijan, Armenia, Polonia, Fran\u021ba, Georgia, Kazahstan, Kirghizia si alte tarile ale lumii","potentialAction":[{"@type":"SearchAction","target":{"@type":"EntryPoint","urlTemplate":"https:\/\/apostille.expert\/ro\/?s={search_term_string}"},"query-input":{"@type":"PropertyValueSpecification","valueRequired":true,"valueName":"search_term_string"}}],"inLanguage":"ro-RO"}]}},"_links":{"self":[{"href":"https:\/\/apostille.expert\/ro\/wp-json\/wp\/v2\/pages\/210","targetHints":{"allow":["GET"]}}],"collection":[{"href":"https:\/\/apostille.expert\/ro\/wp-json\/wp\/v2\/pages"}],"about":[{"href":"https:\/\/apostille.expert\/ro\/wp-json\/wp\/v2\/types\/page"}],"author":[{"embeddable":true,"href":"https:\/\/apostille.expert\/ro\/wp-json\/wp\/v2\/users\/1"}],"replies":[{"embeddable":true,"href":"https:\/\/apostille.expert\/ro\/wp-json\/wp\/v2\/comments?post=210"}],"version-history":[{"count":5,"href":"https:\/\/apostille.expert\/ro\/wp-json\/wp\/v2\/pages\/210\/revisions"}],"predecessor-version":[{"id":217,"href":"https:\/\/apostille.expert\/ro\/wp-json\/wp\/v2\/pages\/210\/revisions\/217"}],"wp:attachment":[{"href":"https:\/\/apostille.expert\/ro\/wp-json\/wp\/v2\/media?parent=210"}],"curies":[{"name":"wp","href":"https:\/\/api.w.org\/{rel}","templated":true}]}}