{"id":207,"date":"2024-04-09T19:37:12","date_gmt":"2024-04-09T19:37:12","guid":{"rendered":"https:\/\/apostille.expert\/ro\/?page_id=207"},"modified":"2024-04-09T20:43:23","modified_gmt":"2024-04-09T20:43:23","slug":"cazier-judiciar-cazier-juridic-din-ucraina","status":"publish","type":"page","link":"https:\/\/apostille.expert\/ro\/cazier-judiciar-cazier-juridic-din-ucraina\/","title":{"rendered":"Cazier judiciar, cazier juridic din Ucraina"},"content":{"rendered":"\n<h2 class=\"wp-block-heading\">Ce este o adeverin\u021b\u0103 de cazier judiciar?<\/h2>\n\n\n\n<p><strong>O adeverin\u021b\u0103 de cazier judiciar este un document oficial care atest\u0103 lipsa de condamnare sau de urm\u0103rire penal\u0103 a unei persoane pe teritoriul unei anumite \u021b\u0103ri sau jurisdic\u021bii.<\/strong> Acest document confirm\u0103 faptul c\u0103 persoana respectiv\u0103 nu a fost condamnat\u0103 pentru comiterea unor infrac\u021biuni sau are un istoric penal curat \u00een perioada specificat\u0103.<\/p>\n\n\n\n<p>Adeverin\u021ba de cazier judiciar este adesea necesar\u0103 pentru diverse scopuri, cum ar fi angajarea la locul de munc\u0103, ob\u021binerea vizei, participarea la licita\u021bii, precum \u0219i pentru adop\u021bie, instituirea ocrotirii \u0219i alte procese juridice semnificative. Acest document ajut\u0103 organiza\u021biile \u0219i institu\u021biile s\u0103 se asigure de securitatea \u0219i fiabilitatea persoanei cu care inten\u021bioneaz\u0103 s\u0103 interac\u021bioneze.<\/p>\n\n\n\n<h2 class=\"wp-block-heading\">Cum arat\u0103 o adeverin\u021b\u0103 de cazier judiciar din Ucraina?<\/h2>\n\n\n\n<div class=\"wp-block-cover\"><span aria-hidden=\"true\" class=\"wp-block-cover__background has-background-dim\"><\/span><img decoding=\"async\" class=\"wp-block-cover__image-background wp-image-3538\" alt=\"\" src=\"https:\/\/apostille.expert\/wp-content\/uploads\/2024\/04\/Dovidka_o_Nesudimost_Ukrainei-1024x718.jpg\" style=\"object-position:9% 76%\" data-object-fit=\"cover\" data-object-position=\"9% 76%\"\/><div class=\"wp-block-cover__inner-container is-layout-flow wp-block-cover-is-layout-flow\">\n<p class=\"has-text-align-center has-large-font-size\">apostille.expert<\/p>\n<\/div><\/div>\n\n\n\n<h2 class=\"wp-block-heading\">Ce informa\u021bii con\u021bine o adeverin\u021b\u0103 de cazier judiciar din Ucraina?<\/h2>\n\n\n\n<p>Acest document este o adeverin\u021b\u0103 de cazier judiciar cu serie, num\u0103r, dat\u0103 de emitere, emis\u0103 de Ministerul Afacerilor Interne al Ucrainei pe baza solicit\u0103rii unui cet\u0103\u021bean al Ucrainei. Se men\u021bioneaz\u0103 c\u0103 acest cet\u0103\u021bean nu are cazier judiciar, nu a fost urm\u0103rit penal \u0219i nu este c\u0103utat la data \u00eentocmirii adeverin\u021bei, care se refer\u0103 la data de ________.<\/p>\n\n\n\n<p>Documentul mai con\u021bine informa\u021bii despre faptul c\u0103 adeverin\u021ba este furnizat\u0103 pentru prezentare la locul cererii. Semn\u0103tura \u0219i func\u021bia loc\u021biitorului \u0219efului direc\u021biei din Ministerul Afacerilor Interne al Ucrainei atest\u0103 autenticitatea \u0219i veridicitatea informa\u021biilor furnizate.<\/p>\n\n\n\n<p>De asemenea, \u00een document este indicat\u0103 data p\u00e2n\u0103 la care informa\u021biile din MIA al Ucrainei sunt valabile \u00een _________ Ucrainei, \u00een ora\u0219ul _________________, precum \u0219i \u00een regiunile _________. Aceasta se refer\u0103 la perioadele anterioare datei de emitere a adeverin\u021bei \u0219i indic\u0103 faptul c\u0103 informa\u021biile din adeverin\u021b\u0103 ar putea fi \u00eenvechite dac\u0103 au avut loc evenimente dup\u0103 aceste date.<\/p>\n\n\n\n<h2 class=\"wp-block-heading\">Textul adeverin\u021bei de cazier judiciar \u00een limba ucrainean\u0103<\/h2>\n\n\n\n<p>Seria \u041f\u0421\u0406 \u2116 _______<br>\u041c\u0406\u041d\u0406\u0421\u0422\u0415\u0420\u0421\u0422\u0412\u041e \u0412\u041d\u0423\u0422\u0420\u0406\u0428\u041d\u0406\u0425 \u0421\u041f\u0420\u0410\u0412 \u0423\u041a\u0420\u0410\u0407\u041d\u0418<br>\u0414\u041e\u0412\u0406\u0414\u041a\u0410<\/p>\n\n\n\n<p>\u0417\u0430 \u043e\u0431\u043b\u0456\u043a\u0430\u043c\u0438 \u041c\u0412\u0421 \u0433\u0440\u043e\u043c\u0430\u0434\u044f\u043d\u0438\u043d \u0423\u041a\u0420\u0410\u0407\u041d\u0418 _______________, \u043d\u0430\u0440\u043e\u0434\u0436\u0435\u043d\u0438\u0439 ____________ \u0440\u043e\u043a\u0443, \u0443\u0440\u043e\u0434\u0436\u0435\u043d\u0435\u0446\u044c \u043c\u0456\u0441\u0442\u0430 \u041a\u0438\u0454\u0432\u0430, \u043d\u0435 \u043f\u0440\u0438\u0442\u044f\u0433\u0443\u0454\u0442\u044c\u0441\u044f \u0434\u043e \u043a\u0440\u0438\u043c\u0456\u043d\u0430\u043b\u044c\u043d\u043e\u0457 \u0432\u0456\u0434\u043f\u043e\u0432\u0456\u0434\u0430\u043b\u044c\u043d\u043e\u0441\u0442\u0456, \u043d\u0435 \u043c\u0430\u0454 \u0441\u0443\u0434\u0438\u043c\u043e\u0441\u0442\u0456 \u0430\u0431\u043e \u0440\u043e\u0437\u0448\u0443\u043a\u043e\u043c \u0441\u0442\u0430\u043d\u043e\u043c \u043d\u0430 ________________.<\/p>\n\n\n\n<p>\u0414\u043e\u0432\u0456\u0434\u043a\u0430 \u043d\u0430\u0434\u0430\u043d\u0430 \u0434\u043b\u044f \u041f\u0420\u0415\u0414&#8217;\u042f\u0412\u041b\u0415\u041d\u041d\u042f \u0417\u0410 \u041c\u0406\u0421\u0426\u0415\u041c \u0412\u0418\u041c\u041e\u0413\u0418.<\/p>\n\n\n\n<p>\u0417\u0430\u0441\u0442\u0443\u043f\u043d\u0438\u043a \u043d\u0430\u0447\u0430\u043b\u044c\u043d\u0438\u043a\u0430 \u0443\u043f\u0440\u0430\u0432\u043b\u0456\u043d\u043d\u044f<br>_______________________________<\/p>\n\n\n\n<p>\u0417\u0430 \u043e\u0431\u043b\u0456\u043a\u043e\u043c \u0413\u0423\u041c\u0412\u0421 \u0423\u043a\u0440\u0430\u0457\u043d\u0438 \u0432 \u043c. _______________ \u0456\u043d\u0444\u043e\u0440\u043c\u0430\u0446\u0456\u044f \u043d\u0430\u0434\u0430\u0454\u0442\u044c\u0441\u044f \u0441\u0442\u0430\u043d\u043e\u043c \u043d\u0430 ___________. \u0417\u0430 \u043e\u0431\u043b\u0456\u043a\u0430\u043c\u0438 \u0413\u0423\u041c\n\n\u0412\u0421 \u0423\u043a\u0440\u0430\u0457\u043d\u0438 \u0432 _________________ \u043e\u0431\u043b\u0430\u0441\u0442\u044f\u0445 \u0456\u043d\u0444\u043e\u0440\u043c\u0430\u0446\u0456\u044f \u043d\u0430\u0434\u0430\u0454\u0442\u044c\u0441\u044f \u0441\u0442\u0430\u043d\u043e\u043c \u043d\u0430 _________________.<\/p>\n\n\n\n<h2 class=\"wp-block-heading\">Traducerea adeverin\u021bei de cazier judiciar din ucrainean\u0103 \u00een rom\u00e2n\u0103<\/h2>\n\n\n\n<p>Traducerea certificatului de cazier judiciar din ucrainean\u0103 \u00een rom\u00e2n\u0103:<\/p>\n\n\n\n<p>Seria \u041f\u0421\u0406 nr. <strong><em>__<\/em><\/strong><br>MINISTERUL AFACERILOR INTERNE AL UCRAINEI<br>CERTIFICAT<\/p>\n\n\n\n<p>Conform datelor furnizate de MAI, cet\u0103\u021beanul UCRAINEI <strong><em><strong><em>___________<\/em><\/strong><\/em><\/strong>, n\u0103scut \u00een anul <strong>, originar din ora\u0219ul <em>___<\/em><\/strong>, nu a fost implicat \u00een activit\u0103\u021bi penale, nu are antecedente penale sau c\u0103ut\u0103ri penale p\u00e2n\u0103 \u00een anul <strong><em>__<\/em><\/strong>.<\/p>\n\n\n\n<p>Certificatul este emis \u00een scopul PREZENT\u0102RII LA CERERE.<\/p>\n\n\n\n<p>Vice\u0219eful direc\u021biei<\/p>\n\n\n\n<hr class=\"wp-block-separator has-alpha-channel-opacity\"\/>\n\n\n\n<p>Conform datelor furnizate de GUVD al Ucrainei \u00een ora\u0219ul <strong><em><strong><em>__<\/em><\/strong><\/em><\/strong>, informa\u021biile sunt valabile p\u00e2n\u0103 la data de <strong><em><strong><em>_____<\/em><\/strong><\/em><\/strong>. Conform datelor furnizate de GUVD al Ucrainei \u00een regiunea <strong><em><strong><em>____<\/em><\/strong><\/em><\/strong>, informa\u021biile sunt valabile p\u00e2n\u0103 la data de <strong><em><strong><em>___<\/em><\/strong><\/em><\/strong>.<\/p>\n\n\n\n<h2 class=\"wp-block-heading\">Ce trebuie f\u0103cut dac\u0103 \u00een adeverin\u021ba de cazier judiciar exist\u0103 erori?<\/h2>\n\n\n\n<p>Din p\u0103cate, astfel de situa\u021bii apar \u0219i ele. Pute\u021bi comanda o nou\u0103 adeverin\u021b\u0103 de cazier judiciar de la noi \u0219i o pute\u021bi ob\u021bine f\u0103r\u0103 erori pe baza datelor din pa\u0219aportul sau buletinul dumneavoastr\u0103 de identitate. \u00cen cazul \u00een care comanda\u021bi direct de la noi, avoca\u021bii no\u0219tri vor verifica toate datele, vor clarifica informa\u021biile necunoscute de la dumneavoastr\u0103 \u0219i vor verifica adeverin\u021ba la primirea ei. Ve\u021bi primi fotografia ei dup\u0103 finalizare \u0219i ve\u021bi putea verifica c\u0103 totul este \u00een regul\u0103 cu adeverin\u021ba.<\/p>\n\n\n\n<h2 class=\"wp-block-heading\">Cum se aplic\u0103 apostila pe adeverin\u021ba de cazier judiciar?<\/h2>\n\n\n\n<p>Apostila este ata\u0219at\u0103 la adeverin\u021b\u0103 \u0219i este autentificat\u0103 prin \u0219tampil\u0103 umed\u0103 pe ata\u0219ament. De asemenea, pute\u021bi comanda o apostil\u0103 \u00een agen\u021bia noastr\u0103 f\u0103r\u0103 a veni \u00een Ucraina. Mai multe detalii despre apostila ucrainean\u0103 pute\u021bi citi <a href=\"https:\/\/apostille.expert\/%d0%b0%d0%bf%d0%be%d1%81%d1%82%d0%b8%d0%bb%d1%8c-%d1%83%d0%ba%d1%80%d0%b0%d0%b8%d0%bd%d0%b0\/\">aici &gt;&gt;&gt;<\/a><\/p>\n\n\n\n<h2 class=\"wp-block-heading\">C\u00e2t timp este valabil\u0103 adeverin\u021ba de cazier judiciar din Ucraina?<\/h2>\n\n\n\n<p>Un certificat de cazier judiciar este valabil timp de trei luni \u00een Ucraina \u0219i, de obicei, \u0219ase luni \u00een str\u0103in\u0103tate. Trebuie s\u0103 verifica\u021bi termenul de valabilitate al certificatului la institu\u021bia sau organiza\u021bia din str\u0103in\u0103tate unde inten\u021biona\u021bi s\u0103 \u00eel prezenta\u021bi. Re\u021bine\u021bi c\u0103 \u00een multe \u021b\u0103ri ar putea fi necesar\u0103 apostila pe certificat \u0219i traducerea acestuia, precum \u0219i apostila pe traducerea certificatului. Oferim \u0219i aceste servicii.<\/p>\n\n\n\n<h2 class=\"wp-block-heading\">Se poate ob\u021bine un certificat de cazier judiciar la consulatul (ambasada) Ucrainei?<\/h2>\n\n\n\n<p>Dac\u0103 dori\u021bi s\u0103 utiliza\u021bi un astfel de certificat \u00een interiorul \u021b\u0103rii, \u00een Ucraina, atunci da, pute\u021bi ob\u021bine un certificat de cazier judiciar la ambasada ucrainean\u0103. Acest document poate fi, de asemenea, folosit pentru a fi prezentat \u00een misiunile diplomatice (ambasade, consulate) pentru a c\u0103l\u0103tori \u00een str\u0103in\u0103tate.<\/p>\n\n\n\n<p>\u00cens\u0103 un astfel de certificat nu poate fi legalizat sau apostilat. Traducerea unui astfel de certificat devine inutil\u0103.<\/p>\n\n\n\n<h2 class=\"wp-block-heading\">Unde este mai bine s\u0103 traduce\u021bi un certificat de cazier judiciar din Ucraina?<\/h2>\n\n\n\n<p>Cea mai bun\u0103 solu\u021bie este s\u0103 traduce\u021bi certificatul \u00een Ucraina. Este mai u\u0219or s\u0103 corecta\u021bi erorile, iar traduc\u0103torii locali sunt familiariza\u021bi cu specificul termenilor de traducere, a numelor ucrainene \u0219i a altor detalii specifice. De asemenea, apar multe nuan\u021be pe care traduc\u0103torii str\u0103ini ar putea s\u0103 nu le cunoasc\u0103.<\/p>\n\n\n\n<h2 class=\"wp-block-heading\">Cum s\u0103 ob\u021bine\u021bi un certificat de cazier judiciar \u00een Ucraina din str\u0103in\u0103tate?<\/h2>\n\n\n\n<p>Dac\u0103 dori\u021bi s\u0103 comanda\u021bi un certificat de cazier judiciar (de lips\u0103 de cazier judiciar, de faptul c\u0103 o persoan\u0103 nu are cazier judiciar) f\u0103r\u0103 a veni \u00een Ucraina, ne pute\u021bi contacta. \u00cen termen de 3 zile lucr\u0103toare, vom ob\u021bine un certificat de cazier judiciar cu datele dvs. Noi lucr\u0103m f\u0103r\u0103 a avea nevoie de o procur\u0103 notarial\u0103 sau consular\u0103 &#8211; pe baza unei cereri speciale din partea dvs.<\/p>\n\n\n\n<h2 class=\"wp-block-heading\">Cum s\u0103 trimite\u021bi un certificat \u00een str\u0103in\u0103tate?<\/h2>\n\n\n\n<p>Ne pute\u021bi comanda livrarea documentelor \u00een str\u0103in\u0103tate \u00een orice \u021bar\u0103 din lume. Vom lua \u00een considerare toate cerin\u021bele dvs. \u0219i vom selecta cea mai bun\u0103 \u0219i de \u00eencredere op\u021biune de livrare la un pre\u021b acceptabil pentru dvs. Livrarea prin curier este cea mai bun\u0103 solu\u021bie \u00een acest caz: certificatul va fi bine ambalat, ve\u021bi putea urm\u0103ri livrarea certificatului prin codul de urm\u0103rire online, ve\u021bi primi certificatul direct \u00een m\u00e2n\u0103 \u0219i nu va fi pierdut \u00een tranzit.<\/p>\n\n\n\n<h2 class=\"wp-block-heading\">Cum s\u0103 ob\u021bine\u021bi un certificat de cazier judiciar online \u00een Ucraina?<\/h2>\n\n\n\n<p>Pentru a ob\u021bine un certificat de cazier judiciar online, trebuie s\u0103 ave\u021bi o semn\u0103tur\u0103 digital\u0103. Cu toate acestea, chiar \u0219i av\u00e2nd-o, certificatul trebuie s\u0103 fie ob\u021binut, verificat \u0219i apostilat (legalizat). Ne pute\u021bi \u00eencredin\u021ba \u00eentreaga procedur\u0103.<\/p>\n\n\n\n<h2 class=\"wp-block-heading\">Cum v\u0103 ajut\u0103m s\u0103 ob\u021bine\u021bi un certificat de cazier judiciar din Ucraina?<\/h2>\n\n\n\n<p>Fiecare persoan\u0103 merit\u0103 \u00eencredere \u0219i respect, \u00een special c\u00e2nd este vorba despre trecutul \u0219i reputa\u021bia sa. \u00cen\u021belegem c\u0103 ob\u021binerea unui certificat de cazier judiciar nu este doar o formalitate, ci \u0219i dreptul dvs. la onestitate \u0219i integritate \u00een fa\u021ba legii. De aceea, trat\u0103m aceast\u0103 problem\u0103 cu o aten\u021bie special\u0103 \u0219i responsabilitate.<\/p>\n\n\n\n<p>C\u00e2nd v\u0103 adresa\u021bi nou\u0103, pute\u021bi fi siguri c\u0103 cererea dvs. va fi procesat\u0103 \u00een cel mai scurt timp \u0219i cu respectarea tuturor cerin\u021belor legislative. Nu v\u0103 furniz\u0103m doar un certificat, ci v\u0103 oferim garan\u021bia fiabilit\u0103\u021bii \u0219i impecabilit\u0103\u021bii dvs.<\/p>\n\n\n\n<p>Echipa noastr\u0103 de speciali\u0219ti lucreaz\u0103 pentru ca procesul dvs. de ob\u021binere a certificatului s\u0103 fie c\u00e2t mai convenabil \u0219i transparent posibil. Ne respect\u0103m timpul \u0219i ne str\u0103duim s\u0103 fie sigur c\u0103 fiecare client este mul\u021bumit de serviciul nostru.<\/p>\n\n\n\n<p>L\u0103sa\u021bi munca noastr\u0103 s\u0103 fie o dovad\u0103 c\u0103 \u00eentotdeauna pute\u021bi conta pe noi atunci c\u00e2nd este vorba de protejarea reputa\u021biei \u0219i a viitorului dvs. Ne onor\u0103m \u00eencrederea \u0219i suntem gata\n\n s\u0103 o justific\u0103m cu fiecare ac\u021biune a noastr\u0103.<\/p>\n\n\n\n<h2 class=\"wp-block-heading\">Care este costul unui certificat de cazier judiciar \u00een agen\u021bie?<\/h2>\n\n\n\n<p>V\u0103 ve\u021bi bucura de calitatea serviciilor noastre \u0219i de pre\u021bul pentru aceast\u0103 calitate. Costul unui certificat de cazier judiciar din Ucraina este de 90 de euro. Apostila pentru certificatul de cazier judiciar cost\u0103 50 de euro.<\/p>\n\n\n\n<h2 class=\"wp-block-heading\">Cum s\u0103 pl\u0103ti\u021bi pentru certificatul de cazier judiciar din Ucraina?<\/h2>\n\n\n\n<p>Pute\u021bi pl\u0103ti pentru certificat folosind orice metode disponibile \u00een Ucraina: transfer bancar, transfer pe card, sau prin intermediul unui sistem de transfer rapid c\u0103tre mandatarul nostru.<\/p>\n\n\n\n<p><strong>Trebuie s\u0103 \u021bine\u021bi cont de urm\u0103toarele etape<\/strong> atunci c\u00e2nd comanda\u021bi \u0219i ob\u021bine\u021bi un certificat de cazier judiciar prin intermediul agen\u021biei noastre:<br>1. <strong>V\u0103 adresa\u021bi nou\u0103 prin intermediul mesageriei indicate pe site &#8211; printr-un apel sau mesaj.<\/strong><br>2. Ne trimite\u021bi o fotografie a pa\u0219aportului \u0219i o cerere prin e-mail sau prin una dintre mesageriile noastre.<br>3. V\u0103 vom trimite o factur\u0103 proform\u0103.<br>4. <strong>Pl\u0103ti\u021bi \u00een baza facturii proforme \u0219i a contractului cu noi.<\/strong><br>5. Ob\u021binem certificatul \u00een Ucraina.<br>6. V\u0103 trimitem o fotografie a certificatului finalizat.<br>7. Confirma\u021bi c\u0103 nu exist\u0103 erori \u00een certificatul de cazier judiciar.<br>8. <strong>Trimitem prin serviciul de curierat ales de dvs. sau la cererea noastr\u0103.<\/strong><br>9. Ambal\u0103m certificatul \u0219i v\u0103 trimitem numele serviciului de curierat, codul de urm\u0103rire \u0219i site-ul pentru urm\u0103rirea livr\u0103rii.<br>10. <strong>Primi\u021bi certificatul personal.<\/strong> Curierul v\u0103 va suna la telefon \u0219i se va \u00eent\u00e2lni cu dvs. \u00eentr-un moment convenabil pentru dvs.<br>11. <strong>Sunte\u021bi mul\u021bumit \u0219i l\u0103sa\u021bi un feedback despre noi pe Google Maps \ud83d\ude42<\/strong><br><br>Suntem mereu disponibili prin mesagerie \u0219i prin e-mail pe tot parcursul procesului.<\/p>\n","protected":false},"excerpt":{"rendered":"<p>Ce este o adeverin\u021b\u0103 de cazier judiciar? O adeverin\u021b\u0103 de cazier judiciar este un document oficial care atest\u0103 lipsa de condamnare sau de urm\u0103rire penal\u0103 a unei persoane pe teritoriul unei anumite \u021b\u0103ri sau jurisdic\u021bii. Acest document confirm\u0103 faptul c\u0103 persoana respectiv\u0103 nu a fost condamnat\u0103 pentru comiterea unor infrac\u021biuni sau are un istoric penal &#8230; <a title=\"Cazier judiciar, cazier juridic din Ucraina\" class=\"read-more\" href=\"https:\/\/apostille.expert\/ro\/cazier-judiciar-cazier-juridic-din-ucraina\/\" aria-label=\"Cite\u0219te mai multe despre Cazier judiciar, cazier juridic din Ucraina\">Cite\u0219te mai mult<\/a><\/p>\n","protected":false},"author":1,"featured_media":0,"parent":0,"menu_order":0,"comment_status":"closed","ping_status":"closed","template":"","meta":{"_eb_attr":"","footnotes":""},"class_list":["post-207","page","type-page","status-publish"],"yoast_head":"<!-- This site is optimized with the Yoast SEO plugin v27.5 - https:\/\/yoast.com\/product\/yoast-seo-wordpress\/ -->\n<title>Cazier judiciar, cazier juridic din Ucraina - Acte (Documente), Legalizare \u0219i Apostila in EU, SUA, America de Sud<\/title>\n<meta name=\"robots\" content=\"index, follow, max-snippet:-1, max-image-preview:large, max-video-preview:-1\" \/>\n<link rel=\"canonical\" href=\"https:\/\/apostille.expert\/ro\/cazier-judiciar-cazier-juridic-din-ucraina\/\" \/>\n<meta property=\"og:locale\" content=\"ro_RO\" \/>\n<meta property=\"og:type\" content=\"article\" \/>\n<meta property=\"og:title\" content=\"Cazier judiciar, cazier juridic din Ucraina - Acte (Documente), Legalizare \u0219i Apostila in EU, SUA, America de Sud\" \/>\n<meta property=\"og:description\" content=\"Ce este o adeverin\u021b\u0103 de cazier judiciar? O adeverin\u021b\u0103 de cazier judiciar este un document oficial care atest\u0103 lipsa de condamnare sau de urm\u0103rire penal\u0103 a unei persoane pe teritoriul unei anumite \u021b\u0103ri sau jurisdic\u021bii. Acest document confirm\u0103 faptul c\u0103 persoana respectiv\u0103 nu a fost condamnat\u0103 pentru comiterea unor infrac\u021biuni sau are un istoric penal ... Cite\u0219te mai mult\" \/>\n<meta property=\"og:url\" content=\"https:\/\/apostille.expert\/ro\/cazier-judiciar-cazier-juridic-din-ucraina\/\" \/>\n<meta property=\"og:site_name\" content=\"Acte (Documente), Legalizare \u0219i Apostila in EU, SUA, America de Sud\" \/>\n<meta property=\"article:modified_time\" content=\"2024-04-09T20:43:23+00:00\" \/>\n<meta property=\"og:image\" content=\"https:\/\/apostille.expert\/wp-content\/uploads\/2024\/04\/Dovidka_o_Nesudimost_Ukrainei-1024x718.jpg\" \/>\n<meta name=\"twitter:card\" content=\"summary_large_image\" \/>\n<meta name=\"twitter:label1\" content=\"Timp estimat pentru citire\" \/>\n\t<meta name=\"twitter:data1\" content=\"8 minute\" \/>\n<script type=\"application\/ld+json\" class=\"yoast-schema-graph\">{\"@context\":\"https:\\\/\\\/schema.org\",\"@graph\":[{\"@type\":\"WebPage\",\"@id\":\"https:\\\/\\\/apostille.expert\\\/ro\\\/cazier-judiciar-cazier-juridic-din-ucraina\\\/\",\"url\":\"https:\\\/\\\/apostille.expert\\\/ro\\\/cazier-judiciar-cazier-juridic-din-ucraina\\\/\",\"name\":\"Cazier judiciar, cazier juridic din Ucraina - Acte (Documente), Legalizare \u0219i Apostila in EU, SUA, America de Sud\",\"isPartOf\":{\"@id\":\"https:\\\/\\\/apostille.expert\\\/ro\\\/#website\"},\"primaryImageOfPage\":{\"@id\":\"https:\\\/\\\/apostille.expert\\\/ro\\\/cazier-judiciar-cazier-juridic-din-ucraina\\\/#primaryimage\"},\"image\":{\"@id\":\"https:\\\/\\\/apostille.expert\\\/ro\\\/cazier-judiciar-cazier-juridic-din-ucraina\\\/#primaryimage\"},\"thumbnailUrl\":\"https:\\\/\\\/apostille.expert\\\/wp-content\\\/uploads\\\/2024\\\/04\\\/Dovidka_o_Nesudimost_Ukrainei-1024x718.jpg\",\"datePublished\":\"2024-04-09T19:37:12+00:00\",\"dateModified\":\"2024-04-09T20:43:23+00:00\",\"breadcrumb\":{\"@id\":\"https:\\\/\\\/apostille.expert\\\/ro\\\/cazier-judiciar-cazier-juridic-din-ucraina\\\/#breadcrumb\"},\"inLanguage\":\"ro-RO\",\"potentialAction\":[{\"@type\":\"ReadAction\",\"target\":[\"https:\\\/\\\/apostille.expert\\\/ro\\\/cazier-judiciar-cazier-juridic-din-ucraina\\\/\"]}]},{\"@type\":\"ImageObject\",\"inLanguage\":\"ro-RO\",\"@id\":\"https:\\\/\\\/apostille.expert\\\/ro\\\/cazier-judiciar-cazier-juridic-din-ucraina\\\/#primaryimage\",\"url\":\"https:\\\/\\\/apostille.expert\\\/wp-content\\\/uploads\\\/2024\\\/04\\\/Dovidka_o_Nesudimost_Ukrainei-1024x718.jpg\",\"contentUrl\":\"https:\\\/\\\/apostille.expert\\\/wp-content\\\/uploads\\\/2024\\\/04\\\/Dovidka_o_Nesudimost_Ukrainei-1024x718.jpg\"},{\"@type\":\"BreadcrumbList\",\"@id\":\"https:\\\/\\\/apostille.expert\\\/ro\\\/cazier-judiciar-cazier-juridic-din-ucraina\\\/#breadcrumb\",\"itemListElement\":[{\"@type\":\"ListItem\",\"position\":1,\"name\":\"Home\",\"item\":\"https:\\\/\\\/apostille.expert\\\/ro\\\/\"},{\"@type\":\"ListItem\",\"position\":2,\"name\":\"Cazier judiciar, cazier juridic din Ucraina\"}]},{\"@type\":\"WebSite\",\"@id\":\"https:\\\/\\\/apostille.expert\\\/ro\\\/#website\",\"url\":\"https:\\\/\\\/apostille.expert\\\/ro\\\/\",\"name\":\"Acte (Documente), Legalizare \u0219i Apostila in EU, SUA, America de Sud\",\"description\":\"Acte (Documente), Legalizare \u0219i Apostila in tarile EU, SUA, America de Sud, Moldova, Rusia, Ucraina, Azerbaijan, Armenia, Polonia, Fran\u021ba, Georgia, Kazahstan, Kirghizia si alte tarile ale lumii\",\"potentialAction\":[{\"@type\":\"SearchAction\",\"target\":{\"@type\":\"EntryPoint\",\"urlTemplate\":\"https:\\\/\\\/apostille.expert\\\/ro\\\/?s={search_term_string}\"},\"query-input\":{\"@type\":\"PropertyValueSpecification\",\"valueRequired\":true,\"valueName\":\"search_term_string\"}}],\"inLanguage\":\"ro-RO\"}]}<\/script>\n<!-- \/ Yoast SEO plugin. -->","yoast_head_json":{"title":"Cazier judiciar, cazier juridic din Ucraina - Acte (Documente), Legalizare \u0219i Apostila in EU, SUA, America de Sud","robots":{"index":"index","follow":"follow","max-snippet":"max-snippet:-1","max-image-preview":"max-image-preview:large","max-video-preview":"max-video-preview:-1"},"canonical":"https:\/\/apostille.expert\/ro\/cazier-judiciar-cazier-juridic-din-ucraina\/","og_locale":"ro_RO","og_type":"article","og_title":"Cazier judiciar, cazier juridic din Ucraina - Acte (Documente), Legalizare \u0219i Apostila in EU, SUA, America de Sud","og_description":"Ce este o adeverin\u021b\u0103 de cazier judiciar? O adeverin\u021b\u0103 de cazier judiciar este un document oficial care atest\u0103 lipsa de condamnare sau de urm\u0103rire penal\u0103 a unei persoane pe teritoriul unei anumite \u021b\u0103ri sau jurisdic\u021bii. Acest document confirm\u0103 faptul c\u0103 persoana respectiv\u0103 nu a fost condamnat\u0103 pentru comiterea unor infrac\u021biuni sau are un istoric penal ... Cite\u0219te mai mult","og_url":"https:\/\/apostille.expert\/ro\/cazier-judiciar-cazier-juridic-din-ucraina\/","og_site_name":"Acte (Documente), Legalizare \u0219i Apostila in EU, SUA, America de Sud","article_modified_time":"2024-04-09T20:43:23+00:00","og_image":[{"url":"https:\/\/apostille.expert\/wp-content\/uploads\/2024\/04\/Dovidka_o_Nesudimost_Ukrainei-1024x718.jpg","type":"","width":"","height":""}],"twitter_card":"summary_large_image","twitter_misc":{"Timp estimat pentru citire":"8 minute"},"schema":{"@context":"https:\/\/schema.org","@graph":[{"@type":"WebPage","@id":"https:\/\/apostille.expert\/ro\/cazier-judiciar-cazier-juridic-din-ucraina\/","url":"https:\/\/apostille.expert\/ro\/cazier-judiciar-cazier-juridic-din-ucraina\/","name":"Cazier judiciar, cazier juridic din Ucraina - Acte (Documente), Legalizare \u0219i Apostila in EU, SUA, America de Sud","isPartOf":{"@id":"https:\/\/apostille.expert\/ro\/#website"},"primaryImageOfPage":{"@id":"https:\/\/apostille.expert\/ro\/cazier-judiciar-cazier-juridic-din-ucraina\/#primaryimage"},"image":{"@id":"https:\/\/apostille.expert\/ro\/cazier-judiciar-cazier-juridic-din-ucraina\/#primaryimage"},"thumbnailUrl":"https:\/\/apostille.expert\/wp-content\/uploads\/2024\/04\/Dovidka_o_Nesudimost_Ukrainei-1024x718.jpg","datePublished":"2024-04-09T19:37:12+00:00","dateModified":"2024-04-09T20:43:23+00:00","breadcrumb":{"@id":"https:\/\/apostille.expert\/ro\/cazier-judiciar-cazier-juridic-din-ucraina\/#breadcrumb"},"inLanguage":"ro-RO","potentialAction":[{"@type":"ReadAction","target":["https:\/\/apostille.expert\/ro\/cazier-judiciar-cazier-juridic-din-ucraina\/"]}]},{"@type":"ImageObject","inLanguage":"ro-RO","@id":"https:\/\/apostille.expert\/ro\/cazier-judiciar-cazier-juridic-din-ucraina\/#primaryimage","url":"https:\/\/apostille.expert\/wp-content\/uploads\/2024\/04\/Dovidka_o_Nesudimost_Ukrainei-1024x718.jpg","contentUrl":"https:\/\/apostille.expert\/wp-content\/uploads\/2024\/04\/Dovidka_o_Nesudimost_Ukrainei-1024x718.jpg"},{"@type":"BreadcrumbList","@id":"https:\/\/apostille.expert\/ro\/cazier-judiciar-cazier-juridic-din-ucraina\/#breadcrumb","itemListElement":[{"@type":"ListItem","position":1,"name":"Home","item":"https:\/\/apostille.expert\/ro\/"},{"@type":"ListItem","position":2,"name":"Cazier judiciar, cazier juridic din Ucraina"}]},{"@type":"WebSite","@id":"https:\/\/apostille.expert\/ro\/#website","url":"https:\/\/apostille.expert\/ro\/","name":"Acte (Documente), Legalizare \u0219i Apostila in EU, SUA, America de Sud","description":"Acte (Documente), Legalizare \u0219i Apostila in tarile EU, SUA, America de Sud, Moldova, Rusia, Ucraina, Azerbaijan, Armenia, Polonia, Fran\u021ba, Georgia, Kazahstan, Kirghizia si alte tarile ale lumii","potentialAction":[{"@type":"SearchAction","target":{"@type":"EntryPoint","urlTemplate":"https:\/\/apostille.expert\/ro\/?s={search_term_string}"},"query-input":{"@type":"PropertyValueSpecification","valueRequired":true,"valueName":"search_term_string"}}],"inLanguage":"ro-RO"}]}},"_links":{"self":[{"href":"https:\/\/apostille.expert\/ro\/wp-json\/wp\/v2\/pages\/207","targetHints":{"allow":["GET"]}}],"collection":[{"href":"https:\/\/apostille.expert\/ro\/wp-json\/wp\/v2\/pages"}],"about":[{"href":"https:\/\/apostille.expert\/ro\/wp-json\/wp\/v2\/types\/page"}],"author":[{"embeddable":true,"href":"https:\/\/apostille.expert\/ro\/wp-json\/wp\/v2\/users\/1"}],"replies":[{"embeddable":true,"href":"https:\/\/apostille.expert\/ro\/wp-json\/wp\/v2\/comments?post=207"}],"version-history":[{"count":2,"href":"https:\/\/apostille.expert\/ro\/wp-json\/wp\/v2\/pages\/207\/revisions"}],"predecessor-version":[{"id":220,"href":"https:\/\/apostille.expert\/ro\/wp-json\/wp\/v2\/pages\/207\/revisions\/220"}],"wp:attachment":[{"href":"https:\/\/apostille.expert\/ro\/wp-json\/wp\/v2\/media?parent=207"}],"curies":[{"name":"wp","href":"https:\/\/api.w.org\/{rel}","templated":true}]}}