{"id":191,"date":"2024-03-05T11:02:56","date_gmt":"2024-03-05T11:02:56","guid":{"rendered":"https:\/\/apostille.expert\/ro\/?page_id=191"},"modified":"2024-03-05T11:25:42","modified_gmt":"2024-03-05T11:25:42","slug":"apostila-canada","status":"publish","type":"page","link":"https:\/\/apostille.expert\/ro\/apostila-canada\/","title":{"rendered":"Apostila Canada &#x1f1e8;&#x1f1e6;"},"content":{"rendered":"\n<h3 class=\"wp-block-heading\" id=\"h-cum-arata-apostila-canadiana\">Cum arat\u0103 apostila canadian\u0103?<\/h3>\n\n\n\n<figure class=\"wp-block-image size-large\"><img decoding=\"async\" src=\"https:\/\/apostille.expert\/wp-content\/uploads\/2024\/03\/apostille-canada-Modified-on-Paper-4-793x1024.jpg\" alt=\"Apostila Canada. Modelul \u0219tampilei de Apostil \u00een Canada\" class=\"wp-image-3491\"\/><\/figure>\n\n\n\n<p><\/p>\n\n\n\n<h3 class=\"wp-block-heading\" id=\"h-cerin\u021bele-pentru-apostilarea-documentelor-in-canada\">Cerin\u021bele pentru apostilarea documentelor \u00een Canada<\/h3>\n\n\n\n<p>conform site-ului oficial canadian <strong>Government of Canada<\/strong>:<\/p>\n\n\n\n<ol class=\"wp-block-list\">\n<li><strong>Documentele \u00een alte limbi dec\u00e2t engleza \u0219i franceza,<\/strong>&nbsp;trebuie s\u0103 fie:\n<ul class=\"wp-block-list\">\n<li>eliberate \u00een Canada<\/li>\n\n\n\n<li>autentificate notarial de un notar din Ontario<\/li>\n\n\n\n<li>\u00eenso\u021bite de o traducere emis\u0103 de un traduc\u0103tor canadian certificat<\/li>\n<\/ul>\n<\/li>\n\n\n\n<li><strong>Documentele oficiale noi&nbsp;<\/strong><strong>pot fi autentificate direct<\/strong>&nbsp;, ceea ce nu mai necesit\u0103 autentificare notarial\u0103 \u00eenainte de autentificare, inclusiv:\n<ul class=\"wp-block-list\">\n<li><strong>Diplomele de stat, gradele \u0219i transcrierile educa\u021bionale superioare din Ontario,<\/strong>&nbsp;eliberate p\u00e2n\u0103 \u00een ianuarie 2019.<\/li>\n\n\n\n<li><strong>Documentele emise<\/strong>&nbsp;de Curtea Suprem\u0103 sau Curtea din Ontario p\u00e2n\u0103 \u00een 10 iulie 2023. Aten\u021bie:<\/li>\n\n\n\n<li>Procesarea documentelor emise de instan\u021b\u0103 pentru cererile personale de autentificare poate dura p\u00e2n\u0103 la 10 zile lucr\u0103toare. Dac\u0103 cererea dvs. este urgent\u0103, pute\u021bi autentifica notarial documentele dvs. \u00eenainte de autentificare.<\/li>\n\n\n\n<li>Pentru&nbsp;<strong>certificatele de divor\u021b,<\/strong>&nbsp;eliberate p\u00e2n\u0103 \u00een 10 iulie 2023, pute\u021bi fie autentifica notarial documentul, fie s\u0103-l re\u00eennoi\u021bi printr-una din cele dou\u0103 modalit\u0103\u021bi:&nbsp;<a href=\"https:\/\/www.ontario.ca\/page\/file-family-court-documents-online?_ga=2.11607732.1211594404.1551882744-2110740029.1551882744#:~:text=%20You%20can%20submit%20most%20family%20court%20documents,8%20request%20a%20fee%20waiver%20certificate%20More%20\">online<\/a>&nbsp;sau la tribunalul unde a fost depus originalul. Certificatul de divor\u021b recent emis va fi supus verific\u0103rii f\u0103r\u0103 autentificare notarial\u0103.<\/li>\n\n\n\n<li><strong>Toate celelalte documente emise de instan\u021b\u0103<\/strong>&nbsp;p\u00e2n\u0103 \u00een 10 iulie 2023, vor continua s\u0103 necesite autentificare notarial\u0103.<\/li>\n<\/ul>\n<\/li>\n\n\n\n<li><strong>Documentele autentificate destinate \u021b\u0103rilor care au semnat Declara\u021bia de la Haga nu mai pot solicita legalizarea la consulate sau ambasade<\/strong>. Continua\u021bi s\u0103 verifica\u021bi cerin\u021bele pentru documente la consulatul, ambasada \u0219i\/sau destinatarul final.<\/li>\n\n\n\n<li><strong>Documentele emise \u00een afara Canadei<\/strong>, <strong>nu sunt supuse verific\u0103rii autenticit\u0103\u021bii<\/strong>&nbsp;\u0219i trebuie autentificate de jurisdic\u021bia \u00een care a fost emis documentul (de exemplu, actul de identitate al str\u0103inului). Consulta\u021bi lista altor documente,&nbsp;<a href=\"https:\/\/www.ontario.ca\/page\/authenticate-document-use-outside-canada#section-2\">care nu sunt supuse verific\u0103rii autenticit\u0103\u021bii<\/a>&nbsp;.<\/li>\n\n\n\n<li><strong>Documentele destinate \u021b\u0103rilor care au semnat Declara\u021bia de la Haga<\/strong>, vor primi certificate de apostil\u0103.&nbsp;<a href=\"https:\/\/www.hcch.net\/en\/instruments\/conventions\/status-table\/?cid=41\">Vede\u021bi lista \u021b\u0103rilor care au semnat Declara\u021bia de la Haga<\/a>&nbsp;.<\/li>\n<\/ol>\n\n\n\n<p><strong>Documentele destinate \u021b\u0103rilor care nu au semnat Declara\u021bia de la Haga<\/strong>, vor continua s\u0103 primeasc\u0103 certificate de autenticitate.&nbsp;Dac\u0103 documentele dvs. sunt \u00een noile categorii de documente oficiale (de exemplu, documentele emise de Curtea din Ontario \u0219i documentele de \u00eenv\u0103\u021b\u0103m\u00e2nt superior) care sunt supuse autentific\u0103rii directe, documentele dvs. ar putea s\u0103 nu necesite autentificare notarial\u0103 (mai multe detalii mai jos).<\/p>\n\n\n\n<h3 class=\"wp-block-heading\" id=\"h-ce-documente-pot-fi-apostiliate-in-canada\">Ce documente pot fi apostiliate \u00een Canada?<\/h3>\n\n\n\n<h4 class=\"wp-block-heading\" id=\"h-certificatul-de-na\u0219tere\">Certificatul de na\u0219tere<\/h4>\n\n\n\n<p>Certificatele de na\u0219tere trebuie s\u0103 fie emise de organul provincial&nbsp;<a href=\"https:\/\/www.bac-l\n\nac.gc.ca\/eng\/discover\/genealogy\/topics\/Pages\/births-marriages-deaths.aspx\">sau teritorial de \u00eenregistrare a actelor de stare civil\u0103<\/a>&nbsp;.&nbsp;Nu este necesar\u0103 autentificarea notarial\u0103.<\/p>\n\n\n\n<p>Nu se poate confirma autenticitatea certificatelor de na\u0219tere care:<\/p>\n\n\n\n<ul class=\"wp-block-list\">\n<li>copii autentificate notarial (dac\u0103 ave\u021bi nevoie de o copie, aceasta trebuie s\u0103 fie emis\u0103 de c\u0103tre organul corespunz\u0103tor al St\u0103rii Civile)<\/li>\n\n\n\n<li>emise de institu\u021bii religioase<\/li>\n<\/ul>\n\n\n\n<h4 class=\"wp-block-heading\" id=\"h-diplomele-de-colegiu-segviciu-sau-universitate\">Diplomele de colegiu\/segviciu sau universitate<\/h4>\n\n\n\n<p>Se poate confirma diplomele de colegiu\/segviciu \u0219i universit\u0103\u021bi, precum \u0219i transcrierile academice, emise \u00een Canada de c\u0103tre institu\u021biile de \u00eenv\u0103\u021b\u0103m\u00e2nt superior recunoscute.&nbsp;Originalele diplomelor de colegiu \u0219i universitate nu necesit\u0103 autentificare notarial\u0103.<\/p>\n\n\n\n<p>Pentru aceasta se folose\u0219te \u0219tampila cu \u0219tampil\u0103 &#8211; direct pe documente.&nbsp;Dac\u0103 nu dori\u021bi ca noi s\u0103 punem \u0219tampila pe original, v\u0103 suger\u0103m s\u0103 ne furniza\u021bi o copie autentificat\u0103.&nbsp;\u00cenainte de a face acest lucru, ar trebui s\u0103 verifica\u021bi dac\u0103 va fi acceptat\u0103 o copie autentificat\u0103&nbsp;&nbsp;<a href=\"https:\/\/www.international.gc.ca\/gac-amc\/about-a_propos\/services\/authentication-authentification\/step-etape-1.aspx?lang=eng#a1\">\u00een \u021bara unde vor fi utilizate documentele dvs.<\/a>&nbsp;.&nbsp;Dac\u0103 decide\u021bi s\u0103 autentifica\u021bi notarial documentul dvs., nu trebuie s\u0103 trimite\u021bi originalul la biroul nostru.<\/p>\n\n\n\n<p>Diplomele \u00een latin\u0103 sau greac\u0103 nu necesit\u0103 traducere autentificat\u0103.<\/p>\n\n\n\n<h4 class=\"wp-block-heading\" id=\"h-diplomele-de-\u0219coala-primara-sau-secundara\">Diplomele de \u0219coal\u0103 primar\u0103 sau secundar\u0103<\/h4>\n\n\n\n<p>Se poate confirma doar diplomele emise de \u0219colile primare sau secundare recunoscute din Canada.&nbsp;Aceste \u0219coli trebuie s\u0103 fie recunoscute de c\u0103tre ministerul provincial&nbsp;<a href=\"http:\/\/www.edu.gov.on.ca\/eng\/relsites\/oth_prov.html\">sau teritorial al educa\u021biei<\/a>&nbsp;.<\/p>\n\n\n\n<p>Diplomele de \u0219coal\u0103 primar\u0103 \u0219i secundar\u0103 trebuie s\u0103 fie&nbsp;<a href=\"https:\/\/www.international.gc.ca\/gac-amc\/about-a_propos\/services\/authentication-authentification\/step-etape-3.aspx?lang=eng\">autentificate notarial<\/a>.<\/p>\n\n\n\n<h4 class=\"wp-block-heading\" id=\"h-catalogul-de-performan\u021be-\u0219colare-de-la-\u0219coala-primara-sau-secundara-sau-transcrierea\">Catalogul de performan\u021be \u0219colare de la \u0219coala primar\u0103 sau secundar\u0103 sau transcrierea<\/h4>\n\n\n\n<p>Documentele educa\u021bionale trebuie emise de institu\u021biile de \u00eenv\u0103\u021b\u0103m\u00e2nt recunoscute de&nbsp;<a href=\"http:\/\/www.edu.gov.on.ca\/eng\/relsites\/oth_prov.html\">ministerul educa\u021biei provinciale sau teritoriale<\/a> din Canada.<\/p>\n\n\n\n<p>Transcriptul sau registrul dvs. de note trebuie s\u0103 fie&nbsp;<a href=\"https:\/\/www.international.gc.ca\/gac-amc\/about-a_propos\/services\/authentication-authentification\/step-etape-3.aspx?lang=eng\">notarial autentificate<\/a>.<\/p>\n\n\n\n<h4 class=\"wp-block-heading\" id=\"death\">Certificat de deces<\/h4>\n\n\n\n<p>Certificatele de deces trebuie emise de&nbsp;<a href=\"https:\/\/www.bac-lac.gc.ca\/eng\/discover\/genealogy\/topics\/Pages\/births-marriages-deaths.aspx\">birourile de \u00eenregistrare a actelor de stare civil\u0103 provinciale sau teritoriale<\/a>. Nu trebuie s\u0103 fie notarial autentificate.<\/p>\n\n\n\n<p><strong>Nu este posibil<\/strong> s\u0103 autentifici certificatele de deces care:<\/p>\n\n\n\n<ul class=\"wp-block-list\">\n<li>sunt copii notarial autentificate (dac\u0103 ave\u021bi nevoie de o copie, aceasta trebuie s\u0103 fie emis\u0103 de biroul de statistic\u0103 vital\u0103 corespunz\u0103tor)<\/li>\n\n\n\n<li>sunt emise de institu\u021bii religioase<\/li>\n\n\n\n<li>sunt emise de agen\u021bii funerare (chiar \u0219i autentificate notarial)<\/li>\n<\/ul>\n\n\n\n<h4 class=\"wp-block-heading\">Certificat de absolvire a \u0219colii de limbi (cursuri de limb\u0103)<\/h4>\n\n\n\n<p>Se poate autentifica doar certificatele de absolvire a \u0219colilor de limb\u0103 emise de institu\u021bii de \u00eenv\u0103\u021b\u0103m\u00e2nt recunoscute din Canada.<\/p>\n\n\n\n<p>Institu\u021bia recunoscut\u0103 este acreditat\u0103 de:<\/p>\n\n\n\n<ul class=\"wp-block-list\">\n<li><a href=\"http:\/\/www.languagescanada.ca\/en\">Limbi Canada<\/a><\/li>\n\n\n\n<li><a href=\"https:\/\/tesl.ca\/training\/tesl-canada-recognized-teacher-training-programs.html\">TESL Canada<\/a><\/li>\n\n\n\n<li><a href=\"https:\/\/www.teslontario.org\/accreditation\/tesl-training-programs\">TESL Ontario<\/a><\/li>\n<\/ul>\n\n\n\n<p>Certificatele de absolvire a \u0219colilor de limb\u0103 de la institu\u021biile de \u00eenv\u0103\u021b\u0103m\u00e2nt recunoscute trebuie s\u0103 fie&nbsp;<a href=\"https:\/\/www.international.gc.ca\/gac-amc\/about-a_propos\/services\/authentication-authentification\/step-etape-3.aspx?lang=eng\">notarial autentificate<\/a>.<\/p>\n\n\n\n<h3 class=\"wp-block-heading\" id=\"h-unde-se-poate-pune-apostila-in-canada\">Unde se poate pune apostil\u0103 \u00een Canada<\/h3>\n\n\n\n<p><strong>Ministerul Afacerilor Externe al Canadei:<\/strong><\/p>\n\n\n\n<ul class=\"wp-block-list\">\n<li>Documentele emise de guvernul Canadei<\/li>\n\n\n\n<li>Documentele emise sau notarial autentificate \u00een urm\u0103toarele provincii \u0219i teritorii:\n<ul class=\"wp-block-list\">\n<li>Manitoba<\/li>\n\n\n\n<li>New Brunswick<\/li>\n\n\n\n<li>Newfoundland \u0219i Labrador<\/li>\n\n\n\n<li>Teritoriile de Nord-Vest<\/li>\n\n\n\n<li>Nova Scotia<\/li>\n\n\n\n<li>Nunavut<\/li>\n\n\n\n<li>Insula Prin\u021bului Edward<\/li>\n\n\n\n<li>Yukon<\/li>\n<\/ul>\n<\/li>\n<\/ul>\n\n\n\n<p>Dac\u0103 documentul dvs. a fost notarial autentificat \u00een provinciile \u0219i teritoriile enumerate mai sus, \u00eel ve\u021bi trimite la Ministerul Afacerilor Externe al Canadei, indiferent de locul \u00een care a fost emis ini\u021bial.<\/p>\n\n\n\n<p>Anumite documente trebuie s\u0103 fie notarial autentificate \u00eenainte ca o autoritate competent\u0103 s\u0103 le poat\u0103 autentifica.&nbsp;Acestea pot include unele documente emise de guvernul Canadei.&nbsp;Dup\u0103 intrarea \u00een vigoare a Conven\u021biei de apostil\u0103, autoritatea competent\u0103 c\u0103reia trebuie s\u0103 o trimite\u021bi va fi determinat\u0103 de provincia sau teritoriul \u00een care documentul dvs. a fost notarial autentificat.<\/p>\n\n\n\n<p><strong>Autorit\u0103\u021bile competente<\/strong> din urm\u0103toarele provincii vor fi responsabile pentru aplicarea apostilelor pe documentele emise sau notarial autentificate \u00een provinciile lor:<\/p>\n\n\n\n<ul class=\"wp-block-list\">\n<li>Alberta<\/li>\n\n\n\n<li>British Columbia<\/li>\n\n\n\n<li>Ontario<\/li>\n\n\n\n<li>Quebec<\/li>\n\n\n\n<li>Saskatchewan<\/li>\n<\/ul>\n\n\n\n<h3 class=\"wp-block-heading\">Exist\u0103 E-Apostil\u0103 (E-aplica\u021bie) \u00een Canada?<\/h3>\n\n\n\n<p>P\u00e2n\u0103 \u00een martie 2024, Canada nu are un registru electronic deschis pentru apostile \u0219i nu exist\u0103 apostile electronice.<\/p>\n\n\n\n<h3 class=\"wp-block-heading\">Cum se poate verifica apostila canadian\u0103?<\/h3>\n\n\n\n<p>Pentru a verifica apostila cu un num\u0103r de certificat care \u00eencepe cu&nbsp;<strong>CA-<\/strong>&nbsp;,&nbsp;<strong>AB-<\/strong>&nbsp;,&nbsp;<strong>BC-<\/strong>&nbsp;sau&nbsp;<strong>SK-<\/strong>&nbsp;, trimite\u021bi un e-mail la&nbsp;<a href=\"mailto:apostille.expert@gmail.com\">apostille@international.gc.ca<\/a>&nbsp;\u0219i furniza\u021bi urm\u0103toarele informa\u021bii:<\/p>\n\n\n\n<ul class=\"wp-block-list\">\n<li>Num\u0103rul certificatului<\/li>\n\n\n\n<li>Data emiterii<\/li>\n<\/ul>\n\n\n\n<p>Pentru a verifica apostila cu un num\u0103r de certificat care \u00eencepe cu&nbsp;<strong>ON- , contacta\u021bi&nbsp;<\/strong><a href=\"http:\/\/www.officialdocuments.mgcs.gov.on.ca\/en-US\/validity-check\/\">Serviciul de Documente Oficiale<\/a>&nbsp;din Ontario.<\/p>\n\n\n\n<p>Pentru a verifica apostila cu un num\u0103r de certificat care \u00eencepe cu&nbsp;<strong>QC- , accesa\u021bi&nbsp;<\/strong><a href=\"https:\/\/registreapostilles.gouv.qc.ca\/\">Registrul Apostilelor<\/a>&nbsp;din Quebec&nbsp;(doar \u00een limba francez\u0103).<\/p>\n\n\n\n<h3 class=\"wp-block-heading\">Lista \u021b\u0103rilor \u00een care Conven\u021bia de apostil\u0103 nu este \u00een vigoare (\u00een decembrie 2023)<\/h3>\n\n\n\n<p>Urm\u0103toarea list\u0103 este furnizat\u0103 doar pentru convenien\u021ba dvs., iar dumneavoastr\u0103 sunte\u021bi responsabil pentru verificarea corectitudinii informa\u021biilor furnizate acolo.<\/p>\n\n\n\n<ul class=\"wp-block-list\">\n<li>Afganistan<\/li>\n\n\n\n<li>Algeria<\/li>\n\n\n\n<li>Angola<\/li>\n\n\n\n<li>Bangladesh<\/li>\n\n\n\n<li>Benin<\/li>\n\n\n\n<li>Bhutan<\/li>\n\n\n\n<li>Burkina Faso<\/li>\n\n\n\n<li>Cambodia<\/li>\n\n\n\n<li>Cameroon<\/li>\n\n\n\n<li>Central African Republic<\/li>\n\n\n\n<li>Chad<\/li>\n\n\n\n<li>Comoros<\/li>\n\n\n\n<li>Congo<\/li>\n\n\n\n<li>C\u00f4te d&#8217;Ivoire<\/li>\n\n\n\n<li>Cuba<\/li>\n\n\n\n<li>Democratic People&#8217;s Republic of Korea<\/li>\n\n\n\n<li>Democratic Republic of the Congo<\/li>\n\n\n\n<li>Djibouti<\/li>\n\n\n\n<li>Egypt<\/li>\n\n\n\n<li>Equatorial Guinea<\/li>\n\n\n\n<li>Eritrea<\/li>\n\n\n\n<li>Ethiopia<\/li>\n\n\n\n<li>Gabon<\/li>\n\n\n\n<li>Gambia<\/li>\n\n\n\n<li>Ghana<\/li>\n\n\n\n<li>Guinea<\/li>\n\n\n\n<li>Guinea-Bissau<\/li>\n\n\n\n<li>Haiti<\/li>\n\n\n\n<li>Iran<\/li>\n\n\n\n<li>Iraq<\/li>\n\n\n\n<li>Jordan<\/li>\n\n\n\n<li>Kenya<\/li>\n\n\n\n<li>Kiribati<\/li>\n\n\n\n<li>Kuwait<\/li>\n\n\n\n<li>Laos<\/li>\n\n\n\n<li>Lebanon<\/li>\n\n\n\n<li>Libya<\/li>\n\n\n\n<li>Madagascar<\/li>\n\n\n\n<li>Malaysia<\/li>\n\n\n\n<li>Maldives<\/li>\n\n\n\n<li>Mali<\/li>\n\n\n\n<li>Mauritania<\/li>\n\n\n\n<li>Micronesia<\/li>\n\n\n\n<li>Mozambique<\/li>\n\n\n\n<li>Myanmar<\/li>\n\n\n\n<li>Nauru<\/li>\n\n\n\n<li>Nepal<\/li>\n\n\n\n<li>Niger<\/li>\n\n\n\n<li>Nigeria<\/li>\n\n\n\n<li>Papua New Guinea<\/li>\n\n\n\n<li>Qatar<\/li>\n\n\n\n<li>Rwanda<\/li>\n\n\n\n<li>Sierra Leone<\/li>\n\n\n\n<li>Solomon Islands<\/li>\n\n\n\n<li>Somalia<\/li>\n\n\n\n<li>South Sudan<\/li>\n\n\n\n<li>Sri Lanka<\/li>\n\n\n\n<li>Sudan<\/li>\n\n\n\n<li>Syria<\/li>\n\n\n\n<li>Thailand<\/li>\n\n\n\n<li>Timor-Leste<\/li>\n\n\n\n<li>Togo<\/li>\n\n\n\n<li>Turkmenistan<\/li>\n\n\n\n<li>Tuvalu<\/li>\n\n\n\n<li>Uganda<\/li>\n\n\n\n<li>United Arab Emirates<\/li>\n\n\n\n<li>Tanzania<\/li>\n\n\n\n<li>Vietnam<\/li>\n\n\n\n<li>Yemen<\/li>\n\n\n\n<li>Zambia<\/li>\n\n\n\n<li>Zimbabwe<\/li>\n<\/ul>\n","protected":false},"excerpt":{"rendered":"<p>Cum arat\u0103 apostila canadian\u0103? Cerin\u021bele pentru apostilarea documentelor \u00een Canada conform site-ului oficial canadian Government of Canada: Documentele destinate \u021b\u0103rilor care nu au semnat Declara\u021bia de la Haga, vor continua s\u0103 primeasc\u0103 certificate de autenticitate.&nbsp;Dac\u0103 documentele dvs. sunt \u00een noile categorii de documente oficiale (de exemplu, documentele emise de Curtea din Ontario \u0219i documentele de &#8230; <a title=\"Apostila Canada &#x1f1e8;&#x1f1e6;\" class=\"read-more\" href=\"https:\/\/apostille.expert\/ro\/apostila-canada\/\" aria-label=\"Cite\u0219te mai multe despre Apostila Canada &#x1f1e8;&#x1f1e6;\">Cite\u0219te mai mult<\/a><\/p>\n","protected":false},"author":1,"featured_media":0,"parent":0,"menu_order":0,"comment_status":"closed","ping_status":"closed","template":"","meta":{"_eb_attr":"","footnotes":""},"class_list":["post-191","page","type-page","status-publish"],"yoast_head":"<!-- This site is optimized with the Yoast SEO plugin v27.4 - https:\/\/yoast.com\/product\/yoast-seo-wordpress\/ -->\n<title>Apostila Canada &#x1f1e8;&#x1f1e6; - Acte (Documente), Legalizare \u0219i Apostila in EU, SUA, America de Sud<\/title>\n<meta name=\"robots\" content=\"index, follow, max-snippet:-1, max-image-preview:large, max-video-preview:-1\" \/>\n<link rel=\"canonical\" href=\"https:\/\/apostille.expert\/ro\/apostila-canada\/\" \/>\n<meta property=\"og:locale\" content=\"ro_RO\" \/>\n<meta property=\"og:type\" content=\"article\" \/>\n<meta property=\"og:title\" content=\"Apostila Canada &#x1f1e8;&#x1f1e6; - Acte (Documente), Legalizare \u0219i Apostila in EU, SUA, America de Sud\" \/>\n<meta property=\"og:description\" content=\"Cum arat\u0103 apostila canadian\u0103? Cerin\u021bele pentru apostilarea documentelor \u00een Canada conform site-ului oficial canadian Government of Canada: Documentele destinate \u021b\u0103rilor care nu au semnat Declara\u021bia de la Haga, vor continua s\u0103 primeasc\u0103 certificate de autenticitate.&nbsp;Dac\u0103 documentele dvs. sunt \u00een noile categorii de documente oficiale (de exemplu, documentele emise de Curtea din Ontario \u0219i documentele de ... Cite\u0219te mai mult\" \/>\n<meta property=\"og:url\" content=\"https:\/\/apostille.expert\/ro\/apostila-canada\/\" \/>\n<meta property=\"og:site_name\" content=\"Acte (Documente), Legalizare \u0219i Apostila in EU, SUA, America de Sud\" \/>\n<meta property=\"article:modified_time\" content=\"2024-03-05T11:25:42+00:00\" \/>\n<meta property=\"og:image\" content=\"https:\/\/apostille.expert\/wp-content\/uploads\/2024\/03\/apostille-canada-Modified-on-Paper-4-793x1024.jpg\" \/>\n<meta name=\"twitter:card\" content=\"summary_large_image\" \/>\n<meta name=\"twitter:label1\" content=\"Timp estimat pentru citire\" \/>\n\t<meta name=\"twitter:data1\" content=\"7 minute\" \/>\n<script type=\"application\/ld+json\" class=\"yoast-schema-graph\">{\"@context\":\"https:\\\/\\\/schema.org\",\"@graph\":[{\"@type\":\"WebPage\",\"@id\":\"https:\\\/\\\/apostille.expert\\\/ro\\\/apostila-canada\\\/\",\"url\":\"https:\\\/\\\/apostille.expert\\\/ro\\\/apostila-canada\\\/\",\"name\":\"Apostila Canada &#x1f1e8;&#x1f1e6; - Acte (Documente), Legalizare \u0219i Apostila in EU, SUA, America de Sud\",\"isPartOf\":{\"@id\":\"https:\\\/\\\/apostille.expert\\\/ro\\\/#website\"},\"primaryImageOfPage\":{\"@id\":\"https:\\\/\\\/apostille.expert\\\/ro\\\/apostila-canada\\\/#primaryimage\"},\"image\":{\"@id\":\"https:\\\/\\\/apostille.expert\\\/ro\\\/apostila-canada\\\/#primaryimage\"},\"thumbnailUrl\":\"https:\\\/\\\/apostille.expert\\\/wp-content\\\/uploads\\\/2024\\\/03\\\/apostille-canada-Modified-on-Paper-4-793x1024.jpg\",\"datePublished\":\"2024-03-05T11:02:56+00:00\",\"dateModified\":\"2024-03-05T11:25:42+00:00\",\"breadcrumb\":{\"@id\":\"https:\\\/\\\/apostille.expert\\\/ro\\\/apostila-canada\\\/#breadcrumb\"},\"inLanguage\":\"ro-RO\",\"potentialAction\":[{\"@type\":\"ReadAction\",\"target\":[\"https:\\\/\\\/apostille.expert\\\/ro\\\/apostila-canada\\\/\"]}]},{\"@type\":\"ImageObject\",\"inLanguage\":\"ro-RO\",\"@id\":\"https:\\\/\\\/apostille.expert\\\/ro\\\/apostila-canada\\\/#primaryimage\",\"url\":\"https:\\\/\\\/apostille.expert\\\/wp-content\\\/uploads\\\/2024\\\/03\\\/apostille-canada-Modified-on-Paper-4-793x1024.jpg\",\"contentUrl\":\"https:\\\/\\\/apostille.expert\\\/wp-content\\\/uploads\\\/2024\\\/03\\\/apostille-canada-Modified-on-Paper-4-793x1024.jpg\"},{\"@type\":\"BreadcrumbList\",\"@id\":\"https:\\\/\\\/apostille.expert\\\/ro\\\/apostila-canada\\\/#breadcrumb\",\"itemListElement\":[{\"@type\":\"ListItem\",\"position\":1,\"name\":\"Home\",\"item\":\"https:\\\/\\\/apostille.expert\\\/ro\\\/\"},{\"@type\":\"ListItem\",\"position\":2,\"name\":\"Apostila Canada &#x1f1e8;&#x1f1e6;\"}]},{\"@type\":\"WebSite\",\"@id\":\"https:\\\/\\\/apostille.expert\\\/ro\\\/#website\",\"url\":\"https:\\\/\\\/apostille.expert\\\/ro\\\/\",\"name\":\"Acte (Documente), Legalizare \u0219i Apostila in EU, SUA, America de Sud\",\"description\":\"Acte (Documente), Legalizare \u0219i Apostila in tarile EU, SUA, America de Sud, Moldova, Rusia, Ucraina, Azerbaijan, Armenia, Polonia, Fran\u021ba, Georgia, Kazahstan, Kirghizia si alte tarile ale lumii\",\"potentialAction\":[{\"@type\":\"SearchAction\",\"target\":{\"@type\":\"EntryPoint\",\"urlTemplate\":\"https:\\\/\\\/apostille.expert\\\/ro\\\/?s={search_term_string}\"},\"query-input\":{\"@type\":\"PropertyValueSpecification\",\"valueRequired\":true,\"valueName\":\"search_term_string\"}}],\"inLanguage\":\"ro-RO\"}]}<\/script>\n<!-- \/ Yoast SEO plugin. -->","yoast_head_json":{"title":"Apostila Canada &#x1f1e8;&#x1f1e6; - Acte (Documente), Legalizare \u0219i Apostila in EU, SUA, America de Sud","robots":{"index":"index","follow":"follow","max-snippet":"max-snippet:-1","max-image-preview":"max-image-preview:large","max-video-preview":"max-video-preview:-1"},"canonical":"https:\/\/apostille.expert\/ro\/apostila-canada\/","og_locale":"ro_RO","og_type":"article","og_title":"Apostila Canada &#x1f1e8;&#x1f1e6; - Acte (Documente), Legalizare \u0219i Apostila in EU, SUA, America de Sud","og_description":"Cum arat\u0103 apostila canadian\u0103? Cerin\u021bele pentru apostilarea documentelor \u00een Canada conform site-ului oficial canadian Government of Canada: Documentele destinate \u021b\u0103rilor care nu au semnat Declara\u021bia de la Haga, vor continua s\u0103 primeasc\u0103 certificate de autenticitate.&nbsp;Dac\u0103 documentele dvs. sunt \u00een noile categorii de documente oficiale (de exemplu, documentele emise de Curtea din Ontario \u0219i documentele de ... Cite\u0219te mai mult","og_url":"https:\/\/apostille.expert\/ro\/apostila-canada\/","og_site_name":"Acte (Documente), Legalizare \u0219i Apostila in EU, SUA, America de Sud","article_modified_time":"2024-03-05T11:25:42+00:00","og_image":[{"url":"https:\/\/apostille.expert\/wp-content\/uploads\/2024\/03\/apostille-canada-Modified-on-Paper-4-793x1024.jpg","type":"","width":"","height":""}],"twitter_card":"summary_large_image","twitter_misc":{"Timp estimat pentru citire":"7 minute"},"schema":{"@context":"https:\/\/schema.org","@graph":[{"@type":"WebPage","@id":"https:\/\/apostille.expert\/ro\/apostila-canada\/","url":"https:\/\/apostille.expert\/ro\/apostila-canada\/","name":"Apostila Canada &#x1f1e8;&#x1f1e6; - Acte (Documente), Legalizare \u0219i Apostila in EU, SUA, America de Sud","isPartOf":{"@id":"https:\/\/apostille.expert\/ro\/#website"},"primaryImageOfPage":{"@id":"https:\/\/apostille.expert\/ro\/apostila-canada\/#primaryimage"},"image":{"@id":"https:\/\/apostille.expert\/ro\/apostila-canada\/#primaryimage"},"thumbnailUrl":"https:\/\/apostille.expert\/wp-content\/uploads\/2024\/03\/apostille-canada-Modified-on-Paper-4-793x1024.jpg","datePublished":"2024-03-05T11:02:56+00:00","dateModified":"2024-03-05T11:25:42+00:00","breadcrumb":{"@id":"https:\/\/apostille.expert\/ro\/apostila-canada\/#breadcrumb"},"inLanguage":"ro-RO","potentialAction":[{"@type":"ReadAction","target":["https:\/\/apostille.expert\/ro\/apostila-canada\/"]}]},{"@type":"ImageObject","inLanguage":"ro-RO","@id":"https:\/\/apostille.expert\/ro\/apostila-canada\/#primaryimage","url":"https:\/\/apostille.expert\/wp-content\/uploads\/2024\/03\/apostille-canada-Modified-on-Paper-4-793x1024.jpg","contentUrl":"https:\/\/apostille.expert\/wp-content\/uploads\/2024\/03\/apostille-canada-Modified-on-Paper-4-793x1024.jpg"},{"@type":"BreadcrumbList","@id":"https:\/\/apostille.expert\/ro\/apostila-canada\/#breadcrumb","itemListElement":[{"@type":"ListItem","position":1,"name":"Home","item":"https:\/\/apostille.expert\/ro\/"},{"@type":"ListItem","position":2,"name":"Apostila Canada &#x1f1e8;&#x1f1e6;"}]},{"@type":"WebSite","@id":"https:\/\/apostille.expert\/ro\/#website","url":"https:\/\/apostille.expert\/ro\/","name":"Acte (Documente), Legalizare \u0219i Apostila in EU, SUA, America de Sud","description":"Acte (Documente), Legalizare \u0219i Apostila in tarile EU, SUA, America de Sud, Moldova, Rusia, Ucraina, Azerbaijan, Armenia, Polonia, Fran\u021ba, Georgia, Kazahstan, Kirghizia si alte tarile ale lumii","potentialAction":[{"@type":"SearchAction","target":{"@type":"EntryPoint","urlTemplate":"https:\/\/apostille.expert\/ro\/?s={search_term_string}"},"query-input":{"@type":"PropertyValueSpecification","valueRequired":true,"valueName":"search_term_string"}}],"inLanguage":"ro-RO"}]}},"_links":{"self":[{"href":"https:\/\/apostille.expert\/ro\/wp-json\/wp\/v2\/pages\/191","targetHints":{"allow":["GET"]}}],"collection":[{"href":"https:\/\/apostille.expert\/ro\/wp-json\/wp\/v2\/pages"}],"about":[{"href":"https:\/\/apostille.expert\/ro\/wp-json\/wp\/v2\/types\/page"}],"author":[{"embeddable":true,"href":"https:\/\/apostille.expert\/ro\/wp-json\/wp\/v2\/users\/1"}],"replies":[{"embeddable":true,"href":"https:\/\/apostille.expert\/ro\/wp-json\/wp\/v2\/comments?post=191"}],"version-history":[{"count":2,"href":"https:\/\/apostille.expert\/ro\/wp-json\/wp\/v2\/pages\/191\/revisions"}],"predecessor-version":[{"id":198,"href":"https:\/\/apostille.expert\/ro\/wp-json\/wp\/v2\/pages\/191\/revisions\/198"}],"wp:attachment":[{"href":"https:\/\/apostille.expert\/ro\/wp-json\/wp\/v2\/media?parent=191"}],"curies":[{"name":"wp","href":"https:\/\/api.w.org\/{rel}","templated":true}]}}