{"id":19,"date":"2023-07-02T10:06:40","date_gmt":"2023-07-02T10:06:40","guid":{"rendered":"https:\/\/apostille.expert\/ro\/?page_id=19"},"modified":"2023-07-07T09:50:35","modified_gmt":"2023-07-07T09:50:35","slug":"apostila-azerbaidjan-%f0%9f%87%a6%f0%9f%87%bf","status":"publish","type":"page","link":"https:\/\/apostille.expert\/ro\/apostila-azerbaidjan-%f0%9f%87%a6%f0%9f%87%bf\/","title":{"rendered":"Apostila Azerbaidjan &#x1f1e6;&#x1f1ff;"},"content":{"rendered":"\n<h5 class=\"wp-block-heading\" id=\"h-serviciul-nostru-de-apostilare-in-azerbaidjan-va-poate-ajuta-sa-ob\u021bine\u021bi-\u0219tampila-de-apostila-pe-documentele-dvs\">Serviciul nostru de <strong>Apostilare \u00een Azerbaidjan<\/strong> v\u0103 poate ajuta s\u0103 ob\u021bine\u021bi \u0219tampila de Apostil\u0103 pe documentele dvs.<\/h5>\n\n\n<p><a style=\"background-color: #665cac; text-decoration: none; color: #ffffff;\" href=\"viber:\/\/chat?number=+37367666333\">\u00a0 Viber \u00a0<\/a>\u00a0 \u00a0<a style=\"background-color: #25d366; text-decoration: none; color: #ffffff;\" href=\"https:\/\/wa.me\/37367666333\">\u00a0 WhatsApp \u00a0<\/a>\u00a0 \u00a0<a style=\"background-color: #0088cc; text-decoration: none; color: #ffffff;\" href=\"tg:\/\/resolve?domain=AnyDocuments\">\u00a0 Telegram\u00a0 <\/a>\u00a0 \u00a0<strong><a href=\"mailto:apostille.expert@gmail.com\">apostille.expert@gmail.com<\/a><\/strong><\/p>\n<p><!-- \/wp:post-content --><\/p>\n<h2><strong>Apostil\u0103 \u00een Azerbaidjan<\/strong><\/h2>\n<h4><strong>Ce este o apostil\u0103 azer\u0103?<\/strong><\/h4>\n<p>Azerbaidjan s-a al\u0103turat Conven\u021biei privind apostila \u00een anul 2004. \u00cen anul 2005, apostila a devenit oficial\u0103 \u00een Azerbaidjan. Apostila \u00een Azerbaidjan are un format standard conform Conven\u021biei de la Haga &#8211; \u00een conformitate cu Conven\u021bia de la Haga din 1961, dimensiunea apostilei trebuie s\u0103 fie de cel pu\u021bin 9 cm lungime \u0219i 9 cm l\u0103\u021bime.<\/p>\n<p>Dimensiunea apostilei poate varia u\u0219or \u00een diferite \u021b\u0103ri, dar \u00een general trebuie s\u0103 respecte Conven\u021bia de la Haga. \u00cen orice caz, apostila trebuie s\u0103 fie clar\u0103 \u0219i u\u0219or de citit pentru a asigura eficacitatea sa \u00een utilizarea documentelor \u00een str\u0103in\u0103tate.<\/p>\n<section>\n<blockquote>\n<p>Pentru aplicarea apostilei, trebuie s\u0103 furniza\u021bi:<br \/>originalul \u0219i o copie a documentului oficial,<br \/>originalul \u0219i o copie a documentului de identitate,<br \/>originalul \u0219i o copie a procurii, \u00een cazul \u00een care titularul documentului depune o cerere prin intermediul unui reprezentant.<\/p>\n<\/blockquote>\n<\/section>\n<p><!-- widget-container --><\/p>\n<p>Potrivit regulilor, documentele oficiale care apar\u021bin unei persoane fizice, pentru aplicarea apostilei, se elibereaz\u0103 pe numele persoanei care a semnat documentul sau pe numele persoanei la care apar\u021bine documentul, inclusiv rude apropiate ale acestei persoane (so\u021b, so\u021bie, p\u0103rin\u021bi \u0219i copii, bunici, nepo\u021bi \u0219i fra\u021bi) pe baza unei declara\u021bii a persoanei.<\/p>\n<figure id=\"attachment_2968\" aria-describedby=\"caption-attachment-2968\" style=\"width: 589px\" class=\"wp-caption alignnone\"><img loading=\"lazy\" decoding=\"async\" class=\"size-full wp-image-2968\" src=\"https:\/\/apostille.expert\/wp-content\/uploads\/2023\/02\/Form_Apostille_Azerbaidjan.png\" alt=\"Model de apostil\u0103\" width=\"599\" height=\"852\" \/><figcaption id=\"caption-attachment-2968\" class=\"wp-caption-text\"><em>Model de formular pentru solicitarea apostilei la Ministerul Justi\u021biei<\/em><\/figcaption><\/figure>\n<h4>\u00a0<\/h4>\n<h4><strong>Ce informa\u021bii con\u021bine apostila azer\u0103?<\/strong><\/h4>\n<p>Documentele prezentate pentru eliberarea apostilei sunt \u00eenregistrate \u00een &#8222;Registrul documentelor prezentate direct la Ministerul Justi\u021biei pentru eliberarea certificatului (apostilei)&#8221; \u0219i con\u021bin urm\u0103toarele informa\u021bii:<br \/>num\u0103rul;<br \/>data \u00eenregistr\u0103rii documentului;<br \/>denumirea, num\u0103rul \u0219i data emiterii documentului;<br \/>prenumele \u0219i numele persoanei care a semnat documentul oficial;<br \/>func\u021bia persoanei care a semnat documentul oficial sau, \u00een cazul documentelor nesemnate, denumirea organului care a aplicat \u0219tampila sau sigiliul;<br \/>prenumele, numele, prenumele tat\u0103lui \u0219i adresa persoanei care prezint\u0103 documentul;<br \/>prenumele \u0219i numele persoanei care a semnat certificatul (apostila);<br \/>num\u0103rul \u0219i data emiterii certificatului (apostilei);<br \/>informa\u021bii privind returnarea documentelor (semn\u0103tura, data etc.).<\/p>\n<h4><strong>Cerin\u021be pentru documentele prezentate pentru apostil\u0103<\/strong><\/h4>\n<p><strong>Apostila nu se aplic\u0103 \u00een urm\u0103toarele cazuri:<\/strong><\/p>\n<p>&#8211; Apostila nu se elibereaz\u0103 pentru documente care contravin tratatelor interna\u021bionale sau actelor legislative ale Republicii Azerbaidjan,<br \/>&#8211; Nu se permite ad\u0103ugarea de informa\u021bii suplimentare, \u0219tergerea de linii incomplete \u0219i a altor spa\u021bii goale \u00een documentele prezentate pentru aplicarea apostilei,<br \/>&#8211; Apostila nu se elibereaz\u0103 pentru documentele \u00een care semn\u0103tura, \u0219tampila sau sigiliul de pe documentul oficial nu corespund cu cele din Ministerul Afacerilor Externe al Republicii Azerbaidjan,<br \/>&#8211; Apostila nu se aplic\u0103 pe documente oficiale \u00eentocmite \u00eentr-un format neconform cu legisla\u021bia \u00een vigoare,<br \/>&#8211; Apostila nu se aplic\u0103 pe documentele \u00een care semn\u0103tura, \u0219tampila sau sigiliul sunt deteriorate sau lipsesc.<\/p>\n<p><strong>Documentele oficiale cu mai multe pagini sunt numerotate \u0219i legate \u00eempreun\u0103<\/strong>, iar partea legat\u0103 a documentului este semnat\u0103 de o persoan\u0103 autorizat\u0103 \u0219i atestat\u0103 cu \u0219tampila.<\/p>\n<p><strong>O persoan\u0103 autorizat\u0103 din Ministerul Afacerilor Externe al Republicii Azerbaidjan verific\u0103 conformitatea documentelor oficiale pentru aplicarea apostilei.<\/strong><\/p>\n<p><strong>Documentul pentru care a fost refuzat\u0103 aplicarea apostilei<\/strong> este returnat solicitantului de c\u0103tre o persoan\u0103 autorizat\u0103 din Ministerul Afacerilor Externe al Republicii Azerbaidjan \u00een termen de 3 (trei) zile lucr\u0103toare, cu explicarea motivului refuzului.<\/p>\n<p><strong>Fiecare \u021bar\u0103 care este parte a Conven\u021biei de la Haga<\/strong> &#8222;Cu privire la eliminarea cerin\u021bei de legalizare a documentelor oficiale str\u0103ine&#8221;, <strong>stabile\u0219te care documente sunt supuse apostil\u0103rii. \u00cen general, se elibereaz\u0103 apostila pentru urm\u0103toarele documente:<\/strong><\/p>\n<p>\u00b7 documente emise de autorit\u0103\u021bile statului;<\/p>\n<p>\u00b7 documente judiciare;<\/p>\n<p>\u00b7 documente notariale (inclusiv copii sau traduceri notariale ale documentelor emise de persoane juridice; documente semnate de persoane fizice, cu semn\u0103tura lor notarial\u0103).<\/p>\n<p><strong>Cum se poate verifica apostila online \u00een Azerbaidjan?<\/strong> Apostila azer\u0103 poate fi verificat\u0103 pe site-ul Ministerului Justi\u021biei al Azerbaidjanului prin intermediul unui formular special:<\/p>\n<figure id=\"attachment_2977\" aria-describedby=\"caption-attachment-2977\" style=\"width: 646px\" class=\"wp-caption alignnone\"><img loading=\"lazy\" decoding=\"async\" class=\"size-full wp-image-2977\" src=\"https:\/\/apostille.expert\/wp-content\/uploads\/2023\/02\/Form_Apostille_Azerbaidjan1.png\" alt=\"Verificare apostil\u0103 \u00een Azerbaidjan\" width=\"656\" height=\"882\" \/><figcaption id=\"caption-attachment-2977\" class=\"wp-caption-text\"><em>Verificare apostil\u0103 \u00een Azerbaidjan online<\/em><\/figcaption><\/figure>\n<p><!-- wp:heading --><\/p>\n<h2 class=\"wp-block-heading\">Ce documente nu pot fi apostilate \u00een Azerbaidjan?<\/h2>\n<p><!-- \/wp:heading --><\/p>\n<p><!-- wp:paragraph --><\/p>\n<p>Documentele elaborate de agen\u021bii diplomatice \u0219i consulare, documentele administrative legate direct de opera\u021biuni vamale \u0219i comerciale nu pot fi apostilate.<\/p>\n<p><!-- \/wp:paragraph --><\/p>\n<p><!-- wp:paragraph --><\/p>\n<p>De exemplu, dac\u0103 a\u021bi primit o certificare de na\u0219tere de la consulatul Azerbaidjanului, acea document nu poate fi apostilat.<\/p>\n<p><!-- \/wp:paragraph --><\/p>\n<p><!-- wp:heading --><\/p>\n<h2 class=\"wp-block-heading\">Eliberarea documentelor pentru apostilare sau legalizare<\/h2>\n<p><!-- \/wp:heading --><\/p>\n<p><!-- wp:paragraph --><\/p>\n<p>Apostilarea sau legalizarea pot fi efectuate at\u00e2t pe documentul original, c\u00e2t \u0219i pe copia sau traducerea autentificate notarial.<\/p>\n<p><!-- \/wp:paragraph --><\/p>\n<p><!-- wp:paragraph --><\/p>\n<p><strong>Pute\u021bi depune documentul la Ministerul Justi\u021biei \u00een urm\u0103toarele moduri:<\/strong><\/p>\n<p><!-- \/wp:paragraph --><\/p>\n<p><!-- wp:paragraph --><\/p>\n<p>direct de c\u0103tre titularul documentului;<br \/>! <strong>prin intermediul agen\u021biei noastre (dac\u0103 v\u0103 afla\u021bi \u00een str\u0103in\u0103tate sau nu dori\u021bi s\u0103 v\u0103 ocupa\u021bi personal de aceste aspecte);<\/strong><br \/>prin birouri notariale;<br \/>prin centrele \u201eASAN services\u201d;<br \/>de c\u0103tre ter\u021bi.<\/p>\n<p><!-- \/wp:paragraph --><\/p>\n<p><!-- wp:heading --><\/p>\n<h2 class=\"wp-block-heading\">Cerin\u021be pentru documentele destinate apostil\u0103rii<\/h2>\n<p><!-- \/wp:heading --><\/p>\n<p><!-- wp:paragraph --><\/p>\n<p>Nu este permis\u0103 includerea \u00een documentele depuse pentru apostilare a unor informa\u021bii suplimentare, liniilor necompletate \u00een totalitate \u0219i a altor spa\u021bii libere.<\/p>\n<p><!-- \/wp:paragraph --><\/p>\n<p><!-- wp:paragraph --><\/p>\n<p>Documentele care constau \u00een mai multe pagini trebuie s\u0103 fie cusute, paginile trebuie numerotate, semnate de persoana care a emis documentul \u0219i autentificate cu sigiliu.<\/p>\n<p><!-- \/wp:paragraph --><\/p>\n<p><!-- wp:paragraph --><\/p>\n<p>Semn\u0103tura trebuie s\u0103 includ\u0103 denumirea func\u021biei persoanei care a semnat documentul, semn\u0103tura personal\u0103, numele \u0219i prenumele. \u00cen cazul absen\u021bei temporare a persoanei care ar trebui s\u0103 semneze documentul, acesta poate fi semnat de \u00eenlocuitorul sau sau de persoana care ac\u021bioneaz\u0103 \u00een numele s\u0103u. \u00cen acest caz, trebuie men\u021bionate func\u021bia efectiv\u0103, numele \u0219i prenumele persoanei care a semnat documentul. Este interzis\u0103 semnarea documentului prin scrierea cuv\u00e2ntului &#8222;\u00een locul&#8221; sau prin trasarea unei linii \u00eenainte de denumirea func\u021biei.<\/p>\n<p><!-- \/wp:paragraph --><\/p>\n<p><!-- wp:paragraph --><\/p>\n<p><strong>Not\u0103<\/strong>: Conform cerin\u021belor legisla\u021biei privind efectuarea actelor notariale, nu sunt permise documentele cu \u00eenc\u0103lc\u0103ri \u0219i cuversuri, anexe neaprobat, documente ale c\u0103ror text nu poate fi citit din cauza deterior\u0103rii sau documente scrise cu creionul.<\/p>\n<p><!-- \/wp:paragraph --><\/p>\n<p><!-- wp:paragraph --><\/p>\n<p>Textele contractelor \u0219i documentelor aprobate de notar trebuie s\u0103 fie scrise clar, datele \u0219i perioadele care se refer\u0103 la textul documentului trebuie scrise cel pu\u021bin o dat\u0103 cu litere, iar denumirile persoanelor juridice trebuie scrise f\u0103r\u0103 abrevieri, cu men\u021bionarea adresei lor de contact.<\/p>\n<p><!-- \/wp:paragraph --><\/p>\n<p><!-- wp:paragraph --><\/p>\n<p>Numele, prenumele \u0219i patronimicul persoanelor fizice trebuie scrise \u00een \u00eentregime, iar adresa de domiciliu trebuie men\u021bionat\u0103, de asemenea.<\/p>\n<p><!-- \/wp:paragraph --><\/p>\n<p><!-- wp:paragraph --><\/p>\n<p>Dac\u0103 documentele exprimate pe mai multe pagini nu sunt numerotate, nu sunt returnate \u0219i nu sunt confirmate prin semn\u0103tura \u0219i sigiliul persoanei sau institu\u021biei care le-a emis, aceste documente nu vor fi acceptate.<\/p>\n<p><!-- \/wp:paragraph --><\/p>\n<p><!-- wp:heading --><\/p>\n<h2 class=\"wp-block-heading\">Ce organ instituie apostila pe documente?<\/h2>\n<p><!-- \/wp:heading --><\/p>\n<p><!-- wp:paragraph --><\/p>\n<p>Ministerul Justi\u021biei este organul competent pentru instituirea apostilei pe urm\u0103toarele documente:<\/p>\n<p><!-- \/wp:paragraph --><\/p>\n<p><!-- wp:paragraph --><\/p>\n<p>documente emise de instan\u021bele de judecat\u0103;<br \/>documente ale procuraturii;<br \/>documente ale autorit\u0103\u021bilor judiciare;<br \/>documente autentificate notarial;<br \/>documente pentru \u00eenregistrarea st\u0103rii de cet\u0103\u021benie.<br \/>\u00cen ceea ce prive\u0219te celelalte documente, organul competent pentru instituirea apostilei este Ministerul Afacerilor Externe.<\/p>\n<p><!-- \/wp:paragraph --><\/p>\n<p><!-- wp:heading --><\/p>\n<h2 class=\"wp-block-heading\">\u00cen ce organ se realizeaz\u0103 legalizarea unui document?<\/h2>\n<p><!-- \/wp:heading --><\/p>\n<p><!-- wp:paragraph --><\/p>\n<p>Func\u021biile de legalizare consular\u0103 sunt efectuate de Departamentul Consular al Ministerului Afacerilor Externe al Republicii Azerbaidjan \u0219i de consulatele Republicii Azerbaidjan \u00een str\u0103in\u0103tate.<\/p>\n<p><!-- \/wp:paragraph --><\/p>\n<p><!-- wp:paragraph --><\/p>\n<p>Pentru a ob\u021bine legalizarea consular\u0103 a unui document original, trebuie s\u0103 v\u0103 adresa\u021bi MAE.<\/p>\n<p><!-- \/wp:paragraph --><\/p>\n<p><!-- wp:paragraph --><\/p>\n<p>Pentru a legaliza o copie sau o traducere a unui document, mai \u00eent\u00e2i se autentific\u0103 notarial autenticitatea semn\u0103turii traduc\u0103torului pe copia \u0219i traducerea acestuia. \u00cen acest document, autenticitatea semn\u0103turii notarului \u0219i a sigiliului acestei birouri notariale este confirmat\u0103 de Ministerul Justi\u021biei. Dup\u0103 aceasta, documentul este legalizat la institu\u021bia consular\u0103 a MAE \u0219i la serviciul consular al statului \u00een \u021bara noastr\u0103, care va fi utilizat\u0103 pe teritoriul s\u0103u.<\/p>\n<p><!-- \/wp:paragraph --><\/p>\n<p><!-- wp:heading --><\/p>\n<h2 class=\"wp-block-heading\">Ce \u021b\u0103ri fac parte din Conven\u021bia de Apostil\u0103? Cu ce \u021b\u0103ri utilizeaz\u0103 Azerbaidjanul Apostila?<\/h2>\n<p><!-- \/wp:heading --><\/p>\n<p><!-- wp:paragraph --><\/p>\n<p>List\u0103 \u021b\u0103rilor \u00een care este necesar\u0103 prezentarea apostilei azerbaidjaniene poate fi g\u0103sit\u0103 \u00eentotdeauna pe site-ul oficial al Conven\u021biei de la Haga privind apostila &#8211; <strong><a href=\"https:\/\/www.hcch.net\" target=\"_blank\" rel=\"noreferrer noopener\">https:\/\/www.hcch.net<\/a><\/strong><\/p>\n<p><!-- \/wp:paragraph --><\/p>\n<p><!-- wp:paragraph --><\/p>\n<p>Pentru \u021b\u0103rile care nu sunt men\u021bionate \u00een aceast\u0103 list\u0103, exist\u0103 procedur\u0103 de legalizare consular\u0103 \u00een Azerbaidjan &#8211; <a href=\"https:\/\/apostille.expert\/\u043b\u0435\u0433\u0430\u043b\u0438\u0437\u0430\u0446\u0438\u044f\/\" target=\"_blank\" rel=\"noreferrer noopener\">https:\/\/apostille.expert\/\u043b\u0435\u0433\u0430\u043b\u0438\u0437\u0430\u0446\u0438\u044f\/<\/a><\/p>\n<p><!-- \/wp:paragraph --><\/p>\n<h5 id=\"h-serviciul-nostru-de-apostilare-in-azerbaidjan-va-poate-ajuta-sa-ob\u021bine\u021bi-\u0219tampila-de-apostila-pe-documentele-dvs\" class=\"wp-block-heading\">Serviciul nostru de <strong>Apostilare \u00een Azerbaidjan<\/strong> v\u0103 poate ajuta s\u0103 ob\u021bine\u021bi \u0219tampila de Apostil\u0103 pe documentele dvs.<\/h5>\n<p><!-- \/wp:heading --><\/p>\n<p><a style=\"background-color: #665cac; text-decoration: none; color: #ffffff;\" href=\"viber:\/\/chat?number=+37367666333\">\u00a0 Viber \u00a0<\/a>\u00a0 \u00a0<a style=\"background-color: #25d366; text-decoration: none; color: #ffffff;\" href=\"https:\/\/wa.me\/37367666333\">\u00a0 WhatsApp \u00a0<\/a>\u00a0 \u00a0<a style=\"background-color: #0088cc; text-decoration: none; color: #ffffff;\" href=\"tg:\/\/resolve?domain=AnyDocuments\">\u00a0 Telegram\u00a0\u00a0<\/a><\/p>\n<p><!-- \/wp:table --><\/p>","protected":false},"excerpt":{"rendered":"<p>Serviciul nostru de Apostilare \u00een Azerbaidjan v\u0103 poate ajuta s\u0103 ob\u021bine\u021bi \u0219tampila de Apostil\u0103 pe documentele dvs. \u00a0 Viber \u00a0\u00a0 \u00a0\u00a0 WhatsApp \u00a0\u00a0 \u00a0\u00a0 Telegram\u00a0 \u00a0 \u00a0apostille.expert@gmail.com Apostil\u0103 \u00een Azerbaidjan Ce este o apostil\u0103 azer\u0103? Azerbaidjan s-a al\u0103turat Conven\u021biei privind apostila \u00een anul 2004. \u00cen anul 2005, apostila a devenit oficial\u0103 \u00een Azerbaidjan. Apostila \u00een &#8230; <a title=\"Apostila Azerbaidjan &#x1f1e6;&#x1f1ff;\" class=\"read-more\" href=\"https:\/\/apostille.expert\/ro\/apostila-azerbaidjan-%f0%9f%87%a6%f0%9f%87%bf\/\" aria-label=\"Cite\u0219te mai multe despre Apostila Azerbaidjan &#x1f1e6;&#x1f1ff;\">Cite\u0219te mai mult<\/a><\/p>\n","protected":false},"author":1,"featured_media":0,"parent":0,"menu_order":0,"comment_status":"closed","ping_status":"closed","template":"","meta":{"_eb_attr":"","footnotes":""},"class_list":["post-19","page","type-page","status-publish"],"yoast_head":"<!-- This site is optimized with the Yoast SEO plugin v27.5 - https:\/\/yoast.com\/product\/yoast-seo-wordpress\/ -->\n<title>Apostila Azerbaidjan &#x1f1e6;&#x1f1ff; - Acte (Documente), Legalizare \u0219i Apostila in EU, SUA, America de Sud<\/title>\n<meta name=\"robots\" content=\"index, follow, max-snippet:-1, max-image-preview:large, max-video-preview:-1\" \/>\n<link rel=\"canonical\" href=\"https:\/\/apostille.expert\/ro\/apostila-azerbaidjan-\ud83c\udde6\ud83c\uddff\/\" \/>\n<meta property=\"og:locale\" content=\"ro_RO\" \/>\n<meta property=\"og:type\" content=\"article\" \/>\n<meta property=\"og:title\" content=\"Apostila Azerbaidjan &#x1f1e6;&#x1f1ff; - Acte (Documente), Legalizare \u0219i Apostila in EU, SUA, America de Sud\" \/>\n<meta property=\"og:description\" content=\"Serviciul nostru de Apostilare \u00een Azerbaidjan v\u0103 poate ajuta s\u0103 ob\u021bine\u021bi \u0219tampila de Apostil\u0103 pe documentele dvs. \u00a0 Viber \u00a0\u00a0 \u00a0\u00a0 WhatsApp \u00a0\u00a0 \u00a0\u00a0 Telegram\u00a0 \u00a0 \u00a0apostille.expert@gmail.com Apostil\u0103 \u00een Azerbaidjan Ce este o apostil\u0103 azer\u0103? Azerbaidjan s-a al\u0103turat Conven\u021biei privind apostila \u00een anul 2004. \u00cen anul 2005, apostila a devenit oficial\u0103 \u00een Azerbaidjan. Apostila \u00een ... Cite\u0219te mai mult\" \/>\n<meta property=\"og:url\" content=\"https:\/\/apostille.expert\/ro\/apostila-azerbaidjan-\ud83c\udde6\ud83c\uddff\/\" \/>\n<meta property=\"og:site_name\" content=\"Acte (Documente), Legalizare \u0219i Apostila in EU, SUA, America de Sud\" \/>\n<meta property=\"article:modified_time\" content=\"2023-07-07T09:50:35+00:00\" \/>\n<meta property=\"og:image\" content=\"https:\/\/apostille.expert\/wp-content\/uploads\/2023\/02\/Form_Apostille_Azerbaidjan.png\" \/>\n<meta name=\"twitter:card\" content=\"summary_large_image\" \/>\n<meta name=\"twitter:label1\" content=\"Timp estimat pentru citire\" \/>\n\t<meta name=\"twitter:data1\" content=\"7 minute\" \/>\n<script type=\"application\/ld+json\" class=\"yoast-schema-graph\">{\"@context\":\"https:\\\/\\\/schema.org\",\"@graph\":[{\"@type\":\"WebPage\",\"@id\":\"https:\\\/\\\/apostille.expert\\\/ro\\\/apostila-azerbaidjan-%f0%9f%87%a6%f0%9f%87%bf\\\/\",\"url\":\"https:\\\/\\\/apostille.expert\\\/ro\\\/apostila-azerbaidjan-%f0%9f%87%a6%f0%9f%87%bf\\\/\",\"name\":\"Apostila Azerbaidjan &#x1f1e6;&#x1f1ff; - Acte (Documente), Legalizare \u0219i Apostila in EU, SUA, America de Sud\",\"isPartOf\":{\"@id\":\"https:\\\/\\\/apostille.expert\\\/ro\\\/#website\"},\"primaryImageOfPage\":{\"@id\":\"https:\\\/\\\/apostille.expert\\\/ro\\\/apostila-azerbaidjan-%f0%9f%87%a6%f0%9f%87%bf\\\/#primaryimage\"},\"image\":{\"@id\":\"https:\\\/\\\/apostille.expert\\\/ro\\\/apostila-azerbaidjan-%f0%9f%87%a6%f0%9f%87%bf\\\/#primaryimage\"},\"thumbnailUrl\":\"https:\\\/\\\/apostille.expert\\\/wp-content\\\/uploads\\\/2023\\\/02\\\/Form_Apostille_Azerbaidjan.png\",\"datePublished\":\"2023-07-02T10:06:40+00:00\",\"dateModified\":\"2023-07-07T09:50:35+00:00\",\"breadcrumb\":{\"@id\":\"https:\\\/\\\/apostille.expert\\\/ro\\\/apostila-azerbaidjan-%f0%9f%87%a6%f0%9f%87%bf\\\/#breadcrumb\"},\"inLanguage\":\"ro-RO\",\"potentialAction\":[{\"@type\":\"ReadAction\",\"target\":[\"https:\\\/\\\/apostille.expert\\\/ro\\\/apostila-azerbaidjan-%f0%9f%87%a6%f0%9f%87%bf\\\/\"]}]},{\"@type\":\"ImageObject\",\"inLanguage\":\"ro-RO\",\"@id\":\"https:\\\/\\\/apostille.expert\\\/ro\\\/apostila-azerbaidjan-%f0%9f%87%a6%f0%9f%87%bf\\\/#primaryimage\",\"url\":\"https:\\\/\\\/apostille.expert\\\/wp-content\\\/uploads\\\/2023\\\/02\\\/Form_Apostille_Azerbaidjan.png\",\"contentUrl\":\"https:\\\/\\\/apostille.expert\\\/wp-content\\\/uploads\\\/2023\\\/02\\\/Form_Apostille_Azerbaidjan.png\"},{\"@type\":\"BreadcrumbList\",\"@id\":\"https:\\\/\\\/apostille.expert\\\/ro\\\/apostila-azerbaidjan-%f0%9f%87%a6%f0%9f%87%bf\\\/#breadcrumb\",\"itemListElement\":[{\"@type\":\"ListItem\",\"position\":1,\"name\":\"Home\",\"item\":\"https:\\\/\\\/apostille.expert\\\/ro\\\/\"},{\"@type\":\"ListItem\",\"position\":2,\"name\":\"Apostila Azerbaidjan &#x1f1e6;&#x1f1ff;\"}]},{\"@type\":\"WebSite\",\"@id\":\"https:\\\/\\\/apostille.expert\\\/ro\\\/#website\",\"url\":\"https:\\\/\\\/apostille.expert\\\/ro\\\/\",\"name\":\"Acte (Documente), Legalizare \u0219i Apostila in EU, SUA, America de Sud\",\"description\":\"Acte (Documente), Legalizare \u0219i Apostila in tarile EU, SUA, America de Sud, Moldova, Rusia, Ucraina, Azerbaijan, Armenia, Polonia, Fran\u021ba, Georgia, Kazahstan, Kirghizia si alte tarile ale lumii\",\"potentialAction\":[{\"@type\":\"SearchAction\",\"target\":{\"@type\":\"EntryPoint\",\"urlTemplate\":\"https:\\\/\\\/apostille.expert\\\/ro\\\/?s={search_term_string}\"},\"query-input\":{\"@type\":\"PropertyValueSpecification\",\"valueRequired\":true,\"valueName\":\"search_term_string\"}}],\"inLanguage\":\"ro-RO\"}]}<\/script>\n<!-- \/ Yoast SEO plugin. -->","yoast_head_json":{"title":"Apostila Azerbaidjan &#x1f1e6;&#x1f1ff; - Acte (Documente), Legalizare \u0219i Apostila in EU, SUA, America de Sud","robots":{"index":"index","follow":"follow","max-snippet":"max-snippet:-1","max-image-preview":"max-image-preview:large","max-video-preview":"max-video-preview:-1"},"canonical":"https:\/\/apostille.expert\/ro\/apostila-azerbaidjan-\ud83c\udde6\ud83c\uddff\/","og_locale":"ro_RO","og_type":"article","og_title":"Apostila Azerbaidjan &#x1f1e6;&#x1f1ff; - Acte (Documente), Legalizare \u0219i Apostila in EU, SUA, America de Sud","og_description":"Serviciul nostru de Apostilare \u00een Azerbaidjan v\u0103 poate ajuta s\u0103 ob\u021bine\u021bi \u0219tampila de Apostil\u0103 pe documentele dvs. \u00a0 Viber \u00a0\u00a0 \u00a0\u00a0 WhatsApp \u00a0\u00a0 \u00a0\u00a0 Telegram\u00a0 \u00a0 \u00a0apostille.expert@gmail.com Apostil\u0103 \u00een Azerbaidjan Ce este o apostil\u0103 azer\u0103? Azerbaidjan s-a al\u0103turat Conven\u021biei privind apostila \u00een anul 2004. \u00cen anul 2005, apostila a devenit oficial\u0103 \u00een Azerbaidjan. Apostila \u00een ... Cite\u0219te mai mult","og_url":"https:\/\/apostille.expert\/ro\/apostila-azerbaidjan-\ud83c\udde6\ud83c\uddff\/","og_site_name":"Acte (Documente), Legalizare \u0219i Apostila in EU, SUA, America de Sud","article_modified_time":"2023-07-07T09:50:35+00:00","og_image":[{"url":"https:\/\/apostille.expert\/wp-content\/uploads\/2023\/02\/Form_Apostille_Azerbaidjan.png","type":"","width":"","height":""}],"twitter_card":"summary_large_image","twitter_misc":{"Timp estimat pentru citire":"7 minute"},"schema":{"@context":"https:\/\/schema.org","@graph":[{"@type":"WebPage","@id":"https:\/\/apostille.expert\/ro\/apostila-azerbaidjan-%f0%9f%87%a6%f0%9f%87%bf\/","url":"https:\/\/apostille.expert\/ro\/apostila-azerbaidjan-%f0%9f%87%a6%f0%9f%87%bf\/","name":"Apostila Azerbaidjan &#x1f1e6;&#x1f1ff; - Acte (Documente), Legalizare \u0219i Apostila in EU, SUA, America de Sud","isPartOf":{"@id":"https:\/\/apostille.expert\/ro\/#website"},"primaryImageOfPage":{"@id":"https:\/\/apostille.expert\/ro\/apostila-azerbaidjan-%f0%9f%87%a6%f0%9f%87%bf\/#primaryimage"},"image":{"@id":"https:\/\/apostille.expert\/ro\/apostila-azerbaidjan-%f0%9f%87%a6%f0%9f%87%bf\/#primaryimage"},"thumbnailUrl":"https:\/\/apostille.expert\/wp-content\/uploads\/2023\/02\/Form_Apostille_Azerbaidjan.png","datePublished":"2023-07-02T10:06:40+00:00","dateModified":"2023-07-07T09:50:35+00:00","breadcrumb":{"@id":"https:\/\/apostille.expert\/ro\/apostila-azerbaidjan-%f0%9f%87%a6%f0%9f%87%bf\/#breadcrumb"},"inLanguage":"ro-RO","potentialAction":[{"@type":"ReadAction","target":["https:\/\/apostille.expert\/ro\/apostila-azerbaidjan-%f0%9f%87%a6%f0%9f%87%bf\/"]}]},{"@type":"ImageObject","inLanguage":"ro-RO","@id":"https:\/\/apostille.expert\/ro\/apostila-azerbaidjan-%f0%9f%87%a6%f0%9f%87%bf\/#primaryimage","url":"https:\/\/apostille.expert\/wp-content\/uploads\/2023\/02\/Form_Apostille_Azerbaidjan.png","contentUrl":"https:\/\/apostille.expert\/wp-content\/uploads\/2023\/02\/Form_Apostille_Azerbaidjan.png"},{"@type":"BreadcrumbList","@id":"https:\/\/apostille.expert\/ro\/apostila-azerbaidjan-%f0%9f%87%a6%f0%9f%87%bf\/#breadcrumb","itemListElement":[{"@type":"ListItem","position":1,"name":"Home","item":"https:\/\/apostille.expert\/ro\/"},{"@type":"ListItem","position":2,"name":"Apostila Azerbaidjan &#x1f1e6;&#x1f1ff;"}]},{"@type":"WebSite","@id":"https:\/\/apostille.expert\/ro\/#website","url":"https:\/\/apostille.expert\/ro\/","name":"Acte (Documente), Legalizare \u0219i Apostila in EU, SUA, America de Sud","description":"Acte (Documente), Legalizare \u0219i Apostila in tarile EU, SUA, America de Sud, Moldova, Rusia, Ucraina, Azerbaijan, Armenia, Polonia, Fran\u021ba, Georgia, Kazahstan, Kirghizia si alte tarile ale lumii","potentialAction":[{"@type":"SearchAction","target":{"@type":"EntryPoint","urlTemplate":"https:\/\/apostille.expert\/ro\/?s={search_term_string}"},"query-input":{"@type":"PropertyValueSpecification","valueRequired":true,"valueName":"search_term_string"}}],"inLanguage":"ro-RO"}]}},"_links":{"self":[{"href":"https:\/\/apostille.expert\/ro\/wp-json\/wp\/v2\/pages\/19","targetHints":{"allow":["GET"]}}],"collection":[{"href":"https:\/\/apostille.expert\/ro\/wp-json\/wp\/v2\/pages"}],"about":[{"href":"https:\/\/apostille.expert\/ro\/wp-json\/wp\/v2\/types\/page"}],"author":[{"embeddable":true,"href":"https:\/\/apostille.expert\/ro\/wp-json\/wp\/v2\/users\/1"}],"replies":[{"embeddable":true,"href":"https:\/\/apostille.expert\/ro\/wp-json\/wp\/v2\/comments?post=19"}],"version-history":[{"count":9,"href":"https:\/\/apostille.expert\/ro\/wp-json\/wp\/v2\/pages\/19\/revisions"}],"predecessor-version":[{"id":50,"href":"https:\/\/apostille.expert\/ro\/wp-json\/wp\/v2\/pages\/19\/revisions\/50"}],"wp:attachment":[{"href":"https:\/\/apostille.expert\/ro\/wp-json\/wp\/v2\/media?parent=19"}],"curies":[{"name":"wp","href":"https:\/\/api.w.org\/{rel}","templated":true}]}}