{"id":182,"date":"2023-08-31T08:00:57","date_gmt":"2023-08-31T08:00:57","guid":{"rendered":"https:\/\/apostille.expert\/ro\/?page_id=182"},"modified":"2023-08-31T08:01:15","modified_gmt":"2023-08-31T08:01:15","slug":"apostila-china-%f0%9f%87%a8%f0%9f%87%b3","status":"publish","type":"page","link":"https:\/\/apostille.expert\/ro\/apostila-china-%f0%9f%87%a8%f0%9f%87%b3\/","title":{"rendered":"Apostila China &#x1f1e8;&#x1f1f3;"},"content":{"rendered":"\n<h2 class=\"wp-block-heading\" id=\"h-china-se-alatura-conven\u021biei-apostila-in-2023-legalizarea-documentelor-nu-mai-este-necesara\">China se al\u0103tur\u0103 Conven\u021biei Apostila \u00een 2023 &#8211; Legalizarea documentelor nu mai este necesar\u0103<\/h2>\n\n\n\n<pre class=\"wp-block-verse\"><strong>Guvernul chinez a prezentat oficial \"Conferin\u021bei de la Haga privind Dreptul Interna\u021bional Privat\" documentele de aderare la Conven\u021bia din 5 octombrie 1961, cunoscut\u0103 sub numele de Conven\u021bia Apostila.<\/strong><\/pre>\n\n\n\n<p><strong>Conven\u021bia Apostila va intra \u00een vigoare pentru China la 7 noiembrie 2023. A fost \u00een vigoare \u00een Hong Kong \u0219i Macao de ceva timp, c\u00e2nd aceste regiuni erau teritorii britanice \u0219i portugheze.<\/strong><\/p>\n\n\n\n<p>Acum, China este a 125-a \u021bar\u0103 care adopt\u0103 procedura de apostilare a documentelor. De\u0219i <strong>China este membr\u0103 a Conferin\u021bei de la Haga din 1987<\/strong>, nu a ratificat Conven\u021bia Apostila timp \u00eendelungat.<\/p>\n\n\n\n<p>Conven\u021bia simplific\u0103 procesul de autentificare a documentelor pentru utilizare \u00een str\u0103in\u0103tate. Aceasta abol\u0103 procedura standard de legalizare, \u00eenlocuind-o cu o singur\u0103 formalitate &#8211; emiterea unui apostil. Acest lucru promoveaz\u0103 dezvoltarea comer\u021bului interna\u021bional, reduc\u00e2nd costurile de timp \u0219i financiare.<\/p>\n\n\n\n<p>Conven\u021bia va simplifica procesul de afaceri pentru companiile str\u0103ine din China. \u00cen prezent, pentru acest lucru sunt necesare documente certificate \u0219i legalizate.<\/p>\n\n\n\n<p>Conven\u021bia se refer\u0103 doar la documente publice. Acestea includ: documente de la agen\u021biile guvernamentale, documente administrative, acte notariale \u0219i certific\u0103ri oficiale.<\/p>\n\n\n\n<p><strong>Este important ca \u00eemputernicirile \u0219i alte documente s\u0103 intre sub categoria documentelor publice. Acest lucru va ajuta companiile str\u0103ine.<\/strong><\/p>\n\n\n\n<p>Acum, \u021b\u0103rile membre vor fi notificate cu privire la aderarea Chinei. Se prevede o perioad\u0103 de obiec\u021bie de 6 luni. Dar chiar \u0219i \u00een cazul unei obiec\u021bii, nu \u00eenseamn\u0103 c\u0103 China nu va participa la Conven\u021bie. Dac\u0103 se prezint\u0103 o obiec\u021bie, Conven\u021bia nu va fi \u00een vigoare \u00eentre China \u0219i \u021bara care obiecteaz\u0103. Nu se a\u0219teapt\u0103 obiec\u021bii din partea Germaniei sau a principalilor parteneri europeni ai Chinei.<\/p>\n","protected":false},"excerpt":{"rendered":"<p>China se al\u0103tur\u0103 Conven\u021biei Apostila \u00een 2023 &#8211; Legalizarea documentelor nu mai este necesar\u0103 Guvernul chinez a prezentat oficial &#8222;Conferin\u021bei de la Haga privind Dreptul Interna\u021bional Privat&#8221; documentele de aderare la Conven\u021bia din 5 octombrie 1961, cunoscut\u0103 sub numele de Conven\u021bia Apostila. Conven\u021bia Apostila va intra \u00een vigoare pentru China la 7 noiembrie 2023. A &#8230; <a title=\"Apostila China &#x1f1e8;&#x1f1f3;\" class=\"read-more\" href=\"https:\/\/apostille.expert\/ro\/apostila-china-%f0%9f%87%a8%f0%9f%87%b3\/\" aria-label=\"Cite\u0219te mai multe despre Apostila China &#x1f1e8;&#x1f1f3;\">Cite\u0219te mai mult<\/a><\/p>\n","protected":false},"author":1,"featured_media":0,"parent":0,"menu_order":0,"comment_status":"closed","ping_status":"closed","template":"","meta":{"_eb_attr":"","footnotes":""},"class_list":["post-182","page","type-page","status-publish"],"yoast_head":"<!-- This site is optimized with the Yoast SEO plugin v27.5 - https:\/\/yoast.com\/product\/yoast-seo-wordpress\/ -->\n<title>Apostila China &#x1f1e8;&#x1f1f3; - Acte (Documente), Legalizare \u0219i Apostila in EU, SUA, America de Sud<\/title>\n<meta name=\"robots\" content=\"index, follow, max-snippet:-1, max-image-preview:large, max-video-preview:-1\" \/>\n<link rel=\"canonical\" href=\"https:\/\/apostille.expert\/ro\/apostila-china-\ud83c\udde8\ud83c\uddf3\/\" \/>\n<meta property=\"og:locale\" content=\"ro_RO\" \/>\n<meta property=\"og:type\" content=\"article\" \/>\n<meta property=\"og:title\" content=\"Apostila China &#x1f1e8;&#x1f1f3; - Acte (Documente), Legalizare \u0219i Apostila in EU, SUA, America de Sud\" \/>\n<meta property=\"og:description\" content=\"China se al\u0103tur\u0103 Conven\u021biei Apostila \u00een 2023 &#8211; Legalizarea documentelor nu mai este necesar\u0103 Guvernul chinez a prezentat oficial &quot;Conferin\u021bei de la Haga privind Dreptul Interna\u021bional Privat&quot; documentele de aderare la Conven\u021bia din 5 octombrie 1961, cunoscut\u0103 sub numele de Conven\u021bia Apostila. Conven\u021bia Apostila va intra \u00een vigoare pentru China la 7 noiembrie 2023. A ... Cite\u0219te mai mult\" \/>\n<meta property=\"og:url\" content=\"https:\/\/apostille.expert\/ro\/apostila-china-\ud83c\udde8\ud83c\uddf3\/\" \/>\n<meta property=\"og:site_name\" content=\"Acte (Documente), Legalizare \u0219i Apostila in EU, SUA, America de Sud\" \/>\n<meta property=\"article:modified_time\" content=\"2023-08-31T08:01:15+00:00\" \/>\n<meta name=\"twitter:card\" content=\"summary_large_image\" \/>\n<meta name=\"twitter:label1\" content=\"Timp estimat pentru citire\" \/>\n\t<meta name=\"twitter:data1\" content=\"2 minute\" \/>\n<script type=\"application\/ld+json\" class=\"yoast-schema-graph\">{\"@context\":\"https:\\\/\\\/schema.org\",\"@graph\":[{\"@type\":\"WebPage\",\"@id\":\"https:\\\/\\\/apostille.expert\\\/ro\\\/apostila-china-%f0%9f%87%a8%f0%9f%87%b3\\\/\",\"url\":\"https:\\\/\\\/apostille.expert\\\/ro\\\/apostila-china-%f0%9f%87%a8%f0%9f%87%b3\\\/\",\"name\":\"Apostila China &#x1f1e8;&#x1f1f3; - Acte (Documente), Legalizare \u0219i Apostila in EU, SUA, America de Sud\",\"isPartOf\":{\"@id\":\"https:\\\/\\\/apostille.expert\\\/ro\\\/#website\"},\"datePublished\":\"2023-08-31T08:00:57+00:00\",\"dateModified\":\"2023-08-31T08:01:15+00:00\",\"breadcrumb\":{\"@id\":\"https:\\\/\\\/apostille.expert\\\/ro\\\/apostila-china-%f0%9f%87%a8%f0%9f%87%b3\\\/#breadcrumb\"},\"inLanguage\":\"ro-RO\",\"potentialAction\":[{\"@type\":\"ReadAction\",\"target\":[\"https:\\\/\\\/apostille.expert\\\/ro\\\/apostila-china-%f0%9f%87%a8%f0%9f%87%b3\\\/\"]}]},{\"@type\":\"BreadcrumbList\",\"@id\":\"https:\\\/\\\/apostille.expert\\\/ro\\\/apostila-china-%f0%9f%87%a8%f0%9f%87%b3\\\/#breadcrumb\",\"itemListElement\":[{\"@type\":\"ListItem\",\"position\":1,\"name\":\"Home\",\"item\":\"https:\\\/\\\/apostille.expert\\\/ro\\\/\"},{\"@type\":\"ListItem\",\"position\":2,\"name\":\"Apostila China &#x1f1e8;&#x1f1f3;\"}]},{\"@type\":\"WebSite\",\"@id\":\"https:\\\/\\\/apostille.expert\\\/ro\\\/#website\",\"url\":\"https:\\\/\\\/apostille.expert\\\/ro\\\/\",\"name\":\"Acte (Documente), Legalizare \u0219i Apostila in EU, SUA, America de Sud\",\"description\":\"Acte (Documente), Legalizare \u0219i Apostila in tarile EU, SUA, America de Sud, Moldova, Rusia, Ucraina, Azerbaijan, Armenia, Polonia, Fran\u021ba, Georgia, Kazahstan, Kirghizia si alte tarile ale lumii\",\"potentialAction\":[{\"@type\":\"SearchAction\",\"target\":{\"@type\":\"EntryPoint\",\"urlTemplate\":\"https:\\\/\\\/apostille.expert\\\/ro\\\/?s={search_term_string}\"},\"query-input\":{\"@type\":\"PropertyValueSpecification\",\"valueRequired\":true,\"valueName\":\"search_term_string\"}}],\"inLanguage\":\"ro-RO\"}]}<\/script>\n<!-- \/ Yoast SEO plugin. -->","yoast_head_json":{"title":"Apostila China &#x1f1e8;&#x1f1f3; - Acte (Documente), Legalizare \u0219i Apostila in EU, SUA, America de Sud","robots":{"index":"index","follow":"follow","max-snippet":"max-snippet:-1","max-image-preview":"max-image-preview:large","max-video-preview":"max-video-preview:-1"},"canonical":"https:\/\/apostille.expert\/ro\/apostila-china-\ud83c\udde8\ud83c\uddf3\/","og_locale":"ro_RO","og_type":"article","og_title":"Apostila China &#x1f1e8;&#x1f1f3; - Acte (Documente), Legalizare \u0219i Apostila in EU, SUA, America de Sud","og_description":"China se al\u0103tur\u0103 Conven\u021biei Apostila \u00een 2023 &#8211; Legalizarea documentelor nu mai este necesar\u0103 Guvernul chinez a prezentat oficial \"Conferin\u021bei de la Haga privind Dreptul Interna\u021bional Privat\" documentele de aderare la Conven\u021bia din 5 octombrie 1961, cunoscut\u0103 sub numele de Conven\u021bia Apostila. Conven\u021bia Apostila va intra \u00een vigoare pentru China la 7 noiembrie 2023. A ... Cite\u0219te mai mult","og_url":"https:\/\/apostille.expert\/ro\/apostila-china-\ud83c\udde8\ud83c\uddf3\/","og_site_name":"Acte (Documente), Legalizare \u0219i Apostila in EU, SUA, America de Sud","article_modified_time":"2023-08-31T08:01:15+00:00","twitter_card":"summary_large_image","twitter_misc":{"Timp estimat pentru citire":"2 minute"},"schema":{"@context":"https:\/\/schema.org","@graph":[{"@type":"WebPage","@id":"https:\/\/apostille.expert\/ro\/apostila-china-%f0%9f%87%a8%f0%9f%87%b3\/","url":"https:\/\/apostille.expert\/ro\/apostila-china-%f0%9f%87%a8%f0%9f%87%b3\/","name":"Apostila China &#x1f1e8;&#x1f1f3; - Acte (Documente), Legalizare \u0219i Apostila in EU, SUA, America de Sud","isPartOf":{"@id":"https:\/\/apostille.expert\/ro\/#website"},"datePublished":"2023-08-31T08:00:57+00:00","dateModified":"2023-08-31T08:01:15+00:00","breadcrumb":{"@id":"https:\/\/apostille.expert\/ro\/apostila-china-%f0%9f%87%a8%f0%9f%87%b3\/#breadcrumb"},"inLanguage":"ro-RO","potentialAction":[{"@type":"ReadAction","target":["https:\/\/apostille.expert\/ro\/apostila-china-%f0%9f%87%a8%f0%9f%87%b3\/"]}]},{"@type":"BreadcrumbList","@id":"https:\/\/apostille.expert\/ro\/apostila-china-%f0%9f%87%a8%f0%9f%87%b3\/#breadcrumb","itemListElement":[{"@type":"ListItem","position":1,"name":"Home","item":"https:\/\/apostille.expert\/ro\/"},{"@type":"ListItem","position":2,"name":"Apostila China &#x1f1e8;&#x1f1f3;"}]},{"@type":"WebSite","@id":"https:\/\/apostille.expert\/ro\/#website","url":"https:\/\/apostille.expert\/ro\/","name":"Acte (Documente), Legalizare \u0219i Apostila in EU, SUA, America de Sud","description":"Acte (Documente), Legalizare \u0219i Apostila in tarile EU, SUA, America de Sud, Moldova, Rusia, Ucraina, Azerbaijan, Armenia, Polonia, Fran\u021ba, Georgia, Kazahstan, Kirghizia si alte tarile ale lumii","potentialAction":[{"@type":"SearchAction","target":{"@type":"EntryPoint","urlTemplate":"https:\/\/apostille.expert\/ro\/?s={search_term_string}"},"query-input":{"@type":"PropertyValueSpecification","valueRequired":true,"valueName":"search_term_string"}}],"inLanguage":"ro-RO"}]}},"_links":{"self":[{"href":"https:\/\/apostille.expert\/ro\/wp-json\/wp\/v2\/pages\/182","targetHints":{"allow":["GET"]}}],"collection":[{"href":"https:\/\/apostille.expert\/ro\/wp-json\/wp\/v2\/pages"}],"about":[{"href":"https:\/\/apostille.expert\/ro\/wp-json\/wp\/v2\/types\/page"}],"author":[{"embeddable":true,"href":"https:\/\/apostille.expert\/ro\/wp-json\/wp\/v2\/users\/1"}],"replies":[{"embeddable":true,"href":"https:\/\/apostille.expert\/ro\/wp-json\/wp\/v2\/comments?post=182"}],"version-history":[{"count":1,"href":"https:\/\/apostille.expert\/ro\/wp-json\/wp\/v2\/pages\/182\/revisions"}],"predecessor-version":[{"id":183,"href":"https:\/\/apostille.expert\/ro\/wp-json\/wp\/v2\/pages\/182\/revisions\/183"}],"wp:attachment":[{"href":"https:\/\/apostille.expert\/ro\/wp-json\/wp\/v2\/media?parent=182"}],"curies":[{"name":"wp","href":"https:\/\/api.w.org\/{rel}","templated":true}]}}