{"id":165,"date":"2023-07-25T15:52:51","date_gmt":"2023-07-25T15:52:51","guid":{"rendered":"https:\/\/apostille.expert\/ro\/?page_id=165"},"modified":"2023-07-25T15:54:27","modified_gmt":"2023-07-25T15:54:27","slug":"servicii-de-apostilare-europa-tarile-csi-sua-america-de-sud","status":"publish","type":"page","link":"https:\/\/apostille.expert\/ro\/servicii-de-apostilare-europa-tarile-csi-sua-america-de-sud\/","title":{"rendered":"Servicii de apostilare Europa, \u021b\u0103rile CSI, SUA, America de Sud"},"content":{"rendered":"\n<p>Oferim servicii pentru ob\u021binerea, aplicarea unei apostile (Apostile) \u00een \u00eentreaga lume.<\/p>\n\n\n\n<p>Aici pute\u021bi alege orice \u021bar\u0103 din care ave\u021bi nevoie s\u0103 ob\u021bine\u021bi documente sau o apostil\u0103, precum \u0219i s\u0103 face\u021bi legalizarea consular\u0103.<\/p>\n\n\n\n<p>Serviciile de apostilare din Europa vor diferi \u00een ceea ce prive\u0219te viteza \u0219i calitatea serviciilor de serviciile de apostilare din America de Sud. Cu toate acestea, nu toate \u021b\u0103rile europene au aceia\u0219i condi\u021bii pentru ob\u021binerea unei apostile.<\/p>\n\n\n\n<p>Ob\u021binerea unei apostile \u00een SUA este destul de simpl\u0103, dar chiar \u0219i printr-o procedur\u0103 simpl\u0103, po\u021bi face o gre\u0219eal\u0103. Ceea ce este u\u0219or \u00een SUA nu faciliteaz\u0103 neap\u0103rat apostilarea \u0219i solicitarea \u00een afara SUA.<\/p>\n\n\n\n<p>\u00cen \u021b\u0103rile CSI, exist\u0103 adesea func\u021bionari incompeten\u021bi care solicit\u0103 o apostil\u0103 atunci c\u00e2nd nu este necesar\u0103. Dar chiar \u0219i \u00een acest caz, speciali\u0219tii no\u0219tri sunt capabili s\u0103 rezolve problemele emergente \u0219i s\u0103 dep\u0103\u0219easc\u0103 dificult\u0103\u021bile.<\/p>\n\n\n\n<p>Procesul de legalizare in diferite tari se desfasoara diferit in termeni si conditii.Prima diferenta este prezenta sau absenta consulatelor pe teritoriul lor, pentru care documentele sunt legalizate. \u00cen al doilea r\u00e2nd, nu toate \u021b\u0103rile sunt \u00een rela\u021bii bune, prezen\u021ba unui consulat nu indic\u0103 \u00eenc\u0103 posibilitatea legaliz\u0103rii consulare. \u00cen al treilea r\u00e2nd, aceea\u0219i \u021bar\u0103 (de exemplu, China) poate avea cerin\u021be diferite pentru documentele din \u021b\u0103ri diferite.<\/p>\n","protected":false},"excerpt":{"rendered":"<p>Oferim servicii pentru ob\u021binerea, aplicarea unei apostile (Apostile) \u00een \u00eentreaga lume. Aici pute\u021bi alege orice \u021bar\u0103 din care ave\u021bi nevoie s\u0103 ob\u021bine\u021bi documente sau o apostil\u0103, precum \u0219i s\u0103 face\u021bi legalizarea consular\u0103. Serviciile de apostilare din Europa vor diferi \u00een ceea ce prive\u0219te viteza \u0219i calitatea serviciilor de serviciile de apostilare din America de Sud. &#8230; <a title=\"Servicii de apostilare Europa, \u021b\u0103rile CSI, SUA, America de Sud\" class=\"read-more\" href=\"https:\/\/apostille.expert\/ro\/servicii-de-apostilare-europa-tarile-csi-sua-america-de-sud\/\" aria-label=\"Cite\u0219te mai multe despre Servicii de apostilare Europa, \u021b\u0103rile CSI, SUA, America de Sud\">Cite\u0219te mai mult<\/a><\/p>\n","protected":false},"author":1,"featured_media":0,"parent":0,"menu_order":0,"comment_status":"closed","ping_status":"closed","template":"","meta":{"_eb_attr":"","footnotes":""},"class_list":["post-165","page","type-page","status-publish"],"yoast_head":"<!-- This site is optimized with the Yoast SEO plugin v27.4 - https:\/\/yoast.com\/product\/yoast-seo-wordpress\/ -->\n<title>Servicii de apostilare Europa, \u021b\u0103rile CSI, SUA, America de Sud - Acte (Documente), Legalizare \u0219i Apostila in EU, SUA, America de Sud<\/title>\n<meta name=\"robots\" content=\"index, follow, max-snippet:-1, max-image-preview:large, max-video-preview:-1\" \/>\n<link rel=\"canonical\" href=\"https:\/\/apostille.expert\/ro\/servicii-de-apostilare-europa-tarile-csi-sua-america-de-sud\/\" \/>\n<meta property=\"og:locale\" content=\"ro_RO\" \/>\n<meta property=\"og:type\" content=\"article\" \/>\n<meta property=\"og:title\" content=\"Servicii de apostilare Europa, \u021b\u0103rile CSI, SUA, America de Sud - Acte (Documente), Legalizare \u0219i Apostila in EU, SUA, America de Sud\" \/>\n<meta property=\"og:description\" content=\"Oferim servicii pentru ob\u021binerea, aplicarea unei apostile (Apostile) \u00een \u00eentreaga lume. Aici pute\u021bi alege orice \u021bar\u0103 din care ave\u021bi nevoie s\u0103 ob\u021bine\u021bi documente sau o apostil\u0103, precum \u0219i s\u0103 face\u021bi legalizarea consular\u0103. Serviciile de apostilare din Europa vor diferi \u00een ceea ce prive\u0219te viteza \u0219i calitatea serviciilor de serviciile de apostilare din America de Sud. ... Cite\u0219te mai mult\" \/>\n<meta property=\"og:url\" content=\"https:\/\/apostille.expert\/ro\/servicii-de-apostilare-europa-tarile-csi-sua-america-de-sud\/\" \/>\n<meta property=\"og:site_name\" content=\"Acte (Documente), Legalizare \u0219i Apostila in EU, SUA, America de Sud\" \/>\n<meta property=\"article:modified_time\" content=\"2023-07-25T15:54:27+00:00\" \/>\n<meta name=\"twitter:card\" content=\"summary_large_image\" \/>\n<meta name=\"twitter:label1\" content=\"Timp estimat pentru citire\" \/>\n\t<meta name=\"twitter:data1\" content=\"2 minute\" \/>\n<script type=\"application\/ld+json\" class=\"yoast-schema-graph\">{\"@context\":\"https:\\\/\\\/schema.org\",\"@graph\":[{\"@type\":\"WebPage\",\"@id\":\"https:\\\/\\\/apostille.expert\\\/ro\\\/servicii-de-apostilare-europa-tarile-csi-sua-america-de-sud\\\/\",\"url\":\"https:\\\/\\\/apostille.expert\\\/ro\\\/servicii-de-apostilare-europa-tarile-csi-sua-america-de-sud\\\/\",\"name\":\"Servicii de apostilare Europa, \u021b\u0103rile CSI, SUA, America de Sud - Acte (Documente), Legalizare \u0219i Apostila in EU, SUA, America de Sud\",\"isPartOf\":{\"@id\":\"https:\\\/\\\/apostille.expert\\\/ro\\\/#website\"},\"datePublished\":\"2023-07-25T15:52:51+00:00\",\"dateModified\":\"2023-07-25T15:54:27+00:00\",\"breadcrumb\":{\"@id\":\"https:\\\/\\\/apostille.expert\\\/ro\\\/servicii-de-apostilare-europa-tarile-csi-sua-america-de-sud\\\/#breadcrumb\"},\"inLanguage\":\"ro-RO\",\"potentialAction\":[{\"@type\":\"ReadAction\",\"target\":[\"https:\\\/\\\/apostille.expert\\\/ro\\\/servicii-de-apostilare-europa-tarile-csi-sua-america-de-sud\\\/\"]}]},{\"@type\":\"BreadcrumbList\",\"@id\":\"https:\\\/\\\/apostille.expert\\\/ro\\\/servicii-de-apostilare-europa-tarile-csi-sua-america-de-sud\\\/#breadcrumb\",\"itemListElement\":[{\"@type\":\"ListItem\",\"position\":1,\"name\":\"Home\",\"item\":\"https:\\\/\\\/apostille.expert\\\/ro\\\/\"},{\"@type\":\"ListItem\",\"position\":2,\"name\":\"Servicii de apostilare Europa, \u021b\u0103rile CSI, SUA, America de Sud\"}]},{\"@type\":\"WebSite\",\"@id\":\"https:\\\/\\\/apostille.expert\\\/ro\\\/#website\",\"url\":\"https:\\\/\\\/apostille.expert\\\/ro\\\/\",\"name\":\"Acte (Documente), Legalizare \u0219i Apostila in EU, SUA, America de Sud\",\"description\":\"Acte (Documente), Legalizare \u0219i Apostila in tarile EU, SUA, America de Sud, Moldova, Rusia, Ucraina, Azerbaijan, Armenia, Polonia, Fran\u021ba, Georgia, Kazahstan, Kirghizia si alte tarile ale lumii\",\"potentialAction\":[{\"@type\":\"SearchAction\",\"target\":{\"@type\":\"EntryPoint\",\"urlTemplate\":\"https:\\\/\\\/apostille.expert\\\/ro\\\/?s={search_term_string}\"},\"query-input\":{\"@type\":\"PropertyValueSpecification\",\"valueRequired\":true,\"valueName\":\"search_term_string\"}}],\"inLanguage\":\"ro-RO\"}]}<\/script>\n<!-- \/ Yoast SEO plugin. -->","yoast_head_json":{"title":"Servicii de apostilare Europa, \u021b\u0103rile CSI, SUA, America de Sud - Acte (Documente), Legalizare \u0219i Apostila in EU, SUA, America de Sud","robots":{"index":"index","follow":"follow","max-snippet":"max-snippet:-1","max-image-preview":"max-image-preview:large","max-video-preview":"max-video-preview:-1"},"canonical":"https:\/\/apostille.expert\/ro\/servicii-de-apostilare-europa-tarile-csi-sua-america-de-sud\/","og_locale":"ro_RO","og_type":"article","og_title":"Servicii de apostilare Europa, \u021b\u0103rile CSI, SUA, America de Sud - Acte (Documente), Legalizare \u0219i Apostila in EU, SUA, America de Sud","og_description":"Oferim servicii pentru ob\u021binerea, aplicarea unei apostile (Apostile) \u00een \u00eentreaga lume. Aici pute\u021bi alege orice \u021bar\u0103 din care ave\u021bi nevoie s\u0103 ob\u021bine\u021bi documente sau o apostil\u0103, precum \u0219i s\u0103 face\u021bi legalizarea consular\u0103. Serviciile de apostilare din Europa vor diferi \u00een ceea ce prive\u0219te viteza \u0219i calitatea serviciilor de serviciile de apostilare din America de Sud. ... Cite\u0219te mai mult","og_url":"https:\/\/apostille.expert\/ro\/servicii-de-apostilare-europa-tarile-csi-sua-america-de-sud\/","og_site_name":"Acte (Documente), Legalizare \u0219i Apostila in EU, SUA, America de Sud","article_modified_time":"2023-07-25T15:54:27+00:00","twitter_card":"summary_large_image","twitter_misc":{"Timp estimat pentru citire":"2 minute"},"schema":{"@context":"https:\/\/schema.org","@graph":[{"@type":"WebPage","@id":"https:\/\/apostille.expert\/ro\/servicii-de-apostilare-europa-tarile-csi-sua-america-de-sud\/","url":"https:\/\/apostille.expert\/ro\/servicii-de-apostilare-europa-tarile-csi-sua-america-de-sud\/","name":"Servicii de apostilare Europa, \u021b\u0103rile CSI, SUA, America de Sud - Acte (Documente), Legalizare \u0219i Apostila in EU, SUA, America de Sud","isPartOf":{"@id":"https:\/\/apostille.expert\/ro\/#website"},"datePublished":"2023-07-25T15:52:51+00:00","dateModified":"2023-07-25T15:54:27+00:00","breadcrumb":{"@id":"https:\/\/apostille.expert\/ro\/servicii-de-apostilare-europa-tarile-csi-sua-america-de-sud\/#breadcrumb"},"inLanguage":"ro-RO","potentialAction":[{"@type":"ReadAction","target":["https:\/\/apostille.expert\/ro\/servicii-de-apostilare-europa-tarile-csi-sua-america-de-sud\/"]}]},{"@type":"BreadcrumbList","@id":"https:\/\/apostille.expert\/ro\/servicii-de-apostilare-europa-tarile-csi-sua-america-de-sud\/#breadcrumb","itemListElement":[{"@type":"ListItem","position":1,"name":"Home","item":"https:\/\/apostille.expert\/ro\/"},{"@type":"ListItem","position":2,"name":"Servicii de apostilare Europa, \u021b\u0103rile CSI, SUA, America de Sud"}]},{"@type":"WebSite","@id":"https:\/\/apostille.expert\/ro\/#website","url":"https:\/\/apostille.expert\/ro\/","name":"Acte (Documente), Legalizare \u0219i Apostila in EU, SUA, America de Sud","description":"Acte (Documente), Legalizare \u0219i Apostila in tarile EU, SUA, America de Sud, Moldova, Rusia, Ucraina, Azerbaijan, Armenia, Polonia, Fran\u021ba, Georgia, Kazahstan, Kirghizia si alte tarile ale lumii","potentialAction":[{"@type":"SearchAction","target":{"@type":"EntryPoint","urlTemplate":"https:\/\/apostille.expert\/ro\/?s={search_term_string}"},"query-input":{"@type":"PropertyValueSpecification","valueRequired":true,"valueName":"search_term_string"}}],"inLanguage":"ro-RO"}]}},"_links":{"self":[{"href":"https:\/\/apostille.expert\/ro\/wp-json\/wp\/v2\/pages\/165","targetHints":{"allow":["GET"]}}],"collection":[{"href":"https:\/\/apostille.expert\/ro\/wp-json\/wp\/v2\/pages"}],"about":[{"href":"https:\/\/apostille.expert\/ro\/wp-json\/wp\/v2\/types\/page"}],"author":[{"embeddable":true,"href":"https:\/\/apostille.expert\/ro\/wp-json\/wp\/v2\/users\/1"}],"replies":[{"embeddable":true,"href":"https:\/\/apostille.expert\/ro\/wp-json\/wp\/v2\/comments?post=165"}],"version-history":[{"count":3,"href":"https:\/\/apostille.expert\/ro\/wp-json\/wp\/v2\/pages\/165\/revisions"}],"predecessor-version":[{"id":168,"href":"https:\/\/apostille.expert\/ro\/wp-json\/wp\/v2\/pages\/165\/revisions\/168"}],"wp:attachment":[{"href":"https:\/\/apostille.expert\/ro\/wp-json\/wp\/v2\/media?parent=165"}],"curies":[{"name":"wp","href":"https:\/\/api.w.org\/{rel}","templated":true}]}}