{"id":109,"date":"2023-07-14T11:59:46","date_gmt":"2023-07-14T11:59:46","guid":{"rendered":"https:\/\/apostille.expert\/ro\/?page_id=109"},"modified":"2024-03-13T16:52:02","modified_gmt":"2024-03-13T16:52:02","slug":"serviciile-noastre","status":"publish","type":"page","link":"https:\/\/apostille.expert\/ro\/serviciile-noastre\/","title":{"rendered":"Serviciile noastre"},"content":{"rendered":"<h2>Servicii: apostil\u0103, legalizare, traducere, solicitare de documente<\/h2>\n<p>Agen\u021bia <b>BUSINESS LAWYERS<\/b> se ocup\u0103 de 20 de ani cu furnizarea de servicii: aplicarea apostilei, legalizarea consular\u0103 a documentelor, traduceri \u00een diferite limbi ale lumii, solicitarea (ob\u021binerea) documentelor prin \u00eemputernicire.<\/p>\n<p>Documentele pe care le pute\u021bi solicita prin noi:<\/p>\n<p>&#8211; Certificat de na\u0219tere,<\/p>\n<p>&#8211; Certificat de c\u0103s\u0103torie,<\/p>\n<p>&#8211; Certificat de divor\u021b,<\/p>\n<p>&#8211; Certificat de celibat (stare civil\u0103),<\/p>\n<p>&#8211; Certificat de cazier judiciar,<\/p>\n<p>&#8211; Document sau certificat de la Biroul de Cadastru \u0219i Publicitate Imobiliar\u0103 privind existen\u021ba sau absen\u021ba propriet\u0103\u021bii imobiliare,<\/p>\n<p>&#8211; Certificat de la agen\u021bia fiscal\u0103,<\/p>\n<p>&#8211; Certificat de cet\u0103\u021benie (existen\u021b\u0103 sau absen\u021b\u0103 a cet\u0103\u021beniei),<\/p>\n<p>&#8211; Extras din arhiv\u0103 sau din registrul de stare civil\u0103,<\/p>\n<p>&#8211; Copie a \u00eenregistr\u0103rii de stare civil\u0103,<\/p>\n<p>&#8211; Traducere \u00een 20 de limbi ale lumii.<\/p>\n<p>\u021a\u0103rile din care pute\u021bi solicita (ob\u021bine, cere) documente prin organele de stare civil\u0103 sau ministere:<\/p>\n<p>&#8211; Armenia,<\/p>\n<p>&#8211; Azerbaidjan,<\/p>\n<p>&#8211; Belarus,<\/p>\n<p>&#8211; Germania,<\/p>\n<p>&#8211; Georgia,<\/p>\n<p>&#8211; Kazahstan,<\/p>\n<p>&#8211; Moldova,<\/p>\n<p>&#8211; Polonia,<\/p>\n<p>&#8211; Uzbekistan,<\/p>\n<p>&#8211; Ucraina.<\/p>\n<p>Pute\u021bi comanda <b>apostila<\/b> pe documentele dvs. din orice \u021bar\u0103 a lumii. Avem o re\u021bea larg\u0103 de filiale \u0219i parteneri \u00een \u00eentreaga lume. Toate nuan\u021bele legate de aplicarea Conven\u021biei privind apostila \u0219i acordurile bilaterale \u0219i multilaterale \u00eentre \u021b\u0103ri vor fi luate \u00een considerare \u0219i utilizate \u00een avantajul dvs.<\/p>\n<p><b>Legalizarea consular\u0103<\/b> este necesar\u0103 \u00een principal din \u021b\u0103ri \u0219i pentru \u021b\u0103ri precum: <b>Emiratele Arabe Unite, China, Malaezia<\/b>. Oferim legalizarea documentelor pentru aceste \u021b\u0103ri: rapid \u0219i sigur. Pute\u021bi citi mai multe despre legalizare pe altul dintre site-urile noastre &#8211; <b>legalization.expert<\/b>.<\/p>\n<p>Efectu\u0103m <b>traducerea oric\u0103ror documente \u00een orice limb\u0103 a lumii<\/b>. To\u021bi traduc\u0103torii sunt autoriza\u021bi. Orice traducere poate fi autentificat\u0103 de un notar, apostilat\u0103 sau legalizat\u0103. De asemenea, organiz\u0103m <b>traduceri \u00een orice consulate<\/b>.<\/p>\n","protected":false},"excerpt":{"rendered":"<p>Servicii: apostil\u0103, legalizare, traducere, solicitare de documente Agen\u021bia BUSINESS LAWYERS se ocup\u0103 de 20 de ani cu furnizarea de servicii: aplicarea apostilei, legalizarea consular\u0103 a documentelor, traduceri \u00een diferite limbi ale lumii, solicitarea (ob\u021binerea) documentelor prin \u00eemputernicire. Documentele pe care le pute\u021bi solicita prin noi: &#8211; Certificat de na\u0219tere, &#8211; Certificat de c\u0103s\u0103torie, &#8211; Certificat &#8230; <a title=\"Serviciile noastre\" class=\"read-more\" href=\"https:\/\/apostille.expert\/ro\/serviciile-noastre\/\" aria-label=\"Cite\u0219te mai multe despre Serviciile noastre\">Cite\u0219te mai mult<\/a><\/p>\n","protected":false},"author":1,"featured_media":0,"parent":0,"menu_order":0,"comment_status":"closed","ping_status":"closed","template":"","meta":{"_eb_attr":"","footnotes":""},"class_list":["post-109","page","type-page","status-publish"],"yoast_head":"<!-- This site is optimized with the Yoast SEO plugin v27.4 - https:\/\/yoast.com\/product\/yoast-seo-wordpress\/ -->\n<title>Serviciile noastre - Acte (Documente), Legalizare \u0219i Apostila in EU, SUA, America de Sud<\/title>\n<meta name=\"robots\" content=\"index, follow, max-snippet:-1, max-image-preview:large, max-video-preview:-1\" \/>\n<link rel=\"canonical\" href=\"https:\/\/apostille.expert\/ro\/serviciile-noastre\/\" \/>\n<meta property=\"og:locale\" content=\"ro_RO\" \/>\n<meta property=\"og:type\" content=\"article\" \/>\n<meta property=\"og:title\" content=\"Serviciile noastre - Acte (Documente), Legalizare \u0219i Apostila in EU, SUA, America de Sud\" \/>\n<meta property=\"og:description\" content=\"Servicii: apostil\u0103, legalizare, traducere, solicitare de documente Agen\u021bia BUSINESS LAWYERS se ocup\u0103 de 20 de ani cu furnizarea de servicii: aplicarea apostilei, legalizarea consular\u0103 a documentelor, traduceri \u00een diferite limbi ale lumii, solicitarea (ob\u021binerea) documentelor prin \u00eemputernicire. Documentele pe care le pute\u021bi solicita prin noi: &#8211; Certificat de na\u0219tere, &#8211; Certificat de c\u0103s\u0103torie, &#8211; Certificat ... Cite\u0219te mai mult\" \/>\n<meta property=\"og:url\" content=\"https:\/\/apostille.expert\/ro\/serviciile-noastre\/\" \/>\n<meta property=\"og:site_name\" content=\"Acte (Documente), Legalizare \u0219i Apostila in EU, SUA, America de Sud\" \/>\n<meta property=\"article:modified_time\" content=\"2024-03-13T16:52:02+00:00\" \/>\n<meta name=\"twitter:card\" content=\"summary_large_image\" \/>\n<meta name=\"twitter:label1\" content=\"Timp estimat pentru citire\" \/>\n\t<meta name=\"twitter:data1\" content=\"2 minute\" \/>\n<script type=\"application\/ld+json\" class=\"yoast-schema-graph\">{\"@context\":\"https:\\\/\\\/schema.org\",\"@graph\":[{\"@type\":\"WebPage\",\"@id\":\"https:\\\/\\\/apostille.expert\\\/ro\\\/serviciile-noastre\\\/\",\"url\":\"https:\\\/\\\/apostille.expert\\\/ro\\\/serviciile-noastre\\\/\",\"name\":\"Serviciile noastre - Acte (Documente), Legalizare \u0219i Apostila in EU, SUA, America de Sud\",\"isPartOf\":{\"@id\":\"https:\\\/\\\/apostille.expert\\\/ro\\\/#website\"},\"datePublished\":\"2023-07-14T11:59:46+00:00\",\"dateModified\":\"2024-03-13T16:52:02+00:00\",\"breadcrumb\":{\"@id\":\"https:\\\/\\\/apostille.expert\\\/ro\\\/serviciile-noastre\\\/#breadcrumb\"},\"inLanguage\":\"ro-RO\",\"potentialAction\":[{\"@type\":\"ReadAction\",\"target\":[\"https:\\\/\\\/apostille.expert\\\/ro\\\/serviciile-noastre\\\/\"]}]},{\"@type\":\"BreadcrumbList\",\"@id\":\"https:\\\/\\\/apostille.expert\\\/ro\\\/serviciile-noastre\\\/#breadcrumb\",\"itemListElement\":[{\"@type\":\"ListItem\",\"position\":1,\"name\":\"Home\",\"item\":\"https:\\\/\\\/apostille.expert\\\/ro\\\/\"},{\"@type\":\"ListItem\",\"position\":2,\"name\":\"Serviciile noastre\"}]},{\"@type\":\"WebSite\",\"@id\":\"https:\\\/\\\/apostille.expert\\\/ro\\\/#website\",\"url\":\"https:\\\/\\\/apostille.expert\\\/ro\\\/\",\"name\":\"Acte (Documente), Legalizare \u0219i Apostila in EU, SUA, America de Sud\",\"description\":\"Acte (Documente), Legalizare \u0219i Apostila in tarile EU, SUA, America de Sud, Moldova, Rusia, Ucraina, Azerbaijan, Armenia, Polonia, Fran\u021ba, Georgia, Kazahstan, Kirghizia si alte tarile ale lumii\",\"potentialAction\":[{\"@type\":\"SearchAction\",\"target\":{\"@type\":\"EntryPoint\",\"urlTemplate\":\"https:\\\/\\\/apostille.expert\\\/ro\\\/?s={search_term_string}\"},\"query-input\":{\"@type\":\"PropertyValueSpecification\",\"valueRequired\":true,\"valueName\":\"search_term_string\"}}],\"inLanguage\":\"ro-RO\"}]}<\/script>\n<!-- \/ Yoast SEO plugin. -->","yoast_head_json":{"title":"Serviciile noastre - Acte (Documente), Legalizare \u0219i Apostila in EU, SUA, America de Sud","robots":{"index":"index","follow":"follow","max-snippet":"max-snippet:-1","max-image-preview":"max-image-preview:large","max-video-preview":"max-video-preview:-1"},"canonical":"https:\/\/apostille.expert\/ro\/serviciile-noastre\/","og_locale":"ro_RO","og_type":"article","og_title":"Serviciile noastre - Acte (Documente), Legalizare \u0219i Apostila in EU, SUA, America de Sud","og_description":"Servicii: apostil\u0103, legalizare, traducere, solicitare de documente Agen\u021bia BUSINESS LAWYERS se ocup\u0103 de 20 de ani cu furnizarea de servicii: aplicarea apostilei, legalizarea consular\u0103 a documentelor, traduceri \u00een diferite limbi ale lumii, solicitarea (ob\u021binerea) documentelor prin \u00eemputernicire. Documentele pe care le pute\u021bi solicita prin noi: &#8211; Certificat de na\u0219tere, &#8211; Certificat de c\u0103s\u0103torie, &#8211; Certificat ... Cite\u0219te mai mult","og_url":"https:\/\/apostille.expert\/ro\/serviciile-noastre\/","og_site_name":"Acte (Documente), Legalizare \u0219i Apostila in EU, SUA, America de Sud","article_modified_time":"2024-03-13T16:52:02+00:00","twitter_card":"summary_large_image","twitter_misc":{"Timp estimat pentru citire":"2 minute"},"schema":{"@context":"https:\/\/schema.org","@graph":[{"@type":"WebPage","@id":"https:\/\/apostille.expert\/ro\/serviciile-noastre\/","url":"https:\/\/apostille.expert\/ro\/serviciile-noastre\/","name":"Serviciile noastre - Acte (Documente), Legalizare \u0219i Apostila in EU, SUA, America de Sud","isPartOf":{"@id":"https:\/\/apostille.expert\/ro\/#website"},"datePublished":"2023-07-14T11:59:46+00:00","dateModified":"2024-03-13T16:52:02+00:00","breadcrumb":{"@id":"https:\/\/apostille.expert\/ro\/serviciile-noastre\/#breadcrumb"},"inLanguage":"ro-RO","potentialAction":[{"@type":"ReadAction","target":["https:\/\/apostille.expert\/ro\/serviciile-noastre\/"]}]},{"@type":"BreadcrumbList","@id":"https:\/\/apostille.expert\/ro\/serviciile-noastre\/#breadcrumb","itemListElement":[{"@type":"ListItem","position":1,"name":"Home","item":"https:\/\/apostille.expert\/ro\/"},{"@type":"ListItem","position":2,"name":"Serviciile noastre"}]},{"@type":"WebSite","@id":"https:\/\/apostille.expert\/ro\/#website","url":"https:\/\/apostille.expert\/ro\/","name":"Acte (Documente), Legalizare \u0219i Apostila in EU, SUA, America de Sud","description":"Acte (Documente), Legalizare \u0219i Apostila in tarile EU, SUA, America de Sud, Moldova, Rusia, Ucraina, Azerbaijan, Armenia, Polonia, Fran\u021ba, Georgia, Kazahstan, Kirghizia si alte tarile ale lumii","potentialAction":[{"@type":"SearchAction","target":{"@type":"EntryPoint","urlTemplate":"https:\/\/apostille.expert\/ro\/?s={search_term_string}"},"query-input":{"@type":"PropertyValueSpecification","valueRequired":true,"valueName":"search_term_string"}}],"inLanguage":"ro-RO"}]}},"_links":{"self":[{"href":"https:\/\/apostille.expert\/ro\/wp-json\/wp\/v2\/pages\/109","targetHints":{"allow":["GET"]}}],"collection":[{"href":"https:\/\/apostille.expert\/ro\/wp-json\/wp\/v2\/pages"}],"about":[{"href":"https:\/\/apostille.expert\/ro\/wp-json\/wp\/v2\/types\/page"}],"author":[{"embeddable":true,"href":"https:\/\/apostille.expert\/ro\/wp-json\/wp\/v2\/users\/1"}],"replies":[{"embeddable":true,"href":"https:\/\/apostille.expert\/ro\/wp-json\/wp\/v2\/comments?post=109"}],"version-history":[{"count":2,"href":"https:\/\/apostille.expert\/ro\/wp-json\/wp\/v2\/pages\/109\/revisions"}],"predecessor-version":[{"id":205,"href":"https:\/\/apostille.expert\/ro\/wp-json\/wp\/v2\/pages\/109\/revisions\/205"}],"wp:attachment":[{"href":"https:\/\/apostille.expert\/ro\/wp-json\/wp\/v2\/media?parent=109"}],"curies":[{"name":"wp","href":"https:\/\/api.w.org\/{rel}","templated":true}]}}