{"id":107,"date":"2023-07-14T11:55:27","date_gmt":"2023-07-14T11:55:27","guid":{"rendered":"https:\/\/apostille.expert\/ro\/?page_id=107"},"modified":"2023-07-14T11:55:44","modified_gmt":"2023-07-14T11:55:44","slug":"apostila-electronica","status":"publish","type":"page","link":"https:\/\/apostille.expert\/ro\/apostila-electronica\/","title":{"rendered":"Apostila electronica"},"content":{"rendered":"\n<h2 class=\"wp-block-heading\" id=\"h-e-apostila-apostila-online\">E-apostila. Apostila online<\/h2>\n\n\n\n<p><strong>Apostila electronic\u0103<\/strong> este o procedur\u0103 special\u0103 de semnare a apostilei, prezentat\u0103 pe un suport digital \u00een format de fi\u0219ier, &#8211; cu semn\u0103tur\u0103 digital\u0103. Esen\u021ba apostilei nu se schimb\u0103. Con\u021binutul apostilei r\u0103m\u00e2ne acela\u0219i. Cu toate acestea, riscurile de falsificare a acesteia se reduc semnificativ. Orice \u0219tampil\u0103 \u0219i semn\u0103tur\u0103 pe h\u00e2rtie pot fi falsificate.<\/p>\n\n\n\n<p><strong>Semn\u0103tura digital\u0103<\/strong> nu este vizibil\u0103 la inspec\u021bia vizual\u0103 a apostilei electronice imprimate. \u00cen acela\u0219i timp, c\u00e2nd deschide\u021bi fi\u0219ierul pe un computer sau smartphone, va ap\u0103rea un mesaj despre prezen\u021ba semn\u0103turii digitale. Pute\u021bi vedea a c\u0103rei semn\u0103tur\u0103 este \u00een programul deschis. Cu toate acestea, acest lucru nu garanteaz\u0103 c\u0103 semn\u0103tura apar\u021bine unui oficial responsabil. Orice document poate fi semnat de oricine cu semn\u0103tura sa digital\u0103. Prin urmare, pentru verificarea apostilei exist\u0103 e-registre pentru verificarea rapid\u0103 a apostilei online.<\/p>\n\n\n\n<p>Una dintre primele \u021b\u0103ri care a introdus apostila electronic\u0103 a fost Republica Moldova &#8211; \u00een 2013. De fapt, a devenit singura form\u0103 de apostil\u0103 \u00een aceast\u0103 \u021bar\u0103.<\/p>\n\n\n\n<figure class=\"wp-block-image\"><img decoding=\"async\" src=\"https:\/\/apostille.expert\/wp-content\/uploads\/2022\/09\/Elektronnyi_Apostili.jpg\" alt=\"Apostil\u0103 electronic\u0103 Moldova\"\/><figcaption class=\"wp-element-caption\">Cum arat\u0103 o apostil\u0103 electronic\u0103 cu semn\u0103tur\u0103 digital\u0103. Republica Moldova. Aceea\u0219i form\u0103 de apostil\u0103 electronic\u0103 este utilizat\u0103 \u0219i \u00een Ucraina<\/figcaption><\/figure>\n\n\n\n<p>Apostila electronic\u0103 este considerat\u0103 de Conferin\u021ba de la Haga privind Dreptul Interna\u021bional Privat \u00een cadrul dezvolt\u0103rii regulilor unificate ca parte a programului e-App.<\/p>\n\n\n\n<p>Apostila electronic\u0103 poate fi at\u00e2t un document scanat, c\u00e2t \u0219i unul emis (generat) prin mijloace electronice, f\u0103r\u0103 suport de h\u00e2rtie.<\/p>\n\n\n\n<p>Dac\u0103 apostila electronic\u0103 este doar o apostil\u0103 scanat\u0103, atunci aceast\u0103 apostil\u0103 trebuie prezentat\u0103 pe suport de h\u00e2rtie cu \u0219tampila umed\u0103 Apostil\u0103. Forma electronic\u0103 a acestei apostile este utilizat\u0103 doar pentru verificarea sa online &#8211; prezen\u021ba acestei apostile pe site-ul oficial al statului.<\/p>\n\n\n\n<p>P\u00e2n\u0103 \u00een prezent, paisprezece P\u0103r\u021bi Contractante au prezentat solu\u021biile lor pentru aplica\u021bia electronic\u0103 e-App \u0219i au discutat teme precum aplica\u021bia electronic\u0103 ca solu\u021bie pentru guvernarea electronic\u0103, coordonarea \u00eentre autorit\u0103\u021bile de stat \u00een procesul de implementare, implementarea treptat\u0103 a componentelor aplica\u021biei electronice \u0219i viitorul autentific\u0103rii documentelor. \u00een lumina noilor tehnologii. (Sursa &#8211; <a href=\"https:\/\/assets.hcch.net\/docs\/af309929-bc6c-4a38-ae7b-ddf5ec3ddb94.pdf\">https:\/\/assets.hcch.net\/docs\/af309929-bc6c-4a38-ae7b-ddf5ec3ddb94.pdf<\/a>).<\/p>\n\n\n\n<p>Pute\u021bi citi mai multe despre semn\u0103tura digital\u0103 <a href=\"https:\/\/ro.wikipedia.org\/wiki\/Semn%C4%83tur%C4%83_digital%C4%83\">aici &gt;&gt;&gt;<\/a><\/p>\n","protected":false},"excerpt":{"rendered":"<p>E-apostila. Apostila online Apostila electronic\u0103 este o procedur\u0103 special\u0103 de semnare a apostilei, prezentat\u0103 pe un suport digital \u00een format de fi\u0219ier, &#8211; cu semn\u0103tur\u0103 digital\u0103. Esen\u021ba apostilei nu se schimb\u0103. Con\u021binutul apostilei r\u0103m\u00e2ne acela\u0219i. Cu toate acestea, riscurile de falsificare a acesteia se reduc semnificativ. Orice \u0219tampil\u0103 \u0219i semn\u0103tur\u0103 pe h\u00e2rtie pot fi falsificate. &#8230; <a title=\"Apostila electronica\" class=\"read-more\" href=\"https:\/\/apostille.expert\/ro\/apostila-electronica\/\" aria-label=\"Cite\u0219te mai multe despre Apostila electronica\">Cite\u0219te mai mult<\/a><\/p>\n","protected":false},"author":1,"featured_media":0,"parent":0,"menu_order":0,"comment_status":"closed","ping_status":"closed","template":"","meta":{"_eb_attr":"","footnotes":""},"class_list":["post-107","page","type-page","status-publish"],"yoast_head":"<!-- This site is optimized with the Yoast SEO plugin v27.4 - https:\/\/yoast.com\/product\/yoast-seo-wordpress\/ -->\n<title>Apostila electronica - Acte (Documente), Legalizare \u0219i Apostila in EU, SUA, America de Sud<\/title>\n<meta name=\"robots\" content=\"index, follow, max-snippet:-1, max-image-preview:large, max-video-preview:-1\" \/>\n<link rel=\"canonical\" href=\"https:\/\/apostille.expert\/ro\/apostila-electronica\/\" \/>\n<meta property=\"og:locale\" content=\"ro_RO\" \/>\n<meta property=\"og:type\" content=\"article\" \/>\n<meta property=\"og:title\" content=\"Apostila electronica - Acte (Documente), Legalizare \u0219i Apostila in EU, SUA, America de Sud\" \/>\n<meta property=\"og:description\" content=\"E-apostila. Apostila online Apostila electronic\u0103 este o procedur\u0103 special\u0103 de semnare a apostilei, prezentat\u0103 pe un suport digital \u00een format de fi\u0219ier, &#8211; cu semn\u0103tur\u0103 digital\u0103. Esen\u021ba apostilei nu se schimb\u0103. Con\u021binutul apostilei r\u0103m\u00e2ne acela\u0219i. Cu toate acestea, riscurile de falsificare a acesteia se reduc semnificativ. Orice \u0219tampil\u0103 \u0219i semn\u0103tur\u0103 pe h\u00e2rtie pot fi falsificate. ... Cite\u0219te mai mult\" \/>\n<meta property=\"og:url\" content=\"https:\/\/apostille.expert\/ro\/apostila-electronica\/\" \/>\n<meta property=\"og:site_name\" content=\"Acte (Documente), Legalizare \u0219i Apostila in EU, SUA, America de Sud\" \/>\n<meta property=\"article:modified_time\" content=\"2023-07-14T11:55:44+00:00\" \/>\n<meta property=\"og:image\" content=\"https:\/\/apostille.expert\/wp-content\/uploads\/2022\/09\/Elektronnyi_Apostili.jpg\" \/>\n<meta name=\"twitter:card\" content=\"summary_large_image\" \/>\n<meta name=\"twitter:label1\" content=\"Timp estimat pentru citire\" \/>\n\t<meta name=\"twitter:data1\" content=\"2 minute\" \/>\n<script type=\"application\/ld+json\" class=\"yoast-schema-graph\">{\"@context\":\"https:\\\/\\\/schema.org\",\"@graph\":[{\"@type\":\"WebPage\",\"@id\":\"https:\\\/\\\/apostille.expert\\\/ro\\\/apostila-electronica\\\/\",\"url\":\"https:\\\/\\\/apostille.expert\\\/ro\\\/apostila-electronica\\\/\",\"name\":\"Apostila electronica - Acte (Documente), Legalizare \u0219i Apostila in EU, SUA, America de Sud\",\"isPartOf\":{\"@id\":\"https:\\\/\\\/apostille.expert\\\/ro\\\/#website\"},\"primaryImageOfPage\":{\"@id\":\"https:\\\/\\\/apostille.expert\\\/ro\\\/apostila-electronica\\\/#primaryimage\"},\"image\":{\"@id\":\"https:\\\/\\\/apostille.expert\\\/ro\\\/apostila-electronica\\\/#primaryimage\"},\"thumbnailUrl\":\"https:\\\/\\\/apostille.expert\\\/wp-content\\\/uploads\\\/2022\\\/09\\\/Elektronnyi_Apostili.jpg\",\"datePublished\":\"2023-07-14T11:55:27+00:00\",\"dateModified\":\"2023-07-14T11:55:44+00:00\",\"breadcrumb\":{\"@id\":\"https:\\\/\\\/apostille.expert\\\/ro\\\/apostila-electronica\\\/#breadcrumb\"},\"inLanguage\":\"ro-RO\",\"potentialAction\":[{\"@type\":\"ReadAction\",\"target\":[\"https:\\\/\\\/apostille.expert\\\/ro\\\/apostila-electronica\\\/\"]}]},{\"@type\":\"ImageObject\",\"inLanguage\":\"ro-RO\",\"@id\":\"https:\\\/\\\/apostille.expert\\\/ro\\\/apostila-electronica\\\/#primaryimage\",\"url\":\"https:\\\/\\\/apostille.expert\\\/wp-content\\\/uploads\\\/2022\\\/09\\\/Elektronnyi_Apostili.jpg\",\"contentUrl\":\"https:\\\/\\\/apostille.expert\\\/wp-content\\\/uploads\\\/2022\\\/09\\\/Elektronnyi_Apostili.jpg\"},{\"@type\":\"BreadcrumbList\",\"@id\":\"https:\\\/\\\/apostille.expert\\\/ro\\\/apostila-electronica\\\/#breadcrumb\",\"itemListElement\":[{\"@type\":\"ListItem\",\"position\":1,\"name\":\"Home\",\"item\":\"https:\\\/\\\/apostille.expert\\\/ro\\\/\"},{\"@type\":\"ListItem\",\"position\":2,\"name\":\"Apostila electronica\"}]},{\"@type\":\"WebSite\",\"@id\":\"https:\\\/\\\/apostille.expert\\\/ro\\\/#website\",\"url\":\"https:\\\/\\\/apostille.expert\\\/ro\\\/\",\"name\":\"Acte (Documente), Legalizare \u0219i Apostila in EU, SUA, America de Sud\",\"description\":\"Acte (Documente), Legalizare \u0219i Apostila in tarile EU, SUA, America de Sud, Moldova, Rusia, Ucraina, Azerbaijan, Armenia, Polonia, Fran\u021ba, Georgia, Kazahstan, Kirghizia si alte tarile ale lumii\",\"potentialAction\":[{\"@type\":\"SearchAction\",\"target\":{\"@type\":\"EntryPoint\",\"urlTemplate\":\"https:\\\/\\\/apostille.expert\\\/ro\\\/?s={search_term_string}\"},\"query-input\":{\"@type\":\"PropertyValueSpecification\",\"valueRequired\":true,\"valueName\":\"search_term_string\"}}],\"inLanguage\":\"ro-RO\"}]}<\/script>\n<!-- \/ Yoast SEO plugin. -->","yoast_head_json":{"title":"Apostila electronica - Acte (Documente), Legalizare \u0219i Apostila in EU, SUA, America de Sud","robots":{"index":"index","follow":"follow","max-snippet":"max-snippet:-1","max-image-preview":"max-image-preview:large","max-video-preview":"max-video-preview:-1"},"canonical":"https:\/\/apostille.expert\/ro\/apostila-electronica\/","og_locale":"ro_RO","og_type":"article","og_title":"Apostila electronica - Acte (Documente), Legalizare \u0219i Apostila in EU, SUA, America de Sud","og_description":"E-apostila. Apostila online Apostila electronic\u0103 este o procedur\u0103 special\u0103 de semnare a apostilei, prezentat\u0103 pe un suport digital \u00een format de fi\u0219ier, &#8211; cu semn\u0103tur\u0103 digital\u0103. Esen\u021ba apostilei nu se schimb\u0103. Con\u021binutul apostilei r\u0103m\u00e2ne acela\u0219i. Cu toate acestea, riscurile de falsificare a acesteia se reduc semnificativ. Orice \u0219tampil\u0103 \u0219i semn\u0103tur\u0103 pe h\u00e2rtie pot fi falsificate. ... Cite\u0219te mai mult","og_url":"https:\/\/apostille.expert\/ro\/apostila-electronica\/","og_site_name":"Acte (Documente), Legalizare \u0219i Apostila in EU, SUA, America de Sud","article_modified_time":"2023-07-14T11:55:44+00:00","og_image":[{"url":"https:\/\/apostille.expert\/wp-content\/uploads\/2022\/09\/Elektronnyi_Apostili.jpg","type":"","width":"","height":""}],"twitter_card":"summary_large_image","twitter_misc":{"Timp estimat pentru citire":"2 minute"},"schema":{"@context":"https:\/\/schema.org","@graph":[{"@type":"WebPage","@id":"https:\/\/apostille.expert\/ro\/apostila-electronica\/","url":"https:\/\/apostille.expert\/ro\/apostila-electronica\/","name":"Apostila electronica - Acte (Documente), Legalizare \u0219i Apostila in EU, SUA, America de Sud","isPartOf":{"@id":"https:\/\/apostille.expert\/ro\/#website"},"primaryImageOfPage":{"@id":"https:\/\/apostille.expert\/ro\/apostila-electronica\/#primaryimage"},"image":{"@id":"https:\/\/apostille.expert\/ro\/apostila-electronica\/#primaryimage"},"thumbnailUrl":"https:\/\/apostille.expert\/wp-content\/uploads\/2022\/09\/Elektronnyi_Apostili.jpg","datePublished":"2023-07-14T11:55:27+00:00","dateModified":"2023-07-14T11:55:44+00:00","breadcrumb":{"@id":"https:\/\/apostille.expert\/ro\/apostila-electronica\/#breadcrumb"},"inLanguage":"ro-RO","potentialAction":[{"@type":"ReadAction","target":["https:\/\/apostille.expert\/ro\/apostila-electronica\/"]}]},{"@type":"ImageObject","inLanguage":"ro-RO","@id":"https:\/\/apostille.expert\/ro\/apostila-electronica\/#primaryimage","url":"https:\/\/apostille.expert\/wp-content\/uploads\/2022\/09\/Elektronnyi_Apostili.jpg","contentUrl":"https:\/\/apostille.expert\/wp-content\/uploads\/2022\/09\/Elektronnyi_Apostili.jpg"},{"@type":"BreadcrumbList","@id":"https:\/\/apostille.expert\/ro\/apostila-electronica\/#breadcrumb","itemListElement":[{"@type":"ListItem","position":1,"name":"Home","item":"https:\/\/apostille.expert\/ro\/"},{"@type":"ListItem","position":2,"name":"Apostila electronica"}]},{"@type":"WebSite","@id":"https:\/\/apostille.expert\/ro\/#website","url":"https:\/\/apostille.expert\/ro\/","name":"Acte (Documente), Legalizare \u0219i Apostila in EU, SUA, America de Sud","description":"Acte (Documente), Legalizare \u0219i Apostila in tarile EU, SUA, America de Sud, Moldova, Rusia, Ucraina, Azerbaijan, Armenia, Polonia, Fran\u021ba, Georgia, Kazahstan, Kirghizia si alte tarile ale lumii","potentialAction":[{"@type":"SearchAction","target":{"@type":"EntryPoint","urlTemplate":"https:\/\/apostille.expert\/ro\/?s={search_term_string}"},"query-input":{"@type":"PropertyValueSpecification","valueRequired":true,"valueName":"search_term_string"}}],"inLanguage":"ro-RO"}]}},"_links":{"self":[{"href":"https:\/\/apostille.expert\/ro\/wp-json\/wp\/v2\/pages\/107","targetHints":{"allow":["GET"]}}],"collection":[{"href":"https:\/\/apostille.expert\/ro\/wp-json\/wp\/v2\/pages"}],"about":[{"href":"https:\/\/apostille.expert\/ro\/wp-json\/wp\/v2\/types\/page"}],"author":[{"embeddable":true,"href":"https:\/\/apostille.expert\/ro\/wp-json\/wp\/v2\/users\/1"}],"replies":[{"embeddable":true,"href":"https:\/\/apostille.expert\/ro\/wp-json\/wp\/v2\/comments?post=107"}],"version-history":[{"count":1,"href":"https:\/\/apostille.expert\/ro\/wp-json\/wp\/v2\/pages\/107\/revisions"}],"predecessor-version":[{"id":108,"href":"https:\/\/apostille.expert\/ro\/wp-json\/wp\/v2\/pages\/107\/revisions\/108"}],"wp:attachment":[{"href":"https:\/\/apostille.expert\/ro\/wp-json\/wp\/v2\/media?parent=107"}],"curies":[{"name":"wp","href":"https:\/\/api.w.org\/{rel}","templated":true}]}}