{"id":105,"date":"2023-07-14T11:32:53","date_gmt":"2023-07-14T11:32:53","guid":{"rendered":"https:\/\/apostille.expert\/ro\/?page_id=105"},"modified":"2023-07-14T11:51:57","modified_gmt":"2023-07-14T11:51:57","slug":"conventia-de-la-haga-din-1961","status":"publish","type":"page","link":"https:\/\/apostille.expert\/ro\/conventia-de-la-haga-din-1961\/","title":{"rendered":"Conven\u021bia de la Haga din 1961"},"content":{"rendered":"<h2><strong>Textul Conven\u021biei de la Haga privind Apostila (traducere)<\/strong><\/h2>\n<h4 style=\"letter-spacing: normal;\"><\/h4>\n<p>Aceasta este o conven\u021bie adoptat\u0103 \u00een 1961, care elimin\u0103 cerin\u021ba de legalizare a documentelor oficiale str\u0103ine pentru \u021b\u0103rile semnatare ale Conven\u021biei.<\/p>\n<p>Lista \u021b\u0103rilor semnatare ale Conven\u021biei de la Haga este \u00een continu\u0103 cre\u0219tere, include \u021b\u0103ri de pe diferite continente ale planetei \u0219i la data de 20 iunie 2022 &#8211; 165 de \u021b\u0103ri. Toate \u021b\u0103rile din Europa &#8211; de vest \u0219i de est &#8211; s-au al\u0103turat Conven\u021biei de la Haga.<\/p>\n<p>Apostila a fost introdus\u0103 \u00een \u021b\u0103rile care au semnat Conven\u021bia privind&nbsp;<a href=\"https:\/\/ro.wikipedia.org\/wiki\/Apostil%C4%83\">Apostila<\/a>&nbsp;din 1961 la diferite date. La fiecare 3-4 ani, 2-3 \u021b\u0103ri se al\u0103tur\u0103 conven\u021biei.<\/p>\n<p>Ultima \u021bar\u0103 care s-a al\u0103turat Conven\u021biei a fost Pakistanul (la 1 iulie 2022).<\/p>\n<section>\n<blockquote><p>Conform Conven\u021biei de la Haga, apostila define\u0219te gradul de \u00eencredere relativ\u0103 \u00eentre dou\u0103 \u021b\u0103ri cu privire la autenticitatea \u0219i acurate\u021bea documentelor traduse.<\/p><\/blockquote>\n<\/section>\n<p><!-- widget-container --><\/p>\n<p>Trebuie men\u021bionat c\u0103 se lucreaz\u0103 \u00een mod constant la Apostila pentru \u00eembun\u0103t\u0103\u021birea procedurii, transparen\u021ba acesteia \u0219i informarea popula\u021biei \u021b\u0103rilor care fac parte din conven\u021bie.<\/p>\n<p>\u00cen special, ultima reuniune a Comisiei Speciale privind aplicarea practic\u0103 a Apostilei a avut loc \u00eentre 5-8 octombrie 2021. Una dintre problemele examinate de comisie a fost formatul apostilelor multilingve.<\/p>\n<h2><strong>Textul conven\u021biei privind Apostila<\/strong><\/h2>\n<p><b>CONVEN\u021aIE CARE ABROG\u0102 CERIN\u021aA DE LEGALIZARE A DOCUMENTELOR OFICIALE STR\u0102INE<\/b><\/p>\n<p>(\u00cencheiat\u0103 la 5 octombrie 1961)<\/p>\n<p>Statele care au semnat prezenta Conven\u021bie, dorind s\u0103 abroge cerin\u021ba de legalizare diplomatic\u0103 sau consular\u0103 a documentelor oficiale str\u0103ine,<\/p>\n<p>Au decis s\u0103 \u00eencheie o Conven\u021bie \u00een acest sens \u0219i au convenit asupra urm\u0103toarelor prevederi:<\/p>\n<p><b>Articolul 1<\/b><\/p>\n<p>Prezenta Conven\u021bie se aplic\u0103 documentelor oficiale care au fost \u00eentocmite pe teritoriul unui Stat Contractant \u0219i care trebuie prezentate pe teritoriul altui Stat Contractant.<\/p>\n<p>\u00cen scopurile prezentei Conven\u021bii, documentele oficiale sunt considerate a fi:<\/p>\n<p>a) documente emise de un organ sau un func\u021bionar legat de instan\u021bele judec\u0103tore\u0219ti sau tribunalele statului, inclusiv cele emise de un procuror, un secretar de instan\u021b\u0103 sau un executor judec\u0103toresc;<\/p>\n<p>b) documente administrative;<\/p>\n<p>c) documente notariale;<\/p>\n<p>d) certificate oficiale care sunt aplicate pe documente semnate de persoane \u00een calitatea lor personal\u0103, cum ar fi certificatele oficiale privind \u00eenregistrarea unui document sau faptul c\u0103 acesta exista la o anumit\u0103 dat\u0103, precum \u0219i certificatele oficiale \u0219i notariale ale semn\u0103turilor.<\/p>\n<p>Cu toate acestea, prezenta Conven\u021bie nu se aplic\u0103:<\/p>\n<p>a) documentelor \u00eentocmite de agen\u021bi diplomatici sau consulari;<\/p>\n<p>b) documentelor administrative care se refer\u0103 direct la opera\u021biuni comerciale sau vamale.<\/p>\n<p><b>Articolul 2<\/b><\/p>\n<p>Fiecare Stat Contractant exonereaz\u0103 de legalizare documentele la care se aplic\u0103 prezenta Conven\u021bie \u0219i care trebuie prezentate pe teritoriul s\u0103u. \u00cen scopurile prezentei Conven\u021bii, prin legalizare se \u00een\u021belege doar formalitatea prin care agen\u021bii diplomatici sau consulari ai \u021b\u0103rii \u00een care trebuie prezentat documentul certific\u0103 autenticitatea semn\u0103turii, calitatea \u00een care a ac\u021bionat persoana care a semnat documentul \u0219i, dup\u0103 caz, autenticitatea sigiliului sau \u0219tampilei cu care este sigilat.<\/p>\n<p><b>Articolul 3<\/b><\/p>\n<p>Singura formalitate care poate fi necesar\u0103 pentru a certifica autenticitatea semn\u0103turii, calitatea \u00een care a ac\u021bionat persoana care a semnat documentul \u0219i, dac\u0103 este necesar, autenticitatea sigiliului sau \u0219tampilei cu care este sigilat, este ad\u0103ugarea unui certificat, descris \u00een articolul 4, emis de autoritatea competent\u0103 a statului de unde provine documentul.<\/p>\n<p>Cu toate acestea, respectarea formalit\u0103\u021bilor men\u021bionate \u00een paragraful precedent nu poate fi necesar\u0103 dac\u0103 fie legile, regulile sau practica \u00een vigoare \u00een statul \u00een care a fost emis documentul, fie un acord \u00eentre dou\u0103 sau mai multe State Contractante le-au abrogat sau simplificat, sau scutesc documentul de la sine de la legalizare.<\/p>\n<p><b>Articolul 4<\/b><\/p>\n<p>Certificatul men\u021bionat \u00een primul paragraf al articolului 3 este plasat pe documentul \u00een sine sau pe un \u201eal\u0103turat\u201d; acesta este \u00eentocmit \u00een forma modelului anexat la prezenta Conven\u021bie.<\/p>\n<p>Cu toate acestea, acesta poate fi \u00eentocmit \u00een limba oficial\u0103 a autorit\u0103\u021bii care l-a emis. Termenii standard care apar \u00een acesta pot fi, de asemenea, \u00eentr-o alt\u0103 limb\u0103. Titlul &#8222;Apostil\u0103 (Conven\u021bia din 5 octombrie 1961)&#8221; trebuie s\u0103 fie \u00een limba francez\u0103.<\/p>\n<p><b>Articolul 5<\/b><\/p>\n<p>Certificatul este emis la cererea persoanei care a semnat documentul sau a oric\u0103rui titular.<\/p>\n<p>C\u00e2nd este completat corect, acesta certific\u0103 autenticitatea semn\u0103turii, rolul \u00een care a ac\u021bionat persoana care a semnat documentul \u0219i, dac\u0103 este necesar, autenticitatea sigiliului sau \u0219tampilei cu care este sigilat.<\/p>\n<p>Semn\u0103tura, sigiliul \u0219i \u0219tampila pe certificat sunt scutite de orice certificare.<\/p>\n<p><b>Articolul 6<\/b><\/p>\n<p>Fiecare Stat Contractant desemneaz\u0103, \u00een conformitate cu func\u021bia sa oficial\u0103, autorit\u0103\u021bile care sunt competente s\u0103 emit\u0103 certificatul men\u021bionat \u00een primul paragraf al articolului 3.<\/p>\n<p>Acesta notific\u0103 aceast\u0103 desemnare Ministerului Afacerilor Externe al \u021a\u0103rilor de Jos \u00een momentul depunerii instrumentului s\u0103u de ratificare sau a documentului de aderare sau a declara\u021biei sale de extindere. De asemenea, notific\u0103 orice modificare a autorit\u0103\u021bilor desemnate.<\/p>\n<p><b>Articolul 7<\/b><\/p>\n<p>Fiecare dintre autorit\u0103\u021bile desemnate \u00een conformitate cu Articolul 6 trebuie s\u0103 \u021bin\u0103 un registru sau un fi\u0219ier \u00een care s\u0103 \u00eenregistreze certificatele emise, indic\u00e2nd:<\/p>\n<p>a) num\u0103rul \u0219i data certificatului,<\/p>\n<p>b) numele persoanei care a semnat documentul public \u0219i func\u021bia \u00een care a ac\u021bionat, iar \u00een cazul documentelor nesemnate &#8211; numele autorit\u0103\u021bii care a aplicat sigiliul sau \u0219tampila.<\/p>\n<p>La cererea unei persoane interesate, autoritatea care a emis certificatul verific\u0103 dac\u0103 informa\u021biile din certificat corespund cu datele din registrul sau fi\u0219ier.<\/p>\n<p><b>Articolul 8<\/b><\/p>\n<p>Dac\u0103 un tratat, o conven\u021bie sau un acord \u00eentre dou\u0103 sau mai multe State Contractante con\u021bine prevederi care impun \u00eendeplinirea anumitor formalit\u0103\u021bi pentru certificarea semn\u0103turii, sigiliului sau \u0219tampilei, prezenta Conven\u021bie are prioritate fa\u021b\u0103 de aceste prevederi numai \u00een cazul \u00een care aceste formalit\u0103\u021bi sunt mai stricte dec\u00e2t formalit\u0103\u021bile men\u021bionate \u00een Articolele 3 \u0219i 4.<\/p>\n<p><b>Articolul 9<\/b><\/p>\n<p>Fiecare Stat Contractant ia m\u0103surile necesare pentru a preveni legalizarea de c\u0103tre agen\u021bii s\u0103i diplomatici sau consulari \u00een cazurile \u00een care prezenta Conven\u021bie prevede excep\u021bii.<\/p>\n<p><b>Articolul 10<\/b><\/p>\n<p>Prezenta Conven\u021bie este deschis\u0103 pentru semnare de c\u0103tre statele reprezentate la cea de-a noua sesiune a Conferin\u021bei de la Haga privind dreptul interna\u021bional privat, precum \u0219i Islanda, Irlanda, Liechtenstein \u0219i Turcia. Aceasta este supus\u0103 ratific\u0103rii, iar instrumentele de ratificare sunt depuse la Ministerul Afacerilor Externe al \u021a\u0103rilor de Jos.<\/p>\n<p><b>Articolul 11<\/b><\/p>\n<p>Prezenta Conven\u021bie intr\u0103 \u00een vigoare la a \u0219aizeci de zile dup\u0103 depunerea celei de-a treia instrumente de ratificare men\u021bionate \u00een al doilea paragraf al articolului 10.<\/p>\n<p>Conven\u021bia intr\u0103 \u00een vigoare pentru fiecare stat care a semnat-o \u0219i care o ratific\u0103 ulterior, la a \u0219aizeci de zile dup\u0103 depunerea instrumentului s\u0103u de ratificare.<\/p>\n<p><b>Articolul 12<\/b><\/p>\n<p>Orice stat care nu este men\u021bionat \u00een articolul 10 poate adera la prezenta Conven\u021bie dup\u0103 intrarea sa \u00een vigoare \u00een conformitate cu primul paragraf al articolului 11. Documentul de aderare este depus la Ministerul Afacerilor Externe al \u021a\u0103rilor de Jos.<\/p>\n<p>O astfel de aderare are efect numai \u00een ceea ce prive\u0219te rela\u021biile dintre statul aderent \u0219i acele State Contractante care nu au ridicat obiec\u021bii \u00eempotriva ader\u0103rii sale \u00een termen de \u0219ase luni de la primirea notific\u0103rii men\u021bionate la litera d) a articolului 15. Orice obiec\u021bie la o astfel de aderare trebuie s\u0103 fie notificat\u0103 Ministerului Afacerilor Externe al \u021a\u0103rilor de Jos.<\/p>\n<p>Conven\u021bia intr\u0103 \u00een vigoare \u00een rela\u021biile dintre statul aderent \u0219i statele care nu au ridicat obiec\u021bii \u00eempotriva ader\u0103rii sale, la a \u0219aizeci de zile dup\u0103 expirarea perioadei de \u0219ase luni men\u021bionate \u00een paragraful anterior.<\/p>\n<p><b>Articolul 13<\/b><\/p>\n<p>Orice stat poate declara \u00een momentul semn\u0103rii, ratific\u0103rii sau ader\u0103rii c\u0103 prezenta Conven\u021bie se aplic\u0103 tuturor teritoriilor pentru rela\u021biile interna\u021bionale ale c\u0103rora este responsabil, sau unuia sau mai multora dintre acestea. O astfel de declara\u021bie intr\u0103 \u00een vigoare la data intr\u0103rii \u00een vigoare a Conven\u021biei pentru statul respectiv.<\/p>\n<p>Orice astfel de extindere ulterioar\u0103 trebuie notificat\u0103 Ministerului Afacerilor Externe al \u021a\u0103rilor de Jos.<\/p>\n<p>C\u00e2nd declara\u021bia de extindere este f\u0103cut\u0103 de un stat care a semnat \u0219i a ratificat Conven\u021bia, aceasta intr\u0103 \u00een vigoare pentru teritoriile respective \u00een conformitate cu articolul 11. C\u00e2nd declara\u021bia de extindere este f\u0103cut\u0103 de un stat care a aderat, Conven\u021bia intr\u0103 \u00een vigoare pentru teritoriile respective \u00een conformitate cu articolul 12.<\/p>\n<p><b>Articolul 14<\/b><\/p>\n<p>Prezenta Conven\u021bie r\u0103m\u00e2ne \u00een vigoare timp de cinci ani de la data intr\u0103rii sale \u00een vigoare \u00een conformitate cu primul paragraf al articolului 11, chiar \u0219i pentru statele care au ratificat-o sau au aderat la ea ulterior.<\/p>\n<p>Dac\u0103 nu a avut loc nicio denun\u021bare, Conven\u021bia este re\u00eennoit\u0103 tacit la fiecare cinci ani.<\/p>\n<p>Orice denun\u021bare trebuie notificat\u0103 Ministerului Afacerilor Externe al \u021a\u0103rilor de Jos cu cel pu\u021bin \u0219ase luni \u00eenainte de expirarea perioadei de cinci ani.<\/p>\n<p>Aceasta poate fi limitat\u0103 la anumite teritorii la care se aplic\u0103 Conven\u021bia.<\/p>\n<p>Denun\u021barea va avea efect numai \u00een ceea ce prive\u0219te statul care a notificat-o. Conven\u021bia r\u0103m\u00e2ne \u00een vigoare pentru celelalte State Contractante.<\/p>\n<p><b>Articolul 15<\/b><\/p>\n<p>Ministerul Afacerilor Externe al \u021a\u0103rilor de Jos notific\u0103 statele men\u021bionate \u00een articolul 10 \u0219i statele care au aderat \u00een conformitate cu articolul 12 cu privire la urm\u0103toarele:<\/p>\n<p>a) notific\u0103rile men\u021bionate \u00een al doilea paragraf al articolului 6;<\/p>\n<p>b) semn\u0103turile \u0219i ratific\u0103rile men\u021bionate \u00een articolul 10;<\/p>\n<p>c) data intr\u0103rii \u00een vigoare a prezentei Conven\u021bii \u00een conformitate cu primul paragraf al articolului 11;<\/p>\n<p>d) ader\u0103rile \u0219i obiec\u021biile men\u021bionate \u00een articolul 12 \u0219i data la care aceste ader\u0103ri intr\u0103 \u00een vigoare;<\/p>\n<p>e) extinderile men\u021bionate \u00een articolul 13 \u0219i data la care acestea intr\u0103 \u00een vigoare;<\/p>\n<p>f) denun\u021b\u0103rile men\u021bionate \u00een al treilea paragraf al articolului 14.<\/p>\n<p>\u00cen m\u0103rturia a ceea ce precede, semnatarii de mai jos, fiind \u00een mod corespunz\u0103tor autoriza\u021bi, au semnat prezenta Conven\u021bie.<\/p>\n<p>F\u0103cut la Haga, la 5 octombrie 1961, \u00een limba francez\u0103 \u0219i englez\u0103, textul \u00een limba francez\u0103 av\u00e2nd prioritate \u00een caz de divergen\u021be \u00eentre cele dou\u0103 texte, \u00eentr-un singur exemplar, care va fi depus \u00een arhivele guvernului \u021a\u0103rilor de Jos \u0219i a c\u0103rui copie certificat\u0103 va fi trimis\u0103 pe canalele diplomatice fiec\u0103rui stat reprezentat la cea de-a noua sesiune a Conferin\u021bei de la Haga privind dreptul interna\u021bional privat, precum \u0219i Islandei, Irlandei, Liechtensteinului \u0219i Turciei.<\/p>\n","protected":false},"excerpt":{"rendered":"<p>Textul Conven\u021biei de la Haga privind Apostila (traducere) Aceasta este o conven\u021bie adoptat\u0103 \u00een 1961, care elimin\u0103 cerin\u021ba de legalizare a documentelor oficiale str\u0103ine pentru \u021b\u0103rile semnatare ale Conven\u021biei. Lista \u021b\u0103rilor semnatare ale Conven\u021biei de la Haga este \u00een continu\u0103 cre\u0219tere, include \u021b\u0103ri de pe diferite continente ale planetei \u0219i la data de 20 iunie &#8230; <a title=\"Conven\u021bia de la Haga din 1961\" class=\"read-more\" href=\"https:\/\/apostille.expert\/ro\/conventia-de-la-haga-din-1961\/\" aria-label=\"Cite\u0219te mai multe despre Conven\u021bia de la Haga din 1961\">Cite\u0219te mai mult<\/a><\/p>\n","protected":false},"author":1,"featured_media":0,"parent":0,"menu_order":0,"comment_status":"closed","ping_status":"closed","template":"","meta":{"_eb_attr":"","footnotes":""},"class_list":["post-105","page","type-page","status-publish"],"yoast_head":"<!-- This site is optimized with the Yoast SEO plugin v27.4 - https:\/\/yoast.com\/product\/yoast-seo-wordpress\/ -->\n<title>Conven\u021bia de la Haga din 1961 - Acte (Documente), Legalizare \u0219i Apostila in EU, SUA, America de Sud<\/title>\n<meta name=\"robots\" content=\"index, follow, max-snippet:-1, max-image-preview:large, max-video-preview:-1\" \/>\n<link rel=\"canonical\" href=\"https:\/\/apostille.expert\/ro\/conventia-de-la-haga-din-1961\/\" \/>\n<meta property=\"og:locale\" content=\"ro_RO\" \/>\n<meta property=\"og:type\" content=\"article\" \/>\n<meta property=\"og:title\" content=\"Conven\u021bia de la Haga din 1961 - Acte (Documente), Legalizare \u0219i Apostila in EU, SUA, America de Sud\" \/>\n<meta property=\"og:description\" content=\"Textul Conven\u021biei de la Haga privind Apostila (traducere) Aceasta este o conven\u021bie adoptat\u0103 \u00een 1961, care elimin\u0103 cerin\u021ba de legalizare a documentelor oficiale str\u0103ine pentru \u021b\u0103rile semnatare ale Conven\u021biei. Lista \u021b\u0103rilor semnatare ale Conven\u021biei de la Haga este \u00een continu\u0103 cre\u0219tere, include \u021b\u0103ri de pe diferite continente ale planetei \u0219i la data de 20 iunie ... Cite\u0219te mai mult\" \/>\n<meta property=\"og:url\" content=\"https:\/\/apostille.expert\/ro\/conventia-de-la-haga-din-1961\/\" \/>\n<meta property=\"og:site_name\" content=\"Acte (Documente), Legalizare \u0219i Apostila in EU, SUA, America de Sud\" \/>\n<meta property=\"article:modified_time\" content=\"2023-07-14T11:51:57+00:00\" \/>\n<meta name=\"twitter:card\" content=\"summary_large_image\" \/>\n<meta name=\"twitter:label1\" content=\"Timp estimat pentru citire\" \/>\n\t<meta name=\"twitter:data1\" content=\"9 minute\" \/>\n<script type=\"application\/ld+json\" class=\"yoast-schema-graph\">{\"@context\":\"https:\\\/\\\/schema.org\",\"@graph\":[{\"@type\":\"WebPage\",\"@id\":\"https:\\\/\\\/apostille.expert\\\/ro\\\/conventia-de-la-haga-din-1961\\\/\",\"url\":\"https:\\\/\\\/apostille.expert\\\/ro\\\/conventia-de-la-haga-din-1961\\\/\",\"name\":\"Conven\u021bia de la Haga din 1961 - Acte (Documente), Legalizare \u0219i Apostila in EU, SUA, America de Sud\",\"isPartOf\":{\"@id\":\"https:\\\/\\\/apostille.expert\\\/ro\\\/#website\"},\"datePublished\":\"2023-07-14T11:32:53+00:00\",\"dateModified\":\"2023-07-14T11:51:57+00:00\",\"breadcrumb\":{\"@id\":\"https:\\\/\\\/apostille.expert\\\/ro\\\/conventia-de-la-haga-din-1961\\\/#breadcrumb\"},\"inLanguage\":\"ro-RO\",\"potentialAction\":[{\"@type\":\"ReadAction\",\"target\":[\"https:\\\/\\\/apostille.expert\\\/ro\\\/conventia-de-la-haga-din-1961\\\/\"]}]},{\"@type\":\"BreadcrumbList\",\"@id\":\"https:\\\/\\\/apostille.expert\\\/ro\\\/conventia-de-la-haga-din-1961\\\/#breadcrumb\",\"itemListElement\":[{\"@type\":\"ListItem\",\"position\":1,\"name\":\"Home\",\"item\":\"https:\\\/\\\/apostille.expert\\\/ro\\\/\"},{\"@type\":\"ListItem\",\"position\":2,\"name\":\"Conven\u021bia de la Haga din 1961\"}]},{\"@type\":\"WebSite\",\"@id\":\"https:\\\/\\\/apostille.expert\\\/ro\\\/#website\",\"url\":\"https:\\\/\\\/apostille.expert\\\/ro\\\/\",\"name\":\"Acte (Documente), Legalizare \u0219i Apostila in EU, SUA, America de Sud\",\"description\":\"Acte (Documente), Legalizare \u0219i Apostila in tarile EU, SUA, America de Sud, Moldova, Rusia, Ucraina, Azerbaijan, Armenia, Polonia, Fran\u021ba, Georgia, Kazahstan, Kirghizia si alte tarile ale lumii\",\"potentialAction\":[{\"@type\":\"SearchAction\",\"target\":{\"@type\":\"EntryPoint\",\"urlTemplate\":\"https:\\\/\\\/apostille.expert\\\/ro\\\/?s={search_term_string}\"},\"query-input\":{\"@type\":\"PropertyValueSpecification\",\"valueRequired\":true,\"valueName\":\"search_term_string\"}}],\"inLanguage\":\"ro-RO\"}]}<\/script>\n<!-- \/ Yoast SEO plugin. -->","yoast_head_json":{"title":"Conven\u021bia de la Haga din 1961 - Acte (Documente), Legalizare \u0219i Apostila in EU, SUA, America de Sud","robots":{"index":"index","follow":"follow","max-snippet":"max-snippet:-1","max-image-preview":"max-image-preview:large","max-video-preview":"max-video-preview:-1"},"canonical":"https:\/\/apostille.expert\/ro\/conventia-de-la-haga-din-1961\/","og_locale":"ro_RO","og_type":"article","og_title":"Conven\u021bia de la Haga din 1961 - Acte (Documente), Legalizare \u0219i Apostila in EU, SUA, America de Sud","og_description":"Textul Conven\u021biei de la Haga privind Apostila (traducere) Aceasta este o conven\u021bie adoptat\u0103 \u00een 1961, care elimin\u0103 cerin\u021ba de legalizare a documentelor oficiale str\u0103ine pentru \u021b\u0103rile semnatare ale Conven\u021biei. Lista \u021b\u0103rilor semnatare ale Conven\u021biei de la Haga este \u00een continu\u0103 cre\u0219tere, include \u021b\u0103ri de pe diferite continente ale planetei \u0219i la data de 20 iunie ... Cite\u0219te mai mult","og_url":"https:\/\/apostille.expert\/ro\/conventia-de-la-haga-din-1961\/","og_site_name":"Acte (Documente), Legalizare \u0219i Apostila in EU, SUA, America de Sud","article_modified_time":"2023-07-14T11:51:57+00:00","twitter_card":"summary_large_image","twitter_misc":{"Timp estimat pentru citire":"9 minute"},"schema":{"@context":"https:\/\/schema.org","@graph":[{"@type":"WebPage","@id":"https:\/\/apostille.expert\/ro\/conventia-de-la-haga-din-1961\/","url":"https:\/\/apostille.expert\/ro\/conventia-de-la-haga-din-1961\/","name":"Conven\u021bia de la Haga din 1961 - Acte (Documente), Legalizare \u0219i Apostila in EU, SUA, America de Sud","isPartOf":{"@id":"https:\/\/apostille.expert\/ro\/#website"},"datePublished":"2023-07-14T11:32:53+00:00","dateModified":"2023-07-14T11:51:57+00:00","breadcrumb":{"@id":"https:\/\/apostille.expert\/ro\/conventia-de-la-haga-din-1961\/#breadcrumb"},"inLanguage":"ro-RO","potentialAction":[{"@type":"ReadAction","target":["https:\/\/apostille.expert\/ro\/conventia-de-la-haga-din-1961\/"]}]},{"@type":"BreadcrumbList","@id":"https:\/\/apostille.expert\/ro\/conventia-de-la-haga-din-1961\/#breadcrumb","itemListElement":[{"@type":"ListItem","position":1,"name":"Home","item":"https:\/\/apostille.expert\/ro\/"},{"@type":"ListItem","position":2,"name":"Conven\u021bia de la Haga din 1961"}]},{"@type":"WebSite","@id":"https:\/\/apostille.expert\/ro\/#website","url":"https:\/\/apostille.expert\/ro\/","name":"Acte (Documente), Legalizare \u0219i Apostila in EU, SUA, America de Sud","description":"Acte (Documente), Legalizare \u0219i Apostila in tarile EU, SUA, America de Sud, Moldova, Rusia, Ucraina, Azerbaijan, Armenia, Polonia, Fran\u021ba, Georgia, Kazahstan, Kirghizia si alte tarile ale lumii","potentialAction":[{"@type":"SearchAction","target":{"@type":"EntryPoint","urlTemplate":"https:\/\/apostille.expert\/ro\/?s={search_term_string}"},"query-input":{"@type":"PropertyValueSpecification","valueRequired":true,"valueName":"search_term_string"}}],"inLanguage":"ro-RO"}]}},"_links":{"self":[{"href":"https:\/\/apostille.expert\/ro\/wp-json\/wp\/v2\/pages\/105","targetHints":{"allow":["GET"]}}],"collection":[{"href":"https:\/\/apostille.expert\/ro\/wp-json\/wp\/v2\/pages"}],"about":[{"href":"https:\/\/apostille.expert\/ro\/wp-json\/wp\/v2\/types\/page"}],"author":[{"embeddable":true,"href":"https:\/\/apostille.expert\/ro\/wp-json\/wp\/v2\/users\/1"}],"replies":[{"embeddable":true,"href":"https:\/\/apostille.expert\/ro\/wp-json\/wp\/v2\/comments?post=105"}],"version-history":[{"count":1,"href":"https:\/\/apostille.expert\/ro\/wp-json\/wp\/v2\/pages\/105\/revisions"}],"predecessor-version":[{"id":106,"href":"https:\/\/apostille.expert\/ro\/wp-json\/wp\/v2\/pages\/105\/revisions\/106"}],"wp:attachment":[{"href":"https:\/\/apostille.expert\/ro\/wp-json\/wp\/v2\/media?parent=105"}],"curies":[{"name":"wp","href":"https:\/\/api.w.org\/{rel}","templated":true}]}}