{"id":103,"date":"2023-07-14T11:15:54","date_gmt":"2023-07-14T11:15:54","guid":{"rendered":"https:\/\/apostille.expert\/ro\/?page_id=103"},"modified":"2023-07-14T11:15:56","modified_gmt":"2023-07-14T11:15:56","slug":"intrebari-frecvente-despre-apostila","status":"publish","type":"page","link":"https:\/\/apostille.expert\/ro\/intrebari-frecvente-despre-apostila\/","title":{"rendered":"\u00centreb\u0103ri frecvente despre Apostila"},"content":{"rendered":"<h4>Cum se face apostila dac\u0103 e\u0219ti \u00een str\u0103in\u0103tate?<\/h4>\n<p>Apostila pe documente, fiind \u00een str\u0103in\u0103tate, poate fi comandat\u0103 prin intermediul agen\u021biei noastre. Pentru aceasta, de obicei (\u00een majoritatea cazurilor) este suficient s\u0103 ne trimite\u021bi originalul documentelor care trebuie apostilate. Vom aplica apostile pe ele \u0219i vi le vom trimite \u00eenapoi.<\/p>\n<h4>Poate fi aplicat\u0103 apostila f\u0103r\u0103 prezen\u021ba personal\u0103?<\/h4>\n<p>Apostila pe documente f\u0103r\u0103 prezen\u021ba dvs. poate fi f\u0103cut\u0103 prin agen\u021bia noastr\u0103. Pentru aceasta, trebuie s\u0103 ne trimite\u021bi originalele documentelor pentru apostil\u0103. Le vom verifica pentru posibilitatea de a fi apostilate (mai \u00eent\u00e2i pute\u021bi trimite o fotografie sau un scan pentru verificare), apoi vom aplica apostile pe ele \u0219i vi le vom trimite \u00eenapoi.<\/p>\n<h4>Apostila \u0219i \u0219tampila notarului &#8211; nu sunt acela\u0219i lucru?<\/h4>\n<p>Apostila \u0219i \u0219tampila notarului sunt diferite. \u0218tampila apostil\u0103 este aplicat\u0103 \u00een conformitate cu Conven\u021bia Apostil\u0103, precum \u0219i reglementat\u0103 de acte legislative locale suplimentare. \u00cen schimb, \u0219tampila notarului \u0219i semn\u0103tura sa (autoritatea) sunt reglementate de legisla\u021bia local\u0103. \u00cen plus, notarul nu autentific\u0103 documentele emise de stat. El autentific\u0103 doar documentele (contracte notariale, procuri, declara\u021bii) care se afl\u0103 \u00een competen\u021ba sa. \u0218i doar \u00een c\u00e2teva \u021b\u0103ri apostila este aplicat\u0103 de notar, &#8211; ca o \u0219tampil\u0103 suplimentar\u0103 cu \u00eenregistrarea \u00een registrul special al apostilelor \u021b\u0103rii.<\/p>\n<h4>Poate fi aplicat\u0103 apostila de c\u0103tre un notar?<\/h4>\n<p>Apostila de la un notar \u00een Ucraina, Moldova, Kazahstan, Belarus, Federa\u021bia Rus\u0103, Tadjikistan, Uzbekistan, \u00een multe alte \u021b\u0103ri nu poate fi aplicat\u0103.<\/p>\n<p>Dar exist\u0103 excep\u021bii, \u021b\u0103ri \u00een care notarii sunt autoriza\u021bi s\u0103 aplice apostila, de exemplu, &#8211; Estonia.<\/p>\n<p>\u00cen majoritatea cazurilor, \u0219tampila \u0219i semn\u0103tura notarului trebuie, de asemenea, s\u0103 fie apostilate \u00een organele de stat corespunz\u0103toare.<\/p>\n<h4>Trebuie autentificat\u0103 apostila de un notar?<\/h4>\n<p>Apostila nu trebuie autentificat\u0103 de un notar. Dar dac\u0103 \u00een \u021bara dvs. notarul face apostila, atunci trebuie s\u0103 aduce\u021bi documentul pentru apostil\u0103 &#8211; notarului.<\/p>\n<h4>Poate fi aplicat\u0103 apostila \u00eentr-o singur\u0103 zi?<\/h4>\n<p>Apostila poate fi aplicat\u0103 \u00eentr-o singur\u0103 zi \u00een majoritatea \u021b\u0103rilor din lume, inclusiv toate \u021b\u0103rile CSI, cu excep\u021bia Moldovei (termenul minim &#8211; trei zile). \u00cen Belarus, de exemplu, de\u0219i apostila este aplicat\u0103 \u00eentr-o zi, cozile sunt at\u00e2t de mari \u00eenc\u00e2t procedura poate dura p\u00e2n\u0103 la \u0219ase luni.<\/p>\n<p>\u00cen unele \u021b\u0103ri, aceast\u0103 procedur\u0103 este posibil\u0103 chiar \u0219i \u00eentr-o or\u0103.<\/p>\n<p>Totul depinde de costul acestor servicii.<\/p>\n<h4>Unde se poate face rapid apostila?<\/h4>\n<p>De obicei, oamenii au nevoie s\u0103 aplice apostila \u00een regim de urgen\u021b\u0103. Apostila de urgen\u021b\u0103 este posibil\u0103 \u00een multe \u021b\u0103ri. De obicei, apostilele cu acelea\u0219i termene sunt aplicate \u00een toate departamentele (care sunt responsabile pentru acest lucru). Dar dificult\u0103\u021bile apar din cauza distan\u021belor \u0219i a timpului petrecut pe procedur\u0103.<\/p>\n<p>Recomandarea principal\u0103 pentru a face rapid \u0219i apoi s\u0103 nu pierde\u021bi timp din cauza erorilor comise \u00een documente sau \u00een timpul procedurii de apostilare, &#8211; apela\u021bi la agen\u021bii profesionale. Avoca\u021bii no\u0219tri v\u0103 vor ajuta cu apostilarea \u00een orice \u021bar\u0103 din lume.<\/p>\n<h4>Ce documente sunt necesare pentru apostil\u0103?<\/h4>\n<p>De obicei, este nevoie de pa\u0219aportul solicitantului \u0219i documentele care trebuie apostilate. Re\u021bine\u021bi c\u0103 nu toate documentele pot fi apostilate. Doar cele indicate \u00een actul legislativ al \u021b\u0103rii despre apostil\u0103, nelaminate, neemise de consulate, nu de model vechi.<\/p>\n<h4>De ce nu ar putea fi aplicat\u0103 apostila?<\/h4>\n<p>Totul depinde de document. Dac\u0103 este de model nou \u0219i este emis, autentificat \u00een mod corespunz\u0103tor, atunci apostila va fi aplicat\u0103.<\/p>\n<p>Apostila nu va fi aplicat\u0103 pe documentele vechi, care au fost emise \u00eenainte de aderarea \u021b\u0103rii la apostil\u0103. Documentele pe care nu se v\u0103d \u0219tampilele \u0219i semn\u0103turile (sau nu exist\u0103). Documentele care au corec\u021bii. Documentele pe care sunt aplicate semn\u0103turi \u0219i \u0219tampile suplimentare.<\/p>\n<p>Exist\u0103 cazuri \u00een care \u00een interiorul \u021b\u0103rii se apostileaz\u0103 anumite documente, iar \u00een \u021bara unde le prezenta\u021bi, &#8211; cerin\u021bele lor pentru documente. \u0218i chiar documentul apostilat, care nu se potrive\u0219te cu cerin\u021bele acestei \u021b\u0103ri &#8211; nu va fi acceptat.<\/p>\n<p>Este mai bine s\u0103 apela\u021bi la profesioni\u0219ti pentru a nu pierde timp \u0219i oportunit\u0103\u021bi, bani.<\/p>\n<h4>C\u00e2t timp dureaz\u0103 aplicarea apostilei?<\/h4>\n<p>\u00cen multe \u021b\u0103ri, de obicei, termenele sunt: de la o zi la dou\u0103 s\u0103pt\u0103m\u00e2ni.<\/p>\n<p>Exist\u0103 \u021b\u0103ri unde apostila poate fi aplicat\u0103 \u00eentr-o or\u0103.<\/p>\n<h4>C\u00e2t timp este valabil\u0103 apostila?<\/h4>\n<p>Termenul de valabilitate al apostilei nu este limitat. Poate doar s\u0103 se schimbe modelul documentului \u0219i cerin\u021bele pentru document. Documentele \u00een<\/p>\n<p>vechite vor trebui \u00eenlocuite \u0219i apostila va trebui aplicat\u0103 din nou. De asemenea, pot exista cerin\u021be pentru termenul de valabilitate al documentului. De exemplu, termenul certificatului de cazier judiciar variaz\u0103 de la 3 luni la 6 luni &#8211; \u00een multe \u021b\u0103ri.<\/p>\n<h4>Poate fi tradus documentul f\u0103r\u0103 apostil\u0103?<\/h4>\n<p>Pute\u021bi traduce documentul f\u0103r\u0103 apostil\u0103, doar dac\u0103 acest document sau traducerea vor fi prezentate \u00een \u021bara care a semnat un acord de simplificare cu \u021bara dvs. (\u021bara de origine a documentelor). Sau dac\u0103 aceast\u0103 traducere \u0219i document au fost ob\u021binute \u00een \u021bara dvs. \u0219i vor fi utilizate acolo.<\/p>\n<h4>Ce se face mai \u00eent\u00e2i, apostila sau traducere?<\/h4>\n<p>Conform tuturor regulilor, mai \u00eent\u00e2i se face documentul, apostila pe el, traducerea \u0219i apostila pe traducere. Cu toate acestea, exist\u0103 \u021b\u0103ri, de exemplu, Moldova, care permit s\u0103 se dea la apostil\u0103 documentul deja tradus.<\/p>\n<p>Cu toate acestea, v\u0103 recomand\u0103m cu insisten\u021b\u0103 s\u0103 folosi\u021bi regula &#8211; mai \u00eent\u00e2i apostila pe document, apoi traducerea \u0219i apostila pe traducere. Acest lucru elimin\u0103 multe \u00eentreb\u0103ri despre legitimitatea documentelor \u00een str\u0103in\u0103tate.<\/p>\n<h4>\u00cen ce limb\u0103 trebuie s\u0103 fie apostila?<\/h4>\n<p>Apostila, care este aplicat\u0103 pe documentele dvs., de obicei, este redactat\u0103 \u00een limba de stat \u0219i \u00een limba englez\u0103. Dar exist\u0103 \u0219i excep\u021bii, de exemplu, Belarus &#8211; doar \u00een limba belarus\u0103.<\/p>\n<p>\u00cen orice caz, dac\u0103 traduce\u021bi documentul \u00eentr-o limb\u0103 care nu este \u00een apostil\u0103, atunci va trebui s\u0103 traduce\u021bi \u0219i apostila. \u0218i \u00een majoritatea \u021b\u0103rilor va fi nevoie de a doua apostil\u0103 &#8211; pe traducere.<\/p>\n","protected":false},"excerpt":{"rendered":"<p>Cum se face apostila dac\u0103 e\u0219ti \u00een str\u0103in\u0103tate? Apostila pe documente, fiind \u00een str\u0103in\u0103tate, poate fi comandat\u0103 prin intermediul agen\u021biei noastre. Pentru aceasta, de obicei (\u00een majoritatea cazurilor) este suficient s\u0103 ne trimite\u021bi originalul documentelor care trebuie apostilate. Vom aplica apostile pe ele \u0219i vi le vom trimite \u00eenapoi. Poate fi aplicat\u0103 apostila f\u0103r\u0103 prezen\u021ba &#8230; <a title=\"\u00centreb\u0103ri frecvente despre Apostila\" class=\"read-more\" href=\"https:\/\/apostille.expert\/ro\/intrebari-frecvente-despre-apostila\/\" aria-label=\"Cite\u0219te mai multe despre \u00centreb\u0103ri frecvente despre Apostila\">Cite\u0219te mai mult<\/a><\/p>\n","protected":false},"author":1,"featured_media":0,"parent":0,"menu_order":0,"comment_status":"closed","ping_status":"closed","template":"","meta":{"_eb_attr":"","footnotes":""},"class_list":["post-103","page","type-page","status-publish"],"yoast_head":"<!-- This site is optimized with the Yoast SEO plugin v27.6 - https:\/\/yoast.com\/product\/yoast-seo-wordpress\/ -->\n<title>\u00centreb\u0103ri frecvente despre Apostila - Acte (Documente), Legalizare \u0219i Apostila in EU, SUA, America de Sud<\/title>\n<meta name=\"robots\" content=\"index, follow, max-snippet:-1, max-image-preview:large, max-video-preview:-1\" \/>\n<link rel=\"canonical\" href=\"https:\/\/apostille.expert\/ro\/intrebari-frecvente-despre-apostila\/\" \/>\n<meta property=\"og:locale\" content=\"ro_RO\" \/>\n<meta property=\"og:type\" content=\"article\" \/>\n<meta property=\"og:title\" content=\"\u00centreb\u0103ri frecvente despre Apostila - Acte (Documente), Legalizare \u0219i Apostila in EU, SUA, America de Sud\" \/>\n<meta property=\"og:description\" content=\"Cum se face apostila dac\u0103 e\u0219ti \u00een str\u0103in\u0103tate? Apostila pe documente, fiind \u00een str\u0103in\u0103tate, poate fi comandat\u0103 prin intermediul agen\u021biei noastre. Pentru aceasta, de obicei (\u00een majoritatea cazurilor) este suficient s\u0103 ne trimite\u021bi originalul documentelor care trebuie apostilate. Vom aplica apostile pe ele \u0219i vi le vom trimite \u00eenapoi. Poate fi aplicat\u0103 apostila f\u0103r\u0103 prezen\u021ba ... Cite\u0219te mai mult\" \/>\n<meta property=\"og:url\" content=\"https:\/\/apostille.expert\/ro\/intrebari-frecvente-despre-apostila\/\" \/>\n<meta property=\"og:site_name\" content=\"Acte (Documente), Legalizare \u0219i Apostila in EU, SUA, America de Sud\" \/>\n<meta property=\"article:modified_time\" content=\"2023-07-14T11:15:56+00:00\" \/>\n<meta name=\"twitter:card\" content=\"summary_large_image\" \/>\n<meta name=\"twitter:label1\" content=\"Timp estimat pentru citire\" \/>\n\t<meta name=\"twitter:data1\" content=\"5 minute\" \/>\n<script type=\"application\/ld+json\" class=\"yoast-schema-graph\">{\"@context\":\"https:\\\/\\\/schema.org\",\"@graph\":[{\"@type\":\"WebPage\",\"@id\":\"https:\\\/\\\/apostille.expert\\\/ro\\\/intrebari-frecvente-despre-apostila\\\/\",\"url\":\"https:\\\/\\\/apostille.expert\\\/ro\\\/intrebari-frecvente-despre-apostila\\\/\",\"name\":\"\u00centreb\u0103ri frecvente despre Apostila - Acte (Documente), Legalizare \u0219i Apostila in EU, SUA, America de Sud\",\"isPartOf\":{\"@id\":\"https:\\\/\\\/apostille.expert\\\/ro\\\/#website\"},\"datePublished\":\"2023-07-14T11:15:54+00:00\",\"dateModified\":\"2023-07-14T11:15:56+00:00\",\"breadcrumb\":{\"@id\":\"https:\\\/\\\/apostille.expert\\\/ro\\\/intrebari-frecvente-despre-apostila\\\/#breadcrumb\"},\"inLanguage\":\"ro-RO\",\"potentialAction\":[{\"@type\":\"ReadAction\",\"target\":[\"https:\\\/\\\/apostille.expert\\\/ro\\\/intrebari-frecvente-despre-apostila\\\/\"]}]},{\"@type\":\"BreadcrumbList\",\"@id\":\"https:\\\/\\\/apostille.expert\\\/ro\\\/intrebari-frecvente-despre-apostila\\\/#breadcrumb\",\"itemListElement\":[{\"@type\":\"ListItem\",\"position\":1,\"name\":\"Home\",\"item\":\"https:\\\/\\\/apostille.expert\\\/ro\\\/\"},{\"@type\":\"ListItem\",\"position\":2,\"name\":\"\u00centreb\u0103ri frecvente despre Apostila\"}]},{\"@type\":\"WebSite\",\"@id\":\"https:\\\/\\\/apostille.expert\\\/ro\\\/#website\",\"url\":\"https:\\\/\\\/apostille.expert\\\/ro\\\/\",\"name\":\"Acte (Documente), Legalizare \u0219i Apostila in EU, SUA, America de Sud\",\"description\":\"Acte (Documente), Legalizare \u0219i Apostila in tarile EU, SUA, America de Sud, Moldova, Rusia, Ucraina, Azerbaijan, Armenia, Polonia, Fran\u021ba, Georgia, Kazahstan, Kirghizia si alte tarile ale lumii\",\"potentialAction\":[{\"@type\":\"SearchAction\",\"target\":{\"@type\":\"EntryPoint\",\"urlTemplate\":\"https:\\\/\\\/apostille.expert\\\/ro\\\/?s={search_term_string}\"},\"query-input\":{\"@type\":\"PropertyValueSpecification\",\"valueRequired\":true,\"valueName\":\"search_term_string\"}}],\"inLanguage\":\"ro-RO\"}]}<\/script>\n<!-- \/ Yoast SEO plugin. -->","yoast_head_json":{"title":"\u00centreb\u0103ri frecvente despre Apostila - Acte (Documente), Legalizare \u0219i Apostila in EU, SUA, America de Sud","robots":{"index":"index","follow":"follow","max-snippet":"max-snippet:-1","max-image-preview":"max-image-preview:large","max-video-preview":"max-video-preview:-1"},"canonical":"https:\/\/apostille.expert\/ro\/intrebari-frecvente-despre-apostila\/","og_locale":"ro_RO","og_type":"article","og_title":"\u00centreb\u0103ri frecvente despre Apostila - Acte (Documente), Legalizare \u0219i Apostila in EU, SUA, America de Sud","og_description":"Cum se face apostila dac\u0103 e\u0219ti \u00een str\u0103in\u0103tate? Apostila pe documente, fiind \u00een str\u0103in\u0103tate, poate fi comandat\u0103 prin intermediul agen\u021biei noastre. Pentru aceasta, de obicei (\u00een majoritatea cazurilor) este suficient s\u0103 ne trimite\u021bi originalul documentelor care trebuie apostilate. Vom aplica apostile pe ele \u0219i vi le vom trimite \u00eenapoi. Poate fi aplicat\u0103 apostila f\u0103r\u0103 prezen\u021ba ... Cite\u0219te mai mult","og_url":"https:\/\/apostille.expert\/ro\/intrebari-frecvente-despre-apostila\/","og_site_name":"Acte (Documente), Legalizare \u0219i Apostila in EU, SUA, America de Sud","article_modified_time":"2023-07-14T11:15:56+00:00","twitter_card":"summary_large_image","twitter_misc":{"Timp estimat pentru citire":"5 minute"},"schema":{"@context":"https:\/\/schema.org","@graph":[{"@type":"WebPage","@id":"https:\/\/apostille.expert\/ro\/intrebari-frecvente-despre-apostila\/","url":"https:\/\/apostille.expert\/ro\/intrebari-frecvente-despre-apostila\/","name":"\u00centreb\u0103ri frecvente despre Apostila - Acte (Documente), Legalizare \u0219i Apostila in EU, SUA, America de Sud","isPartOf":{"@id":"https:\/\/apostille.expert\/ro\/#website"},"datePublished":"2023-07-14T11:15:54+00:00","dateModified":"2023-07-14T11:15:56+00:00","breadcrumb":{"@id":"https:\/\/apostille.expert\/ro\/intrebari-frecvente-despre-apostila\/#breadcrumb"},"inLanguage":"ro-RO","potentialAction":[{"@type":"ReadAction","target":["https:\/\/apostille.expert\/ro\/intrebari-frecvente-despre-apostila\/"]}]},{"@type":"BreadcrumbList","@id":"https:\/\/apostille.expert\/ro\/intrebari-frecvente-despre-apostila\/#breadcrumb","itemListElement":[{"@type":"ListItem","position":1,"name":"Home","item":"https:\/\/apostille.expert\/ro\/"},{"@type":"ListItem","position":2,"name":"\u00centreb\u0103ri frecvente despre Apostila"}]},{"@type":"WebSite","@id":"https:\/\/apostille.expert\/ro\/#website","url":"https:\/\/apostille.expert\/ro\/","name":"Acte (Documente), Legalizare \u0219i Apostila in EU, SUA, America de Sud","description":"Acte (Documente), Legalizare \u0219i Apostila in tarile EU, SUA, America de Sud, Moldova, Rusia, Ucraina, Azerbaijan, Armenia, Polonia, Fran\u021ba, Georgia, Kazahstan, Kirghizia si alte tarile ale lumii","potentialAction":[{"@type":"SearchAction","target":{"@type":"EntryPoint","urlTemplate":"https:\/\/apostille.expert\/ro\/?s={search_term_string}"},"query-input":{"@type":"PropertyValueSpecification","valueRequired":true,"valueName":"search_term_string"}}],"inLanguage":"ro-RO"}]}},"_links":{"self":[{"href":"https:\/\/apostille.expert\/ro\/wp-json\/wp\/v2\/pages\/103","targetHints":{"allow":["GET"]}}],"collection":[{"href":"https:\/\/apostille.expert\/ro\/wp-json\/wp\/v2\/pages"}],"about":[{"href":"https:\/\/apostille.expert\/ro\/wp-json\/wp\/v2\/types\/page"}],"author":[{"embeddable":true,"href":"https:\/\/apostille.expert\/ro\/wp-json\/wp\/v2\/users\/1"}],"replies":[{"embeddable":true,"href":"https:\/\/apostille.expert\/ro\/wp-json\/wp\/v2\/comments?post=103"}],"version-history":[{"count":1,"href":"https:\/\/apostille.expert\/ro\/wp-json\/wp\/v2\/pages\/103\/revisions"}],"predecessor-version":[{"id":104,"href":"https:\/\/apostille.expert\/ro\/wp-json\/wp\/v2\/pages\/103\/revisions\/104"}],"wp:attachment":[{"href":"https:\/\/apostille.expert\/ro\/wp-json\/wp\/v2\/media?parent=103"}],"curies":[{"name":"wp","href":"https:\/\/api.w.org\/{rel}","templated":true}]}}