{"id":101,"date":"2023-07-14T10:54:29","date_gmt":"2023-07-14T10:54:29","guid":{"rendered":"https:\/\/apostille.expert\/ro\/?page_id=101"},"modified":"2023-07-14T10:54:30","modified_gmt":"2023-07-14T10:54:30","slug":"documente-acte-si-certificate","status":"publish","type":"page","link":"https:\/\/apostille.expert\/ro\/documente-acte-si-certificate\/","title":{"rendered":"Documente, acte \u0219i certificate"},"content":{"rendered":"<h2><strong>Solicitarea (ob\u021binerea) documentelor<\/strong><\/h2>\n<blockquote><p>Agen\u021bia noastr\u0103 poate ajuta la ob\u021binerea documentelor pe baza unei procuri.<br \/>\nTotul este absolut legal.<br \/>\nVe\u021bi primi documente oficiale legale.<br \/>\nAceste documente vor fi emise de organele de stat pe formulare corespunz\u0103toare. \u0218i vor fi semnate de oficialii autoriza\u021bi.<br \/>\nAcestea vor fi documente legale potrivite pentru orice scop \u00een str\u0103in\u0103tate: \u00een Europa, SUA, CSI, \u021b\u0103rile asiatice, \u021b\u0103rile africane, \u021b\u0103rile din America de Sud, Canada, Australia \u0219i a\u0219a mai departe.<\/p><\/blockquote>\n<h4><strong>Solicitarea (ob\u021binerea) documentelor<\/strong><\/h4>\n<p>Ob\u021binerea documentelor presupune prezen\u021ba personal\u0103 a persoanei proprietar al documentelor solicitate sau a reprezentantului s\u0103u pe baza unei procuri. Aceast\u0103 procur\u0103 trebuie s\u0103 fie corect formulat\u0103 juridic. Altfel, autorit\u0103\u021bile de stat au dreptul s\u0103 refuze ob\u021binerea sau apostilarea, legalizarea consular\u0103 a documentelor. Cu toate acestea, \u00een unele \u021b\u0103ri, de exemplu, Uzbekistan, a fost introdus\u0103 recent o regul\u0103 strict\u0103: certificatul de na\u0219tere poate fi ob\u021binut doar de c\u0103tre de\u021bin\u0103torul s\u0103u &#8211; adic\u0103 de\u021bin\u0103torul legal direct al certificatului \u0219i al datelor personale con\u021binute \u00een acesta.<\/p>\n<h4><strong>Care documente trebuie \u00eenlocuite cu cele noi?<\/strong><\/h4>\n<p>Documentele vechi (Uniunea Sovietic\u0103 \u0219i versiunile lor timpurii ale \u021b\u0103rii independente) nu mai sunt acceptate \u00een multe \u021b\u0103ri. Acestea sunt documente: pa\u0219aportul sovietic (\u0219i astfel de documente exist\u0103 \u00eenc\u0103, de exemplu, la mul\u021bi pensionari din Transnistria), certificatul de na\u0219tere, certificatul de c\u0103s\u0103torie, certificatul de divor\u021b, certificatul de deces. Motivul &#8211; imposibilitatea de a verifica semn\u0103tura oficialului care a semnat un anumit document. Ace\u0219ti oficiali nu mai lucreaz\u0103 de mult timp, iar Uniunea Sovietic\u0103 nu mai exist\u0103 de mult timp. \u00cen plus, protec\u021bia documentelor vechi pierde relevan\u021ba, iar se emit documente de un nou model. \u00cen acest caz, prin legea corespunz\u0103toare sau hot\u0103r\u00e2rea, decizia, aceste documente au o circula\u021bie limitat\u0103 \u00een interiorul \u021b\u0103rii.<\/p>\n<h4><strong>Pot comanda documente f\u0103r\u0103 a veni \u00een \u021bar\u0103?<\/strong><\/h4>\n<p>Din diverse motive, multe persoane, care se afl\u0103 sau locuiesc permanent \u00een str\u0103in\u0103tate, nu pot veni personal pentru a ob\u021bine documente de stare civil\u0103 sau diverse certificate (de exemplu, certificatul de cazier judiciar).<\/p>\n<p><b>Solicitarea independent\u0103 a documentelor<\/b> poate provoca multe inconveniente:<br \/>\n&#8211; <b>Cozi<\/b><br \/>\n&#8211; <b>Necunoa\u0219terea limbii \u00een care sunt redactate documentele<\/b><br \/>\n&#8211; <b>Nu \u00een\u021belegerea procesului de redactare corect\u0103 \u0219i a procedurii de formulare a documentelor<\/b><\/p>\n<p><b>Ob\u021binerea independent\u0103 a documentelor<\/b> (nu prin intermediul unei agen\u021bii juridice) poate duce la:<br \/>\n&#8211; <b>Erori \u00een documente, care apoi sunt greu sau imposibil de corectat<\/b><br \/>\n&#8211; <b>Ob\u021binerea documentelor cu date incomplete<\/b><br \/>\n&#8211; <b>Prepararea unui pachet incorect de documente<\/b><br \/>\n&#8211; <b>Omiterea procedurilor \u0219i confirm\u0103rilor necesare<\/b><br \/>\n&#8211; <b>Procedura incorect\u0103 de recunoa\u0219tere a documentelor<\/b>, de exemplu, \u00een locul legaliz\u0103rii consulare &#8211; apostila, c\u00e2nd aceasta nu este acceptat\u0103 (exemplu: Germania nu recunoa\u0219te apostila Moldovei \u0219i viceversa).<\/p>\n","protected":false},"excerpt":{"rendered":"<p>Solicitarea (ob\u021binerea) documentelor Agen\u021bia noastr\u0103 poate ajuta la ob\u021binerea documentelor pe baza unei procuri. Totul este absolut legal. Ve\u021bi primi documente oficiale legale. Aceste documente vor fi emise de organele de stat pe formulare corespunz\u0103toare. \u0218i vor fi semnate de oficialii autoriza\u021bi. Acestea vor fi documente legale potrivite pentru orice scop \u00een str\u0103in\u0103tate: \u00een Europa, &#8230; <a title=\"Documente, acte \u0219i certificate\" class=\"read-more\" href=\"https:\/\/apostille.expert\/ro\/documente-acte-si-certificate\/\" aria-label=\"Cite\u0219te mai multe despre Documente, acte \u0219i certificate\">Cite\u0219te mai mult<\/a><\/p>\n","protected":false},"author":1,"featured_media":0,"parent":0,"menu_order":0,"comment_status":"closed","ping_status":"closed","template":"","meta":{"_eb_attr":"","footnotes":""},"class_list":["post-101","page","type-page","status-publish"],"yoast_head":"<!-- This site is optimized with the Yoast SEO plugin v27.5 - https:\/\/yoast.com\/product\/yoast-seo-wordpress\/ -->\n<title>Documente, acte \u0219i certificate - Acte (Documente), Legalizare \u0219i Apostila in EU, SUA, America de Sud<\/title>\n<meta name=\"robots\" content=\"index, follow, max-snippet:-1, max-image-preview:large, max-video-preview:-1\" \/>\n<link rel=\"canonical\" href=\"https:\/\/apostille.expert\/ro\/documente-acte-si-certificate\/\" \/>\n<meta property=\"og:locale\" content=\"ro_RO\" \/>\n<meta property=\"og:type\" content=\"article\" \/>\n<meta property=\"og:title\" content=\"Documente, acte \u0219i certificate - Acte (Documente), Legalizare \u0219i Apostila in EU, SUA, America de Sud\" \/>\n<meta property=\"og:description\" content=\"Solicitarea (ob\u021binerea) documentelor Agen\u021bia noastr\u0103 poate ajuta la ob\u021binerea documentelor pe baza unei procuri. Totul este absolut legal. Ve\u021bi primi documente oficiale legale. Aceste documente vor fi emise de organele de stat pe formulare corespunz\u0103toare. \u0218i vor fi semnate de oficialii autoriza\u021bi. Acestea vor fi documente legale potrivite pentru orice scop \u00een str\u0103in\u0103tate: \u00een Europa, ... Cite\u0219te mai mult\" \/>\n<meta property=\"og:url\" content=\"https:\/\/apostille.expert\/ro\/documente-acte-si-certificate\/\" \/>\n<meta property=\"og:site_name\" content=\"Acte (Documente), Legalizare \u0219i Apostila in EU, SUA, America de Sud\" \/>\n<meta property=\"article:modified_time\" content=\"2023-07-14T10:54:30+00:00\" \/>\n<meta name=\"twitter:card\" content=\"summary_large_image\" \/>\n<meta name=\"twitter:label1\" content=\"Timp estimat pentru citire\" \/>\n\t<meta name=\"twitter:data1\" content=\"2 minute\" \/>\n<script type=\"application\/ld+json\" class=\"yoast-schema-graph\">{\"@context\":\"https:\\\/\\\/schema.org\",\"@graph\":[{\"@type\":\"WebPage\",\"@id\":\"https:\\\/\\\/apostille.expert\\\/ro\\\/documente-acte-si-certificate\\\/\",\"url\":\"https:\\\/\\\/apostille.expert\\\/ro\\\/documente-acte-si-certificate\\\/\",\"name\":\"Documente, acte \u0219i certificate - Acte (Documente), Legalizare \u0219i Apostila in EU, SUA, America de Sud\",\"isPartOf\":{\"@id\":\"https:\\\/\\\/apostille.expert\\\/ro\\\/#website\"},\"datePublished\":\"2023-07-14T10:54:29+00:00\",\"dateModified\":\"2023-07-14T10:54:30+00:00\",\"breadcrumb\":{\"@id\":\"https:\\\/\\\/apostille.expert\\\/ro\\\/documente-acte-si-certificate\\\/#breadcrumb\"},\"inLanguage\":\"ro-RO\",\"potentialAction\":[{\"@type\":\"ReadAction\",\"target\":[\"https:\\\/\\\/apostille.expert\\\/ro\\\/documente-acte-si-certificate\\\/\"]}]},{\"@type\":\"BreadcrumbList\",\"@id\":\"https:\\\/\\\/apostille.expert\\\/ro\\\/documente-acte-si-certificate\\\/#breadcrumb\",\"itemListElement\":[{\"@type\":\"ListItem\",\"position\":1,\"name\":\"Home\",\"item\":\"https:\\\/\\\/apostille.expert\\\/ro\\\/\"},{\"@type\":\"ListItem\",\"position\":2,\"name\":\"Documente, acte \u0219i certificate\"}]},{\"@type\":\"WebSite\",\"@id\":\"https:\\\/\\\/apostille.expert\\\/ro\\\/#website\",\"url\":\"https:\\\/\\\/apostille.expert\\\/ro\\\/\",\"name\":\"Acte (Documente), Legalizare \u0219i Apostila in EU, SUA, America de Sud\",\"description\":\"Acte (Documente), Legalizare \u0219i Apostila in tarile EU, SUA, America de Sud, Moldova, Rusia, Ucraina, Azerbaijan, Armenia, Polonia, Fran\u021ba, Georgia, Kazahstan, Kirghizia si alte tarile ale lumii\",\"potentialAction\":[{\"@type\":\"SearchAction\",\"target\":{\"@type\":\"EntryPoint\",\"urlTemplate\":\"https:\\\/\\\/apostille.expert\\\/ro\\\/?s={search_term_string}\"},\"query-input\":{\"@type\":\"PropertyValueSpecification\",\"valueRequired\":true,\"valueName\":\"search_term_string\"}}],\"inLanguage\":\"ro-RO\"}]}<\/script>\n<!-- \/ Yoast SEO plugin. -->","yoast_head_json":{"title":"Documente, acte \u0219i certificate - Acte (Documente), Legalizare \u0219i Apostila in EU, SUA, America de Sud","robots":{"index":"index","follow":"follow","max-snippet":"max-snippet:-1","max-image-preview":"max-image-preview:large","max-video-preview":"max-video-preview:-1"},"canonical":"https:\/\/apostille.expert\/ro\/documente-acte-si-certificate\/","og_locale":"ro_RO","og_type":"article","og_title":"Documente, acte \u0219i certificate - Acte (Documente), Legalizare \u0219i Apostila in EU, SUA, America de Sud","og_description":"Solicitarea (ob\u021binerea) documentelor Agen\u021bia noastr\u0103 poate ajuta la ob\u021binerea documentelor pe baza unei procuri. Totul este absolut legal. Ve\u021bi primi documente oficiale legale. Aceste documente vor fi emise de organele de stat pe formulare corespunz\u0103toare. \u0218i vor fi semnate de oficialii autoriza\u021bi. Acestea vor fi documente legale potrivite pentru orice scop \u00een str\u0103in\u0103tate: \u00een Europa, ... Cite\u0219te mai mult","og_url":"https:\/\/apostille.expert\/ro\/documente-acte-si-certificate\/","og_site_name":"Acte (Documente), Legalizare \u0219i Apostila in EU, SUA, America de Sud","article_modified_time":"2023-07-14T10:54:30+00:00","twitter_card":"summary_large_image","twitter_misc":{"Timp estimat pentru citire":"2 minute"},"schema":{"@context":"https:\/\/schema.org","@graph":[{"@type":"WebPage","@id":"https:\/\/apostille.expert\/ro\/documente-acte-si-certificate\/","url":"https:\/\/apostille.expert\/ro\/documente-acte-si-certificate\/","name":"Documente, acte \u0219i certificate - Acte (Documente), Legalizare \u0219i Apostila in EU, SUA, America de Sud","isPartOf":{"@id":"https:\/\/apostille.expert\/ro\/#website"},"datePublished":"2023-07-14T10:54:29+00:00","dateModified":"2023-07-14T10:54:30+00:00","breadcrumb":{"@id":"https:\/\/apostille.expert\/ro\/documente-acte-si-certificate\/#breadcrumb"},"inLanguage":"ro-RO","potentialAction":[{"@type":"ReadAction","target":["https:\/\/apostille.expert\/ro\/documente-acte-si-certificate\/"]}]},{"@type":"BreadcrumbList","@id":"https:\/\/apostille.expert\/ro\/documente-acte-si-certificate\/#breadcrumb","itemListElement":[{"@type":"ListItem","position":1,"name":"Home","item":"https:\/\/apostille.expert\/ro\/"},{"@type":"ListItem","position":2,"name":"Documente, acte \u0219i certificate"}]},{"@type":"WebSite","@id":"https:\/\/apostille.expert\/ro\/#website","url":"https:\/\/apostille.expert\/ro\/","name":"Acte (Documente), Legalizare \u0219i Apostila in EU, SUA, America de Sud","description":"Acte (Documente), Legalizare \u0219i Apostila in tarile EU, SUA, America de Sud, Moldova, Rusia, Ucraina, Azerbaijan, Armenia, Polonia, Fran\u021ba, Georgia, Kazahstan, Kirghizia si alte tarile ale lumii","potentialAction":[{"@type":"SearchAction","target":{"@type":"EntryPoint","urlTemplate":"https:\/\/apostille.expert\/ro\/?s={search_term_string}"},"query-input":{"@type":"PropertyValueSpecification","valueRequired":true,"valueName":"search_term_string"}}],"inLanguage":"ro-RO"}]}},"_links":{"self":[{"href":"https:\/\/apostille.expert\/ro\/wp-json\/wp\/v2\/pages\/101","targetHints":{"allow":["GET"]}}],"collection":[{"href":"https:\/\/apostille.expert\/ro\/wp-json\/wp\/v2\/pages"}],"about":[{"href":"https:\/\/apostille.expert\/ro\/wp-json\/wp\/v2\/types\/page"}],"author":[{"embeddable":true,"href":"https:\/\/apostille.expert\/ro\/wp-json\/wp\/v2\/users\/1"}],"replies":[{"embeddable":true,"href":"https:\/\/apostille.expert\/ro\/wp-json\/wp\/v2\/comments?post=101"}],"version-history":[{"count":1,"href":"https:\/\/apostille.expert\/ro\/wp-json\/wp\/v2\/pages\/101\/revisions"}],"predecessor-version":[{"id":102,"href":"https:\/\/apostille.expert\/ro\/wp-json\/wp\/v2\/pages\/101\/revisions\/102"}],"wp:attachment":[{"href":"https:\/\/apostille.expert\/ro\/wp-json\/wp\/v2\/media?parent=101"}],"curies":[{"name":"wp","href":"https:\/\/api.w.org\/{rel}","templated":true}]}}