{"id":5,"date":"2025-01-08T13:33:52","date_gmt":"2025-01-08T10:33:52","guid":{"rendered":"https:\/\/apostille.expert\/es\/?page_id=5"},"modified":"2025-01-08T14:11:05","modified_gmt":"2025-01-08T11:11:05","slug":"apostilla-brasil-%f0%9f%87%a7%f0%9f%87%b7","status":"publish","type":"page","link":"https:\/\/apostille.expert\/es\/apostilla-brasil-%f0%9f%87%a7%f0%9f%87%b7\/","title":{"rendered":"Apostilla Brasil ??"},"content":{"rendered":"\n<p><strong itemprop=\"name\">Apostilla Brasile\u00f1a<\/strong> es un documento oficial que certifica la autenticidad de una firma, la calidad del firmante, as\u00ed como el sello o timbre aplicado a un documento p\u00fablico. Est\u00e1 emitida de acuerdo con el <span itemprop=\"description\">Convenio de La Haya del 5 de octubre de 1961<\/span> y se utiliza para la legalizaci\u00f3n de documentos en el extranjero.<\/p>\n\n\n\n<h4 class=\"wp-block-heading\">\u00bfC\u00f3mo es la apariencia de una apostilla brasile\u00f1a?<\/h4>\n\n\n\n<p>La apostilla es un timbre rectangular que incluye los siguientes elementos: nombre del pa\u00eds, nombre del firmante, su posici\u00f3n, el sello o timbre de la organizaci\u00f3n, lugar y fecha de emisi\u00f3n, un n\u00famero \u00fanico y la firma de la persona autorizada. Tambi\u00e9n se puede utilizar una firma electr\u00f3nica.<\/p>\n\n\n\n<p><strong><em>Foto de una apostilla brasile\u00f1a:<\/em><\/strong><\/p>\n\n\n\n<figure class=\"wp-block-image size-large\"><img decoding=\"async\" src=\"https:\/\/apostille.expert\/wp-content\/uploads\/2025\/01\/Apostille-Stamp-Brasil-800x1024.webp\" alt=\"Imagen de un documento apostillado emitido en Brasil, que legaliza un certificado de nacimiento\" class=\"wp-image-3754\"\/><figcaption class=\"wp-element-caption\">Apostilla emitida conforme al Convenio de La Haya de 1961 en S\u00e3o Paulo, Brasil<\/figcaption><\/figure>\n\n\n\n<h4 class=\"wp-block-heading\">Contenido de la apostilla brasile\u00f1a<p itemtype=\"https:\/\/schema.org\/DefinedTerm\" itemscope=\"\"><\/p><\/h4>\n\n\n\n<p><strong itemprop=\"name\">Idioma de la apostilla<\/strong> \u2014 La apostilla brasile\u00f1a contiene informaci\u00f3n en portugu\u00e9s, ingl\u00e9s y franc\u00e9s. Esto garantiza el cumplimiento de los est\u00e1ndares internacionales y facilita su uso en el extranjero.<\/p>\n\n\n\n<p><\/p>\n\n\n\n<p><strong><span style=\"text-decoration: underline;\">Contenido en portugu\u00e9s<\/span><\/strong><\/p>\n\n\n\n<p><strong>BRASIL<\/strong> <strong>APOSTILLE<\/strong><br><em>(Conven\u00e7\u00e3o da Haia de 5 de outubro de 1961)<\/em><\/p>\n\n\n\n<p><strong>Pa\u00eds:<\/strong><br>REP\u00daBLICA FEDERATIVA DO BRASIL<\/p>\n\n\n\n<p><strong>Este documento p\u00fablico:<\/strong><br>2. <strong>Foi assinado por:<\/strong> Leonardo Dami\u00e3o Ferreira<br>3. <strong>Na qualidade de:<\/strong> Escrevente<br>4. <strong>Tem o selo \/ carimbo de:<\/strong> Oficial de RCPN do 5\u00ba Subdistrito Santa Efig\u00eania, S\u00e3o Paulo &#8211; SP<\/p>\n\n\n\n<p><strong>Certificado:<\/strong><br>5. <strong>Em:<\/strong> S\u00c3O PAULO<br>6. <strong>No dia:<\/strong> 13\/06\/2022<br>7. <strong>Por:<\/strong> Carlos ____________<br>8. <strong>N\u00ba:<\/strong> 1067___-22<br>9. <strong>Selo \/ Carimbo:<\/strong><br>10. <strong>Firma:<\/strong> Assinatura Eletr\u00f4nica<\/p>\n\n\n\n<p><strong>Tipo de Documento:<\/strong> Certid\u00e3o de Nascimento<br><strong>Nome do titular:<\/strong> EMILY _____________ VIEIRA<br><strong>C\u00f3digo:<\/strong> 106_______-22<br><strong>CRC:<\/strong> 8ACB_______<\/p>\n\n\n\n<p>A presente Apostila foi firmada com assinatura eletr\u00f4nica, conforme a Lei n\u00ba 11.419\/2006.<\/p>\n\n\n\n<p><strong>D\u00favidas a respeito desta Apostila entrar em contato com a Ouvidoria do CNJ:<\/strong> ____________<\/p>\n\n\n\n<p><strong>Observa\u00e7\u00e3o:<\/strong><br>Esta Apostila certifica apenas a assinatura, a capacidade do signat\u00e1rio e, quando apropriado, o selo ou carimbo constantes no documento p\u00fablico. Ela n\u00e3o certifica o conte\u00fado do documento para o qual foi emitida.<\/p>\n\n\n\n<p>A autenticidade desta Apostila e de sua assinatura eletr\u00f4nica bem como o documento p\u00fablico subjacente, podem ser verificadas em:<br><strong><a href=\"https:\/\/apostil.org.br\/\">https:\/\/apostil.org.br<\/a><\/strong><\/p>\n\n\n\n<p>Utilize este QR Code para verificar a autenticidade desta Apostila e de sua assinatura eletr\u00f4nica. Uma c\u00f3pia do documento p\u00fablico subjacente tamb\u00e9m est\u00e1 dispon\u00edvel na mesma p\u00e1gina.<\/p>\n\n\n\n<h4 class=\"wp-block-heading\">\u00bfPor qu\u00e9 se necesita una apostilla si los documentos brasile\u00f1os ya tienen firma y sello?<\/h4>\n\n\n\n<p>La apostilla no se utiliza para confirmar la autenticidad de los documentos brasile\u00f1os, sino para certificar las firmas y sellos de los funcionarios. En las instituciones gubernamentales de Brasil, como ministerios, departamentos, archivos y oficinas de registro civil, muchas firmas y sellos de los funcionarios cambian con frecuencia. Esto hace que la verificaci\u00f3n de la autenticidad de los documentos sea una tarea compleja, especialmente para los funcionarios extranjeros que deben aceptar estos documentos.<\/p>\n\n\n\n<p>Para simplificar el proceso de verificaci\u00f3n y prevenir fraudes, se cre\u00f3 un sistema que permite a un n\u00famero limitado de personas autorizadas certificar todas las firmas y sellos. Este sistema facilita el trabajo de las autoridades extranjeras, acelera el proceso de tramitaci\u00f3n de documentos en el extranjero y reduce el tiempo de espera para los solicitantes. El sistema de apostilla permite a los funcionarios responsables verificar la autenticidad de las firmas, sellos, encabezados y contenido de los documentos mediante una base de datos interna.<\/p>\n\n\n\n<p>Los empleados que tienen acceso a estas bases de datos de firmas y muestras tambi\u00e9n est\u00e1n registrados en un registro especial. Este registro incluye un n\u00famero limitado de firmas que se comparten con otros pa\u00edses socios o se verifican mediante herramientas internacionales.<\/p>\n\n\n\n<p><strong>Existen dos enfoques principales para confirmar la autenticidad de los documentos:<\/strong> El primero, y el m\u00e1s seguro, es la <strong>legalizaci\u00f3n<\/strong>. El documento primero es firmado y certificado por el funcionario que lo emiti\u00f3, luego por un empleado del ministerio (generalmente del Ministerio de Relaciones Exteriores), y la firma final es certificada por el consulado del pa\u00eds al que se presenta el documento. Este proceso se basa en la verificaci\u00f3n de la cadena de firmas y sellos a trav\u00e9s de tres instituciones.<\/p>\n\n\n\n<p>El segundo m\u00e9todo se basa en la simplificaci\u00f3n y en una mayor confianza entre pa\u00edses. Esto es la <strong>apostilla<\/strong>, un sello especial establecido por el Convenio de La Haya de 1961. La apostilla elimina la etapa de legalizaci\u00f3n en el Ministerio de Relaciones Exteriores y acelera significativamente el reconocimiento de un documento de un pa\u00eds en el territorio de otro.<\/p>\n\n\n\n<h4 class=\"wp-block-heading\">\u00bfPor qu\u00e9 se necesita una apostilla si los documentos brasile\u00f1os pueden verificarse en l\u00ednea?<\/h4>\n\n\n\n<p><strong>Los sistemas de verificaci\u00f3n en l\u00ednea son una soluci\u00f3n moderna que permite confirmar r\u00e1pidamente la autenticidad de los documentos.<\/strong> Sin embargo, estos sistemas a\u00fan est\u00e1n en desarrollo y requieren muchas mejoras para garantizar su fiabilidad y funcionalidad completa.<\/p>\n\n\n\n<p>Cuando los gobiernos y la sociedad est\u00e9n completamente preparados para implementar sistemas de verificaci\u00f3n en l\u00ednea, es posible que la necesidad de apostillas desaparezca. No obstante, hasta que esta tecnolog\u00eda se vuelva universal y perfecta, la apostilla seguir\u00e1 desempe\u00f1ando un papel importante.<\/p>\n\n\n\n<p>Incluso con la verificaci\u00f3n en l\u00ednea, muchos funcionarios necesitar\u00e1n acceso a estos sistemas. Esto nuevamente plantea preguntas sobre la relevancia de las firmas, los frecuentes cambios de funcionarios y el riesgo de abusos. En este contexto, la apostilla sirve como una herramienta universal que garantiza el reconocimiento internacional de la autenticidad del documento, independientemente de los sistemas locales de verificaci\u00f3n.<\/p>\n\n\n\n<h4 class=\"wp-block-heading\">\u00bfEs posible obtener una apostilla en el consulado de Brasil?<\/h4>\n\n\n\n<p>De acuerdo con el Convenio de La Haya sobre apostillas, no es posible obtener una apostilla para documentos brasile\u00f1os en el consulado de Brasil. Esta regla se aplica independientemente del pa\u00eds donde se encuentre el consulado, ya sea en Estados Unidos, Alemania o cualquier otro pa\u00eds. Las apostillas solo pueden ser emitidas por autoridades competentes dentro del pa\u00eds, como servicios notariales o las agencias correspondientes de Brasil.<\/p>\n\n\n\n<h4 class=\"wp-block-heading\">\u00bfBrasil ofrece apostillas electr\u00f3nicas (E-apostille)?<\/h4>\n\n\n\n<p>S\u00ed, Brasil ofrece apostillas electr\u00f3nicas. Estas permiten autenticar documentos y verificar su autenticidad en l\u00ednea. Las apostillas electr\u00f3nicas abarcan diversos tipos de documentos, incluidos certificados de nacimiento, matrimonio, informes m\u00e9dicos, sentencias judiciales y documentos educativos destinados a su uso en el extranjero.<\/p>\n\n\n\n<p>Con la implementaci\u00f3n de este sistema, Brasil se ha unido a la lista de pa\u00edses que garantizan la verificaci\u00f3n digital de documentos. El registro nacional de apostillas electr\u00f3nicas ayuda a prevenir falsificaciones y abusos. Cualquier persona interesada puede verificar un documento apostillado en Brasil mediante una confirmaci\u00f3n visual o una copia escaneada cargada en el sistema.<\/p>\n\n\n\n<p>La integraci\u00f3n de la apostilla electr\u00f3nica en el sistema nacional de servicios ha simplificado significativamente el proceso de autenticaci\u00f3n de documentos, reduciendo los tiempos de espera y el esfuerzo para los solicitantes.<\/p>\n\n\n\n<h4 class=\"wp-block-heading\">\u00bfC\u00f3mo verificar una apostilla electr\u00f3nica de Brasil?<\/h4>\n\n\n\n<p><strong>Verificaci\u00f3n de la autenticidad de una apostilla<\/strong> \u2014 La autenticidad de una apostilla brasile\u00f1a puede verificarse a trav\u00e9s del registro oficial en l\u00ednea en el sitio web <a href=\"https:\/\/apostil.org.br\">apostil.org.br<\/a>. La verificaci\u00f3n se realiza utilizando un n\u00famero \u00fanico y un c\u00f3digo QR, lo que simplifica la identificaci\u00f3n y protege contra falsificaciones.<\/p>\n\n\n\n<p><strong>Apostilla electr\u00f3nica<\/strong> \u2014 Brasil ha implementado un sistema de apostilla electr\u00f3nica. Esta herramienta permite emitir apostillas utilizando una firma electr\u00f3nica, lo que garantiza un proceso r\u00e1pido y c\u00f3modo para la autenticaci\u00f3n. La apostilla electr\u00f3nica puede verificarse en el sitio web oficial, ingresando el c\u00f3digo \u00fanico del documento.<\/p>\n\n\n\n<p>Para verificar una apostilla electr\u00f3nica, siga estos pasos:<\/p>\n\n\n\n<ol class=\"wp-block-list\">\n<li><strong>Recoja los datos:<\/strong>\n<ul class=\"wp-block-list\">\n<li>N\u00famero \u00fanico de la apostilla (indicado en la l\u00ednea n\u00ba 8 del documento).<\/li>\n\n\n\n<li>Fecha de emisi\u00f3n de la apostilla (indicada en la l\u00ednea n\u00ba 6).<\/li>\n<\/ul>\n<\/li>\n\n\n\n<li><strong>Acceda al sitio web oficial:<\/strong>\n<ul class=\"wp-block-list\">\n<li>Utilice el sitio web oficial de la autoridad competente que ofrece el servicio de verificaci\u00f3n de apostillas, por ejemplo, <a href=\"https:\/\/apostil.org.br\">apostil.org.br<\/a>, o los portales nacionales de otros pa\u00edses.<\/li>\n<\/ul>\n<\/li>\n\n\n\n<li><strong>Introduzca los datos:<\/strong>\n<ul class=\"wp-block-list\">\n<li>Ingrese el n\u00famero y la fecha de emisi\u00f3n de la apostilla en el formulario correspondiente del sitio web.<\/li>\n<\/ul>\n<\/li>\n\n\n\n<li><strong>Env\u00ede la b\u00fasqueda:<\/strong>\n<ul class=\"wp-block-list\">\n<li>Haga clic en el bot\u00f3n de b\u00fasqueda para enviar la informaci\u00f3n.<\/li>\n<\/ul>\n<\/li>\n\n\n\n<li><strong>Verifique el resultado:<\/strong>\n<ul class=\"wp-block-list\">\n<li>Se abrir\u00e1 una p\u00e1gina donde podr\u00e1 verificar visualmente la apostilla y el documento escaneado adjunto.<\/li>\n<\/ul>\n<\/li>\n<\/ol>\n\n\n\n<p>Este sistema permite confirmar r\u00e1pida y confiablemente la autenticidad de la apostilla y evita posibles fraudes.<\/p>\n","protected":false},"excerpt":{"rendered":"<p>Apostilla Brasile\u00f1a es un documento oficial que certifica la autenticidad de una firma, la calidad del firmante, as\u00ed como el sello o timbre aplicado a un documento p\u00fablico. Est\u00e1 emitida de acuerdo con el Convenio de La Haya del 5 de octubre de 1961 y se utiliza para la legalizaci\u00f3n de documentos en el extranjero. &#8230; <a title=\"Apostilla Brasil ??\" class=\"read-more\" href=\"https:\/\/apostille.expert\/es\/apostilla-brasil-%f0%9f%87%a7%f0%9f%87%b7\/\" aria-label=\"Leer m\u00e1s sobre Apostilla Brasil ??\">Leer m\u00e1s<\/a><\/p>\n","protected":false},"author":1,"featured_media":0,"parent":0,"menu_order":0,"comment_status":"closed","ping_status":"closed","template":"","meta":{"_eb_attr":"","footnotes":""},"class_list":["post-5","page","type-page","status-publish"],"yoast_head":"<!-- This site is optimized with the Yoast SEO plugin v27.6 - https:\/\/yoast.com\/product\/yoast-seo-wordpress\/ -->\n<title>Apostilla Brasil ?? - Apostilla: CEI, Europa, Am\u00e9rica, \u00c1frica, China<\/title>\n<meta name=\"robots\" content=\"index, follow, max-snippet:-1, max-image-preview:large, max-video-preview:-1\" \/>\n<link rel=\"canonical\" href=\"https:\/\/apostille.expert\/es\/apostilla-brasil-\ud83c\udde7\ud83c\uddf7\/\" \/>\n<meta property=\"og:locale\" content=\"es_ES\" \/>\n<meta property=\"og:type\" content=\"article\" \/>\n<meta property=\"og:title\" content=\"Apostilla Brasil ?? - Apostilla: CEI, Europa, Am\u00e9rica, \u00c1frica, China\" \/>\n<meta property=\"og:description\" content=\"Apostilla Brasile\u00f1a es un documento oficial que certifica la autenticidad de una firma, la calidad del firmante, as\u00ed como el sello o timbre aplicado a un documento p\u00fablico. Est\u00e1 emitida de acuerdo con el Convenio de La Haya del 5 de octubre de 1961 y se utiliza para la legalizaci\u00f3n de documentos en el extranjero. ... Leer m\u00e1s\" \/>\n<meta property=\"og:url\" content=\"https:\/\/apostille.expert\/es\/apostilla-brasil-\ud83c\udde7\ud83c\uddf7\/\" \/>\n<meta property=\"og:site_name\" content=\"Apostilla: CEI, Europa, Am\u00e9rica, \u00c1frica, China\" \/>\n<meta property=\"article:modified_time\" content=\"2025-01-08T11:11:05+00:00\" \/>\n<meta name=\"twitter:card\" content=\"summary_large_image\" \/>\n<meta name=\"twitter:label1\" content=\"Tiempo de lectura\" \/>\n\t<meta name=\"twitter:data1\" content=\"7 minutos\" \/>\n<script type=\"application\/ld+json\" class=\"yoast-schema-graph\">{\"@context\":\"https:\\\/\\\/schema.org\",\"@graph\":[{\"@type\":\"WebPage\",\"@id\":\"https:\\\/\\\/apostille.expert\\\/es\\\/apostilla-brasil-%f0%9f%87%a7%f0%9f%87%b7\\\/\",\"url\":\"https:\\\/\\\/apostille.expert\\\/es\\\/apostilla-brasil-%f0%9f%87%a7%f0%9f%87%b7\\\/\",\"name\":\"Apostilla Brasil ?? - Apostilla: CEI, Europa, Am\u00e9rica, \u00c1frica, China\",\"isPartOf\":{\"@id\":\"https:\\\/\\\/apostille.expert\\\/es\\\/#website\"},\"primaryImageOfPage\":{\"@id\":\"https:\\\/\\\/apostille.expert\\\/es\\\/apostilla-brasil-%f0%9f%87%a7%f0%9f%87%b7\\\/#primaryimage\"},\"image\":{\"@id\":\"https:\\\/\\\/apostille.expert\\\/es\\\/apostilla-brasil-%f0%9f%87%a7%f0%9f%87%b7\\\/#primaryimage\"},\"thumbnailUrl\":\"https:\\\/\\\/apostille.expert\\\/wp-content\\\/uploads\\\/2025\\\/01\\\/Apostille-Stamp-Brasil-800x1024.webp\",\"datePublished\":\"2025-01-08T10:33:52+00:00\",\"dateModified\":\"2025-01-08T11:11:05+00:00\",\"breadcrumb\":{\"@id\":\"https:\\\/\\\/apostille.expert\\\/es\\\/apostilla-brasil-%f0%9f%87%a7%f0%9f%87%b7\\\/#breadcrumb\"},\"inLanguage\":\"es\",\"potentialAction\":[{\"@type\":\"ReadAction\",\"target\":[\"https:\\\/\\\/apostille.expert\\\/es\\\/apostilla-brasil-%f0%9f%87%a7%f0%9f%87%b7\\\/\"]}]},{\"@type\":\"ImageObject\",\"inLanguage\":\"es\",\"@id\":\"https:\\\/\\\/apostille.expert\\\/es\\\/apostilla-brasil-%f0%9f%87%a7%f0%9f%87%b7\\\/#primaryimage\",\"url\":\"https:\\\/\\\/apostille.expert\\\/wp-content\\\/uploads\\\/2025\\\/01\\\/Apostille-Stamp-Brasil-800x1024.webp\",\"contentUrl\":\"https:\\\/\\\/apostille.expert\\\/wp-content\\\/uploads\\\/2025\\\/01\\\/Apostille-Stamp-Brasil-800x1024.webp\"},{\"@type\":\"BreadcrumbList\",\"@id\":\"https:\\\/\\\/apostille.expert\\\/es\\\/apostilla-brasil-%f0%9f%87%a7%f0%9f%87%b7\\\/#breadcrumb\",\"itemListElement\":[{\"@type\":\"ListItem\",\"position\":1,\"name\":\"\u0413\u043b\u0430\u0432\u043d\u0430\u044f \u0441\u0442\u0440\u0430\u043d\u0438\u0446\u0430\",\"item\":\"https:\\\/\\\/apostille.expert\\\/es\\\/\"},{\"@type\":\"ListItem\",\"position\":2,\"name\":\"Apostilla Brasil ??\"}]},{\"@type\":\"WebSite\",\"@id\":\"https:\\\/\\\/apostille.expert\\\/es\\\/#website\",\"url\":\"https:\\\/\\\/apostille.expert\\\/es\\\/\",\"name\":\"Apostilla: CEI, Europa, Am\u00e9rica, \u00c1frica, China\",\"description\":\"\",\"potentialAction\":[{\"@type\":\"SearchAction\",\"target\":{\"@type\":\"EntryPoint\",\"urlTemplate\":\"https:\\\/\\\/apostille.expert\\\/es\\\/?s={search_term_string}\"},\"query-input\":{\"@type\":\"PropertyValueSpecification\",\"valueRequired\":true,\"valueName\":\"search_term_string\"}}],\"inLanguage\":\"es\"}]}<\/script>\n<!-- \/ Yoast SEO plugin. -->","yoast_head_json":{"title":"Apostilla Brasil ?? - Apostilla: CEI, Europa, Am\u00e9rica, \u00c1frica, China","robots":{"index":"index","follow":"follow","max-snippet":"max-snippet:-1","max-image-preview":"max-image-preview:large","max-video-preview":"max-video-preview:-1"},"canonical":"https:\/\/apostille.expert\/es\/apostilla-brasil-\ud83c\udde7\ud83c\uddf7\/","og_locale":"es_ES","og_type":"article","og_title":"Apostilla Brasil ?? - Apostilla: CEI, Europa, Am\u00e9rica, \u00c1frica, China","og_description":"Apostilla Brasile\u00f1a es un documento oficial que certifica la autenticidad de una firma, la calidad del firmante, as\u00ed como el sello o timbre aplicado a un documento p\u00fablico. Est\u00e1 emitida de acuerdo con el Convenio de La Haya del 5 de octubre de 1961 y se utiliza para la legalizaci\u00f3n de documentos en el extranjero. ... Leer m\u00e1s","og_url":"https:\/\/apostille.expert\/es\/apostilla-brasil-\ud83c\udde7\ud83c\uddf7\/","og_site_name":"Apostilla: CEI, Europa, Am\u00e9rica, \u00c1frica, China","article_modified_time":"2025-01-08T11:11:05+00:00","twitter_card":"summary_large_image","twitter_misc":{"Tiempo de lectura":"7 minutos"},"schema":{"@context":"https:\/\/schema.org","@graph":[{"@type":"WebPage","@id":"https:\/\/apostille.expert\/es\/apostilla-brasil-%f0%9f%87%a7%f0%9f%87%b7\/","url":"https:\/\/apostille.expert\/es\/apostilla-brasil-%f0%9f%87%a7%f0%9f%87%b7\/","name":"Apostilla Brasil ?? - Apostilla: CEI, Europa, Am\u00e9rica, \u00c1frica, China","isPartOf":{"@id":"https:\/\/apostille.expert\/es\/#website"},"primaryImageOfPage":{"@id":"https:\/\/apostille.expert\/es\/apostilla-brasil-%f0%9f%87%a7%f0%9f%87%b7\/#primaryimage"},"image":{"@id":"https:\/\/apostille.expert\/es\/apostilla-brasil-%f0%9f%87%a7%f0%9f%87%b7\/#primaryimage"},"thumbnailUrl":"https:\/\/apostille.expert\/wp-content\/uploads\/2025\/01\/Apostille-Stamp-Brasil-800x1024.webp","datePublished":"2025-01-08T10:33:52+00:00","dateModified":"2025-01-08T11:11:05+00:00","breadcrumb":{"@id":"https:\/\/apostille.expert\/es\/apostilla-brasil-%f0%9f%87%a7%f0%9f%87%b7\/#breadcrumb"},"inLanguage":"es","potentialAction":[{"@type":"ReadAction","target":["https:\/\/apostille.expert\/es\/apostilla-brasil-%f0%9f%87%a7%f0%9f%87%b7\/"]}]},{"@type":"ImageObject","inLanguage":"es","@id":"https:\/\/apostille.expert\/es\/apostilla-brasil-%f0%9f%87%a7%f0%9f%87%b7\/#primaryimage","url":"https:\/\/apostille.expert\/wp-content\/uploads\/2025\/01\/Apostille-Stamp-Brasil-800x1024.webp","contentUrl":"https:\/\/apostille.expert\/wp-content\/uploads\/2025\/01\/Apostille-Stamp-Brasil-800x1024.webp"},{"@type":"BreadcrumbList","@id":"https:\/\/apostille.expert\/es\/apostilla-brasil-%f0%9f%87%a7%f0%9f%87%b7\/#breadcrumb","itemListElement":[{"@type":"ListItem","position":1,"name":"\u0413\u043b\u0430\u0432\u043d\u0430\u044f \u0441\u0442\u0440\u0430\u043d\u0438\u0446\u0430","item":"https:\/\/apostille.expert\/es\/"},{"@type":"ListItem","position":2,"name":"Apostilla Brasil ??"}]},{"@type":"WebSite","@id":"https:\/\/apostille.expert\/es\/#website","url":"https:\/\/apostille.expert\/es\/","name":"Apostilla: CEI, Europa, Am\u00e9rica, \u00c1frica, China","description":"","potentialAction":[{"@type":"SearchAction","target":{"@type":"EntryPoint","urlTemplate":"https:\/\/apostille.expert\/es\/?s={search_term_string}"},"query-input":{"@type":"PropertyValueSpecification","valueRequired":true,"valueName":"search_term_string"}}],"inLanguage":"es"}]}},"_links":{"self":[{"href":"https:\/\/apostille.expert\/es\/wp-json\/wp\/v2\/pages\/5","targetHints":{"allow":["GET"]}}],"collection":[{"href":"https:\/\/apostille.expert\/es\/wp-json\/wp\/v2\/pages"}],"about":[{"href":"https:\/\/apostille.expert\/es\/wp-json\/wp\/v2\/types\/page"}],"author":[{"embeddable":true,"href":"https:\/\/apostille.expert\/es\/wp-json\/wp\/v2\/users\/1"}],"replies":[{"embeddable":true,"href":"https:\/\/apostille.expert\/es\/wp-json\/wp\/v2\/comments?post=5"}],"version-history":[{"count":1,"href":"https:\/\/apostille.expert\/es\/wp-json\/wp\/v2\/pages\/5\/revisions"}],"predecessor-version":[{"id":7,"href":"https:\/\/apostille.expert\/es\/wp-json\/wp\/v2\/pages\/5\/revisions\/7"}],"wp:attachment":[{"href":"https:\/\/apostille.expert\/es\/wp-json\/wp\/v2\/media?parent=5"}],"curies":[{"name":"wp","href":"https:\/\/api.w.org\/{rel}","templated":true}]}}