{"id":22,"date":"2025-03-13T22:18:57","date_gmt":"2025-03-13T19:18:57","guid":{"rendered":"https:\/\/apostille.expert\/es\/?page_id=22"},"modified":"2025-03-13T22:18:58","modified_gmt":"2025-03-13T19:18:58","slug":"apostilla-de-eslovaquia-%f0%9f%87%b8%f0%9f%87%b0","status":"publish","type":"page","link":"https:\/\/apostille.expert\/es\/apostilla-de-eslovaquia-%f0%9f%87%b8%f0%9f%87%b0\/","title":{"rendered":"Apostilla de Eslovaquia ??"},"content":{"rendered":"<h4>\u00bfQu\u00e9 es una apostilla eslovaca?<\/h4>\n<p>La <b>apostilla eslovaca<\/b> es <b>un sello cuya forma, contenido y prop\u00f3sito est\u00e1n definidos por el Convenio de la Apostilla de 1961.<\/b> La apostilla en Eslovaquia cumple con los est\u00e1ndares internacionales y confirma la autenticidad de los documentos para su uso en otros pa\u00edses miembros del Convenio. Eslovaquia se uni\u00f3 al Convenio de La Haya el <b>18 de julio de 2001<\/b>, y la apostilla ha sido v\u00e1lida desde esa fecha.<\/p>\n<p>La apostilla en Eslovaquia se coloca en documentos oficiales como certificados de nacimiento, matrimonio, decisiones judiciales, diplomas y otros documentos emitidos por autoridades estatales. Simplifica el proceso de legalizaci\u00f3n de documentos, haci\u00e9ndolos v\u00e1lidos en otros pa\u00edses miembros del Convenio.<\/p>\n<h4>\u00bfC\u00f3mo es una apostilla eslovaca?<\/h4>\n<p><b><i>Foto de una apostilla eslovaca:<\/i><\/b><\/p>\n<p><img loading=\"lazy\" decoding=\"async\" src=\"https:\/\/example.com\/slovak-apostille.jpg\" alt=\"Ejemplo de una apostilla en Eslovaquia\" width=\"866\" height=\"1024\" \/><\/p>\n<p>La apostilla eslovaca es un sello o etiqueta que contiene la informaci\u00f3n obligatoria establecida por el Convenio de La Haya. Puede ser un sello en papel o un documento electr\u00f3nico (e-apostilla).<\/p>\n<h4>Texto de la apostilla eslovaca<\/h4>\n<h6><strong>Idioma eslovaco<\/strong><\/h6>\n<p>(Convention de La Haye du 5 octobre 1961)<\/p>\n<p>1. Krajina \/ Country: Slovensk\u00e1 republika \/ Slovakia<br \/>\n2. Tento verejn\u00fd dokument bol podp\u00edsan\u00fd \/ This public document has been signed by: ___________________________<br \/>\n3. Konaj\u00faci v funkcii \/ Acting in the capacity of: ________________<br \/>\n4. Pe\u010diatka \/ Bears the seal\/stamp of: ________________<br \/>\n5. Miesto \/ At: __________________<br \/>\n6. D\u00e1tum \/ The: __________________<br \/>\n7. Vydan\u00e9 \/ By: ________________<br \/>\n8. \u010c\u00edslo \/ No.: ____________________<br \/>\n9. Pe\u010diatka \/ podpis \/ Seal\/stamp and signature: ________________  <\/p>\n<h6><strong>Traducci\u00f3n de la apostilla eslovaca al ingl\u00e9s<\/strong><\/h6>\n<p><i>(Convenio de La Haya del 5 de octubre de 1961)<\/i><\/p>\n<p><i>1. Pa\u00eds: Eslovaquia<\/i><\/p>\n<p><i>Este documento p\u00fablico<\/i><\/p>\n<p><i>2. Ha sido firmado por: __________________ (nombre y apellido)<\/i><\/p>\n<p><i>3. Actuando en calidad de: _________________ (cargo)<\/i><\/p>\n<p><i>4. Sello:<\/i><\/p>\n<p><i>Certificado por el sello<\/i><\/p>\n<p><i>5. En: _______________ (ciudad)<\/i><\/p>\n<p><i>6. Fecha: __________________<\/i><\/p>\n<p><i>7. Emitido por: ______________________<\/i><\/p>\n<p><i>8. N.\u00ba: ____________________<\/i><\/p>\n<p><i>9. Sello \/ firma: ________________<\/i><\/p>\n<h4>Apostilla para documentos de empresas, sociedades, LLC, JSC (apostilla para documentos constitutivos y estatutarios)<\/h4>\n<figure id=\"attachment_3273\" aria-describedby=\"caption-attachment-3273\" style=\"width: 1156px\" class=\"wp-caption alignnone\"><img loading=\"lazy\" decoding=\"async\" class=\"size-full wp-image-3273\" src=\"https:\/\/example.com\/slovak-commercial-register.jpg\" alt=\"Apostilla para un extracto del registro comercial de Eslovaquia\" width=\"1166\" height=\"1521\" \/><figcaption id=\"caption-attachment-3273\" class=\"wp-caption-text\"><em>Se puede colocar una apostilla en un extracto de una LLC del registro comercial de Eslovaquia, as\u00ed como en otros documentos de la empresa: el estatuto y los documentos constitutivos.<\/em><\/figcaption><\/figure>\n<h4>\u00bfPor qu\u00e9 se necesita una apostilla si los documentos de Eslovaquia ya tienen un sello oficial y una firma?<\/h4>\n<p>El hecho es que en los ministerios, departamentos, autoridades estatales, archivos y oficinas de registro de Eslovaquia trabajan muchos funcionarios. Los funcionarios cambian peri\u00f3dicamente. Esto significa que hay muchas firmas, y tambi\u00e9n cambian. Para garantizar la originalidad y autenticidad del documento y evitar falsificaciones, es necesario verificar si la firma del funcionario coincide con las muestras de su firma. Y si realmente firmaron el documento.<\/p>\n<p>Con tal cantidad de documentos y funcionarios, esto es muy dif\u00edcil de hacer. Especialmente para los funcionarios en el extranjero que reciben sus documentos.<\/p>\n<p>Por lo tanto, se cre\u00f3 un sistema para confirmar todas las firmas y sellos por varias personas para facilitar el trabajo de los funcionarios extranjeros. Esto tambi\u00e9n reduce el tiempo de procesamiento de documentos en el extranjero y el tiempo de espera para los solicitantes. En tal sistema, los funcionarios locales responsables de la apostilla pueden verificar m\u00e1s f\u00e1cilmente las firmas, los sellos y los documentos mismos (sus formatos y contenido).<\/p>\n<p><b>Existen dos procedimientos<\/b> para dicha <b>confirmaci\u00f3n<\/b>. <b>El primer procedimiento<\/b> es el m\u00e1s confiable y se llama <b>legalizaci\u00f3n de documentos<\/b>. Cuando los documentos son firmados por el funcionario que los emite, luego el documento es certificado por un empleado del ministerio (generalmente el Ministerio de Relaciones Exteriores), y finalmente, la \u00faltima firma es verificada y certificada por el consulado del pa\u00eds donde se deben presentar los documentos. <b>La verificaci\u00f3n se realiza en base a una base de datos actualizada (lista) de firmas a trav\u00e9s de una cadena de tres autoridades (instituciones, organismos estatales).<\/b><\/p>\n<p><b>El segundo procedimiento<\/b> se basa en una mayor confianza y omite una autoridad, generalmente el Ministerio de Relaciones Exteriores. En este caso, hablamos de una apostilla. <b>La apostilla es un sello especial de formato establecido que simplifica significativamente el procedimiento de reconocimiento de documentos de un estado en el territorio de otro.<\/b><\/p>\n<h4>\u00bfPara qu\u00e9 obtener una apostilla si los documentos eslovacos se pueden verificar en l\u00ednea?<\/h4>\n<p>Los sistemas de verificaci\u00f3n de documentos en l\u00ednea son una nueva soluci\u00f3n para verificar la autenticidad de los documentos. Se puede decir que estos sistemas a\u00fan est\u00e1n en fase de prueba y su funcionamiento necesita mejoras.<\/p>\n<p>Cuando los gobiernos y la sociedad est\u00e9n listos para adoptar un sistema de verificaci\u00f3n de documentos de este tipo, es probable que la necesidad de una apostilla desaparezca.<\/p>\n<p>Sin embargo, muchos funcionarios tendr\u00e1n acceso a dicho sistema. Y esto nuevamente plantea el problema de la gran cantidad de firmas y su relevancia.<\/p>\n<h4>\u00bfSe puede obtener una apostilla en un consulado de Eslovaquia?<\/h4>\n<p>Seg\u00fan el Convenio de la Apostilla de La Haya, el <b>sello de apostilla para documentos eslovacos no se puede obtener en un consulado de Eslovaquia<\/b>. Y esto no depende del pa\u00eds donde se encuentre el consulado, ya sea Ucrania, Italia, Alemania, etc.<\/p>\n<h4>\u00bfExiste una apostilla electr\u00f3nica en Eslovaquia (E-apostilla)?<\/h4>\n<blockquote><p>Eslovaquia tambi\u00e9n ha introducido un sistema de apostilla electr\u00f3nica (e-apostilla), que permite la verificaci\u00f3n en l\u00ednea de la autenticidad de los documentos. La apostilla electr\u00f3nica contiene un n\u00famero \u00fanico y un c\u00f3digo QR que se puede verificar en el sitio web oficial del organismo autorizado.<\/p><\/blockquote>\n<p>La apostilla electr\u00f3nica permite certificar certificados de nacimiento, matrimonio, documentos m\u00e9dicos, decisiones judiciales y otros documentos para su uso en el extranjero. Al lanzar este servicio electr\u00f3nico innovador, Eslovaquia se convirti\u00f3 en uno de los pa\u00edses miembros del Convenio de La Haya en implementar el programa de apostilla electr\u00f3nica.<\/p>\n<p>El registro electr\u00f3nico de apostillas se desarroll\u00f3 para combatir el fraude y el abuso. <b>Utilizando el registro electr\u00f3nico de apostillas, cualquier parte interesada puede verificar visualmente la apostilla y el documento escaneado.<\/b><\/p>\n<h4>\u00bfC\u00f3mo se puede verificar una apostilla electr\u00f3nica?<\/h4>\n<p><b>La apostilla se verifica mediante el n\u00famero de apostilla y la fecha de emisi\u00f3n<\/b> (la apostilla tiene un n\u00famero \u00fanico y una fecha de emisi\u00f3n). Esta informaci\u00f3n debe ingresarse en los campos correspondientes en la p\u00e1gina web. Al presionar el bot\u00f3n de b\u00fasqueda, se abre una ventana donde puede ver la apostilla y el documento apostillado.<\/p>\n","protected":false},"excerpt":{"rendered":"<p>\u00bfQu\u00e9 es una apostilla eslovaca? La apostilla eslovaca es un sello cuya forma, contenido y prop\u00f3sito est\u00e1n definidos por el Convenio de la Apostilla de 1961. La apostilla en Eslovaquia cumple con los est\u00e1ndares internacionales y confirma la autenticidad de los documentos para su uso en otros pa\u00edses miembros del Convenio. Eslovaquia se uni\u00f3 al &#8230; <a title=\"Apostilla de Eslovaquia ??\" class=\"read-more\" href=\"https:\/\/apostille.expert\/es\/apostilla-de-eslovaquia-%f0%9f%87%b8%f0%9f%87%b0\/\" aria-label=\"Leer m\u00e1s sobre Apostilla de Eslovaquia ??\">Leer m\u00e1s<\/a><\/p>\n","protected":false},"author":1,"featured_media":0,"parent":0,"menu_order":0,"comment_status":"closed","ping_status":"closed","template":"","meta":{"_eb_attr":"","footnotes":""},"class_list":["post-22","page","type-page","status-publish"],"yoast_head":"<!-- This site is optimized with the Yoast SEO plugin v27.4 - https:\/\/yoast.com\/product\/yoast-seo-wordpress\/ -->\n<title>Apostilla de Eslovaquia ?? - Apostilla: CEI, Europa, Am\u00e9rica, \u00c1frica, China<\/title>\n<meta name=\"robots\" content=\"index, follow, max-snippet:-1, max-image-preview:large, max-video-preview:-1\" \/>\n<link rel=\"canonical\" href=\"https:\/\/apostille.expert\/es\/apostilla-de-eslovaquia-\ud83c\uddf8\ud83c\uddf0\/\" \/>\n<meta property=\"og:locale\" content=\"es_ES\" \/>\n<meta property=\"og:type\" content=\"article\" \/>\n<meta property=\"og:title\" content=\"Apostilla de Eslovaquia ?? - Apostilla: CEI, Europa, Am\u00e9rica, \u00c1frica, China\" \/>\n<meta property=\"og:description\" content=\"\u00bfQu\u00e9 es una apostilla eslovaca? La apostilla eslovaca es un sello cuya forma, contenido y prop\u00f3sito est\u00e1n definidos por el Convenio de la Apostilla de 1961. La apostilla en Eslovaquia cumple con los est\u00e1ndares internacionales y confirma la autenticidad de los documentos para su uso en otros pa\u00edses miembros del Convenio. Eslovaquia se uni\u00f3 al ... Leer m\u00e1s\" \/>\n<meta property=\"og:url\" content=\"https:\/\/apostille.expert\/es\/apostilla-de-eslovaquia-\ud83c\uddf8\ud83c\uddf0\/\" \/>\n<meta property=\"og:site_name\" content=\"Apostilla: CEI, Europa, Am\u00e9rica, \u00c1frica, China\" \/>\n<meta property=\"article:modified_time\" content=\"2025-03-13T19:18:58+00:00\" \/>\n<meta property=\"og:image\" content=\"https:\/\/example.com\/slovak-apostille.jpg\" \/>\n<meta name=\"twitter:card\" content=\"summary_large_image\" \/>\n<meta name=\"twitter:label1\" content=\"Tiempo de lectura\" \/>\n\t<meta name=\"twitter:data1\" content=\"5 minutos\" \/>\n<script type=\"application\/ld+json\" class=\"yoast-schema-graph\">{\"@context\":\"https:\\\/\\\/schema.org\",\"@graph\":[{\"@type\":\"WebPage\",\"@id\":\"https:\\\/\\\/apostille.expert\\\/es\\\/apostilla-de-eslovaquia-%f0%9f%87%b8%f0%9f%87%b0\\\/\",\"url\":\"https:\\\/\\\/apostille.expert\\\/es\\\/apostilla-de-eslovaquia-%f0%9f%87%b8%f0%9f%87%b0\\\/\",\"name\":\"Apostilla de Eslovaquia ?? - Apostilla: CEI, Europa, Am\u00e9rica, \u00c1frica, China\",\"isPartOf\":{\"@id\":\"https:\\\/\\\/apostille.expert\\\/es\\\/#website\"},\"primaryImageOfPage\":{\"@id\":\"https:\\\/\\\/apostille.expert\\\/es\\\/apostilla-de-eslovaquia-%f0%9f%87%b8%f0%9f%87%b0\\\/#primaryimage\"},\"image\":{\"@id\":\"https:\\\/\\\/apostille.expert\\\/es\\\/apostilla-de-eslovaquia-%f0%9f%87%b8%f0%9f%87%b0\\\/#primaryimage\"},\"thumbnailUrl\":\"https:\\\/\\\/example.com\\\/slovak-apostille.jpg\",\"datePublished\":\"2025-03-13T19:18:57+00:00\",\"dateModified\":\"2025-03-13T19:18:58+00:00\",\"breadcrumb\":{\"@id\":\"https:\\\/\\\/apostille.expert\\\/es\\\/apostilla-de-eslovaquia-%f0%9f%87%b8%f0%9f%87%b0\\\/#breadcrumb\"},\"inLanguage\":\"es\",\"potentialAction\":[{\"@type\":\"ReadAction\",\"target\":[\"https:\\\/\\\/apostille.expert\\\/es\\\/apostilla-de-eslovaquia-%f0%9f%87%b8%f0%9f%87%b0\\\/\"]}]},{\"@type\":\"ImageObject\",\"inLanguage\":\"es\",\"@id\":\"https:\\\/\\\/apostille.expert\\\/es\\\/apostilla-de-eslovaquia-%f0%9f%87%b8%f0%9f%87%b0\\\/#primaryimage\",\"url\":\"https:\\\/\\\/example.com\\\/slovak-apostille.jpg\",\"contentUrl\":\"https:\\\/\\\/example.com\\\/slovak-apostille.jpg\"},{\"@type\":\"BreadcrumbList\",\"@id\":\"https:\\\/\\\/apostille.expert\\\/es\\\/apostilla-de-eslovaquia-%f0%9f%87%b8%f0%9f%87%b0\\\/#breadcrumb\",\"itemListElement\":[{\"@type\":\"ListItem\",\"position\":1,\"name\":\"\u0413\u043b\u0430\u0432\u043d\u0430\u044f \u0441\u0442\u0440\u0430\u043d\u0438\u0446\u0430\",\"item\":\"https:\\\/\\\/apostille.expert\\\/es\\\/\"},{\"@type\":\"ListItem\",\"position\":2,\"name\":\"Apostilla de Eslovaquia ??\"}]},{\"@type\":\"WebSite\",\"@id\":\"https:\\\/\\\/apostille.expert\\\/es\\\/#website\",\"url\":\"https:\\\/\\\/apostille.expert\\\/es\\\/\",\"name\":\"Apostilla: CEI, Europa, Am\u00e9rica, \u00c1frica, China\",\"description\":\"\",\"potentialAction\":[{\"@type\":\"SearchAction\",\"target\":{\"@type\":\"EntryPoint\",\"urlTemplate\":\"https:\\\/\\\/apostille.expert\\\/es\\\/?s={search_term_string}\"},\"query-input\":{\"@type\":\"PropertyValueSpecification\",\"valueRequired\":true,\"valueName\":\"search_term_string\"}}],\"inLanguage\":\"es\"}]}<\/script>\n<!-- \/ Yoast SEO plugin. -->","yoast_head_json":{"title":"Apostilla de Eslovaquia ?? - Apostilla: CEI, Europa, Am\u00e9rica, \u00c1frica, China","robots":{"index":"index","follow":"follow","max-snippet":"max-snippet:-1","max-image-preview":"max-image-preview:large","max-video-preview":"max-video-preview:-1"},"canonical":"https:\/\/apostille.expert\/es\/apostilla-de-eslovaquia-\ud83c\uddf8\ud83c\uddf0\/","og_locale":"es_ES","og_type":"article","og_title":"Apostilla de Eslovaquia ?? - Apostilla: CEI, Europa, Am\u00e9rica, \u00c1frica, China","og_description":"\u00bfQu\u00e9 es una apostilla eslovaca? La apostilla eslovaca es un sello cuya forma, contenido y prop\u00f3sito est\u00e1n definidos por el Convenio de la Apostilla de 1961. La apostilla en Eslovaquia cumple con los est\u00e1ndares internacionales y confirma la autenticidad de los documentos para su uso en otros pa\u00edses miembros del Convenio. Eslovaquia se uni\u00f3 al ... Leer m\u00e1s","og_url":"https:\/\/apostille.expert\/es\/apostilla-de-eslovaquia-\ud83c\uddf8\ud83c\uddf0\/","og_site_name":"Apostilla: CEI, Europa, Am\u00e9rica, \u00c1frica, China","article_modified_time":"2025-03-13T19:18:58+00:00","og_image":[{"url":"https:\/\/example.com\/slovak-apostille.jpg","type":"","width":"","height":""}],"twitter_card":"summary_large_image","twitter_misc":{"Tiempo de lectura":"5 minutos"},"schema":{"@context":"https:\/\/schema.org","@graph":[{"@type":"WebPage","@id":"https:\/\/apostille.expert\/es\/apostilla-de-eslovaquia-%f0%9f%87%b8%f0%9f%87%b0\/","url":"https:\/\/apostille.expert\/es\/apostilla-de-eslovaquia-%f0%9f%87%b8%f0%9f%87%b0\/","name":"Apostilla de Eslovaquia ?? - Apostilla: CEI, Europa, Am\u00e9rica, \u00c1frica, China","isPartOf":{"@id":"https:\/\/apostille.expert\/es\/#website"},"primaryImageOfPage":{"@id":"https:\/\/apostille.expert\/es\/apostilla-de-eslovaquia-%f0%9f%87%b8%f0%9f%87%b0\/#primaryimage"},"image":{"@id":"https:\/\/apostille.expert\/es\/apostilla-de-eslovaquia-%f0%9f%87%b8%f0%9f%87%b0\/#primaryimage"},"thumbnailUrl":"https:\/\/example.com\/slovak-apostille.jpg","datePublished":"2025-03-13T19:18:57+00:00","dateModified":"2025-03-13T19:18:58+00:00","breadcrumb":{"@id":"https:\/\/apostille.expert\/es\/apostilla-de-eslovaquia-%f0%9f%87%b8%f0%9f%87%b0\/#breadcrumb"},"inLanguage":"es","potentialAction":[{"@type":"ReadAction","target":["https:\/\/apostille.expert\/es\/apostilla-de-eslovaquia-%f0%9f%87%b8%f0%9f%87%b0\/"]}]},{"@type":"ImageObject","inLanguage":"es","@id":"https:\/\/apostille.expert\/es\/apostilla-de-eslovaquia-%f0%9f%87%b8%f0%9f%87%b0\/#primaryimage","url":"https:\/\/example.com\/slovak-apostille.jpg","contentUrl":"https:\/\/example.com\/slovak-apostille.jpg"},{"@type":"BreadcrumbList","@id":"https:\/\/apostille.expert\/es\/apostilla-de-eslovaquia-%f0%9f%87%b8%f0%9f%87%b0\/#breadcrumb","itemListElement":[{"@type":"ListItem","position":1,"name":"\u0413\u043b\u0430\u0432\u043d\u0430\u044f \u0441\u0442\u0440\u0430\u043d\u0438\u0446\u0430","item":"https:\/\/apostille.expert\/es\/"},{"@type":"ListItem","position":2,"name":"Apostilla de Eslovaquia ??"}]},{"@type":"WebSite","@id":"https:\/\/apostille.expert\/es\/#website","url":"https:\/\/apostille.expert\/es\/","name":"Apostilla: CEI, Europa, Am\u00e9rica, \u00c1frica, China","description":"","potentialAction":[{"@type":"SearchAction","target":{"@type":"EntryPoint","urlTemplate":"https:\/\/apostille.expert\/es\/?s={search_term_string}"},"query-input":{"@type":"PropertyValueSpecification","valueRequired":true,"valueName":"search_term_string"}}],"inLanguage":"es"}]}},"_links":{"self":[{"href":"https:\/\/apostille.expert\/es\/wp-json\/wp\/v2\/pages\/22","targetHints":{"allow":["GET"]}}],"collection":[{"href":"https:\/\/apostille.expert\/es\/wp-json\/wp\/v2\/pages"}],"about":[{"href":"https:\/\/apostille.expert\/es\/wp-json\/wp\/v2\/types\/page"}],"author":[{"embeddable":true,"href":"https:\/\/apostille.expert\/es\/wp-json\/wp\/v2\/users\/1"}],"replies":[{"embeddable":true,"href":"https:\/\/apostille.expert\/es\/wp-json\/wp\/v2\/comments?post=22"}],"version-history":[{"count":1,"href":"https:\/\/apostille.expert\/es\/wp-json\/wp\/v2\/pages\/22\/revisions"}],"predecessor-version":[{"id":23,"href":"https:\/\/apostille.expert\/es\/wp-json\/wp\/v2\/pages\/22\/revisions\/23"}],"wp:attachment":[{"href":"https:\/\/apostille.expert\/es\/wp-json\/wp\/v2\/media?parent=22"}],"curies":[{"name":"wp","href":"https:\/\/api.w.org\/{rel}","templated":true}]}}