{"id":19,"date":"2025-01-08T15:28:17","date_gmt":"2025-01-08T12:28:17","guid":{"rendered":"https:\/\/apostille.expert\/es\/?page_id=19"},"modified":"2025-01-08T15:28:18","modified_gmt":"2025-01-08T12:28:18","slug":"solicitar-una-apostilla","status":"publish","type":"page","link":"https:\/\/apostille.expert\/es\/solicitar-una-apostilla\/","title":{"rendered":"Solicitar una Apostilla"},"content":{"rendered":"\n<h2 class=\"wp-block-heading\"><strong>C\u00f3mo solicitar una apostilla para documentos<\/strong><\/h2>\n\n\n\n<h4 class=\"wp-block-heading\"><strong>\u00bfQu\u00e9 servicios de apostilla ofrece nuestra agencia?<\/strong><\/h4>\n\n\n\n<p>Nuestra agencia ofrece la colocaci\u00f3n de apostillas en documentos originales, sus copias y en traducciones notarizadas de estos documentos.<\/p>\n\n\n\n<p><strong>\u00bfQu\u00e9 se puede hacer por separado, sin recurrir a nuestra agencia?<\/strong><br><strong>Apostilla de documentos para personas f\u00edsicas:<\/strong><br>&#8211; Colocar una apostilla en un certificado de antecedentes penales,<br>&#8211; certificado de nacimiento,<br>&#8211; certificado de matrimonio,<br>&#8211; certificado de divorcio,<br>&#8211; certificado de defunci\u00f3n,<br>&#8211; certificado de solter\u00eda,<br>&#8211; certificado de ausencia de bienes inmuebles.<br>&#8211; un certificado de ingresos y ausencia de deudas del departamento de impuestos.<br>&#8211; Colocar una apostilla en un certificado m\u00e9dico.<br>Adem\u00e1s, la<strong>apostilla de documentos para personas jur\u00eddicas<\/strong>, tanto inmediatamente despu\u00e9s de su registro como durante sus actividades.<\/p>\n\n\n\n<p>Los servicios adicionales de nuestra agencia incluyen copias certificadas y traducciones de documentos, as\u00ed como la apostilla de estas traducciones y copias certificadas.<\/p>\n\n\n\n<h4 class=\"wp-block-heading\"><strong>\u00bfCon qu\u00e9 organismos gubernamentales interact\u00faa nuestra agencia?<\/strong><\/h4>\n\n\n\n<p>Nuestra agencia trabaja con todos los ministerios (incluido el Ministerio del Interior, el Ministerio de Relaciones Exteriores, el Ministerio de Justicia, el Ministerio de Salud, el Ministerio de Educaci\u00f3n), oficinas del registro civil de todos los niveles y territorios. Tambi\u00e9n tramitamos documentos en el BTI y otras autoridades.<\/p>\n\n\n\n<h4 class=\"wp-block-heading\"><strong>\u00bfEs posible colocar una apostilla en documentos antiguos?<\/strong><\/h4>\n\n\n\n<p>Todo depende del pa\u00eds de emisi\u00f3n del documento, el tipo de documento, su estado, el a\u00f1o en que fue emitido y los requisitos de la parte receptora. Pero, por lo general, los documentos antiguos (de la \u00e9poca sovi\u00e9tica) no son aceptados para apostilla ni en el pa\u00eds de origen ni en el pa\u00eds receptor del documento.<br>No es posible verificar las firmas de los funcionarios en dichos documentos. Por lo tanto, una apostilla solo es aplicable en algunos pa\u00edses donde se ha mantenido la continuidad del reconocimiento de firmas. Para determinar si es posible o no apostillar un documento, debe fotografiarlo o escanearlo (lo cual es a\u00fan mejor) y envi\u00e1rnoslo mediante el formulario de contacto o por correo electr\u00f3nico para su evaluaci\u00f3n. Tras recibir dicha foto o escaneo, emitiremos un dictamen sobre si es posible o no emitir una apostilla. Si esto no es posible, deber\u00e1 solicitar un duplicado del nuevo formato y solo entonces colocar una apostilla en \u00e9l.<\/p>\n\n\n\n<p>&nbsp;<\/p>\n\n","protected":false},"excerpt":{"rendered":"<p>C\u00f3mo solicitar una apostilla para documentos \u00bfQu\u00e9 servicios de apostilla ofrece nuestra agencia? Nuestra agencia ofrece la colocaci\u00f3n de apostillas en documentos originales, sus copias y en traducciones notarizadas de estos documentos. \u00bfQu\u00e9 se puede hacer por separado, sin recurrir a nuestra agencia?Apostilla de documentos para personas f\u00edsicas:&#8211; Colocar una apostilla en un certificado de &#8230; <a title=\"Solicitar una Apostilla\" class=\"read-more\" href=\"https:\/\/apostille.expert\/es\/solicitar-una-apostilla\/\" aria-label=\"Leer m\u00e1s sobre Solicitar una Apostilla\">Leer m\u00e1s<\/a><\/p>\n","protected":false},"author":1,"featured_media":0,"parent":0,"menu_order":0,"comment_status":"closed","ping_status":"closed","template":"","meta":{"_eb_attr":"","footnotes":""},"class_list":["post-19","page","type-page","status-publish"],"yoast_head":"<!-- This site is optimized with the Yoast SEO plugin v27.5 - https:\/\/yoast.com\/product\/yoast-seo-wordpress\/ -->\n<title>Solicitar una Apostilla - Apostilla: CEI, Europa, Am\u00e9rica, \u00c1frica, China<\/title>\n<meta name=\"robots\" content=\"index, follow, max-snippet:-1, max-image-preview:large, max-video-preview:-1\" \/>\n<link rel=\"canonical\" href=\"https:\/\/apostille.expert\/es\/solicitar-una-apostilla\/\" \/>\n<meta property=\"og:locale\" content=\"es_ES\" \/>\n<meta property=\"og:type\" content=\"article\" \/>\n<meta property=\"og:title\" content=\"Solicitar una Apostilla - Apostilla: CEI, Europa, Am\u00e9rica, \u00c1frica, China\" \/>\n<meta property=\"og:description\" content=\"C\u00f3mo solicitar una apostilla para documentos \u00bfQu\u00e9 servicios de apostilla ofrece nuestra agencia? Nuestra agencia ofrece la colocaci\u00f3n de apostillas en documentos originales, sus copias y en traducciones notarizadas de estos documentos. \u00bfQu\u00e9 se puede hacer por separado, sin recurrir a nuestra agencia?Apostilla de documentos para personas f\u00edsicas:&#8211; Colocar una apostilla en un certificado de ... Leer m\u00e1s\" \/>\n<meta property=\"og:url\" content=\"https:\/\/apostille.expert\/es\/solicitar-una-apostilla\/\" \/>\n<meta property=\"og:site_name\" content=\"Apostilla: CEI, Europa, Am\u00e9rica, \u00c1frica, China\" \/>\n<meta property=\"article:modified_time\" content=\"2025-01-08T12:28:18+00:00\" \/>\n<meta name=\"twitter:card\" content=\"summary_large_image\" \/>\n<meta name=\"twitter:label1\" content=\"Tiempo de lectura\" \/>\n\t<meta name=\"twitter:data1\" content=\"2 minutos\" \/>\n<script type=\"application\/ld+json\" class=\"yoast-schema-graph\">{\"@context\":\"https:\\\/\\\/schema.org\",\"@graph\":[{\"@type\":\"WebPage\",\"@id\":\"https:\\\/\\\/apostille.expert\\\/es\\\/solicitar-una-apostilla\\\/\",\"url\":\"https:\\\/\\\/apostille.expert\\\/es\\\/solicitar-una-apostilla\\\/\",\"name\":\"Solicitar una Apostilla - Apostilla: CEI, Europa, Am\u00e9rica, \u00c1frica, China\",\"isPartOf\":{\"@id\":\"https:\\\/\\\/apostille.expert\\\/es\\\/#website\"},\"datePublished\":\"2025-01-08T12:28:17+00:00\",\"dateModified\":\"2025-01-08T12:28:18+00:00\",\"breadcrumb\":{\"@id\":\"https:\\\/\\\/apostille.expert\\\/es\\\/solicitar-una-apostilla\\\/#breadcrumb\"},\"inLanguage\":\"es\",\"potentialAction\":[{\"@type\":\"ReadAction\",\"target\":[\"https:\\\/\\\/apostille.expert\\\/es\\\/solicitar-una-apostilla\\\/\"]}]},{\"@type\":\"BreadcrumbList\",\"@id\":\"https:\\\/\\\/apostille.expert\\\/es\\\/solicitar-una-apostilla\\\/#breadcrumb\",\"itemListElement\":[{\"@type\":\"ListItem\",\"position\":1,\"name\":\"\u0413\u043b\u0430\u0432\u043d\u0430\u044f \u0441\u0442\u0440\u0430\u043d\u0438\u0446\u0430\",\"item\":\"https:\\\/\\\/apostille.expert\\\/es\\\/\"},{\"@type\":\"ListItem\",\"position\":2,\"name\":\"Solicitar una Apostilla\"}]},{\"@type\":\"WebSite\",\"@id\":\"https:\\\/\\\/apostille.expert\\\/es\\\/#website\",\"url\":\"https:\\\/\\\/apostille.expert\\\/es\\\/\",\"name\":\"Apostilla: CEI, Europa, Am\u00e9rica, \u00c1frica, China\",\"description\":\"\",\"potentialAction\":[{\"@type\":\"SearchAction\",\"target\":{\"@type\":\"EntryPoint\",\"urlTemplate\":\"https:\\\/\\\/apostille.expert\\\/es\\\/?s={search_term_string}\"},\"query-input\":{\"@type\":\"PropertyValueSpecification\",\"valueRequired\":true,\"valueName\":\"search_term_string\"}}],\"inLanguage\":\"es\"}]}<\/script>\n<!-- \/ Yoast SEO plugin. -->","yoast_head_json":{"title":"Solicitar una Apostilla - Apostilla: CEI, Europa, Am\u00e9rica, \u00c1frica, China","robots":{"index":"index","follow":"follow","max-snippet":"max-snippet:-1","max-image-preview":"max-image-preview:large","max-video-preview":"max-video-preview:-1"},"canonical":"https:\/\/apostille.expert\/es\/solicitar-una-apostilla\/","og_locale":"es_ES","og_type":"article","og_title":"Solicitar una Apostilla - Apostilla: CEI, Europa, Am\u00e9rica, \u00c1frica, China","og_description":"C\u00f3mo solicitar una apostilla para documentos \u00bfQu\u00e9 servicios de apostilla ofrece nuestra agencia? Nuestra agencia ofrece la colocaci\u00f3n de apostillas en documentos originales, sus copias y en traducciones notarizadas de estos documentos. \u00bfQu\u00e9 se puede hacer por separado, sin recurrir a nuestra agencia?Apostilla de documentos para personas f\u00edsicas:&#8211; Colocar una apostilla en un certificado de ... Leer m\u00e1s","og_url":"https:\/\/apostille.expert\/es\/solicitar-una-apostilla\/","og_site_name":"Apostilla: CEI, Europa, Am\u00e9rica, \u00c1frica, China","article_modified_time":"2025-01-08T12:28:18+00:00","twitter_card":"summary_large_image","twitter_misc":{"Tiempo de lectura":"2 minutos"},"schema":{"@context":"https:\/\/schema.org","@graph":[{"@type":"WebPage","@id":"https:\/\/apostille.expert\/es\/solicitar-una-apostilla\/","url":"https:\/\/apostille.expert\/es\/solicitar-una-apostilla\/","name":"Solicitar una Apostilla - Apostilla: CEI, Europa, Am\u00e9rica, \u00c1frica, China","isPartOf":{"@id":"https:\/\/apostille.expert\/es\/#website"},"datePublished":"2025-01-08T12:28:17+00:00","dateModified":"2025-01-08T12:28:18+00:00","breadcrumb":{"@id":"https:\/\/apostille.expert\/es\/solicitar-una-apostilla\/#breadcrumb"},"inLanguage":"es","potentialAction":[{"@type":"ReadAction","target":["https:\/\/apostille.expert\/es\/solicitar-una-apostilla\/"]}]},{"@type":"BreadcrumbList","@id":"https:\/\/apostille.expert\/es\/solicitar-una-apostilla\/#breadcrumb","itemListElement":[{"@type":"ListItem","position":1,"name":"\u0413\u043b\u0430\u0432\u043d\u0430\u044f \u0441\u0442\u0440\u0430\u043d\u0438\u0446\u0430","item":"https:\/\/apostille.expert\/es\/"},{"@type":"ListItem","position":2,"name":"Solicitar una Apostilla"}]},{"@type":"WebSite","@id":"https:\/\/apostille.expert\/es\/#website","url":"https:\/\/apostille.expert\/es\/","name":"Apostilla: CEI, Europa, Am\u00e9rica, \u00c1frica, China","description":"","potentialAction":[{"@type":"SearchAction","target":{"@type":"EntryPoint","urlTemplate":"https:\/\/apostille.expert\/es\/?s={search_term_string}"},"query-input":{"@type":"PropertyValueSpecification","valueRequired":true,"valueName":"search_term_string"}}],"inLanguage":"es"}]}},"_links":{"self":[{"href":"https:\/\/apostille.expert\/es\/wp-json\/wp\/v2\/pages\/19","targetHints":{"allow":["GET"]}}],"collection":[{"href":"https:\/\/apostille.expert\/es\/wp-json\/wp\/v2\/pages"}],"about":[{"href":"https:\/\/apostille.expert\/es\/wp-json\/wp\/v2\/types\/page"}],"author":[{"embeddable":true,"href":"https:\/\/apostille.expert\/es\/wp-json\/wp\/v2\/users\/1"}],"replies":[{"embeddable":true,"href":"https:\/\/apostille.expert\/es\/wp-json\/wp\/v2\/comments?post=19"}],"version-history":[{"count":1,"href":"https:\/\/apostille.expert\/es\/wp-json\/wp\/v2\/pages\/19\/revisions"}],"predecessor-version":[{"id":20,"href":"https:\/\/apostille.expert\/es\/wp-json\/wp\/v2\/pages\/19\/revisions\/20"}],"wp:attachment":[{"href":"https:\/\/apostille.expert\/es\/wp-json\/wp\/v2\/media?parent=19"}],"curies":[{"name":"wp","href":"https:\/\/api.w.org\/{rel}","templated":true}]}}