{"id":16,"date":"2025-01-08T14:18:45","date_gmt":"2025-01-08T11:18:45","guid":{"rendered":"https:\/\/apostille.expert\/es\/?page_id=16"},"modified":"2025-01-08T14:18:46","modified_gmt":"2025-01-08T11:18:46","slug":"apostilla","status":"publish","type":"page","link":"https:\/\/apostille.expert\/es\/","title":{"rendered":"Apostilla"},"content":{"rendered":"\n<h2 class=\"wp-block-heading\" id=\"h-qu\u00e9-es-una-apostilla\">\u00bfQu\u00e9 es una Apostilla?<\/h2>\n\n\n\n<p><strong>La Apostilla es un sello o timbre de gran formato que certifica la firma de un funcionario p\u00fablico que ha firmado un documento.<\/strong> Este sello se utiliza para documentos que se presentar\u00e1n en el extranjero, en pa\u00edses que forman parte del Convenio de La Haya. La Apostilla reemplaza el complicado proceso de legalizaci\u00f3n consular, que a menudo implica numerosos sellos, firmas y tiempos prolongados. Generalmente, la Apostilla se coloca con tinta negra o azul en el reverso del documento.<\/p>\n\n\n\n<blockquote class=\"wp-block-quote is-layout-flow wp-block-quote-is-layout-flow\">\n<p>La Apostilla no certifica la autenticidad del documento o su contenido. La autenticidad y correcci\u00f3n del contenido del documento son responsabilidad de la firma del funcionario. La Apostilla certifica la firma del funcionario que firma el documento y su capacidad (posici\u00f3n y autoridad). En Jap\u00f3n y otros pa\u00edses, esto incluye la validaci\u00f3n del sello de una instituci\u00f3n gubernamental.<\/p>\n<\/blockquote>\n\n\n\n<p>Tenga en cuenta que la firma del funcionario certificada por la Apostilla no garantiza la ausencia de errores en el documento. Adem\u00e1s, en algunos pa\u00edses es importante informar a los funcionarios que el documento est\u00e1 destinado a ser apostillado, ya que en ciertas instituciones gubernamentales solo algunos funcionarios tienen firmas autorizadas para este prop\u00f3sito.<\/p>\n\n\n\n<p>En algunos casos, se recomienda solicitar la firma de un director, por ejemplo, para un diploma escolar, en lugar de la del subdirector. Adem\u00e1s, se debe exigir una firma original y aut\u00e9ntica del funcionario autorizado, no una firma delegada o realizada por otra persona. Una gu\u00eda sobre la Apostilla en ingl\u00e9s se encuentra disponible en el siguiente enlace: <a href=\"https:\/\/assets.hcch.net\/docs\/ff5ad106-3573-495b-be94-7d66b7da7721.pdf\">https:\/\/assets.hcch.net\/docs\/ff5ad106-3573-495b-be94-7d66b7da7721.pdf<\/a>.<\/p>\n\n\n\n<figure class=\"wp-block-image\"><img decoding=\"async\" src=\"https:\/\/apostille.expert\/wp-content\/uploads\/2023\/02\/Apostille.jpg\" alt=\"Sello de Apostilla en ingl\u00e9s - Convenio de La Haya de 1961\" class=\"wp-image-2767\"\/><\/figure>\n\n\n\n<p><em>Anexo al Convenio sobre Apostillas:<br><strong>Ejemplo de certificado de Apostilla &#8211; un cuadrado con un lado de al menos 9 cent\u00edmetros<\/strong><\/em><\/p>\n\n\n\n<h4 class=\"wp-block-heading\" id=\"h-para-qu%C3%A9-se-necesita-una-apostilla\"><strong>\u00bfPara qu\u00e9 se necesita una Apostilla?<\/strong><\/h4>\n\n\n\n<p>Muchos pa\u00edses no pueden verificar el origen de un documento o la firma en \u00e9l, ya que no tienen acceso a las bases de datos personales de otros pa\u00edses. Por ello, se implement\u00f3 el procedimiento de certificaci\u00f3n adicional de las firmas de los funcionarios. Es m\u00e1s sencillo mantener una base de datos de firmas de funcionarios que los datos personales de los ciudadanos de otro pa\u00eds.<\/p>\n\n\n\n<p>La Apostilla contiene informaci\u00f3n sobre el funcionario que la firma, quien est\u00e1 autorizado con una firma registrada. Estas personas tienen acceso a la base de datos de firmas registradas de los documentos del pa\u00eds de origen.<\/p>\n\n\n\n<p>Este funcionario ser\u00e1 responsable de certificar la firma de otro funcionario que haya firmado el documento, lo que garantiza que el documento est\u00e9 protegido contra falsificaciones.<\/p>\n\n\n\n<h4 class=\"wp-block-heading\" id=\"h-qu%C3%A9-documentos-requieren-una-apostilla\">\u00bfQu\u00e9 documentos requieren una Apostilla?<\/h4>\n\n\n\n<p>La Apostilla es necesaria para documentos emitidos por autoridades gubernamentales e instituciones educativas que se presentar\u00e1n en el extranjero, en pa\u00edses que forman parte del Convenio de La Haya.<\/p>\n\n\n\n<p>Estos documentos incluyen: certificados de antecedentes penales, certificados de nacimiento, matrimonio, divorcio, estado civil, certificados m\u00e9dicos, declaraciones de ausencia de bienes inmuebles, diplomas de educaci\u00f3n secundaria o superior, certificados escolares, entre otros. Para personas jur\u00eddicas, suelen solicitar copias notariales traducidas del certificado de registro de la empresa, estatutos y extractos originales del registro mercantil.<\/p>\n\n\n\n<p>En los pa\u00edses de la CEI, como Armenia, Georgia, Kazajist\u00e1n, Moldavia, Rusia, Ucrania y otros, la Apostilla solo se aplica a documentos emitidos por organismos gubernamentales y copias notariales. Puede verificar la lista de pa\u00edses del Convenio de La Haya en este <a href=\"https:\/\/www.hcch.net\/en\/instruments\/conventions\/status-table\/?cid=41\" target=\"_blank\" rel=\"noreferrer noopener\">enlace &gt;&gt;&gt;<\/a>.<\/p>\n\n\n\n<h4 class=\"wp-block-heading\" id=\"h-se-puede-apostillar-un-poder-notarial\">\u00bfSe puede apostillar un poder notarial?<\/h4>\n\n\n\n<p>Un poder notarial firmado por un notario puede ser apostillado siguiendo el procedimiento est\u00e1ndar. La firma del notario debe estar registrada para la emisi\u00f3n de Apostillas.<\/p>\n\n\n\n<p>Se verifica lo siguiente:<\/p>\n\n\n\n<ul class=\"wp-block-list\">\n<li>La firma se verifica junto con el registro del n\u00famero y nombre del documento.<\/li>\n\n\n\n<li>La persona autorizada coloca el sello de Apostilla.<\/li>\n\n\n\n<li>La parte receptora, si es necesario, verifica la Apostilla.<\/li>\n<\/ul>\n\n\n\n<h4 class=\"wp-block-heading\" id=\"h-se-puede-apostillar-una-copia-de-un-documento\">\u00bfSe puede apostillar una copia de un documento?<\/h4>\n\n\n\n<p>No se puede apostillar una copia simple de un documento. En algunos pa\u00edses, tampoco se pueden apostillar copias notariales. En los pa\u00edses donde s\u00ed es posible apostillar copias notariales, suelen tener sus propios procedimientos y requisitos.<\/p>\n\n\n\n<p>A menudo, para apostillar una copia notarial, se requiere previamente obtener una Apostilla sobre el documento original (duplicado).<\/p>\n\n\n\n<h4 class=\"wp-block-heading\" id=\"h-se-puede-apostillar-la-traducci%C3%B3n-de-un-documento\">\u00bfSe puede apostillar la traducci\u00f3n de un documento?<\/h4>\n\n\n\n<p>Se puede apostillar la traducci\u00f3n de documentos, generalmente bajo la condici\u00f3n de que el documento original al que corresponde la traducci\u00f3n ya haya sido apostillado.<\/p>\n\n\n\n<p>Adem\u00e1s, algunos pa\u00edses, como Italia, tienen procedimientos espec\u00edficos para la apostilla de traducciones. Por ejemplo, en Moldavia, una Apostilla es suficiente, mientras que en Georgia, a menudo se requiere una traducci\u00f3n realizada por un traductor consular.<\/p>\n\n\n\n<p>Algunos pa\u00edses cuentan con traductores registrados espec\u00edficamente para procedimientos de Apostilla. Lea m\u00e1s sobre los requisitos en el apartado anterior.<\/p>\n\n\n\n<h4 class=\"wp-block-heading\" id=\"h-se-puede-apostillar-en-otro-pa%C3%ADs\">\u00bfSe puede apostillar en otro pa\u00eds?<\/h4>\n\n\n\n<p>F\u00edsicamente, la Apostilla solo puede colocarse en el pa\u00eds donde se emiti\u00f3 el documento. Este pa\u00eds debe ser parte del Convenio de La Haya. Adem\u00e1s, la Apostilla solo se coloca en documentos que ser\u00e1n utilizados en pa\u00edses donde sea requerida.<\/p>\n\n\n\n<h4 class=\"wp-block-heading\" id=\"h-pa%C3%ADses-que-no-han-firmado-el-convenio-de-la-haya\">Pa\u00edses que no han firmado el Convenio de La Haya<\/h4>\n\n\n\n<p>Es m\u00e1s sencillo <strong>verificar la lista de pa\u00edses del Convenio de La Haya<\/strong> (1961) para comprobar si su pa\u00eds est\u00e1 en esta lista. Puede verificarlo en este <a href=\"https:\/\/www.hcch.net\/en\/instruments\/conventions\/status-table\/?cid=41\">enlace &gt;&gt;&gt;<\/a>. Aqu\u00ed incluimos los pa\u00edses m\u00e1s consultados que no han firmado el Convenio de La Haya y requieren legalizaci\u00f3n: China (excepto Hong Kong y Macao), Libia, Emiratos \u00c1rabes Unidos, Kuwait, Ir\u00e1n, Irak, Egipto, Palestina, Catar, Canad\u00e1, Costa Rica (datos al 5 de octubre de 2022).<\/p>\n\n","protected":false},"excerpt":{"rendered":"<p>\u00bfQu\u00e9 es una Apostilla? La Apostilla es un sello o timbre de gran formato que certifica la firma de un funcionario p\u00fablico que ha firmado un documento. Este sello se utiliza para documentos que se presentar\u00e1n en el extranjero, en pa\u00edses que forman parte del Convenio de La Haya. La Apostilla reemplaza el complicado proceso &#8230; <a title=\"Apostilla\" class=\"read-more\" href=\"https:\/\/apostille.expert\/es\/\" aria-label=\"Leer m\u00e1s sobre Apostilla\">Leer m\u00e1s<\/a><\/p>\n","protected":false},"author":1,"featured_media":0,"parent":0,"menu_order":0,"comment_status":"closed","ping_status":"closed","template":"","meta":{"_eb_attr":"","footnotes":""},"class_list":["post-16","page","type-page","status-publish"],"yoast_head":"<!-- This site is optimized with the Yoast SEO plugin v27.5 - https:\/\/yoast.com\/product\/yoast-seo-wordpress\/ -->\n<title>Apostilla - Apostilla: CEI, Europa, Am\u00e9rica, \u00c1frica, China<\/title>\n<meta name=\"robots\" content=\"index, follow, max-snippet:-1, max-image-preview:large, max-video-preview:-1\" \/>\n<link rel=\"canonical\" href=\"https:\/\/apostille.expert\/es\/\" \/>\n<meta property=\"og:locale\" content=\"es_ES\" \/>\n<meta property=\"og:type\" content=\"article\" \/>\n<meta property=\"og:title\" content=\"Apostilla - Apostilla: CEI, Europa, Am\u00e9rica, \u00c1frica, China\" \/>\n<meta property=\"og:description\" content=\"\u00bfQu\u00e9 es una Apostilla? La Apostilla es un sello o timbre de gran formato que certifica la firma de un funcionario p\u00fablico que ha firmado un documento. Este sello se utiliza para documentos que se presentar\u00e1n en el extranjero, en pa\u00edses que forman parte del Convenio de La Haya. La Apostilla reemplaza el complicado proceso ... Leer m\u00e1s\" \/>\n<meta property=\"og:url\" content=\"https:\/\/apostille.expert\/es\/\" \/>\n<meta property=\"og:site_name\" content=\"Apostilla: CEI, Europa, Am\u00e9rica, \u00c1frica, China\" \/>\n<meta property=\"article:modified_time\" content=\"2025-01-08T11:18:46+00:00\" \/>\n<meta name=\"twitter:card\" content=\"summary_large_image\" \/>\n<meta name=\"twitter:label1\" content=\"Tiempo de lectura\" \/>\n\t<meta name=\"twitter:data1\" content=\"4 minutos\" \/>\n<script type=\"application\/ld+json\" class=\"yoast-schema-graph\">{\"@context\":\"https:\\\/\\\/schema.org\",\"@graph\":[{\"@type\":\"WebPage\",\"@id\":\"https:\\\/\\\/apostille.expert\\\/es\\\/\",\"url\":\"https:\\\/\\\/apostille.expert\\\/es\\\/\",\"name\":\"Apostilla - Apostilla: CEI, Europa, Am\u00e9rica, \u00c1frica, China\",\"isPartOf\":{\"@id\":\"https:\\\/\\\/apostille.expert\\\/es\\\/#website\"},\"primaryImageOfPage\":{\"@id\":\"https:\\\/\\\/apostille.expert\\\/es\\\/#primaryimage\"},\"image\":{\"@id\":\"https:\\\/\\\/apostille.expert\\\/es\\\/#primaryimage\"},\"thumbnailUrl\":\"https:\\\/\\\/apostille.expert\\\/wp-content\\\/uploads\\\/2023\\\/02\\\/Apostille.jpg\",\"datePublished\":\"2025-01-08T11:18:45+00:00\",\"dateModified\":\"2025-01-08T11:18:46+00:00\",\"breadcrumb\":{\"@id\":\"https:\\\/\\\/apostille.expert\\\/es\\\/#breadcrumb\"},\"inLanguage\":\"es\",\"potentialAction\":[{\"@type\":\"ReadAction\",\"target\":[\"https:\\\/\\\/apostille.expert\\\/es\\\/\"]}]},{\"@type\":\"ImageObject\",\"inLanguage\":\"es\",\"@id\":\"https:\\\/\\\/apostille.expert\\\/es\\\/#primaryimage\",\"url\":\"https:\\\/\\\/apostille.expert\\\/wp-content\\\/uploads\\\/2023\\\/02\\\/Apostille.jpg\",\"contentUrl\":\"https:\\\/\\\/apostille.expert\\\/wp-content\\\/uploads\\\/2023\\\/02\\\/Apostille.jpg\"},{\"@type\":\"BreadcrumbList\",\"@id\":\"https:\\\/\\\/apostille.expert\\\/es\\\/#breadcrumb\",\"itemListElement\":[{\"@type\":\"ListItem\",\"position\":1,\"name\":\"\u0413\u043b\u0430\u0432\u043d\u0430\u044f \u0441\u0442\u0440\u0430\u043d\u0438\u0446\u0430\",\"item\":\"https:\\\/\\\/apostille.expert\\\/es\\\/\"},{\"@type\":\"ListItem\",\"position\":2,\"name\":\"Apostilla\"}]},{\"@type\":\"WebSite\",\"@id\":\"https:\\\/\\\/apostille.expert\\\/es\\\/#website\",\"url\":\"https:\\\/\\\/apostille.expert\\\/es\\\/\",\"name\":\"Apostilla: CEI, Europa, Am\u00e9rica, \u00c1frica, China\",\"description\":\"\",\"potentialAction\":[{\"@type\":\"SearchAction\",\"target\":{\"@type\":\"EntryPoint\",\"urlTemplate\":\"https:\\\/\\\/apostille.expert\\\/es\\\/?s={search_term_string}\"},\"query-input\":{\"@type\":\"PropertyValueSpecification\",\"valueRequired\":true,\"valueName\":\"search_term_string\"}}],\"inLanguage\":\"es\"}]}<\/script>\n<!-- \/ Yoast SEO plugin. -->","yoast_head_json":{"title":"Apostilla - Apostilla: CEI, Europa, Am\u00e9rica, \u00c1frica, China","robots":{"index":"index","follow":"follow","max-snippet":"max-snippet:-1","max-image-preview":"max-image-preview:large","max-video-preview":"max-video-preview:-1"},"canonical":"https:\/\/apostille.expert\/es\/","og_locale":"es_ES","og_type":"article","og_title":"Apostilla - Apostilla: CEI, Europa, Am\u00e9rica, \u00c1frica, China","og_description":"\u00bfQu\u00e9 es una Apostilla? La Apostilla es un sello o timbre de gran formato que certifica la firma de un funcionario p\u00fablico que ha firmado un documento. Este sello se utiliza para documentos que se presentar\u00e1n en el extranjero, en pa\u00edses que forman parte del Convenio de La Haya. La Apostilla reemplaza el complicado proceso ... Leer m\u00e1s","og_url":"https:\/\/apostille.expert\/es\/","og_site_name":"Apostilla: CEI, Europa, Am\u00e9rica, \u00c1frica, China","article_modified_time":"2025-01-08T11:18:46+00:00","twitter_card":"summary_large_image","twitter_misc":{"Tiempo de lectura":"4 minutos"},"schema":{"@context":"https:\/\/schema.org","@graph":[{"@type":"WebPage","@id":"https:\/\/apostille.expert\/es\/","url":"https:\/\/apostille.expert\/es\/","name":"Apostilla - Apostilla: CEI, Europa, Am\u00e9rica, \u00c1frica, China","isPartOf":{"@id":"https:\/\/apostille.expert\/es\/#website"},"primaryImageOfPage":{"@id":"https:\/\/apostille.expert\/es\/#primaryimage"},"image":{"@id":"https:\/\/apostille.expert\/es\/#primaryimage"},"thumbnailUrl":"https:\/\/apostille.expert\/wp-content\/uploads\/2023\/02\/Apostille.jpg","datePublished":"2025-01-08T11:18:45+00:00","dateModified":"2025-01-08T11:18:46+00:00","breadcrumb":{"@id":"https:\/\/apostille.expert\/es\/#breadcrumb"},"inLanguage":"es","potentialAction":[{"@type":"ReadAction","target":["https:\/\/apostille.expert\/es\/"]}]},{"@type":"ImageObject","inLanguage":"es","@id":"https:\/\/apostille.expert\/es\/#primaryimage","url":"https:\/\/apostille.expert\/wp-content\/uploads\/2023\/02\/Apostille.jpg","contentUrl":"https:\/\/apostille.expert\/wp-content\/uploads\/2023\/02\/Apostille.jpg"},{"@type":"BreadcrumbList","@id":"https:\/\/apostille.expert\/es\/#breadcrumb","itemListElement":[{"@type":"ListItem","position":1,"name":"\u0413\u043b\u0430\u0432\u043d\u0430\u044f \u0441\u0442\u0440\u0430\u043d\u0438\u0446\u0430","item":"https:\/\/apostille.expert\/es\/"},{"@type":"ListItem","position":2,"name":"Apostilla"}]},{"@type":"WebSite","@id":"https:\/\/apostille.expert\/es\/#website","url":"https:\/\/apostille.expert\/es\/","name":"Apostilla: CEI, Europa, Am\u00e9rica, \u00c1frica, China","description":"","potentialAction":[{"@type":"SearchAction","target":{"@type":"EntryPoint","urlTemplate":"https:\/\/apostille.expert\/es\/?s={search_term_string}"},"query-input":{"@type":"PropertyValueSpecification","valueRequired":true,"valueName":"search_term_string"}}],"inLanguage":"es"}]}},"_links":{"self":[{"href":"https:\/\/apostille.expert\/es\/wp-json\/wp\/v2\/pages\/16","targetHints":{"allow":["GET"]}}],"collection":[{"href":"https:\/\/apostille.expert\/es\/wp-json\/wp\/v2\/pages"}],"about":[{"href":"https:\/\/apostille.expert\/es\/wp-json\/wp\/v2\/types\/page"}],"author":[{"embeddable":true,"href":"https:\/\/apostille.expert\/es\/wp-json\/wp\/v2\/users\/1"}],"replies":[{"embeddable":true,"href":"https:\/\/apostille.expert\/es\/wp-json\/wp\/v2\/comments?post=16"}],"version-history":[{"count":1,"href":"https:\/\/apostille.expert\/es\/wp-json\/wp\/v2\/pages\/16\/revisions"}],"predecessor-version":[{"id":17,"href":"https:\/\/apostille.expert\/es\/wp-json\/wp\/v2\/pages\/16\/revisions\/17"}],"wp:attachment":[{"href":"https:\/\/apostille.expert\/es\/wp-json\/wp\/v2\/media?parent=16"}],"curies":[{"name":"wp","href":"https:\/\/api.w.org\/{rel}","templated":true}]}}