{"id":203,"date":"2024-10-23T11:38:13","date_gmt":"2024-10-23T11:38:13","guid":{"rendered":"https:\/\/apostille.expert\/en\/?page_id=203"},"modified":"2024-10-23T11:38:14","modified_gmt":"2024-10-23T11:38:14","slug":"apostille-stamp-belgium","status":"publish","type":"page","link":"https:\/\/apostille.expert\/en\/apostille-stamp-belgium\/","title":{"rendered":"Apostille Stamp Belgium &#x1f1e7;&#x1f1ea;"},"content":{"rendered":"\n<h2 class=\"wp-block-heading\">Apostille Belgium, Brussels<\/h2>\n\n\n\n<h4 class=\"wp-block-heading\">What is a Belgian Apostille?<\/h4>\n\n\n\n<p>The Belgian <b>apostille<\/b> is a <b>square-shaped stamp, the content, purpose, and requirements of which are determined by the 1961 Hague Convention on Apostilles.<\/b> That means the apostille in Belgium differs only slightly from the internationally approved apostille. The Belgian apostille contains information in German, French, and Dutch (Flemish). There is no information on the apostille in English.<\/p>\n\n\n\n<p>Belgium was one of the first countries to join the Hague Convention on Apostilles. The <b>apostille<\/b> has been valid in Belgium <b>since December 11, 1975<\/b>. Documents issued before this date cannot be apostilled. Moreover, documents issued before 2019 fall under the old format category. Such documents need to be reissued in the new format.<\/p>\n\n\n\n<p>Belgium introduced electronic civil status documents (birth, marriage, death certificates, and others) on March 31, 2019. From this point on, documents have been stored electronically in a national database called &#8220;Databank Akten van de Burgerlijke Stand&#8221; (DABS). This allowed for faster document processing and better accessibility for citizens and government bodies.<\/p>\n\n\n\n<h4 class=\"wp-block-heading\">What does a Belgian Apostille look like?<\/h4>\n\n\n\n<p><b><i>Photo or image of the Belgian apostille:<\/i><\/b><\/p>\n\n\n\n<figure class=\"wp-block-image alignnone wp-image-3698 size-full\"><img decoding=\"async\" src=\"https:\/\/apostille.expert\/wp-content\/uploads\/2024\/10\/Apostille-Belgium-Online-1.webp\" alt=\"Apostille Belgium, photo or image of apostille\" class=\"wp-image-3698\"\/><figcaption class=\"wp-element-caption\">Electronic apostille in Belgium online. E-Apostille.<\/figcaption><\/figure>\n\n\n\n<h4 class=\"wp-block-heading\">&nbsp;<\/h4>\n\n\n\n<h4 class=\"wp-block-heading\">Text of the Belgian Apostille<\/h4>\n\n\n\n<h6 class=\"wp-block-heading\"><strong>Dutch \/ French \/ German text of the Belgian apostille<\/strong><\/h6>\n\n\n\n<p>Text as shown in the image of the Belgian apostille:<\/p>\n\n\n\n<p><strong>APOSTILLE<\/strong><br>(Convention de La Haye du 5 octobre 1961)<\/p>\n\n\n\n<p><strong>1. Land\/Pays\/Land<\/strong><br>BELGI\u00cb &#8211; BELGIQUE &#8211; BELGIEN<\/p>\n\n\n\n<p><strong>2. This public document was signed by \/ Le pr\u00e9sent acte a \u00e9t\u00e9 sign\u00e9 par \/ Diese \u00f6ffentliche Urkunde ist unterschrieben von<\/strong><br>IBZ \/ DABS \/ BAEC \/ DPSU<\/p>\n\n\n\n<p><strong>3. Acting in the capacity of \/ Agissant en qualit\u00e9 de \/ In seiner\/ihrer Eigenschaft als<\/strong><br>Federal Public Service \/ Service Public F\u00e9d\u00e9ral \/ F\u00f6deraler \u00d6ffentlicher Dienst<\/p>\n\n\n\n<p><strong>4. Bearer of the seal of \/ Est rev\u00eatu du sceau de \/ Sie ist versehen mit dem Siegel des\/der<\/strong><br>FPS Home Affairs \/ SPF Int\u00e9rieur \/ F\u00d6D Inneres<\/p>\n\n\n\n<p><strong>Certified as genuine \/ Attest\u00e9 \/ Best\u00e4tigt<\/strong><\/p>\n\n\n\n<p><strong>5. In Brussels \/ \u00c0 Bruxelles \/ In Br\u00fcssel<\/strong><br><strong>6. On \/ Le \/ Am: __\/__\/2024<\/strong><\/p>\n\n\n\n<p><strong>7. By FPS Foreign Affairs, Foreign Trade and Development Cooperation \/ Par le SPF Affaires \u00e9trang\u00e8res, Commerce ext\u00e9rieur et Coop\u00e9ration au D\u00e9veloppement \/ Durch F\u00d6D Ausw\u00e4rtige Angelegenheiten, Au\u00dfenhandel und Entwicklungszusammenarbeit<\/strong><\/p>\n\n\n\n<p><strong>8. Under no. \/ Sous le n\u00b0 \/ Unter Nr.: _____________<\/strong><\/p>\n\n\n\n<p><strong>9. Stamp \/ Sceau \/ Stempel<\/strong><\/p>\n\n\n\n<p><strong>10. Signature \/ Signature \/ Unterschrift: <\/strong><br>_____________________________________________________<\/p>\n\n\n\n<p><em><strong>Additional text:<\/strong><\/em><\/p>\n\n\n\n<p>&#8220;This Apostille does not guarantee the authenticity of the document&#8217;s content.&#8221;<br>&#8220;Cette Apostille ne garantit pas l&#8217;authenticit\u00e9 du contenu du document.&#8221;<br>&#8220;Diese Apostille dient nicht dem Beweis des Authentizit\u00e4t des Inhalts des Dokuments.&#8221;<\/p>\n\n\n\n<h6 class=\"wp-block-heading\"><strong>Translation of the Belgian Apostille into English<\/strong><\/h6>\n\n\n\n<p><strong>APOSTILLE<\/strong><br><em>(Hague Convention of October 5, 1961)<\/em><\/p>\n\n\n\n<ol class=\"wp-block-list\">\n<li><strong>Country<\/strong> BELGIUM<\/li>\n\n\n\n<li><strong>This official document is signed by<\/strong> ____________<\/li>\n\n\n\n<li><strong>Acting in the capacity of<\/strong> Federal Public Service<\/li>\n\n\n\n<li><strong>With the seal of<\/strong> Federal Service of Home Affairs<\/li>\n<\/ol>\n\n\n\n<p><strong>Certified as genuine<\/strong><\/p>\n\n\n\n<ol start=\"5\" class=\"wp-block-list\">\n<li><strong>In Brussels<\/strong><\/li>\n\n\n\n<li><strong>Date<\/strong>: __________<\/li>\n\n\n\n<li><strong>Issued by the Federal Public Service of Foreign Affairs, Foreign Trade, and Development Cooperation<\/strong><\/li>\n\n\n\n<li><strong>Under number<\/strong>: __________________<\/li>\n\n\n\n<li><strong>Stamp<\/strong>: <em>(Royal Coat of Arms of Belgium)<\/em><\/li>\n\n\n\n<li><strong>Signature<\/strong>: Digital signature of the Belgian Ministry of Foreign Affairs<\/li>\n<\/ol>\n\n\n\n<p>&#8220;This Apostille does not guarantee the authenticity of the document&#8217;s content.&#8221; &#8220;Cette Apostille ne garantit pas l&#8217;authenticit\u00e9 du contenu du document.&#8221; &#8220;This Apostille is not proof of the authenticity of the document&#8217;s content.&#8221;<\/p>\n\n\n\n<h4 class=\"wp-block-heading\">Apostille for company documents, LLC, JSC (apostille for founding documents)<\/h4>\n\n\n\n<p>The apostille can be affixed to an LLC company extract from the Belgian commercial register, namely from the Crossroads Bank of Belgium, as well as other company documents: the charter and founding documents.<\/p>\n\n\n\n<h4 class=\"wp-block-heading\">Why is an apostille needed if Belgian documents already have an electronic signature from an official?<\/h4>\n\n\n\n<p>The fact is that in ministries and departments, government bodies, archives, and civil registries in Belgium, many officials work.<\/p>\n\n\n\n<p>Officials change periodically. This means there are many signatures, and they also change. To verify the originality and authenticity of the document and to avoid forgery, it is necessary to check whether the official&#8217;s signature matches the samples of their signature and whether it was they who signed the document.<\/p>\n\n\n\n<p>Given the volume of documents and the number of officials, this is difficult to do. It is especially difficult for officials abroad who are reviewing your documents.<\/p>\n\n\n\n<p>That is why a system of confirming all signatures and seals by multiple parties was introduced\u2014to facilitate the work of foreign officials. This also reduces the time for document review abroad, as well as the waiting time for applicants. In such a system, local officials responsible for apostilles find it easier to verify signatures, seals, and the documents themselves (their forms and content).<\/p>\n\n\n\n<p>Employees with access to the internal database of signatures, seals, and document samples are also included in a special register with their signatures. However, this register is limited to a few dozen signatures, which are shared with partner countries or easily verified by other means.<\/p>\n\n\n\n<p><b>There are two procedures<\/b> for such <b>confirmation<\/b>. <b>The first procedure<\/b>\u2014the most reliable\u2014is electronic <b>document legalization<\/b>. When documents are signed by an issuing official, then the document is certified by a ministry employee (usually the Ministry of Foreign Affairs), then the final signature is verified and certified by the consulate of the country where the documents need to be submitted. <b>The check is based on the up-to-date list of signatures\u2014through a chain of three authorities (departments, state agencies).<\/b><\/p>\n\n\n\n<p><b>The second procedure<\/b> is based on greater trust and bypasses one department, typically the Ministry of Foreign Affairs. In this case, it refers to the apostille. <strong>The electronic<\/strong> <b>apostille replaces a special printed stamp of a specific form and greatly simplifies the process of recognizing documents from one country in the territory of another.<\/b><\/p>\n\n\n\n<h4 class=\"wp-block-heading\">Why affix an apostille if Belgian documents can be verified online?<\/h4>\n\n\n\n<p>Online document verification systems are a new solution for verifying the authenticity of documents. However, due to international norms and agreements, apostilles are still required for additional security in verifying the documents and officials&#8217; signatures on them.<\/p>\n\n\n\n<h4 class=\"wp-block-heading\">Can an apostille be obtained at the Belgian consulate?<\/h4>\n\n\n\n<p>According to the Hague Apostille Convention, <b>an apostille on Belgian documents cannot be obtained at the Belgian consulate<\/b>. This applies regardless of the country where the consulate is located, whether it is Moldova, Italy, Greece, or elsewhere.<\/p>\n\n\n\n<h4 class=\"wp-block-heading\">Is there an electronic apostille in Belgium &#8211; E-apostille?<\/h4>\n\n\n\n<p>In Belgium, the electronic apostille (e-Apostille) was introduced in 2021. This was made possible by the digitization of processes in the Belgian Ministry of Foreign Affairs, which simplified and accelerated the process of obtaining apostilles. The electronic apostille allows for official certification of documents in digital format and provides the ability to verify them online.<\/p>\n\n\n\n<p>This system complies with the 1961 Hague Convention, which regulates the apostille process for use in international legal relations and is part of the general trend toward digitalization of administrative services in the country.<\/p>\n\n\n\n<p>The electronic apostille allows for the certification of birth and marriage certificates, medical documents, court rulings, and other documents for use abroad.&nbsp;<\/p>\n\n\n\n<p><span style=\"color: revert; font-family: inherit; font-size: 24px; font-style: inherit; font-weight: inherit; background-color: var(--base-3);\">How can an electronic apostille be verified?<\/span><\/p>\n\n\n\n<p><b>The apostille is verified by the apostille order number and date of issuance<\/b>\u2014via the apostille&#8217;s QR code located in the bottom right corner of the apostille. <b>With the electronic apostille registry, any interested party can visually verify the apostilled document, including the apostilled document itself.<\/b><\/p>\n","protected":false},"excerpt":{"rendered":"<p>Apostille Belgium, Brussels What is a Belgian Apostille? The Belgian apostille is a square-shaped stamp, the content, purpose, and requirements of which are determined by the 1961 Hague Convention on Apostilles. That means the apostille in Belgium differs only slightly from the internationally approved apostille. The Belgian apostille contains information in German, French, and Dutch &#8230; <a title=\"Apostille Stamp Belgium &#x1f1e7;&#x1f1ea;\" class=\"read-more\" href=\"https:\/\/apostille.expert\/en\/apostille-stamp-belgium\/\" aria-label=\"Read more about Apostille Stamp Belgium &#x1f1e7;&#x1f1ea;\">Read more<\/a><\/p>\n","protected":false},"author":1,"featured_media":0,"parent":0,"menu_order":0,"comment_status":"closed","ping_status":"closed","template":"","meta":{"_eb_attr":"","footnotes":""},"class_list":["post-203","page","type-page","status-publish"],"yoast_head":"<!-- This site is optimized with the Yoast SEO plugin v27.6 - https:\/\/yoast.com\/product\/yoast-seo-wordpress\/ -->\n<title>Apostille Stamp Belgium &#x1f1e7;&#x1f1ea; - Documents, Legalization and Apostille and legalization in EU, USA, Moldova, Russia, Belarus, Ukraine, Latvia, Kazakhstan, Kirgizstan, Lithuania, Estonia, Uzbekistan and all over the world<\/title>\n<meta name=\"robots\" content=\"index, follow, max-snippet:-1, max-image-preview:large, max-video-preview:-1\" \/>\n<link rel=\"canonical\" href=\"https:\/\/apostille.expert\/en\/apostille-stamp-belgium\/\" \/>\n<meta property=\"og:locale\" content=\"en_US\" \/>\n<meta property=\"og:type\" content=\"article\" \/>\n<meta property=\"og:title\" content=\"Apostille Stamp Belgium &#x1f1e7;&#x1f1ea; - Documents, Legalization and Apostille and legalization in EU, USA, Moldova, Russia, Belarus, Ukraine, Latvia, Kazakhstan, Kirgizstan, Lithuania, Estonia, Uzbekistan and all over the world\" \/>\n<meta property=\"og:description\" content=\"Apostille Belgium, Brussels What is a Belgian Apostille? The Belgian apostille is a square-shaped stamp, the content, purpose, and requirements of which are determined by the 1961 Hague Convention on Apostilles. That means the apostille in Belgium differs only slightly from the internationally approved apostille. The Belgian apostille contains information in German, French, and Dutch ... Read more\" \/>\n<meta property=\"og:url\" content=\"https:\/\/apostille.expert\/en\/apostille-stamp-belgium\/\" \/>\n<meta property=\"og:site_name\" content=\"Documents, Legalization and Apostille and legalization in EU, USA, Moldova, Russia, Belarus, Ukraine, Latvia, Kazakhstan, Kirgizstan, Lithuania, Estonia, Uzbekistan and all over the world\" \/>\n<meta property=\"article:modified_time\" content=\"2024-10-23T11:38:14+00:00\" \/>\n<meta name=\"twitter:card\" content=\"summary_large_image\" \/>\n<meta name=\"twitter:label1\" content=\"Est. reading time\" \/>\n\t<meta name=\"twitter:data1\" content=\"6 minutes\" \/>\n<script type=\"application\/ld+json\" class=\"yoast-schema-graph\">{\"@context\":\"https:\\\/\\\/schema.org\",\"@graph\":[{\"@type\":\"WebPage\",\"@id\":\"https:\\\/\\\/apostille.expert\\\/en\\\/apostille-stamp-belgium\\\/\",\"url\":\"https:\\\/\\\/apostille.expert\\\/en\\\/apostille-stamp-belgium\\\/\",\"name\":\"Apostille Stamp Belgium &#x1f1e7;&#x1f1ea; - Documents, Legalization and Apostille and legalization in EU, USA, Moldova, Russia, Belarus, Ukraine, Latvia, Kazakhstan, Kirgizstan, Lithuania, Estonia, Uzbekistan and all over the world\",\"isPartOf\":{\"@id\":\"https:\\\/\\\/apostille.expert\\\/en\\\/#website\"},\"primaryImageOfPage\":{\"@id\":\"https:\\\/\\\/apostille.expert\\\/en\\\/apostille-stamp-belgium\\\/#primaryimage\"},\"image\":{\"@id\":\"https:\\\/\\\/apostille.expert\\\/en\\\/apostille-stamp-belgium\\\/#primaryimage\"},\"thumbnailUrl\":\"https:\\\/\\\/apostille.expert\\\/wp-content\\\/uploads\\\/2024\\\/10\\\/Apostille-Belgium-Online-1.webp\",\"datePublished\":\"2024-10-23T11:38:13+00:00\",\"dateModified\":\"2024-10-23T11:38:14+00:00\",\"breadcrumb\":{\"@id\":\"https:\\\/\\\/apostille.expert\\\/en\\\/apostille-stamp-belgium\\\/#breadcrumb\"},\"inLanguage\":\"en-US\",\"potentialAction\":[{\"@type\":\"ReadAction\",\"target\":[\"https:\\\/\\\/apostille.expert\\\/en\\\/apostille-stamp-belgium\\\/\"]}]},{\"@type\":\"ImageObject\",\"inLanguage\":\"en-US\",\"@id\":\"https:\\\/\\\/apostille.expert\\\/en\\\/apostille-stamp-belgium\\\/#primaryimage\",\"url\":\"https:\\\/\\\/apostille.expert\\\/wp-content\\\/uploads\\\/2024\\\/10\\\/Apostille-Belgium-Online-1.webp\",\"contentUrl\":\"https:\\\/\\\/apostille.expert\\\/wp-content\\\/uploads\\\/2024\\\/10\\\/Apostille-Belgium-Online-1.webp\"},{\"@type\":\"BreadcrumbList\",\"@id\":\"https:\\\/\\\/apostille.expert\\\/en\\\/apostille-stamp-belgium\\\/#breadcrumb\",\"itemListElement\":[{\"@type\":\"ListItem\",\"position\":1,\"name\":\"Home\",\"item\":\"https:\\\/\\\/apostille.expert\\\/en\\\/\"},{\"@type\":\"ListItem\",\"position\":2,\"name\":\"Apostille Stamp Belgium &#x1f1e7;&#x1f1ea;\"}]},{\"@type\":\"WebSite\",\"@id\":\"https:\\\/\\\/apostille.expert\\\/en\\\/#website\",\"url\":\"https:\\\/\\\/apostille.expert\\\/en\\\/\",\"name\":\"Documents, Legalization and Apostille and legalization in EU, USA, Moldova, Russia, Belarus, Ukraine, Latvia, Kazakhstan, Kirgizstan, Lithuania, Estonia, Uzbekistan and all over the world\",\"description\":\"Documents, Legalization and Apostille and legalization in EU, USA, Moldova, Russia, Belarus, Ukraine, Latvia, Kazakhstan, Kirgizstan, Lithuania, Estonia, Uzbekistan and all over the world\",\"potentialAction\":[{\"@type\":\"SearchAction\",\"target\":{\"@type\":\"EntryPoint\",\"urlTemplate\":\"https:\\\/\\\/apostille.expert\\\/en\\\/?s={search_term_string}\"},\"query-input\":{\"@type\":\"PropertyValueSpecification\",\"valueRequired\":true,\"valueName\":\"search_term_string\"}}],\"inLanguage\":\"en-US\"}]}<\/script>\n<!-- \/ Yoast SEO plugin. -->","yoast_head_json":{"title":"Apostille Stamp Belgium &#x1f1e7;&#x1f1ea; - Documents, Legalization and Apostille and legalization in EU, USA, Moldova, Russia, Belarus, Ukraine, Latvia, Kazakhstan, Kirgizstan, Lithuania, Estonia, Uzbekistan and all over the world","robots":{"index":"index","follow":"follow","max-snippet":"max-snippet:-1","max-image-preview":"max-image-preview:large","max-video-preview":"max-video-preview:-1"},"canonical":"https:\/\/apostille.expert\/en\/apostille-stamp-belgium\/","og_locale":"en_US","og_type":"article","og_title":"Apostille Stamp Belgium &#x1f1e7;&#x1f1ea; - Documents, Legalization and Apostille and legalization in EU, USA, Moldova, Russia, Belarus, Ukraine, Latvia, Kazakhstan, Kirgizstan, Lithuania, Estonia, Uzbekistan and all over the world","og_description":"Apostille Belgium, Brussels What is a Belgian Apostille? The Belgian apostille is a square-shaped stamp, the content, purpose, and requirements of which are determined by the 1961 Hague Convention on Apostilles. That means the apostille in Belgium differs only slightly from the internationally approved apostille. The Belgian apostille contains information in German, French, and Dutch ... Read more","og_url":"https:\/\/apostille.expert\/en\/apostille-stamp-belgium\/","og_site_name":"Documents, Legalization and Apostille and legalization in EU, USA, Moldova, Russia, Belarus, Ukraine, Latvia, Kazakhstan, Kirgizstan, Lithuania, Estonia, Uzbekistan and all over the world","article_modified_time":"2024-10-23T11:38:14+00:00","twitter_card":"summary_large_image","twitter_misc":{"Est. reading time":"6 minutes"},"schema":{"@context":"https:\/\/schema.org","@graph":[{"@type":"WebPage","@id":"https:\/\/apostille.expert\/en\/apostille-stamp-belgium\/","url":"https:\/\/apostille.expert\/en\/apostille-stamp-belgium\/","name":"Apostille Stamp Belgium &#x1f1e7;&#x1f1ea; - Documents, Legalization and Apostille and legalization in EU, USA, Moldova, Russia, Belarus, Ukraine, Latvia, Kazakhstan, Kirgizstan, Lithuania, Estonia, Uzbekistan and all over the world","isPartOf":{"@id":"https:\/\/apostille.expert\/en\/#website"},"primaryImageOfPage":{"@id":"https:\/\/apostille.expert\/en\/apostille-stamp-belgium\/#primaryimage"},"image":{"@id":"https:\/\/apostille.expert\/en\/apostille-stamp-belgium\/#primaryimage"},"thumbnailUrl":"https:\/\/apostille.expert\/wp-content\/uploads\/2024\/10\/Apostille-Belgium-Online-1.webp","datePublished":"2024-10-23T11:38:13+00:00","dateModified":"2024-10-23T11:38:14+00:00","breadcrumb":{"@id":"https:\/\/apostille.expert\/en\/apostille-stamp-belgium\/#breadcrumb"},"inLanguage":"en-US","potentialAction":[{"@type":"ReadAction","target":["https:\/\/apostille.expert\/en\/apostille-stamp-belgium\/"]}]},{"@type":"ImageObject","inLanguage":"en-US","@id":"https:\/\/apostille.expert\/en\/apostille-stamp-belgium\/#primaryimage","url":"https:\/\/apostille.expert\/wp-content\/uploads\/2024\/10\/Apostille-Belgium-Online-1.webp","contentUrl":"https:\/\/apostille.expert\/wp-content\/uploads\/2024\/10\/Apostille-Belgium-Online-1.webp"},{"@type":"BreadcrumbList","@id":"https:\/\/apostille.expert\/en\/apostille-stamp-belgium\/#breadcrumb","itemListElement":[{"@type":"ListItem","position":1,"name":"Home","item":"https:\/\/apostille.expert\/en\/"},{"@type":"ListItem","position":2,"name":"Apostille Stamp Belgium &#x1f1e7;&#x1f1ea;"}]},{"@type":"WebSite","@id":"https:\/\/apostille.expert\/en\/#website","url":"https:\/\/apostille.expert\/en\/","name":"Documents, Legalization and Apostille and legalization in EU, USA, Moldova, Russia, Belarus, Ukraine, Latvia, Kazakhstan, Kirgizstan, Lithuania, Estonia, Uzbekistan and all over the world","description":"Documents, Legalization and Apostille and legalization in EU, USA, Moldova, Russia, Belarus, Ukraine, Latvia, Kazakhstan, Kirgizstan, Lithuania, Estonia, Uzbekistan and all over the world","potentialAction":[{"@type":"SearchAction","target":{"@type":"EntryPoint","urlTemplate":"https:\/\/apostille.expert\/en\/?s={search_term_string}"},"query-input":{"@type":"PropertyValueSpecification","valueRequired":true,"valueName":"search_term_string"}}],"inLanguage":"en-US"}]}},"_links":{"self":[{"href":"https:\/\/apostille.expert\/en\/wp-json\/wp\/v2\/pages\/203","targetHints":{"allow":["GET"]}}],"collection":[{"href":"https:\/\/apostille.expert\/en\/wp-json\/wp\/v2\/pages"}],"about":[{"href":"https:\/\/apostille.expert\/en\/wp-json\/wp\/v2\/types\/page"}],"author":[{"embeddable":true,"href":"https:\/\/apostille.expert\/en\/wp-json\/wp\/v2\/users\/1"}],"replies":[{"embeddable":true,"href":"https:\/\/apostille.expert\/en\/wp-json\/wp\/v2\/comments?post=203"}],"version-history":[{"count":1,"href":"https:\/\/apostille.expert\/en\/wp-json\/wp\/v2\/pages\/203\/revisions"}],"predecessor-version":[{"id":204,"href":"https:\/\/apostille.expert\/en\/wp-json\/wp\/v2\/pages\/203\/revisions\/204"}],"wp:attachment":[{"href":"https:\/\/apostille.expert\/en\/wp-json\/wp\/v2\/media?parent=203"}],"curies":[{"name":"wp","href":"https:\/\/api.w.org\/{rel}","templated":true}]}}