{"id":158,"date":"2024-04-30T18:26:21","date_gmt":"2024-04-30T18:26:21","guid":{"rendered":"https:\/\/apostille.expert\/en\/?page_id=158"},"modified":"2024-04-30T19:34:13","modified_gmt":"2024-04-30T19:34:13","slug":"apostille-poland","status":"publish","type":"page","link":"https:\/\/apostille.expert\/en\/apostille-poland\/","title":{"rendered":"Apostille Poland &#x1f1f5;&#x1f1f1;"},"content":{"rendered":"\n<h2 class=\"wp-block-heading\">Stamp Apostille Poland<\/h2>\n\n\n\n<h2 class=\"wp-block-heading\">What is a Polish apostille?<\/h2>\n\n\n\n<p>Polish&nbsp;<b>apostille<\/b> &#8211; <b>is a stamp, the form, content and purpose of which are determined by the Apostille Convention of 1961.<\/b>&nbsp;The Polish apostille contains information in both English and in the official Polish language.<\/p>\n\n\n\n<p>Poland has joined the Hague Apostille Convention&nbsp; November 19, 2004.&nbsp;<b>Apostille<\/b>became effective <b>from&nbsp;August 26, 2005<\/b>.&nbsp;<\/p>\n\n\n\n<p>The Convention, by decision of the Polish authorities&nbsp;<b>does not apply to documents issued by&nbsp;<\/b><b>Russian authorities in Crimea and Sevastopol, as well as documents issued by the authorities of the Donetsk and Lugansk self-proclaimed republics.<\/b><b> \/p&gt;<\/b><\/p>\n\n\n\n<p>Apostille in Poland is affixed <b>in two languages: Polish and English<\/b>, regardless of whether the document is translated into English, another language, or not.<\/p>\n\n\n\n<h2 class=\"wp-block-heading\">What does a Polish Apostille look like?<\/h2>\n\n\n\n<p><b><i>Photo of Polish apostille:<\/i><\/b><\/p>\n\n\n\n<figure class=\"wp-block-image\"><img decoding=\"async\" src=\"https:\/\/apostille.expert\/wp-content\/uploads\/2022\/12\/Apostille_Poland.jpg\" alt=\"Apostille Poland\"\/><\/figure>\n\n\n\n<h2 class=\"wp-block-heading\">Text of the Polish apostille<\/h2>\n\n\n\n<p><a>Georgian<\/a><br><a>Translation into Russian<\/a><br>Georgian<\/p>\n\n\n\n<p>(Convention de La Haye du 5 October 1961)&nbsp;<\/p>\n\n\n\n<p>1. Pa\u0144stwo \/ Country: Rzeczpospolita Polska<\/p>\n\n\n\n<p>&nbsp;Niniejszy dokument urz\u0119dowy \/ This public document&nbsp;<\/p>\n\n\n\n<p>2. Podpisany zosta\u0142 przez \/has been signed by: ___________________________<\/p>\n\n\n\n<p>&nbsp;3. Dzia\u0142aj\u0105cego w charakterze \/ acting in the capacity of: ________________<\/p>\n\n\n\n<p>4. Zaopatrzony jest w piecz\u0119\u0107 \/ bears the seal\/stamp of ________________<\/p>\n\n\n\n<p>S\u0105d Okr\u0119gowy w Warszawie&nbsp;Po\u015bwiadczony \/ Certified<\/p>\n\n\n\n<p>5. w\/at: __________________<\/p>\n\n\n\n<p>6. dnia \/ the __________________<\/p>\n\n\n\n<p>7. przez \/ by: Ministerstwo Spraw Zagranicznych<\/p>\n\n\n\n<p>8. No. ____________________&nbsp;<\/p>\n\n\n\n<p>9. Piekz\u0119\u0107&nbsp;\/ Stempel \/Seal\/stamp&nbsp;<\/p>\n\n\n\n<p>10. Podpis \/ signature&nbsp;&nbsp;<\/p>\n\n\n\n<p>Translation into Russian<\/p>\n\n\n\n<p><i>(Hague Convention of October 5, 1961)<\/i><\/p>\n\n\n\n<p><i>1. Country: Poland<\/i><\/p>\n\n\n\n<p><i>This official document<\/i><\/p>\n\n\n\n<p><i>2. Signed: __________________ (by whom, last name, first name)&nbsp;<br><\/i><\/p>\n\n\n\n<p><i>3. Acting as: _________________ (position)<\/i><\/p>\n\n\n\n<p><i>4. Print:<\/i><\/p>\n\n\n\n<p><i>Certified by seal<\/i><\/p>\n\n\n\n<p><i>5. Place: _______________ (city)<\/i><\/p>\n\n\n\n<p><i>6. Date: __________________<\/i><\/p>\n\n\n\n<p><i>7. Organization: ______________________________<\/i><\/p>\n\n\n\n<p><i>(approx. BUSINESS LAWYERS SRL:&nbsp;<\/i><i>Ministry of Foreign Affairs<\/i><i>&nbsp;Poland)<\/i><\/p>\n\n\n\n<p><i>8. No. ____________________&nbsp;<\/i><\/p>\n\n\n\n<p><i>9. Seal \/ stamp<\/i><\/p>\n\n\n\n<p><i>(note BUSINESS LAWYERS SRL: Seal of the authority authorized to certify apostilles)<\/i><\/p>\n\n\n\n<h2 class=\"wp-block-heading\">Why do you need an apostille if documents from Poland have the seal and signature of an official?<\/h2>\n\n\n\n<p>Regulation (EU) 2016\/1191 of the European Parliament states that an apostille from Poland is not needed for EU countries. However, for other pages For those who are not members of the EU, but are included in the Hague Convention, an apostille is required.<\/p>\n\n\n\n<p>Many officials work in ministries and departments, government bodies, archives and registry offices of Poland.&nbsp;<\/p>\n\n\n\n<p>There are many signatures and they also change. To ensure the originality and truthfulness of the document, and to avoid forgeries, you need to check whether the official\u2019s signature matches the samples of his signature. And did he sign this document?&nbsp;<\/p>\n\n\n\n<p>With so many documents and so many officials, it is very difficult to do this. This is especially difficult for those officials who accept your documents abroad.&nbsp;<\/p>\n\n\n\n<p>That is why a system of confirming all signatures and seals by several persons arose &#8211; to facilitate the work of foreign officials. This also reduces processing times abroad as well as waiting times for applicants. In such a system, it is easier for local officials responsible for Apostille to check signatures, seals, and the documents themselves (their forms and contents).&nbsp;<\/p>\n\n\n\n<p>Employees who have access to the internal database of signatures, seals and sample documents also end up in a special register with their signatures. But this register is limited to a dozen signatures, samples of which are transferred to other partner countries or are easily verified by them in other ways.<\/p>\n\n\n\n<p><b>There are two procedures<\/b>for such <b>confirmation<\/b>. <b>The first procedure <\/b> &#8211; the most reliable &#8211; is <b>legalization of documents<\/b>. When the documents are signed by the issuing official, then the document is certified by an employee of the ministry (usually the Ministry of Foreign Affairs), then the last signature is checked and certified by the consulate of the country where the documents need to be submitted. <b>Verification is carried out on the basis of the current database (list) of signatures &#8211; along a chain of three departments (institutions, government bodies).&nbsp;<\/b><\/p>\n\n\n\n<p><b>Second procedure<\/b>&nbsp; is based on greater trust and bypasses one department, usually the Ministry of Foreign Affairs. In this case we are talking about an apostille. <b>Apostille is a special stamp of a standard form that greatly simplifies the procedure for recognizing documents from one state on the territory of another.<\/b><\/p>\n\n\n\n<h2 class=\"wp-block-heading\">Can I get an apostille at the Polish consulate?<\/h2>\n\n\n\n<p>According to the Hague Apostille Convention, the <b>Apostille stamp for Polish documents cannot be obtained at the Georgian Consulate<\/b>. And this does not depend on the country where the consulate is located, be it Moldova, Germany, Greece, Georgia, and so on.<\/p>\n\n\n\n<h2 class=\"wp-block-heading\">Where can I place (receive) an Apostille in Poland?<\/h2>\n\n\n\n<p><b>1. Ministry of Foreign Affairs (Ministerstwo Spraw Zagranicznych)<\/b><\/p>\n\n\n\n<p>Documents that can be apostilled:<br>Certificates and certificates, including documents on civil status: birth certificate, marriage certificate, divorce certificate, death certificate, certificate of change of surname, certificate of no criminal record, certificate of civil status (about that the person is not married), as well as translations of documents certified by a notary and translator.<\/p>\n\n\n\n<p><b>2. National Agency for Academic Exchanges (Narodowa Agencja Wymiany Akademickiej; NAWA)<\/b><\/p>\n\n\n\n<p>Documents that can be apostilled:<br>educational diplomas with attachments, copies of diplomas, certificates of diplomas and certificates, duplicates of diplomas and certificates of education, certificates of education, doctoral and postdoctoral diplomas, as well as their duplicates and copies.&lt; \/p&gt;<\/p>\n\n\n\n<p><b>3. Ministry of Culture, National Heritage and Sports (Ministerstwo Kultury, Dziedzictwa Narodowego i Sportu)<\/b><\/p>\n\n\n\n<p>Documents that can be apostilled:<br>certificates, diplomas, certificates of art schools, documents issued by schools, except those mentioned above.<\/p>\n\n\n\n<p><b>4. Ministry of Education and Science (Ministerstwo Edukacji i Nauki)&nbsp;<\/b><\/p>\n\n\n\n<p>Documents that can be apostilled:<br>certificates of schools and vocational schools, as well as schools, vocational schools and school counseling centers at diplomatic missions, consular offices and military missions of the Republic of Poland.<\/p>\n\n\n\n<p><b>5. Heads of schools (kurator o\u015bwiaty)<\/b><\/p>\n\n\n\n<p>Documents that can be apostilled:<br>certificates of promotion and school completion certificates,<br>other documents issued by schools, institutions of further education and institutions of practical education, in addition to those mentioned above, intended for legal transactions with foreign states.<\/p>\n\n\n\n<p><b>6. Directors of regional examination commissions (Okr\u0119gowa Komisja Egzaminacyjna)<\/b><\/p>\n\n\n\n<p>Documents that can be apostilled:<br>certificates of primary and secondary education at the level of external examinations, certificates of secondary education, supplements to certificates of secondary education, certificates confirming professional qualifications, diplomas and certificates issued by regional examination commissions.&lt; \/p&gt;<\/p>\n\n\n\n<h2 class=\"wp-block-heading\">Is there an electronic apostille in Poland &#8211; E-apostille?<\/h2>\n\n\n\n<p>Electronic Apostille allows you to certify birth and marriage certificates, medical documents, court orders and other documents for use abroad.&nbsp;<\/p>\n\n\n\n<p><b>Using the electronic apostille register, any interested person can check the apostille of a document visually and the scanned document.<\/b><\/p>\n\n\n\n<p><b>However, in Poland there is no online apostille verification system yet.<\/b><\/p>\n","protected":false},"excerpt":{"rendered":"<p>Stamp Apostille Poland What is a Polish apostille? Polish&nbsp;apostille &#8211; is a stamp, the form, content and purpose of which are determined by the Apostille Convention of 1961.&nbsp;The Polish apostille contains information in both English and in the official Polish language. Poland has joined the Hague Apostille Convention&nbsp; November 19, 2004.&nbsp;Apostillebecame effective from&nbsp;August 26, 2005.&nbsp; &#8230; <a title=\"Apostille Poland &#x1f1f5;&#x1f1f1;\" class=\"read-more\" href=\"https:\/\/apostille.expert\/en\/apostille-poland\/\" aria-label=\"Read more about Apostille Poland &#x1f1f5;&#x1f1f1;\">Read more<\/a><\/p>\n","protected":false},"author":1,"featured_media":0,"parent":0,"menu_order":0,"comment_status":"closed","ping_status":"closed","template":"","meta":{"_eb_attr":"","footnotes":""},"class_list":["post-158","page","type-page","status-publish"],"yoast_head":"<!-- This site is optimized with the Yoast SEO plugin v27.5 - https:\/\/yoast.com\/product\/yoast-seo-wordpress\/ -->\n<title>Apostille Poland &#x1f1f5;&#x1f1f1; - Documents, Legalization and Apostille and legalization in EU, USA, Moldova, Russia, Belarus, Ukraine, Latvia, Kazakhstan, Kirgizstan, Lithuania, Estonia, Uzbekistan and all over the world<\/title>\n<meta name=\"robots\" content=\"index, follow, max-snippet:-1, max-image-preview:large, max-video-preview:-1\" \/>\n<link rel=\"canonical\" href=\"https:\/\/apostille.expert\/en\/apostille-poland\/\" \/>\n<meta property=\"og:locale\" content=\"en_US\" \/>\n<meta property=\"og:type\" content=\"article\" \/>\n<meta property=\"og:title\" content=\"Apostille Poland &#x1f1f5;&#x1f1f1; - Documents, Legalization and Apostille and legalization in EU, USA, Moldova, Russia, Belarus, Ukraine, Latvia, Kazakhstan, Kirgizstan, Lithuania, Estonia, Uzbekistan and all over the world\" \/>\n<meta property=\"og:description\" content=\"Stamp Apostille Poland What is a Polish apostille? Polish&nbsp;apostille &#8211; is a stamp, the form, content and purpose of which are determined by the Apostille Convention of 1961.&nbsp;The Polish apostille contains information in both English and in the official Polish language. Poland has joined the Hague Apostille Convention&nbsp; November 19, 2004.&nbsp;Apostillebecame effective from&nbsp;August 26, 2005.&nbsp; ... Read more\" \/>\n<meta property=\"og:url\" content=\"https:\/\/apostille.expert\/en\/apostille-poland\/\" \/>\n<meta property=\"og:site_name\" content=\"Documents, Legalization and Apostille and legalization in EU, USA, Moldova, Russia, Belarus, Ukraine, Latvia, Kazakhstan, Kirgizstan, Lithuania, Estonia, Uzbekistan and all over the world\" \/>\n<meta property=\"article:modified_time\" content=\"2024-04-30T19:34:13+00:00\" \/>\n<meta property=\"og:image\" content=\"https:\/\/apostille.expert\/wp-content\/uploads\/2022\/12\/Apostille_Poland.jpg\" \/>\n<meta name=\"twitter:card\" content=\"summary_large_image\" \/>\n<meta name=\"twitter:label1\" content=\"Est. reading time\" \/>\n\t<meta name=\"twitter:data1\" content=\"5 minutes\" \/>\n<script type=\"application\/ld+json\" class=\"yoast-schema-graph\">{\"@context\":\"https:\\\/\\\/schema.org\",\"@graph\":[{\"@type\":\"WebPage\",\"@id\":\"https:\\\/\\\/apostille.expert\\\/en\\\/apostille-poland\\\/\",\"url\":\"https:\\\/\\\/apostille.expert\\\/en\\\/apostille-poland\\\/\",\"name\":\"Apostille Poland &#x1f1f5;&#x1f1f1; - Documents, Legalization and Apostille and legalization in EU, USA, Moldova, Russia, Belarus, Ukraine, Latvia, Kazakhstan, Kirgizstan, Lithuania, Estonia, Uzbekistan and all over the world\",\"isPartOf\":{\"@id\":\"https:\\\/\\\/apostille.expert\\\/en\\\/#website\"},\"primaryImageOfPage\":{\"@id\":\"https:\\\/\\\/apostille.expert\\\/en\\\/apostille-poland\\\/#primaryimage\"},\"image\":{\"@id\":\"https:\\\/\\\/apostille.expert\\\/en\\\/apostille-poland\\\/#primaryimage\"},\"thumbnailUrl\":\"https:\\\/\\\/apostille.expert\\\/wp-content\\\/uploads\\\/2022\\\/12\\\/Apostille_Poland.jpg\",\"datePublished\":\"2024-04-30T18:26:21+00:00\",\"dateModified\":\"2024-04-30T19:34:13+00:00\",\"breadcrumb\":{\"@id\":\"https:\\\/\\\/apostille.expert\\\/en\\\/apostille-poland\\\/#breadcrumb\"},\"inLanguage\":\"en-US\",\"potentialAction\":[{\"@type\":\"ReadAction\",\"target\":[\"https:\\\/\\\/apostille.expert\\\/en\\\/apostille-poland\\\/\"]}]},{\"@type\":\"ImageObject\",\"inLanguage\":\"en-US\",\"@id\":\"https:\\\/\\\/apostille.expert\\\/en\\\/apostille-poland\\\/#primaryimage\",\"url\":\"https:\\\/\\\/apostille.expert\\\/wp-content\\\/uploads\\\/2022\\\/12\\\/Apostille_Poland.jpg\",\"contentUrl\":\"https:\\\/\\\/apostille.expert\\\/wp-content\\\/uploads\\\/2022\\\/12\\\/Apostille_Poland.jpg\"},{\"@type\":\"BreadcrumbList\",\"@id\":\"https:\\\/\\\/apostille.expert\\\/en\\\/apostille-poland\\\/#breadcrumb\",\"itemListElement\":[{\"@type\":\"ListItem\",\"position\":1,\"name\":\"Home\",\"item\":\"https:\\\/\\\/apostille.expert\\\/en\\\/\"},{\"@type\":\"ListItem\",\"position\":2,\"name\":\"Apostille Poland &#x1f1f5;&#x1f1f1;\"}]},{\"@type\":\"WebSite\",\"@id\":\"https:\\\/\\\/apostille.expert\\\/en\\\/#website\",\"url\":\"https:\\\/\\\/apostille.expert\\\/en\\\/\",\"name\":\"Documents, Legalization and Apostille and legalization in EU, USA, Moldova, Russia, Belarus, Ukraine, Latvia, Kazakhstan, Kirgizstan, Lithuania, Estonia, Uzbekistan and all over the world\",\"description\":\"Documents, Legalization and Apostille and legalization in EU, USA, Moldova, Russia, Belarus, Ukraine, Latvia, Kazakhstan, Kirgizstan, Lithuania, Estonia, Uzbekistan and all over the world\",\"potentialAction\":[{\"@type\":\"SearchAction\",\"target\":{\"@type\":\"EntryPoint\",\"urlTemplate\":\"https:\\\/\\\/apostille.expert\\\/en\\\/?s={search_term_string}\"},\"query-input\":{\"@type\":\"PropertyValueSpecification\",\"valueRequired\":true,\"valueName\":\"search_term_string\"}}],\"inLanguage\":\"en-US\"}]}<\/script>\n<!-- \/ Yoast SEO plugin. -->","yoast_head_json":{"title":"Apostille Poland &#x1f1f5;&#x1f1f1; - Documents, Legalization and Apostille and legalization in EU, USA, Moldova, Russia, Belarus, Ukraine, Latvia, Kazakhstan, Kirgizstan, Lithuania, Estonia, Uzbekistan and all over the world","robots":{"index":"index","follow":"follow","max-snippet":"max-snippet:-1","max-image-preview":"max-image-preview:large","max-video-preview":"max-video-preview:-1"},"canonical":"https:\/\/apostille.expert\/en\/apostille-poland\/","og_locale":"en_US","og_type":"article","og_title":"Apostille Poland &#x1f1f5;&#x1f1f1; - Documents, Legalization and Apostille and legalization in EU, USA, Moldova, Russia, Belarus, Ukraine, Latvia, Kazakhstan, Kirgizstan, Lithuania, Estonia, Uzbekistan and all over the world","og_description":"Stamp Apostille Poland What is a Polish apostille? Polish&nbsp;apostille &#8211; is a stamp, the form, content and purpose of which are determined by the Apostille Convention of 1961.&nbsp;The Polish apostille contains information in both English and in the official Polish language. Poland has joined the Hague Apostille Convention&nbsp; November 19, 2004.&nbsp;Apostillebecame effective from&nbsp;August 26, 2005.&nbsp; ... Read more","og_url":"https:\/\/apostille.expert\/en\/apostille-poland\/","og_site_name":"Documents, Legalization and Apostille and legalization in EU, USA, Moldova, Russia, Belarus, Ukraine, Latvia, Kazakhstan, Kirgizstan, Lithuania, Estonia, Uzbekistan and all over the world","article_modified_time":"2024-04-30T19:34:13+00:00","og_image":[{"url":"https:\/\/apostille.expert\/wp-content\/uploads\/2022\/12\/Apostille_Poland.jpg","type":"","width":"","height":""}],"twitter_card":"summary_large_image","twitter_misc":{"Est. reading time":"5 minutes"},"schema":{"@context":"https:\/\/schema.org","@graph":[{"@type":"WebPage","@id":"https:\/\/apostille.expert\/en\/apostille-poland\/","url":"https:\/\/apostille.expert\/en\/apostille-poland\/","name":"Apostille Poland &#x1f1f5;&#x1f1f1; - Documents, Legalization and Apostille and legalization in EU, USA, Moldova, Russia, Belarus, Ukraine, Latvia, Kazakhstan, Kirgizstan, Lithuania, Estonia, Uzbekistan and all over the world","isPartOf":{"@id":"https:\/\/apostille.expert\/en\/#website"},"primaryImageOfPage":{"@id":"https:\/\/apostille.expert\/en\/apostille-poland\/#primaryimage"},"image":{"@id":"https:\/\/apostille.expert\/en\/apostille-poland\/#primaryimage"},"thumbnailUrl":"https:\/\/apostille.expert\/wp-content\/uploads\/2022\/12\/Apostille_Poland.jpg","datePublished":"2024-04-30T18:26:21+00:00","dateModified":"2024-04-30T19:34:13+00:00","breadcrumb":{"@id":"https:\/\/apostille.expert\/en\/apostille-poland\/#breadcrumb"},"inLanguage":"en-US","potentialAction":[{"@type":"ReadAction","target":["https:\/\/apostille.expert\/en\/apostille-poland\/"]}]},{"@type":"ImageObject","inLanguage":"en-US","@id":"https:\/\/apostille.expert\/en\/apostille-poland\/#primaryimage","url":"https:\/\/apostille.expert\/wp-content\/uploads\/2022\/12\/Apostille_Poland.jpg","contentUrl":"https:\/\/apostille.expert\/wp-content\/uploads\/2022\/12\/Apostille_Poland.jpg"},{"@type":"BreadcrumbList","@id":"https:\/\/apostille.expert\/en\/apostille-poland\/#breadcrumb","itemListElement":[{"@type":"ListItem","position":1,"name":"Home","item":"https:\/\/apostille.expert\/en\/"},{"@type":"ListItem","position":2,"name":"Apostille Poland &#x1f1f5;&#x1f1f1;"}]},{"@type":"WebSite","@id":"https:\/\/apostille.expert\/en\/#website","url":"https:\/\/apostille.expert\/en\/","name":"Documents, Legalization and Apostille and legalization in EU, USA, Moldova, Russia, Belarus, Ukraine, Latvia, Kazakhstan, Kirgizstan, Lithuania, Estonia, Uzbekistan and all over the world","description":"Documents, Legalization and Apostille and legalization in EU, USA, Moldova, Russia, Belarus, Ukraine, Latvia, Kazakhstan, Kirgizstan, Lithuania, Estonia, Uzbekistan and all over the world","potentialAction":[{"@type":"SearchAction","target":{"@type":"EntryPoint","urlTemplate":"https:\/\/apostille.expert\/en\/?s={search_term_string}"},"query-input":{"@type":"PropertyValueSpecification","valueRequired":true,"valueName":"search_term_string"}}],"inLanguage":"en-US"}]}},"_links":{"self":[{"href":"https:\/\/apostille.expert\/en\/wp-json\/wp\/v2\/pages\/158","targetHints":{"allow":["GET"]}}],"collection":[{"href":"https:\/\/apostille.expert\/en\/wp-json\/wp\/v2\/pages"}],"about":[{"href":"https:\/\/apostille.expert\/en\/wp-json\/wp\/v2\/types\/page"}],"author":[{"embeddable":true,"href":"https:\/\/apostille.expert\/en\/wp-json\/wp\/v2\/users\/1"}],"replies":[{"embeddable":true,"href":"https:\/\/apostille.expert\/en\/wp-json\/wp\/v2\/comments?post=158"}],"version-history":[{"count":3,"href":"https:\/\/apostille.expert\/en\/wp-json\/wp\/v2\/pages\/158\/revisions"}],"predecessor-version":[{"id":181,"href":"https:\/\/apostille.expert\/en\/wp-json\/wp\/v2\/pages\/158\/revisions\/181"}],"wp:attachment":[{"href":"https:\/\/apostille.expert\/en\/wp-json\/wp\/v2\/media?parent=158"}],"curies":[{"name":"wp","href":"https:\/\/api.w.org\/{rel}","templated":true}]}}