{"id":39,"date":"2025-03-13T22:10:23","date_gmt":"2025-03-13T19:10:23","guid":{"rendered":"https:\/\/apostille.expert\/cn\/?page_id=39"},"modified":"2025-03-13T22:12:04","modified_gmt":"2025-03-13T19:12:04","slug":"%e6%96%af%e6%b4%9b%e4%bc%90%e5%85%8b%e6%b5%b7%e7%89%99%e8%ae%a4%e8%af%81%ef%bc%88apostille","status":"publish","type":"page","link":"https:\/\/apostille.expert\/cn\/%e6%96%af%e6%b4%9b%e4%bc%90%e5%85%8b%e6%b5%b7%e7%89%99%e8%ae%a4%e8%af%81%ef%bc%88apostille\/","title":{"rendered":"\u65af\u6d1b\u4f10\u514b\u6d77\u7259\u8ba4\u8bc1\uff08Apostille) ??"},"content":{"rendered":"<h4>\u4ec0\u4e48\u662f\u65af\u6d1b\u4f10\u514b\u6d77\u7259\u8ba4\u8bc1\uff1f<\/h4>\n<p>\u65af\u6d1b\u4f10\u514b<b>\u6d77\u7259\u8ba4\u8bc1<\/b>\u662f<b>\u4e00\u79cd\u6839\u636e1961\u5e74\u300a\u6d77\u7259\u516c\u7ea6\u300b\u89c4\u5b9a\u7684\u5370\u7ae0\uff0c\u5176\u5f62\u5f0f\u3001\u5185\u5bb9\u548c\u7528\u9014\u5747\u7b26\u5408\u56fd\u9645\u6807\u51c6\u3002<\/b>\u65af\u6d1b\u4f10\u514b\u7684\u6d77\u7259\u8ba4\u8bc1\u4e0e\u5176\u4ed6\u56fd\u5bb6\u7684\u6d77\u7259\u8ba4\u8bc1\u65e0\u5f02\uff0c\u7528\u4e8e\u786e\u8ba4\u6587\u4ef6\u7684\u771f\u5b9e\u6027\uff0c\u4ee5\u4fbf\u5728\u5176\u4ed6\u516c\u7ea6\u6210\u5458\u56fd\u4f7f\u7528\u3002\u65af\u6d1b\u4f10\u514b\u4e8e<b>2001\u5e747\u670818\u65e5<\/b>\u52a0\u5165\u300a\u6d77\u7259\u516c\u7ea6\u300b\uff0c\u6d77\u7259\u8ba4\u8bc1\u81ea\u8be5\u65e5\u8d77\u751f\u6548\u3002<\/p>\n<p>\u65af\u6d1b\u4f10\u514b\u7684\u6d77\u7259\u8ba4\u8bc1\u9002\u7528\u4e8e\u51fa\u751f\u8bc1\u660e\u3001\u7ed3\u5a5a\u8bc1\u4e66\u3001\u6cd5\u9662\u5224\u51b3\u3001\u5b66\u5386\u8bc1\u4e66\u53ca\u5176\u4ed6\u7531\u56fd\u5bb6\u673a\u6784\u7b7e\u53d1\u7684\u6587\u4ef6\u3002\u5b83\u7b80\u5316\u4e86\u6587\u4ef6\u5408\u6cd5\u5316\u7684\u6d41\u7a0b\uff0c\u4f7f\u5176\u5728\u5176\u4ed6\u516c\u7ea6\u6210\u5458\u56fd\u6709\u6548\u3002<\/p>\n<h4>\u65af\u6d1b\u4f10\u514b\u6d77\u7259\u8ba4\u8bc1\u7684\u6837\u5f0f<\/h4>\n<p><b><i>\u65af\u6d1b\u4f10\u514b\u6d77\u7259\u8ba4\u8bc1\u7684\u7167\u7247\uff1a<\/i><\/b><\/p>\n<p><img loading=\"lazy\" decoding=\"async\" src=\"https:\/\/example.com\/slovak-apostille.jpg\" alt=\"\u65af\u6d1b\u4f10\u514b\u6d77\u7259\u8ba4\u8bc1\u793a\u4f8b\" width=\"866\" height=\"1024\" \/><\/p>\n<p>\u65af\u6d1b\u4f10\u514b\u7684\u6d77\u7259\u8ba4\u8bc1\u662f\u4e00\u79cd\u5305\u542b\u300a\u6d77\u7259\u516c\u7ea6\u300b\u89c4\u5b9a\u5fc5\u5907\u4fe1\u606f\u7684\u5370\u7ae0\u6216\u8d34\u7eb8\u3002\u5b83\u53ef\u4ee5\u662f\u7eb8\u8d28\u5370\u7ae0\u6216\u7535\u5b50\u6587\u4ef6\uff08\u7535\u5b50\u6d77\u7259\u8ba4\u8bc1\uff09\u3002<\/p>\n<h4>\u65af\u6d1b\u4f10\u514b\u6d77\u7259\u8ba4\u8bc1\u7684\u6587\u672c<\/h4>\n<h6><strong>\u65af\u6d1b\u4f10\u514b\u8bed<\/strong><\/h6>\n<p>(Convention de La Haye du 5 octobre 1961)<\/p>\n<p>1. Krajina \/ Country: Slovensk\u00e1 republika \/ Slovakia<br \/>\n2. Tento verejn\u00fd dokument bol podp\u00edsan\u00fd \/ This public document has been signed by: ___________________________<br \/>\n3. Konaj\u00faci v funkcii \/ Acting in the capacity of: ________________<br \/>\n4. Pe\u010diatka \/ Bears the seal\/stamp of: ________________<br \/>\n5. Miesto \/ At: __________________<br \/>\n6. D\u00e1tum \/ The: __________________<br \/>\n7. Vydan\u00e9 \/ By: ________________<br \/>\n8. \u010c\u00edslo \/ No.: ____________________<br \/>\n9. Pe\u010diatka \/ podpis \/ Seal\/stamp and signature: ________________  <\/p>\n<h6><strong>\u65af\u6d1b\u4f10\u514b\u6d77\u7259\u8ba4\u8bc1\u7684\u82f1\u6587\u7ffb\u8bd1<\/strong><\/h6>\n<p><i>(1961\u5e7410\u67085\u65e5\u300a\u6d77\u7259\u516c\u7ea6\u300b)<\/i><\/p>\n<p><i>1. \u56fd\u5bb6\uff1a\u65af\u6d1b\u4f10\u514b<\/i><\/p>\n<p><i>\u6b64\u516c\u5171\u6587\u4ef6<\/i><\/p>\n<p><i>2. \u7b7e\u7f72\u4eba\uff1a__________________\uff08\u59d3\u540d\uff09<\/i><\/p>\n<p><i>3. \u804c\u52a1\uff1a_________________\uff08\u804c\u4f4d\uff09<\/i><\/p>\n<p><i>4. \u5370\u7ae0\uff1a<\/i><\/p>\n<p><i>\u7531\u5370\u7ae0\u8ba4\u8bc1<\/i><\/p>\n<p><i>5. \u5730\u70b9\uff1a_______________\uff08\u57ce\u5e02\uff09<\/i><\/p>\n<p><i>6. \u65e5\u671f\uff1a__________________<\/i><\/p>\n<p><i>7. \u7b7e\u53d1\u673a\u6784\uff1a______________________<\/i><\/p>\n<p><i>8. \u7f16\u53f7\uff1a____________________<\/i><\/p>\n<p><i>9. \u5370\u7ae0\/\u7b7e\u540d\uff1a________________<\/i><\/p>\n<h4>\u516c\u53f8\u6587\u4ef6\u3001\u4f01\u4e1a\u3001\u6709\u9650\u8d23\u4efb\u516c\u53f8\u3001\u80a1\u4efd\u516c\u53f8\u7684\u6d77\u7259\u8ba4\u8bc1\uff08\u516c\u53f8\u7ae0\u7a0b\u548c\u6210\u7acb\u6587\u4ef6\u7684\u6d77\u7259\u8ba4\u8bc1\uff09<\/h4>\n<figure id=\"attachment_3273\" aria-describedby=\"caption-attachment-3273\" style=\"width: 1156px\" class=\"wp-caption alignnone\"><img loading=\"lazy\" decoding=\"async\" class=\"size-full wp-image-3273\" src=\"https:\/\/example.com\/slovak-commercial-register.jpg\" alt=\"\u65af\u6d1b\u4f10\u514b\u5546\u4e1a\u767b\u8bb0\u6458\u5f55\u7684\u6d77\u7259\u8ba4\u8bc1\" width=\"1166\" height=\"1521\" \/><figcaption id=\"caption-attachment-3273\" class=\"wp-caption-text\"><em>\u6d77\u7259\u8ba4\u8bc1\u53ef\u4ee5\u7528\u4e8e\u65af\u6d1b\u4f10\u514b\u6709\u9650\u8d23\u4efb\u516c\u53f8\u7684\u5546\u4e1a\u767b\u8bb0\u6458\u5f55\uff0c\u4ee5\u53ca\u5176\u4ed6\u516c\u53f8\u6587\u4ef6\uff1a\u7ae0\u7a0b\u548c\u6210\u7acb\u6587\u4ef6\u3002<\/em><\/figcaption><\/figure>\n<h4>\u4e3a\u4ec0\u4e48\u9700\u8981\u6d77\u7259\u8ba4\u8bc1\uff0c\u5982\u679c\u65af\u6d1b\u4f10\u514b\u6587\u4ef6\u5df2\u7ecf\u6709\u5b98\u65b9\u5370\u7ae0\u548c\u7b7e\u540d\uff1f<\/h4>\n<p>\u4e8b\u5b9e\u4e0a\uff0c\u65af\u6d1b\u4f10\u514b\u7684\u5404\u90e8\u59d4\u3001\u90e8\u95e8\u3001\u56fd\u5bb6\u673a\u6784\u3001\u6863\u6848\u9986\u548c\u767b\u8bb0\u5904\u6709\u8bb8\u591a\u5b98\u5458\u3002\u5b98\u5458\u4f1a\u5b9a\u671f\u66f4\u6362\u3002\u8fd9\u610f\u5473\u7740\u7b7e\u540d\u5f88\u591a\uff0c\u800c\u4e14\u5b83\u4eec\u4e5f\u4f1a\u53d8\u5316\u3002\u4e3a\u4e86\u786e\u4fdd\u6587\u4ef6\u7684\u771f\u5b9e\u6027\u548c\u907f\u514d\u4f2a\u9020\uff0c\u9700\u8981\u68c0\u67e5\u5b98\u5458\u7684\u7b7e\u540d\u662f\u5426\u4e0e\u5176\u7b7e\u540d\u6837\u672c\u4e00\u81f4\uff0c\u4ee5\u53ca\u662f\u5426\u7531\u4ed6\u4eec\u7b7e\u7f72\u4e86\u6587\u4ef6\u3002<\/p>\n<p>\u5728\u5982\u6b64\u5927\u91cf\u7684\u6587\u4ef6\u548c\u5b98\u5458\u7684\u60c5\u51b5\u4e0b\uff0c\u8fd9\u975e\u5e38\u56f0\u96be\u3002\u7279\u522b\u662f\u5bf9\u4e8e\u5728\u56fd\u5916\u63a5\u6536\u6587\u4ef6\u7684\u5b98\u5458\u6765\u8bf4\uff0c\u8fd9\u5c24\u5176\u590d\u6742\u3002<\/p>\n<p>\u56e0\u6b64\uff0c\u521b\u5efa\u4e86\u4e00\u4e2a\u7531\u591a\u4eba\u786e\u8ba4\u7b7e\u540d\u548c\u5370\u7ae0\u7684\u7cfb\u7edf\uff0c\u4ee5\u65b9\u4fbf\u5916\u56fd\u5b98\u5458\u7684\u5de5\u4f5c\u3002\u8fd9\u4e5f\u51cf\u5c11\u4e86\u5728\u56fd\u5916\u5904\u7406\u6587\u4ef6\u7684\u65f6\u95f4\u548c\u7533\u8bf7\u4eba\u7684\u7b49\u5f85\u65f6\u95f4\u3002\u5728\u8fd9\u6837\u7684\u7cfb\u7edf\u4e2d\uff0c\u8d1f\u8d23\u6d77\u7259\u8ba4\u8bc1\u7684\u5f53\u5730\u5b98\u5458\u53ef\u4ee5\u66f4\u5bb9\u6613\u5730\u9a8c\u8bc1\u7b7e\u540d\u3001\u5370\u7ae0\u548c\u6587\u4ef6\u672c\u8eab\uff08\u5176\u683c\u5f0f\u548c\u5185\u5bb9\uff09\u3002<\/p>\n<p>\u6709\u6743\u8bbf\u95ee\u7b7e\u540d\u3001\u5370\u7ae0\u548c\u6587\u4ef6\u6837\u672c\u5185\u90e8\u6570\u636e\u5e93\u7684\u5458\u5de5\u4e5f\u4f1a\u88ab\u5217\u5165\u4e00\u4e2a\u7279\u522b\u767b\u8bb0\u518c\uff0c\u5e76\u9644\u4e0a\u4ed6\u4eec\u7684\u7b7e\u540d\u3002\u7136\u800c\uff0c\u8be5\u767b\u8bb0\u518c\u4ec5\u9650\u4e8e\u5341\u51e0\u4e2a\u7b7e\u540d\uff0c\u6837\u672c\u4f1a\u63d0\u4f9b\u7ed9\u5408\u4f5c\u4f19\u4f34\u56fd\u5bb6\u6216\u901a\u8fc7\u5176\u4ed6\u65b9\u5f0f\u8f7b\u677e\u9a8c\u8bc1\u3002<\/p>\n<p><b>\u6709\u4e24\u79cd\u786e\u8ba4\u7a0b\u5e8f<\/b>\u3002<b>\u7b2c\u4e00\u79cd\u7a0b\u5e8f<\/b>\u662f\u6700\u53ef\u9760\u7684\uff0c\u79f0\u4e3a<b>\u6587\u4ef6\u5408\u6cd5\u5316<\/b>\u3002\u5f53\u6587\u4ef6\u7531\u7b7e\u53d1\u5b98\u5458\u7b7e\u7f72\u540e\uff0c\u6587\u4ef6\u518d\u7531\u90e8\u59d4\uff08\u901a\u5e38\u662f\u5916\u4ea4\u90e8\uff09\u7684\u5458\u5de5\u8ba4\u8bc1\uff0c\u6700\u540e\uff0c\u7b7e\u540d\u7531\u9700\u8981\u63d0\u4ea4\u6587\u4ef6\u7684\u56fd\u5bb6\u7684\u9886\u4e8b\u9986\u9a8c\u8bc1\u548c\u8ba4\u8bc1\u3002<b>\u9a8c\u8bc1\u57fa\u4e8e\u6700\u65b0\u7684\u7b7e\u540d\u6570\u636e\u5e93\uff08\u5217\u8868\uff09\uff0c\u901a\u8fc7\u4e09\u4e2a\u673a\u6784\uff08\u56fd\u5bb6\u673a\u6784\uff09\u7684\u94fe\u6761\u8fdb\u884c\u3002<\/b><\/p>\n<p><b>\u7b2c\u4e8c\u79cd\u7a0b\u5e8f<\/b>\u57fa\u4e8e\u66f4\u5927\u7684\u4fe1\u4efb\uff0c\u5e76\u7ed5\u8fc7\u4e86\u4e00\u4e2a\u673a\u6784\uff0c\u901a\u5e38\u662f\u5916\u4ea4\u90e8\u3002\u5728\u8fd9\u79cd\u60c5\u51b5\u4e0b\uff0c\u6211\u4eec\u8c08\u8bba\u7684\u662f\u6d77\u7259\u8ba4\u8bc1\u3002<b>\u6d77\u7259\u8ba4\u8bc1\u662f\u4e00\u79cd\u7279\u6b8a\u683c\u5f0f\u7684\u5370\u7ae0\uff0c\u53ef\u663e\u8457\u7b80\u5316\u4e00\u56fd\u6587\u4ef6\u5728\u53e6\u4e00\u56fd\u9886\u571f\u4e0a\u7684\u8ba4\u53ef\u7a0b\u5e8f\u3002<\/b><\/p>\n<h4>\u5982\u679c\u65af\u6d1b\u4f10\u514b\u6587\u4ef6\u53ef\u4ee5\u5728\u7ebf\u9a8c\u8bc1\uff0c\u4e3a\u4ec0\u4e48\u8fd8\u9700\u8981\u6d77\u7259\u8ba4\u8bc1\uff1f<\/h4>\n<p>\u5728\u7ebf\u6587\u4ef6\u9a8c\u8bc1\u7cfb\u7edf\u662f\u9a8c\u8bc1\u6587\u4ef6\u771f\u5b9e\u6027\u7684\u65b0\u89e3\u51b3\u65b9\u6848\u3002\u53ef\u4ee5\u8bf4\uff0c\u8fd9\u4e9b\u7cfb\u7edf\u4ecd\u5904\u4e8e\u6d4b\u8bd5\u9636\u6bb5\uff0c\u5176\u5de5\u4f5c\u9700\u8981\u6539\u8fdb\u3002<\/p>\n<p>\u5f53\u653f\u5e9c\u548c\u793e\u4f1a\u51c6\u5907\u597d\u91c7\u7528\u8fd9\u79cd\u6587\u4ef6\u9a8c\u8bc1\u7cfb\u7edf\u65f6\uff0c\u6d77\u7259\u8ba4\u8bc1\u7684\u9700\u6c42\u53ef\u80fd\u4f1a\u6d88\u5931\u3002<\/p>\n<p>\u7136\u800c\uff0c\u8bb8\u591a\u5b98\u5458\u5c06\u80fd\u591f\u8bbf\u95ee\u8fd9\u6837\u7684\u7cfb\u7edf\u3002\u8fd9\u518d\u6b21\u5f15\u53d1\u4e86\u5173\u4e8e\u5927\u91cf\u7b7e\u540d\u53ca\u5176\u76f8\u5173\u6027\u7684\u95ee\u9898\u3002<\/p>\n<h4>\u53ef\u4ee5\u5728\u65af\u6d1b\u4f10\u514b\u9886\u4e8b\u9986\u83b7\u5f97\u6d77\u7259\u8ba4\u8bc1\u5417\uff1f<\/h4>\n<p>\u6839\u636e\u300a\u6d77\u7259\u8ba4\u8bc1\u516c\u7ea6\u300b\uff0c<b>\u65af\u6d1b\u4f10\u514b\u6587\u4ef6\u7684\u6d77\u7259\u8ba4\u8bc1\u4e0d\u80fd\u5728\u65af\u6d1b\u4f10\u514b\u9886\u4e8b\u9986\u83b7\u5f97<\/b>\u3002\u8fd9\u4e0e\u9886\u4e8b\u9986\u6240\u5728\u7684\u56fd\u5bb6\u65e0\u5173\uff0c\u65e0\u8bba\u662f\u4e4c\u514b\u5170\u3001\u610f\u5927\u5229\u3001\u5fb7\u56fd\u7b49\u3002<\/p>\n<h4>\u65af\u6d1b\u4f10\u514b\u6709\u7535\u5b50\u6d77\u7259\u8ba4\u8bc1\uff08E-apostille\uff09\u5417\uff1f<\/h4>\n<blockquote><p>\u65af\u6d1b\u4f10\u514b\u8fd8\u5f15\u5165\u4e86\u7535\u5b50\u6d77\u7259\u8ba4\u8bc1\u7cfb\u7edf\uff08e-apostille\uff09\uff0c\u5141\u8bb8\u5728\u7ebf\u9a8c\u8bc1\u6587\u4ef6\u7684\u771f\u5b9e\u6027\u3002\u7535\u5b50\u6d77\u7259\u8ba4\u8bc1\u5305\u542b\u4e00\u4e2a\u552f\u4e00\u7684\u7f16\u53f7\u548c\u4e8c\u7ef4\u7801\uff0c\u53ef\u4ee5\u5728\u6388\u6743\u673a\u6784\u7684\u5b98\u65b9\u7f51\u7ad9\u4e0a\u9a8c\u8bc1\u3002<\/p><\/blockquote>\n<p>\u7535\u5b50\u6d77\u7259\u8ba4\u8bc1\u5141\u8bb8\u8ba4\u8bc1\u51fa\u751f\u8bc1\u660e\u3001\u7ed3\u5a5a\u8bc1\u4e66\u3001\u533b\u7597\u6587\u4ef6\u3001\u6cd5\u9662\u88c1\u51b3\u548c\u5176\u4ed6\u7528\u4e8e\u56fd\u5916\u7684\u6587\u4ef6\u3002\u901a\u8fc7\u63a8\u51fa\u8fd9\u9879\u521b\u65b0\u7684\u7535\u5b50\u670d\u52a1\uff0c\u65af\u6d1b\u4f10\u514b\u6210\u4e3a\u5b9e\u65bd\u7535\u5b50\u6d77\u7259\u8ba4\u8bc1\u8ba1\u5212\u7684\u300a\u6d77\u7259\u516c\u7ea6\u300b\u6210\u5458\u56fd\u4e4b\u4e00\u3002<\/p>\n<p>\u7535\u5b50\u6d77\u7259\u8ba4\u8bc1\u767b\u8bb0\u518c\u662f\u4e3a\u4e86\u6253\u51fb\u6b3a\u8bc8\u548c\u6ee5\u7528\u884c\u4e3a\u800c\u5f00\u53d1\u7684\u3002<b>\u4f7f\u7528\u7535\u5b50\u6d77\u7259\u8ba4\u8bc1\u767b\u8bb0\u518c\uff0c\u4efb\u4f55\u76f8\u5173\u65b9\u90fd\u53ef\u4ee5\u901a\u8fc7\u89c6\u89c9\u9a8c\u8bc1\u6d77\u7259\u8ba4\u8bc1\u548c\u626b\u63cf\u6587\u4ef6\u3002<\/b><\/p>\n<h4>\u5982\u4f55\u9a8c\u8bc1\u7535\u5b50\u6d77\u7259\u8ba4\u8bc1\uff1f<\/h4>\n<p><b>\u6d77\u7259\u8ba4\u8bc1\u901a\u8fc7\u8ba4\u8bc1\u7f16\u53f7\u548c\u7b7e\u53d1\u65e5\u671f\u8fdb\u884c\u9a8c\u8bc1<\/b>\uff08\u6d77\u7259\u8ba4\u8bc1\u5177\u6709\u552f\u4e00\u7684\u7f16\u53f7\u548c\u7b7e\u53d1\u65e5\u671f\uff09\u3002\u6b64\u4fe1\u606f\u5fc5\u987b\u8f93\u5165\u7f51\u9875\u4e0a\u7684\u76f8\u5e94\u5b57\u6bb5\u3002\u6309\u4e0b\u641c\u7d22\u6309\u94ae\u540e\uff0c\u5c06\u6253\u5f00\u4e00\u4e2a\u7a97\u53e3\uff0c\u60a8\u53ef\u4ee5\u5728\u5176\u4e2d\u770b\u5230\u6d77\u7259\u8ba4\u8bc1\u548c\u8ba4\u8bc1\u6587\u4ef6\u3002<\/p>\n","protected":false},"excerpt":{"rendered":"<p>\u4ec0\u4e48\u662f\u65af\u6d1b\u4f10\u514b\u6d77\u7259\u8ba4\u8bc1\uff1f \u65af\u6d1b\u4f10\u514b\u6d77\u7259\u8ba4\u8bc1\u662f\u4e00\u79cd\u6839\u636e1961\u5e74\u300a\u6d77\u7259\u516c\u7ea6\u300b\u89c4\u5b9a\u7684\u5370\u7ae0\uff0c\u5176\u5f62\u5f0f\u3001\u5185\u5bb9\u548c\u7528\u9014\u5747\u7b26\u5408 &#8230; <a title=\"\u65af\u6d1b\u4f10\u514b\u6d77\u7259\u8ba4\u8bc1\uff08Apostille) ??\" class=\"read-more\" href=\"https:\/\/apostille.expert\/cn\/%e6%96%af%e6%b4%9b%e4%bc%90%e5%85%8b%e6%b5%b7%e7%89%99%e8%ae%a4%e8%af%81%ef%bc%88apostille\/\" aria-label=\"Read more about \u65af\u6d1b\u4f10\u514b\u6d77\u7259\u8ba4\u8bc1\uff08Apostille) ??\">\u95b1\u8b80\u5168\u6587<\/a><\/p>\n","protected":false},"author":1,"featured_media":0,"parent":0,"menu_order":0,"comment_status":"closed","ping_status":"closed","template":"","meta":{"_eb_attr":"","footnotes":""},"class_list":["post-39","page","type-page","status-publish"],"yoast_head":"<!-- This site is optimized with the Yoast SEO plugin v27.5 - https:\/\/yoast.com\/product\/yoast-seo-wordpress\/ -->\n<title>\u65af\u6d1b\u4f10\u514b\u6d77\u7259\u8ba4\u8bc1\uff08Apostille) ?? - \u6b50\u76df\u3001\u7f8e\u570b\u3001\u6469\u723e\u591a\u74e6\u3001\u4fc4\u7f85\u65af\u3001\u767d\u4fc4\u7f85\u65af\u3001\u70cf\u514b\u862d\u3001\u62c9\u812b\u7dad\u4e9e\u3001\u54c8\u85a9\u514b\u3001\u5409\u723e\u5409\u65af\u3001\u7acb\u9676\u5b9b\u3001\u611b\u6c99\u5c3c\u4e9e\u3001\u70cf\u8332\u5225\u514b\u548c\u4e16\u754c\u5404\u5730\u7684\u6d77\u7259\u8a8d\u8b49\u548c\u5408\u6cd5\u5316<\/title>\n<meta name=\"robots\" content=\"index, follow, max-snippet:-1, max-image-preview:large, max-video-preview:-1\" \/>\n<link rel=\"canonical\" href=\"https:\/\/apostille.expert\/cn\/\u65af\u6d1b\u4f10\u514b\u6d77\u7259\u8ba4\u8bc1\uff08apostille\/\" \/>\n<meta property=\"og:locale\" content=\"zh_TW\" \/>\n<meta property=\"og:type\" content=\"article\" \/>\n<meta property=\"og:title\" content=\"\u65af\u6d1b\u4f10\u514b\u6d77\u7259\u8ba4\u8bc1\uff08Apostille) ?? - \u6b50\u76df\u3001\u7f8e\u570b\u3001\u6469\u723e\u591a\u74e6\u3001\u4fc4\u7f85\u65af\u3001\u767d\u4fc4\u7f85\u65af\u3001\u70cf\u514b\u862d\u3001\u62c9\u812b\u7dad\u4e9e\u3001\u54c8\u85a9\u514b\u3001\u5409\u723e\u5409\u65af\u3001\u7acb\u9676\u5b9b\u3001\u611b\u6c99\u5c3c\u4e9e\u3001\u70cf\u8332\u5225\u514b\u548c\u4e16\u754c\u5404\u5730\u7684\u6d77\u7259\u8a8d\u8b49\u548c\u5408\u6cd5\u5316\" \/>\n<meta property=\"og:description\" content=\"\u4ec0\u4e48\u662f\u65af\u6d1b\u4f10\u514b\u6d77\u7259\u8ba4\u8bc1\uff1f \u65af\u6d1b\u4f10\u514b\u6d77\u7259\u8ba4\u8bc1\u662f\u4e00\u79cd\u6839\u636e1961\u5e74\u300a\u6d77\u7259\u516c\u7ea6\u300b\u89c4\u5b9a\u7684\u5370\u7ae0\uff0c\u5176\u5f62\u5f0f\u3001\u5185\u5bb9\u548c\u7528\u9014\u5747\u7b26\u5408 ... \u95b1\u8b80\u5168\u6587\" \/>\n<meta property=\"og:url\" content=\"https:\/\/apostille.expert\/cn\/\u65af\u6d1b\u4f10\u514b\u6d77\u7259\u8ba4\u8bc1\uff08apostille\/\" \/>\n<meta property=\"og:site_name\" content=\"\u6b50\u76df\u3001\u7f8e\u570b\u3001\u6469\u723e\u591a\u74e6\u3001\u4fc4\u7f85\u65af\u3001\u767d\u4fc4\u7f85\u65af\u3001\u70cf\u514b\u862d\u3001\u62c9\u812b\u7dad\u4e9e\u3001\u54c8\u85a9\u514b\u3001\u5409\u723e\u5409\u65af\u3001\u7acb\u9676\u5b9b\u3001\u611b\u6c99\u5c3c\u4e9e\u3001\u70cf\u8332\u5225\u514b\u548c\u4e16\u754c\u5404\u5730\u7684\u6d77\u7259\u8a8d\u8b49\u548c\u5408\u6cd5\u5316\" \/>\n<meta property=\"article:modified_time\" content=\"2025-03-13T19:12:04+00:00\" \/>\n<meta property=\"og:image\" content=\"https:\/\/example.com\/slovak-apostille.jpg\" \/>\n<meta name=\"twitter:card\" content=\"summary_large_image\" \/>\n<meta name=\"twitter:label1\" content=\"\u9810\u4f30\u95b1\u8b80\u6642\u9593\" \/>\n\t<meta name=\"twitter:data1\" content=\"2 \u5206\u9418\" \/>\n<script type=\"application\/ld+json\" class=\"yoast-schema-graph\">{\"@context\":\"https:\\\/\\\/schema.org\",\"@graph\":[{\"@type\":\"WebPage\",\"@id\":\"https:\\\/\\\/apostille.expert\\\/cn\\\/%e6%96%af%e6%b4%9b%e4%bc%90%e5%85%8b%e6%b5%b7%e7%89%99%e8%ae%a4%e8%af%81%ef%bc%88apostille\\\/\",\"url\":\"https:\\\/\\\/apostille.expert\\\/cn\\\/%e6%96%af%e6%b4%9b%e4%bc%90%e5%85%8b%e6%b5%b7%e7%89%99%e8%ae%a4%e8%af%81%ef%bc%88apostille\\\/\",\"name\":\"\u65af\u6d1b\u4f10\u514b\u6d77\u7259\u8ba4\u8bc1\uff08Apostille) ?? - \u6b50\u76df\u3001\u7f8e\u570b\u3001\u6469\u723e\u591a\u74e6\u3001\u4fc4\u7f85\u65af\u3001\u767d\u4fc4\u7f85\u65af\u3001\u70cf\u514b\u862d\u3001\u62c9\u812b\u7dad\u4e9e\u3001\u54c8\u85a9\u514b\u3001\u5409\u723e\u5409\u65af\u3001\u7acb\u9676\u5b9b\u3001\u611b\u6c99\u5c3c\u4e9e\u3001\u70cf\u8332\u5225\u514b\u548c\u4e16\u754c\u5404\u5730\u7684\u6d77\u7259\u8a8d\u8b49\u548c\u5408\u6cd5\u5316\",\"isPartOf\":{\"@id\":\"https:\\\/\\\/apostille.expert\\\/cn\\\/#website\"},\"primaryImageOfPage\":{\"@id\":\"https:\\\/\\\/apostille.expert\\\/cn\\\/%e6%96%af%e6%b4%9b%e4%bc%90%e5%85%8b%e6%b5%b7%e7%89%99%e8%ae%a4%e8%af%81%ef%bc%88apostille\\\/#primaryimage\"},\"image\":{\"@id\":\"https:\\\/\\\/apostille.expert\\\/cn\\\/%e6%96%af%e6%b4%9b%e4%bc%90%e5%85%8b%e6%b5%b7%e7%89%99%e8%ae%a4%e8%af%81%ef%bc%88apostille\\\/#primaryimage\"},\"thumbnailUrl\":\"https:\\\/\\\/example.com\\\/slovak-apostille.jpg\",\"datePublished\":\"2025-03-13T19:10:23+00:00\",\"dateModified\":\"2025-03-13T19:12:04+00:00\",\"breadcrumb\":{\"@id\":\"https:\\\/\\\/apostille.expert\\\/cn\\\/%e6%96%af%e6%b4%9b%e4%bc%90%e5%85%8b%e6%b5%b7%e7%89%99%e8%ae%a4%e8%af%81%ef%bc%88apostille\\\/#breadcrumb\"},\"inLanguage\":\"zh-TW\",\"potentialAction\":[{\"@type\":\"ReadAction\",\"target\":[\"https:\\\/\\\/apostille.expert\\\/cn\\\/%e6%96%af%e6%b4%9b%e4%bc%90%e5%85%8b%e6%b5%b7%e7%89%99%e8%ae%a4%e8%af%81%ef%bc%88apostille\\\/\"]}]},{\"@type\":\"ImageObject\",\"inLanguage\":\"zh-TW\",\"@id\":\"https:\\\/\\\/apostille.expert\\\/cn\\\/%e6%96%af%e6%b4%9b%e4%bc%90%e5%85%8b%e6%b5%b7%e7%89%99%e8%ae%a4%e8%af%81%ef%bc%88apostille\\\/#primaryimage\",\"url\":\"https:\\\/\\\/example.com\\\/slovak-apostille.jpg\",\"contentUrl\":\"https:\\\/\\\/example.com\\\/slovak-apostille.jpg\"},{\"@type\":\"BreadcrumbList\",\"@id\":\"https:\\\/\\\/apostille.expert\\\/cn\\\/%e6%96%af%e6%b4%9b%e4%bc%90%e5%85%8b%e6%b5%b7%e7%89%99%e8%ae%a4%e8%af%81%ef%bc%88apostille\\\/#breadcrumb\",\"itemListElement\":[{\"@type\":\"ListItem\",\"position\":1,\"name\":\"\u0413\u043b\u0430\u0432\u043d\u0430\u044f \u0441\u0442\u0440\u0430\u043d\u0438\u0446\u0430\",\"item\":\"https:\\\/\\\/apostille.expert\\\/cn\\\/\"},{\"@type\":\"ListItem\",\"position\":2,\"name\":\"\u65af\u6d1b\u4f10\u514b\u6d77\u7259\u8ba4\u8bc1\uff08Apostille) ??\"}]},{\"@type\":\"WebSite\",\"@id\":\"https:\\\/\\\/apostille.expert\\\/cn\\\/#website\",\"url\":\"https:\\\/\\\/apostille.expert\\\/cn\\\/\",\"name\":\"\u6b50\u76df\u3001\u7f8e\u570b\u3001\u6469\u723e\u591a\u74e6\u3001\u4fc4\u7f85\u65af\u3001\u767d\u4fc4\u7f85\u65af\u3001\u70cf\u514b\u862d\u3001\u62c9\u812b\u7dad\u4e9e\u3001\u54c8\u85a9\u514b\u3001\u5409\u723e\u5409\u65af\u3001\u7acb\u9676\u5b9b\u3001\u611b\u6c99\u5c3c\u4e9e\u3001\u70cf\u8332\u5225\u514b\u548c\u4e16\u754c\u5404\u5730\u7684\u6d77\u7259\u8a8d\u8b49\u548c\u5408\u6cd5\u5316\",\"description\":\"\u7f8e\u570b\u3001\u4fc4\u7f85\u65af\u3001\u54c8\u85a9\u514b\u3001\u70cf\u514b\u862d\u3001\u5854\u5409\u514b\u3001\u70cf\u8332\u5225\u514b\u3001\u6469\u723e\u591a\u74e6\u3001\u611b\u6c99\u5c3c\u4e9e\u3001\u62c9\u812b\u7dad\u4e9e\u3001\u7acb\u9676\u5b9b\u3001\u4e2d\u570b\u3001\u963f\u62c9\u4f2f\u806f\u5408\u5927\u516c\u570b\u7684\u6d77\u7259\u8a8d\u8b49\",\"potentialAction\":[{\"@type\":\"SearchAction\",\"target\":{\"@type\":\"EntryPoint\",\"urlTemplate\":\"https:\\\/\\\/apostille.expert\\\/cn\\\/?s={search_term_string}\"},\"query-input\":{\"@type\":\"PropertyValueSpecification\",\"valueRequired\":true,\"valueName\":\"search_term_string\"}}],\"inLanguage\":\"zh-TW\"}]}<\/script>\n<!-- \/ Yoast SEO plugin. -->","yoast_head_json":{"title":"\u65af\u6d1b\u4f10\u514b\u6d77\u7259\u8ba4\u8bc1\uff08Apostille) ?? - \u6b50\u76df\u3001\u7f8e\u570b\u3001\u6469\u723e\u591a\u74e6\u3001\u4fc4\u7f85\u65af\u3001\u767d\u4fc4\u7f85\u65af\u3001\u70cf\u514b\u862d\u3001\u62c9\u812b\u7dad\u4e9e\u3001\u54c8\u85a9\u514b\u3001\u5409\u723e\u5409\u65af\u3001\u7acb\u9676\u5b9b\u3001\u611b\u6c99\u5c3c\u4e9e\u3001\u70cf\u8332\u5225\u514b\u548c\u4e16\u754c\u5404\u5730\u7684\u6d77\u7259\u8a8d\u8b49\u548c\u5408\u6cd5\u5316","robots":{"index":"index","follow":"follow","max-snippet":"max-snippet:-1","max-image-preview":"max-image-preview:large","max-video-preview":"max-video-preview:-1"},"canonical":"https:\/\/apostille.expert\/cn\/\u65af\u6d1b\u4f10\u514b\u6d77\u7259\u8ba4\u8bc1\uff08apostille\/","og_locale":"zh_TW","og_type":"article","og_title":"\u65af\u6d1b\u4f10\u514b\u6d77\u7259\u8ba4\u8bc1\uff08Apostille) ?? - \u6b50\u76df\u3001\u7f8e\u570b\u3001\u6469\u723e\u591a\u74e6\u3001\u4fc4\u7f85\u65af\u3001\u767d\u4fc4\u7f85\u65af\u3001\u70cf\u514b\u862d\u3001\u62c9\u812b\u7dad\u4e9e\u3001\u54c8\u85a9\u514b\u3001\u5409\u723e\u5409\u65af\u3001\u7acb\u9676\u5b9b\u3001\u611b\u6c99\u5c3c\u4e9e\u3001\u70cf\u8332\u5225\u514b\u548c\u4e16\u754c\u5404\u5730\u7684\u6d77\u7259\u8a8d\u8b49\u548c\u5408\u6cd5\u5316","og_description":"\u4ec0\u4e48\u662f\u65af\u6d1b\u4f10\u514b\u6d77\u7259\u8ba4\u8bc1\uff1f \u65af\u6d1b\u4f10\u514b\u6d77\u7259\u8ba4\u8bc1\u662f\u4e00\u79cd\u6839\u636e1961\u5e74\u300a\u6d77\u7259\u516c\u7ea6\u300b\u89c4\u5b9a\u7684\u5370\u7ae0\uff0c\u5176\u5f62\u5f0f\u3001\u5185\u5bb9\u548c\u7528\u9014\u5747\u7b26\u5408 ... \u95b1\u8b80\u5168\u6587","og_url":"https:\/\/apostille.expert\/cn\/\u65af\u6d1b\u4f10\u514b\u6d77\u7259\u8ba4\u8bc1\uff08apostille\/","og_site_name":"\u6b50\u76df\u3001\u7f8e\u570b\u3001\u6469\u723e\u591a\u74e6\u3001\u4fc4\u7f85\u65af\u3001\u767d\u4fc4\u7f85\u65af\u3001\u70cf\u514b\u862d\u3001\u62c9\u812b\u7dad\u4e9e\u3001\u54c8\u85a9\u514b\u3001\u5409\u723e\u5409\u65af\u3001\u7acb\u9676\u5b9b\u3001\u611b\u6c99\u5c3c\u4e9e\u3001\u70cf\u8332\u5225\u514b\u548c\u4e16\u754c\u5404\u5730\u7684\u6d77\u7259\u8a8d\u8b49\u548c\u5408\u6cd5\u5316","article_modified_time":"2025-03-13T19:12:04+00:00","og_image":[{"url":"https:\/\/example.com\/slovak-apostille.jpg","type":"","width":"","height":""}],"twitter_card":"summary_large_image","twitter_misc":{"\u9810\u4f30\u95b1\u8b80\u6642\u9593":"2 \u5206\u9418"},"schema":{"@context":"https:\/\/schema.org","@graph":[{"@type":"WebPage","@id":"https:\/\/apostille.expert\/cn\/%e6%96%af%e6%b4%9b%e4%bc%90%e5%85%8b%e6%b5%b7%e7%89%99%e8%ae%a4%e8%af%81%ef%bc%88apostille\/","url":"https:\/\/apostille.expert\/cn\/%e6%96%af%e6%b4%9b%e4%bc%90%e5%85%8b%e6%b5%b7%e7%89%99%e8%ae%a4%e8%af%81%ef%bc%88apostille\/","name":"\u65af\u6d1b\u4f10\u514b\u6d77\u7259\u8ba4\u8bc1\uff08Apostille) ?? - \u6b50\u76df\u3001\u7f8e\u570b\u3001\u6469\u723e\u591a\u74e6\u3001\u4fc4\u7f85\u65af\u3001\u767d\u4fc4\u7f85\u65af\u3001\u70cf\u514b\u862d\u3001\u62c9\u812b\u7dad\u4e9e\u3001\u54c8\u85a9\u514b\u3001\u5409\u723e\u5409\u65af\u3001\u7acb\u9676\u5b9b\u3001\u611b\u6c99\u5c3c\u4e9e\u3001\u70cf\u8332\u5225\u514b\u548c\u4e16\u754c\u5404\u5730\u7684\u6d77\u7259\u8a8d\u8b49\u548c\u5408\u6cd5\u5316","isPartOf":{"@id":"https:\/\/apostille.expert\/cn\/#website"},"primaryImageOfPage":{"@id":"https:\/\/apostille.expert\/cn\/%e6%96%af%e6%b4%9b%e4%bc%90%e5%85%8b%e6%b5%b7%e7%89%99%e8%ae%a4%e8%af%81%ef%bc%88apostille\/#primaryimage"},"image":{"@id":"https:\/\/apostille.expert\/cn\/%e6%96%af%e6%b4%9b%e4%bc%90%e5%85%8b%e6%b5%b7%e7%89%99%e8%ae%a4%e8%af%81%ef%bc%88apostille\/#primaryimage"},"thumbnailUrl":"https:\/\/example.com\/slovak-apostille.jpg","datePublished":"2025-03-13T19:10:23+00:00","dateModified":"2025-03-13T19:12:04+00:00","breadcrumb":{"@id":"https:\/\/apostille.expert\/cn\/%e6%96%af%e6%b4%9b%e4%bc%90%e5%85%8b%e6%b5%b7%e7%89%99%e8%ae%a4%e8%af%81%ef%bc%88apostille\/#breadcrumb"},"inLanguage":"zh-TW","potentialAction":[{"@type":"ReadAction","target":["https:\/\/apostille.expert\/cn\/%e6%96%af%e6%b4%9b%e4%bc%90%e5%85%8b%e6%b5%b7%e7%89%99%e8%ae%a4%e8%af%81%ef%bc%88apostille\/"]}]},{"@type":"ImageObject","inLanguage":"zh-TW","@id":"https:\/\/apostille.expert\/cn\/%e6%96%af%e6%b4%9b%e4%bc%90%e5%85%8b%e6%b5%b7%e7%89%99%e8%ae%a4%e8%af%81%ef%bc%88apostille\/#primaryimage","url":"https:\/\/example.com\/slovak-apostille.jpg","contentUrl":"https:\/\/example.com\/slovak-apostille.jpg"},{"@type":"BreadcrumbList","@id":"https:\/\/apostille.expert\/cn\/%e6%96%af%e6%b4%9b%e4%bc%90%e5%85%8b%e6%b5%b7%e7%89%99%e8%ae%a4%e8%af%81%ef%bc%88apostille\/#breadcrumb","itemListElement":[{"@type":"ListItem","position":1,"name":"\u0413\u043b\u0430\u0432\u043d\u0430\u044f \u0441\u0442\u0440\u0430\u043d\u0438\u0446\u0430","item":"https:\/\/apostille.expert\/cn\/"},{"@type":"ListItem","position":2,"name":"\u65af\u6d1b\u4f10\u514b\u6d77\u7259\u8ba4\u8bc1\uff08Apostille) ??"}]},{"@type":"WebSite","@id":"https:\/\/apostille.expert\/cn\/#website","url":"https:\/\/apostille.expert\/cn\/","name":"\u6b50\u76df\u3001\u7f8e\u570b\u3001\u6469\u723e\u591a\u74e6\u3001\u4fc4\u7f85\u65af\u3001\u767d\u4fc4\u7f85\u65af\u3001\u70cf\u514b\u862d\u3001\u62c9\u812b\u7dad\u4e9e\u3001\u54c8\u85a9\u514b\u3001\u5409\u723e\u5409\u65af\u3001\u7acb\u9676\u5b9b\u3001\u611b\u6c99\u5c3c\u4e9e\u3001\u70cf\u8332\u5225\u514b\u548c\u4e16\u754c\u5404\u5730\u7684\u6d77\u7259\u8a8d\u8b49\u548c\u5408\u6cd5\u5316","description":"\u7f8e\u570b\u3001\u4fc4\u7f85\u65af\u3001\u54c8\u85a9\u514b\u3001\u70cf\u514b\u862d\u3001\u5854\u5409\u514b\u3001\u70cf\u8332\u5225\u514b\u3001\u6469\u723e\u591a\u74e6\u3001\u611b\u6c99\u5c3c\u4e9e\u3001\u62c9\u812b\u7dad\u4e9e\u3001\u7acb\u9676\u5b9b\u3001\u4e2d\u570b\u3001\u963f\u62c9\u4f2f\u806f\u5408\u5927\u516c\u570b\u7684\u6d77\u7259\u8a8d\u8b49","potentialAction":[{"@type":"SearchAction","target":{"@type":"EntryPoint","urlTemplate":"https:\/\/apostille.expert\/cn\/?s={search_term_string}"},"query-input":{"@type":"PropertyValueSpecification","valueRequired":true,"valueName":"search_term_string"}}],"inLanguage":"zh-TW"}]}},"_links":{"self":[{"href":"https:\/\/apostille.expert\/cn\/wp-json\/wp\/v2\/pages\/39","targetHints":{"allow":["GET"]}}],"collection":[{"href":"https:\/\/apostille.expert\/cn\/wp-json\/wp\/v2\/pages"}],"about":[{"href":"https:\/\/apostille.expert\/cn\/wp-json\/wp\/v2\/types\/page"}],"author":[{"embeddable":true,"href":"https:\/\/apostille.expert\/cn\/wp-json\/wp\/v2\/users\/1"}],"replies":[{"embeddable":true,"href":"https:\/\/apostille.expert\/cn\/wp-json\/wp\/v2\/comments?post=39"}],"version-history":[{"count":3,"href":"https:\/\/apostille.expert\/cn\/wp-json\/wp\/v2\/pages\/39\/revisions"}],"predecessor-version":[{"id":43,"href":"https:\/\/apostille.expert\/cn\/wp-json\/wp\/v2\/pages\/39\/revisions\/43"}],"wp:attachment":[{"href":"https:\/\/apostille.expert\/cn\/wp-json\/wp\/v2\/media?parent=39"}],"curies":[{"name":"wp","href":"https:\/\/api.w.org\/{rel}","templated":true}]}}